{"id":987,"date":"2025-05-09T06:11:04","date_gmt":"2025-05-09T06:11:04","guid":{"rendered":"https:\/\/pronautic.olalondev.com\/?post_type=product&#038;p=987"},"modified":"2026-01-08T09:44:41","modified_gmt":"2026-01-08T09:44:41","slug":"patron-de-yate-motor","status":"publish","type":"product","link":"https:\/\/pronautic.bitfire.com.mx\/?product=patron-de-yate-motor","title":{"rendered":"Patr\u00f3n de Yate Motor"},"content":{"rendered":"<div class=\"row descripcio-curs\">\n<div class=\"col-md-12\">\n<p><strong>Todas las modalidades<\/strong>\u00a0de nuestro curso Patr\u00f3n de Yate Motor\u00a0<strong>incluyen<\/strong>:<\/p>\n<ul>\n<li>Acceso inmediato a la\u00a0<strong>Plataforma Pronautic<\/strong><\/li>\n<li>Acceso inmediato al\u00a0<strong>Aula Virtual<\/strong>: Manuales te\u00f3ricos online, tests de autoevaluaci\u00f3n y ex\u00e1menes oficiales<\/li>\n<li><strong>Tutor\u00edas online ilimitadas<\/strong><\/li>\n<li><strong>Teor\u00eda online, presencial o en streaming entre semana o fin de semana<\/strong><\/li>\n<li>2 horas de\u00a0<strong>pr\u00e1cticas en simulador de maniobra<\/strong><\/li>\n<li>48 horas de\u00a0<strong>pr\u00e1cticas de seguridad y navegaci\u00f3n<\/strong><\/li>\n<li>Seguro, IVA 21%<\/li>\n<\/ul>\n<\/div>\n<\/div>\n","protected":false},"excerpt":{"rendered":"<h3><strong>Curso Patr\u00f3n de Yate Motor en Barcelona<\/strong><\/h3>\n<h5 class=\"price\"><strong><span class=\"woocommerce-Price-amount amount\">DESDE 790\u20ac<\/span><\/strong><\/h5>\n<div class=\"row descripcio-curs\">\n<div class=\"col-md-12\">\n<p>Curso Patr\u00f3n de Yate Motor presencial, online o en streaming en el Port Ol\u00edmpic de Barcelona<\/p>\n<p>El t\u00edtulo de\u00a0<strong>Patr\u00f3n de Yate Motor<\/strong>\u00a0te habilita para el gobierno de embarcaciones de recreo a motor de hasta\u00a0<strong>24 metros de eslora<\/strong>\u00a0para navegar hasta\u00a0<strong>150 millas de la costa\u00a0<\/strong>y para el gobierno de<strong>\u00a0motos de agua sin l\u00edmite de potencia.<\/strong><\/p>\n<\/div>\n<\/div>\n","protected":false},"featured_media":979,"comment_status":"open","ping_status":"closed","template":"","meta":{"_acf_changed":false,"_et_pb_use_builder":"","_et_pb_old_content":"","_et_gb_content_width":"","_joinchat":[]},"product_brand":[],"product_cat":[26,29],"product_tag":[],"class_list":{"0":"post-987","1":"product","2":"type-product","3":"status-publish","4":"has-post-thumbnail","6":"product_cat-cursos-nauticos-de-recreo-en-barcelona","7":"product_cat-patron-de-yate-en-barcelona-py","8":"bookacti-activity","10":"first","11":"instock","12":"shipping-taxable","13":"purchasable","14":"product-type-variable"},"acf":[],"yoast_head":"<!-- This site is optimized with the Yoast SEO plugin v26.5 - https:\/\/yoast.com\/wordpress\/plugins\/seo\/ -->\n<title>Patr\u00f3n de Yate Motor - Pronautic<\/title>\n<meta name=\"description\" content=\"Consigue tu t\u00edtulo de Patr\u00f3n de Yate Motor con Pronautic: formaci\u00f3n avanzada, pr\u00e1cticas completas y preparaci\u00f3n para navegar de forma profesional y segura.\" \/>\n<meta name=\"robots\" content=\"noindex, follow, max-snippet:-1, max-image-preview:large, max-video-preview:-1\" \/>\n<meta property=\"og:locale\" content=\"es_ES\" \/>\n<meta property=\"og:type\" content=\"article\" \/>\n<meta property=\"og:title\" content=\"Patr\u00f3n de Yate Motor - Pronautic\" \/>\n<meta property=\"og:description\" content=\"Consigue tu t\u00edtulo de Patr\u00f3n de Yate Motor con Pronautic: formaci\u00f3n avanzada, pr\u00e1cticas completas y preparaci\u00f3n para navegar de forma profesional y segura.\" \/>\n<meta property=\"og:url\" content=\"https:\/\/pronautic.bitfire.com.mx\/?product=patron-de-yate-motor\" \/>\n<meta property=\"og:site_name\" content=\"Pronautic\" \/>\n<meta property=\"article:modified_time\" content=\"2026-01-08T09:44:41+00:00\" \/>\n<meta property=\"og:image\" content=\"https:\/\/pronautic.bitfire.com.mx\/wp-content\/uploads\/2025\/05\/PNB-vela-4_resultado.webp\" \/>\n\t<meta property=\"og:image:width\" content=\"972\" \/>\n\t<meta property=\"og:image:height\" content=\"648\" \/>\n\t<meta property=\"og:image:type\" content=\"image\/webp\" \/>\n<meta name=\"twitter:card\" content=\"summary_large_image\" \/>\n<meta name=\"twitter:label1\" content=\"Tiempo de lectura\" \/>\n\t<meta name=\"twitter:data1\" content=\"1 minuto\" \/>\n<script type=\"application\/ld+json\" class=\"yoast-schema-graph\">{\"@context\":\"https:\/\/schema.org\",\"@graph\":[{\"@type\":\"WebPage\",\"@id\":\"https:\/\/pronautic.bitfire.com.mx\/?product=patron-de-yate-motor\",\"url\":\"https:\/\/pronautic.bitfire.com.mx\/?product=patron-de-yate-motor\",\"name\":\"Patr\u00f3n de Yate Motor - Pronautic\",\"isPartOf\":{\"@id\":\"https:\/\/pronautic.bitfire.com.mx\/#website\"},\"primaryImageOfPage\":{\"@id\":\"https:\/\/pronautic.bitfire.com.mx\/?product=patron-de-yate-motor#primaryimage\"},\"image\":{\"@id\":\"https:\/\/pronautic.bitfire.com.mx\/?product=patron-de-yate-motor#primaryimage\"},\"thumbnailUrl\":\"https:\/\/pronautic.bitfire.com.mx\/wp-content\/uploads\/2025\/05\/PNB-vela-4_resultado.webp\",\"datePublished\":\"2025-05-09T06:11:04+00:00\",\"dateModified\":\"2026-01-08T09:44:41+00:00\",\"description\":\"Consigue tu t\u00edtulo de Patr\u00f3n de Yate Motor con Pronautic: formaci\u00f3n avanzada, pr\u00e1cticas completas y preparaci\u00f3n para navegar de forma profesional y segura.\",\"breadcrumb\":{\"@id\":\"https:\/\/pronautic.bitfire.com.mx\/?product=patron-de-yate-motor#breadcrumb\"},\"inLanguage\":\"es\",\"potentialAction\":[{\"@type\":\"ReadAction\",\"target\":[\"https:\/\/pronautic.bitfire.com.mx\/?product=patron-de-yate-motor\"]}]},{\"@type\":\"ImageObject\",\"inLanguage\":\"es\",\"@id\":\"https:\/\/pronautic.bitfire.com.mx\/?product=patron-de-yate-motor#primaryimage\",\"url\":\"https:\/\/pronautic.bitfire.com.mx\/wp-content\/uploads\/2025\/05\/PNB-vela-4_resultado.webp\",\"contentUrl\":\"https:\/\/pronautic.bitfire.com.mx\/wp-content\/uploads\/2025\/05\/PNB-vela-4_resultado.webp\",\"width\":972,\"height\":648},{\"@type\":\"BreadcrumbList\",\"@id\":\"https:\/\/pronautic.bitfire.com.mx\/?product=patron-de-yate-motor#breadcrumb\",\"itemListElement\":[{\"@type\":\"ListItem\",\"position\":1,\"name\":\"Portada\",\"item\":\"https:\/\/pronautic.bitfire.com.mx\/\"},{\"@type\":\"ListItem\",\"position\":2,\"name\":\"Tienda\",\"item\":\"https:\/\/pronautic.bitfire.com.mx\/?page_id=10638\"},{\"@type\":\"ListItem\",\"position\":3,\"name\":\"Patr\u00f3n de Yate Motor\",\"item\":\"https:\/\/pronautic.bitfire.com.mx\/?product=patron-de-yate-motor\"}]},{\"@type\":\"WebSite\",\"@id\":\"https:\/\/pronautic.bitfire.com.mx\/#website\",\"url\":\"https:\/\/pronautic.bitfire.com.mx\/\",\"name\":\"Pronautic\",\"description\":\"Escuela n\u00e1utica en Barcelona | Fromaci\u00f3n marina\",\"potentialAction\":[{\"@type\":\"SearchAction\",\"target\":{\"@type\":\"EntryPoint\",\"urlTemplate\":\"https:\/\/pronautic.bitfire.com.mx\/?s={search_term_string}\"},\"query-input\":{\"@type\":\"PropertyValueSpecification\",\"valueRequired\":true,\"valueName\":\"search_term_string\"}}],\"inLanguage\":\"es\"}]}<\/script>\n<!-- \/ Yoast SEO plugin. -->","yoast_head_json":{"title":"Patr\u00f3n de Yate Motor - Pronautic","description":"Consigue tu t\u00edtulo de Patr\u00f3n de Yate Motor con Pronautic: formaci\u00f3n avanzada, pr\u00e1cticas completas y preparaci\u00f3n para navegar de forma profesional y segura.","robots":{"index":"noindex","follow":"follow","max-snippet":"max-snippet:-1","max-image-preview":"max-image-preview:large","max-video-preview":"max-video-preview:-1"},"og_locale":"es_ES","og_type":"article","og_title":"Patr\u00f3n de Yate Motor - Pronautic","og_description":"Consigue tu t\u00edtulo de Patr\u00f3n de Yate Motor con Pronautic: formaci\u00f3n avanzada, pr\u00e1cticas completas y preparaci\u00f3n para navegar de forma profesional y segura.","og_url":"https:\/\/pronautic.bitfire.com.mx\/?product=patron-de-yate-motor","og_site_name":"Pronautic","article_modified_time":"2026-01-08T09:44:41+00:00","og_image":[{"width":972,"height":648,"url":"https:\/\/pronautic.bitfire.com.mx\/wp-content\/uploads\/2025\/05\/PNB-vela-4_resultado.webp","type":"image\/webp"}],"twitter_card":"summary_large_image","twitter_misc":{"Tiempo de lectura":"1 minuto"},"schema":{"@context":"https:\/\/schema.org","@graph":[{"@type":"WebPage","@id":"https:\/\/pronautic.bitfire.com.mx\/?product=patron-de-yate-motor","url":"https:\/\/pronautic.bitfire.com.mx\/?product=patron-de-yate-motor","name":"Patr\u00f3n de Yate Motor - Pronautic","isPartOf":{"@id":"https:\/\/pronautic.bitfire.com.mx\/#website"},"primaryImageOfPage":{"@id":"https:\/\/pronautic.bitfire.com.mx\/?product=patron-de-yate-motor#primaryimage"},"image":{"@id":"https:\/\/pronautic.bitfire.com.mx\/?product=patron-de-yate-motor#primaryimage"},"thumbnailUrl":"https:\/\/pronautic.bitfire.com.mx\/wp-content\/uploads\/2025\/05\/PNB-vela-4_resultado.webp","datePublished":"2025-05-09T06:11:04+00:00","dateModified":"2026-01-08T09:44:41+00:00","description":"Consigue tu t\u00edtulo de Patr\u00f3n de Yate Motor con Pronautic: formaci\u00f3n avanzada, pr\u00e1cticas completas y preparaci\u00f3n para navegar de forma profesional y segura.","breadcrumb":{"@id":"https:\/\/pronautic.bitfire.com.mx\/?product=patron-de-yate-motor#breadcrumb"},"inLanguage":"es","potentialAction":[{"@type":"ReadAction","target":["https:\/\/pronautic.bitfire.com.mx\/?product=patron-de-yate-motor"]}]},{"@type":"ImageObject","inLanguage":"es","@id":"https:\/\/pronautic.bitfire.com.mx\/?product=patron-de-yate-motor#primaryimage","url":"https:\/\/pronautic.bitfire.com.mx\/wp-content\/uploads\/2025\/05\/PNB-vela-4_resultado.webp","contentUrl":"https:\/\/pronautic.bitfire.com.mx\/wp-content\/uploads\/2025\/05\/PNB-vela-4_resultado.webp","width":972,"height":648},{"@type":"BreadcrumbList","@id":"https:\/\/pronautic.bitfire.com.mx\/?product=patron-de-yate-motor#breadcrumb","itemListElement":[{"@type":"ListItem","position":1,"name":"Portada","item":"https:\/\/pronautic.bitfire.com.mx\/"},{"@type":"ListItem","position":2,"name":"Tienda","item":"https:\/\/pronautic.bitfire.com.mx\/?page_id=10638"},{"@type":"ListItem","position":3,"name":"Patr\u00f3n de Yate Motor","item":"https:\/\/pronautic.bitfire.com.mx\/?product=patron-de-yate-motor"}]},{"@type":"WebSite","@id":"https:\/\/pronautic.bitfire.com.mx\/#website","url":"https:\/\/pronautic.bitfire.com.mx\/","name":"Pronautic","description":"Escuela n\u00e1utica en Barcelona | Fromaci\u00f3n marina","potentialAction":[{"@type":"SearchAction","target":{"@type":"EntryPoint","urlTemplate":"https:\/\/pronautic.bitfire.com.mx\/?s={search_term_string}"},"query-input":{"@type":"PropertyValueSpecification","valueRequired":true,"valueName":"search_term_string"}}],"inLanguage":"es"}]}},"_links":{"self":[{"href":"https:\/\/pronautic.bitfire.com.mx\/index.php?rest_route=\/wp\/v2\/product\/987","targetHints":{"allow":["GET"]}}],"collection":[{"href":"https:\/\/pronautic.bitfire.com.mx\/index.php?rest_route=\/wp\/v2\/product"}],"about":[{"href":"https:\/\/pronautic.bitfire.com.mx\/index.php?rest_route=\/wp\/v2\/types\/product"}],"replies":[{"embeddable":true,"href":"https:\/\/pronautic.bitfire.com.mx\/index.php?rest_route=%2Fwp%2Fv2%2Fcomments&post=987"}],"wp:featuredmedia":[{"embeddable":true,"href":"https:\/\/pronautic.bitfire.com.mx\/index.php?rest_route=\/wp\/v2\/media\/979"}],"wp:attachment":[{"href":"https:\/\/pronautic.bitfire.com.mx\/index.php?rest_route=%2Fwp%2Fv2%2Fmedia&parent=987"}],"wp:term":[{"taxonomy":"product_brand","embeddable":true,"href":"https:\/\/pronautic.bitfire.com.mx\/index.php?rest_route=%2Fwp%2Fv2%2Fproduct_brand&post=987"},{"taxonomy":"product_cat","embeddable":true,"href":"https:\/\/pronautic.bitfire.com.mx\/index.php?rest_route=%2Fwp%2Fv2%2Fproduct_cat&post=987"},{"taxonomy":"product_tag","embeddable":true,"href":"https:\/\/pronautic.bitfire.com.mx\/index.php?rest_route=%2Fwp%2Fv2%2Fproduct_tag&post=987"}],"curies":[{"name":"wp","href":"https:\/\/api.w.org\/{rel}","templated":true}]}}