{"id":956,"date":"2025-05-08T12:31:55","date_gmt":"2025-05-08T12:31:55","guid":{"rendered":"https:\/\/pronautic.olalondev.com\/?post_type=product&#038;p=956"},"modified":"2026-01-08T09:52:36","modified_gmt":"2026-01-08T09:52:36","slug":"licencia-de-navegacion-carnet-jove","status":"publish","type":"product","link":"https:\/\/pronautic.bitfire.com.mx\/?product=licencia-de-navegacion-carnet-jove","title":{"rendered":"Licencia de navegaci\u00f3n Carnet Jove"},"content":{"rendered":"<div class=\"row descripcio-curs\">\n<div class=\"col-md-12\">\n<p><strong>Todas las modalidades<\/strong> de nuestro <a href=\"https:\/\/pronautic.bitfire.com.mx\/categoria-producto\/cursos-nauticos-de-recreo-en-barcelona\/titulo-licencia-de-navegacion-en-barcelona\/\">curso Licencia de Navegaci\u00f3n en Barcelona<\/a> <strong>incluyen<\/strong>:<\/p>\n<ul>\n<li>Acceso a la Plataforma y Aula Virtual<\/li>\n<li>2 horas de teor\u00eda presencial<\/li>\n<li>4 horas de pr\u00e1cticas de seguridad y navegaci\u00f3n<\/li>\n<li>Expedici\u00f3n del t\u00edtulo<\/li>\n<li>Seguro, IVA 21%<\/li>\n<\/ul>\n<\/div>\n<\/div>\n","protected":false},"excerpt":{"rendered":"<h3><strong>Curso de Licencia de Navegaci\u00f3n en Barcelona con Carnet Jove<\/strong><\/h3>\n<h5 class=\"price\"><strong><span class=\"woocommerce-Price-amount amount\">DESDE 73\u20ac<\/span><\/strong><\/h5>\n<div class=\"row descripcio-curs\">\n<div class=\"col-md-12\">\n<p><strong>\u00a1Tu <a href=\"https:\/\/pronautic.bitfire.com.mx\/categoria-producto\/cursos-nauticos-de-recreo-en-barcelona\/titulo-licencia-de-navegacion-en-barcelona\/\">Licencia de Navegaci\u00f3n en Barcelona <\/a>con un descuento especial <\/strong><strong>ahora es posible con el Carnet Jove!<\/strong><\/p>\n<p>La\u00a0<a href=\"https:\/\/pronautic.bitfire.com.mx\/categoria-producto\/cursos-nauticos-de-recreo-en-barcelona\/titulo-licencia-de-navegacion-en-barcelona\/\"><strong>Licencia de Navegaci\u00f3n en Barcelona (LN)<\/strong><\/a>\u00a0te habilita para el gobierno de embarcaciones de recreo a motor de hasta\u00a0<strong>6 metros de eslora<\/strong>\u00a0en navegaciones diurnas hasta\u00a0<strong>2 millas en cualquier direcci\u00f3n de un puerto, marina o refugio<\/strong>\u00a0y el gobierno de\u00a0<strong>motos de agua sin l\u00edmite de potencia<\/strong>.<\/p>\n<p>&nbsp;<\/p>\n<\/div>\n<\/div>\n","protected":false},"featured_media":950,"comment_status":"open","ping_status":"closed","template":"","meta":{"_acf_changed":false,"_et_pb_use_builder":"","_et_pb_old_content":"","_et_gb_content_width":"","_joinchat":[]},"product_brand":[],"product_cat":[26,27],"product_tag":[],"class_list":{"0":"post-956","1":"product","2":"type-product","3":"status-publish","4":"has-post-thumbnail","6":"product_cat-cursos-nauticos-de-recreo-en-barcelona","7":"product_cat-titulo-licencia-de-navegacion-en-barcelona","8":"bookacti-activity","10":"first","11":"instock","12":"sold-individually","13":"shipping-taxable","14":"purchasable","15":"product-type-variable"},"acf":[],"yoast_head":"<!-- This site is optimized with the Yoast SEO plugin v26.5 - https:\/\/yoast.com\/wordpress\/plugins\/seo\/ -->\n<title>Licencia de navegaci\u00f3n Carnet Jove - Pronautic<\/title>\n<meta name=\"description\" content=\"Licencia de Navegaci\u00f3n con Carnet Jove en Pronautic: sin examen, en 6 horas y con ventajas exclusivas para j\u00f3venes. \u00a1Empieza a navegar ya!\" \/>\n<meta name=\"robots\" content=\"noindex, follow, max-snippet:-1, max-image-preview:large, max-video-preview:-1\" \/>\n<meta property=\"og:locale\" content=\"es_ES\" \/>\n<meta property=\"og:type\" content=\"article\" \/>\n<meta property=\"og:title\" content=\"Licencia de navegaci\u00f3n Carnet Jove - Pronautic\" \/>\n<meta property=\"og:description\" content=\"Licencia de Navegaci\u00f3n con Carnet Jove en Pronautic: sin examen, en 6 horas y con ventajas exclusivas para j\u00f3venes. \u00a1Empieza a navegar ya!\" \/>\n<meta property=\"og:url\" content=\"https:\/\/pronautic.bitfire.com.mx\/?product=licencia-de-navegacion-carnet-jove\" \/>\n<meta property=\"og:site_name\" content=\"Pronautic\" \/>\n<meta property=\"article:modified_time\" content=\"2026-01-08T09:52:36+00:00\" \/>\n<meta property=\"og:image\" content=\"https:\/\/pronautic.bitfire.com.mx\/wp-content\/uploads\/2025\/05\/LN-carnet-jove_resultado.webp\" \/>\n\t<meta property=\"og:image:width\" content=\"972\" \/>\n\t<meta property=\"og:image:height\" content=\"648\" \/>\n\t<meta property=\"og:image:type\" content=\"image\/webp\" \/>\n<meta name=\"twitter:card\" content=\"summary_large_image\" \/>\n<meta name=\"twitter:label1\" content=\"Tiempo de lectura\" \/>\n\t<meta name=\"twitter:data1\" content=\"1 minuto\" \/>\n<script type=\"application\/ld+json\" class=\"yoast-schema-graph\">{\"@context\":\"https:\/\/schema.org\",\"@graph\":[{\"@type\":\"WebPage\",\"@id\":\"https:\/\/pronautic.bitfire.com.mx\/?product=licencia-de-navegacion-carnet-jove\",\"url\":\"https:\/\/pronautic.bitfire.com.mx\/?product=licencia-de-navegacion-carnet-jove\",\"name\":\"Licencia de navegaci\u00f3n Carnet Jove - Pronautic\",\"isPartOf\":{\"@id\":\"https:\/\/pronautic.bitfire.com.mx\/#website\"},\"primaryImageOfPage\":{\"@id\":\"https:\/\/pronautic.bitfire.com.mx\/?product=licencia-de-navegacion-carnet-jove#primaryimage\"},\"image\":{\"@id\":\"https:\/\/pronautic.bitfire.com.mx\/?product=licencia-de-navegacion-carnet-jove#primaryimage\"},\"thumbnailUrl\":\"https:\/\/pronautic.bitfire.com.mx\/wp-content\/uploads\/2025\/05\/LN-carnet-jove_resultado.webp\",\"datePublished\":\"2025-05-08T12:31:55+00:00\",\"dateModified\":\"2026-01-08T09:52:36+00:00\",\"description\":\"Licencia de Navegaci\u00f3n con Carnet Jove en Pronautic: sin examen, en 6 horas y con ventajas exclusivas para j\u00f3venes. \u00a1Empieza a navegar ya!\",\"breadcrumb\":{\"@id\":\"https:\/\/pronautic.bitfire.com.mx\/?product=licencia-de-navegacion-carnet-jove#breadcrumb\"},\"inLanguage\":\"es\",\"potentialAction\":[{\"@type\":\"ReadAction\",\"target\":[\"https:\/\/pronautic.bitfire.com.mx\/?product=licencia-de-navegacion-carnet-jove\"]}]},{\"@type\":\"ImageObject\",\"inLanguage\":\"es\",\"@id\":\"https:\/\/pronautic.bitfire.com.mx\/?product=licencia-de-navegacion-carnet-jove#primaryimage\",\"url\":\"https:\/\/pronautic.bitfire.com.mx\/wp-content\/uploads\/2025\/05\/LN-carnet-jove_resultado.webp\",\"contentUrl\":\"https:\/\/pronautic.bitfire.com.mx\/wp-content\/uploads\/2025\/05\/LN-carnet-jove_resultado.webp\",\"width\":972,\"height\":648,\"caption\":\"licencia de navegaci\u00f3n carnet jove\"},{\"@type\":\"BreadcrumbList\",\"@id\":\"https:\/\/pronautic.bitfire.com.mx\/?product=licencia-de-navegacion-carnet-jove#breadcrumb\",\"itemListElement\":[{\"@type\":\"ListItem\",\"position\":1,\"name\":\"Portada\",\"item\":\"https:\/\/pronautic.bitfire.com.mx\/\"},{\"@type\":\"ListItem\",\"position\":2,\"name\":\"Tienda\",\"item\":\"https:\/\/pronautic.bitfire.com.mx\/?page_id=10638\"},{\"@type\":\"ListItem\",\"position\":3,\"name\":\"Licencia de navegaci\u00f3n Carnet Jove\",\"item\":\"https:\/\/pronautic.bitfire.com.mx\/?product=licencia-de-navegacion-carnet-jove\"}]},{\"@type\":\"WebSite\",\"@id\":\"https:\/\/pronautic.bitfire.com.mx\/#website\",\"url\":\"https:\/\/pronautic.bitfire.com.mx\/\",\"name\":\"Pronautic\",\"description\":\"Escuela n\u00e1utica en Barcelona | Fromaci\u00f3n marina\",\"potentialAction\":[{\"@type\":\"SearchAction\",\"target\":{\"@type\":\"EntryPoint\",\"urlTemplate\":\"https:\/\/pronautic.bitfire.com.mx\/?s={search_term_string}\"},\"query-input\":{\"@type\":\"PropertyValueSpecification\",\"valueRequired\":true,\"valueName\":\"search_term_string\"}}],\"inLanguage\":\"es\"}]}<\/script>\n<!-- \/ Yoast SEO plugin. -->","yoast_head_json":{"title":"Licencia de navegaci\u00f3n Carnet Jove - Pronautic","description":"Licencia de Navegaci\u00f3n con Carnet Jove en Pronautic: sin examen, en 6 horas y con ventajas exclusivas para j\u00f3venes. \u00a1Empieza a navegar ya!","robots":{"index":"noindex","follow":"follow","max-snippet":"max-snippet:-1","max-image-preview":"max-image-preview:large","max-video-preview":"max-video-preview:-1"},"og_locale":"es_ES","og_type":"article","og_title":"Licencia de navegaci\u00f3n Carnet Jove - Pronautic","og_description":"Licencia de Navegaci\u00f3n con Carnet Jove en Pronautic: sin examen, en 6 horas y con ventajas exclusivas para j\u00f3venes. \u00a1Empieza a navegar ya!","og_url":"https:\/\/pronautic.bitfire.com.mx\/?product=licencia-de-navegacion-carnet-jove","og_site_name":"Pronautic","article_modified_time":"2026-01-08T09:52:36+00:00","og_image":[{"width":972,"height":648,"url":"https:\/\/pronautic.bitfire.com.mx\/wp-content\/uploads\/2025\/05\/LN-carnet-jove_resultado.webp","type":"image\/webp"}],"twitter_card":"summary_large_image","twitter_misc":{"Tiempo de lectura":"1 minuto"},"schema":{"@context":"https:\/\/schema.org","@graph":[{"@type":"WebPage","@id":"https:\/\/pronautic.bitfire.com.mx\/?product=licencia-de-navegacion-carnet-jove","url":"https:\/\/pronautic.bitfire.com.mx\/?product=licencia-de-navegacion-carnet-jove","name":"Licencia de navegaci\u00f3n Carnet Jove - Pronautic","isPartOf":{"@id":"https:\/\/pronautic.bitfire.com.mx\/#website"},"primaryImageOfPage":{"@id":"https:\/\/pronautic.bitfire.com.mx\/?product=licencia-de-navegacion-carnet-jove#primaryimage"},"image":{"@id":"https:\/\/pronautic.bitfire.com.mx\/?product=licencia-de-navegacion-carnet-jove#primaryimage"},"thumbnailUrl":"https:\/\/pronautic.bitfire.com.mx\/wp-content\/uploads\/2025\/05\/LN-carnet-jove_resultado.webp","datePublished":"2025-05-08T12:31:55+00:00","dateModified":"2026-01-08T09:52:36+00:00","description":"Licencia de Navegaci\u00f3n con Carnet Jove en Pronautic: sin examen, en 6 horas y con ventajas exclusivas para j\u00f3venes. \u00a1Empieza a navegar ya!","breadcrumb":{"@id":"https:\/\/pronautic.bitfire.com.mx\/?product=licencia-de-navegacion-carnet-jove#breadcrumb"},"inLanguage":"es","potentialAction":[{"@type":"ReadAction","target":["https:\/\/pronautic.bitfire.com.mx\/?product=licencia-de-navegacion-carnet-jove"]}]},{"@type":"ImageObject","inLanguage":"es","@id":"https:\/\/pronautic.bitfire.com.mx\/?product=licencia-de-navegacion-carnet-jove#primaryimage","url":"https:\/\/pronautic.bitfire.com.mx\/wp-content\/uploads\/2025\/05\/LN-carnet-jove_resultado.webp","contentUrl":"https:\/\/pronautic.bitfire.com.mx\/wp-content\/uploads\/2025\/05\/LN-carnet-jove_resultado.webp","width":972,"height":648,"caption":"licencia de navegaci\u00f3n carnet jove"},{"@type":"BreadcrumbList","@id":"https:\/\/pronautic.bitfire.com.mx\/?product=licencia-de-navegacion-carnet-jove#breadcrumb","itemListElement":[{"@type":"ListItem","position":1,"name":"Portada","item":"https:\/\/pronautic.bitfire.com.mx\/"},{"@type":"ListItem","position":2,"name":"Tienda","item":"https:\/\/pronautic.bitfire.com.mx\/?page_id=10638"},{"@type":"ListItem","position":3,"name":"Licencia de navegaci\u00f3n Carnet Jove","item":"https:\/\/pronautic.bitfire.com.mx\/?product=licencia-de-navegacion-carnet-jove"}]},{"@type":"WebSite","@id":"https:\/\/pronautic.bitfire.com.mx\/#website","url":"https:\/\/pronautic.bitfire.com.mx\/","name":"Pronautic","description":"Escuela n\u00e1utica en Barcelona | Fromaci\u00f3n marina","potentialAction":[{"@type":"SearchAction","target":{"@type":"EntryPoint","urlTemplate":"https:\/\/pronautic.bitfire.com.mx\/?s={search_term_string}"},"query-input":{"@type":"PropertyValueSpecification","valueRequired":true,"valueName":"search_term_string"}}],"inLanguage":"es"}]}},"_links":{"self":[{"href":"https:\/\/pronautic.bitfire.com.mx\/index.php?rest_route=\/wp\/v2\/product\/956","targetHints":{"allow":["GET"]}}],"collection":[{"href":"https:\/\/pronautic.bitfire.com.mx\/index.php?rest_route=\/wp\/v2\/product"}],"about":[{"href":"https:\/\/pronautic.bitfire.com.mx\/index.php?rest_route=\/wp\/v2\/types\/product"}],"replies":[{"embeddable":true,"href":"https:\/\/pronautic.bitfire.com.mx\/index.php?rest_route=%2Fwp%2Fv2%2Fcomments&post=956"}],"wp:featuredmedia":[{"embeddable":true,"href":"https:\/\/pronautic.bitfire.com.mx\/index.php?rest_route=\/wp\/v2\/media\/950"}],"wp:attachment":[{"href":"https:\/\/pronautic.bitfire.com.mx\/index.php?rest_route=%2Fwp%2Fv2%2Fmedia&parent=956"}],"wp:term":[{"taxonomy":"product_brand","embeddable":true,"href":"https:\/\/pronautic.bitfire.com.mx\/index.php?rest_route=%2Fwp%2Fv2%2Fproduct_brand&post=956"},{"taxonomy":"product_cat","embeddable":true,"href":"https:\/\/pronautic.bitfire.com.mx\/index.php?rest_route=%2Fwp%2Fv2%2Fproduct_cat&post=956"},{"taxonomy":"product_tag","embeddable":true,"href":"https:\/\/pronautic.bitfire.com.mx\/index.php?rest_route=%2Fwp%2Fv2%2Fproduct_tag&post=956"}],"curies":[{"name":"wp","href":"https:\/\/api.w.org\/{rel}","templated":true}]}}