{"id":920,"date":"2025-05-08T11:02:01","date_gmt":"2025-05-08T11:02:01","guid":{"rendered":"https:\/\/pronautic.olalondev.com\/?post_type=product&#038;p=920"},"modified":"2026-01-08T09:57:33","modified_gmt":"2026-01-08T09:57:33","slug":"titulo-per-motor-vela-baleares-48-horas-carnet-jove","status":"publish","type":"product","link":"https:\/\/pronautic.bitfire.com.mx\/?product=titulo-per-motor-vela-baleares-48-horas-carnet-jove","title":{"rendered":"T\u00edtulo PER Motor + Vela + Baleares (48 horas) Carnet Jove"},"content":{"rendered":"<div class=\"row descripcio-curs\">\n<div class=\"col-md-12\">\n<p><strong>Todas las modalidades<\/strong> de nuestro T\u00edtulo PER Motor + Vela + Baleares (48 horas) Carnet Jove <strong>incluyen<\/strong>:<\/p>\n<ul>\n<li>Acceso inmediato a la\u00a0<strong>Plataforma Pronautic<\/strong><\/li>\n<li>Acceso inmediato al\u00a0<strong>Aula Virtual<\/strong>: Manuales te\u00f3ricos online, tests de autoevaluaci\u00f3n y ex\u00e1menes oficiales<\/li>\n<li><strong>Tutor\u00edas online ilimitadas<\/strong><\/li>\n<li><strong>Teor\u00eda online, presencial o en streaming entre semana o fin de semana<\/strong><\/li>\n<li>2 horas de\u00a0<strong>pr\u00e1cticas en simulador de maniobra<\/strong><\/li>\n<li>16 horas de\u00a0<strong>pr\u00e1cticas de seguridad y navegaci\u00f3n<\/strong><\/li>\n<li>48 horas de\u00a0<strong>pr\u00e1cticas de navegaci\u00f3n a vela y navegaci\u00f3n<\/strong><\/li>\n<li>4 horas de\u00a0<strong>teor\u00eda de radiocomunicaciones (ROCA) presencial o en streaming<\/strong><\/li>\n<li>8 horas de\u00a0<strong>pr\u00e1cticas de radiocomunicaciones (ROCA)<\/strong><\/li>\n<li>Seguro, IVA 21%<\/li>\n<\/ul>\n<\/div>\n<\/div>\n","protected":false},"excerpt":{"rendered":"<h3 data-start=\"102\" data-end=\"188\"><strong>PER Motor + Vela + Baleares (48 horas) Carnet Jove<\/strong><\/h3>\n<h5 class=\"price\"><strong><span class=\"woocommerce-Price-amount amount\">DESDE 760<span class=\"woocommerce-Price-currencySymbol\">\u20ac<\/span><\/span><\/strong><\/h5>\n<div class=\"row descripcio-curs\">\n<div class=\"col-md-12\">\n<p data-start=\"190\" data-end=\"543\">\u00a1Obt\u00e9n tu <strong data-start=\"200\" data-end=\"257\">PER Motor + Vela + Baleares con descuento Carnet Jove<\/strong> y navega con total libertad entre la Pen\u00ednsula y las Islas Baleares! Nuestra <strong><a href=\"https:\/\/pronautic.bitfire.com.mx\/\">escuela n\u00e1utica en Barcelona<\/a><\/strong> te ofrece un curso completo de 48 horas, disponible <strong data-start=\"389\" data-end=\"414\">online o en streaming<\/strong> desde el<a href=\"https:\/\/portolimpic.barcelona\/es\"> <strong data-start=\"424\" data-end=\"453\">Port Ol\u00edmpic de Barcelona<\/strong><\/a>, pensado para capacitarte en el <strong data-start=\"486\" data-end=\"525\">gobierno de embarcaciones de recreo<\/strong> a motor y vela.<\/p>\n<p data-start=\"545\" data-end=\"888\">Con el <strong data-start=\"552\" data-end=\"590\">T\u00edtulo PER Motor + Vela + Baleares<\/strong>, podr\u00e1s gobernar embarcaciones de hasta 24 metros de eslora y motos de agua sin l\u00edmite de potencia. Esta formaci\u00f3n es ideal para j\u00f3venes que desean aprovechar al m\u00e1ximo el mar y los deportes n\u00e1uticos, obteniendo todas las habilitaciones legales necesarias para navegar con seguridad y confianza.<\/p>\n<p data-start=\"890\" data-end=\"1219\">El curso combina teor\u00eda y pr\u00e1ctica, abordando maniobras, seguridad, legislaci\u00f3n n\u00e1utica y planificaci\u00f3n de rutas hacia las Islas Baleares. Adem\u00e1s, al ser <strong data-start=\"1044\" data-end=\"1069\">online o en streaming<\/strong>, podr\u00e1s adaptarlo a tu horario sin perder la calidad de la formaci\u00f3n presencial, con instructores expertos que guiar\u00e1n cada paso de tu aprendizaje.<\/p>\n<p data-start=\"1221\" data-end=\"1566\">Al finalizar el curso, recibir\u00e1s el <strong data-start=\"1257\" data-end=\"1300\">PER Motor + Vela + Baleares Carnet Jove<\/strong>, que te habilita oficialmente para gobernar embarcaciones recreativas y motos de agua en la zona autorizada. Gracias al <strong data-start=\"1421\" data-end=\"1456\">descuento especial para j\u00f3venes<\/strong>, esta es la oportunidad perfecta para iniciar tu aventura en el mar con una formaci\u00f3n completa y accesible.<\/p>\n<p data-start=\"1568\" data-end=\"1898\">No dejes pasar la ocasi\u00f3n de convertirte en un Patr\u00f3n de Embarcaciones de Recreo con tu <a href=\"https:\/\/pronautic.bitfire.com.mx\/categoria-producto\/cursos-nauticos-de-recreo-en-barcelona\/patron-de-embarcaciones-de-recreo-per-en-barcelona\/\">curso PER en Barcelona<\/a>. Inscr\u00edbete ahora en el <strong data-start=\"1693\" data-end=\"1736\">PER Motor + Vela + Baleares Carnet Jove<\/strong> y disfruta de una experiencia de navegaci\u00f3n segura, divertida y profesional, desde la comodidad de tu hogar o directamente en el <strong data-start=\"1866\" data-end=\"1895\">Port Ol\u00edmpic de Barcelona<\/strong>.<\/p>\n<\/div>\n<\/div>\n","protected":false},"featured_media":906,"comment_status":"open","ping_status":"closed","template":"","meta":{"_acf_changed":false,"_et_pb_use_builder":"","_et_pb_old_content":"","_et_gb_content_width":"","_joinchat":[]},"product_brand":[],"product_cat":[26,21],"product_tag":[],"class_list":{"0":"post-920","1":"product","2":"type-product","3":"status-publish","4":"has-post-thumbnail","6":"product_cat-cursos-nauticos-de-recreo-en-barcelona","7":"product_cat-titulo-per-barcelona","8":"bookacti-activity","10":"first","11":"instock","12":"shipping-taxable","13":"purchasable","14":"product-type-variable"},"acf":[],"yoast_head":"<!-- This site is optimized with the Yoast SEO plugin v26.5 - https:\/\/yoast.com\/wordpress\/plugins\/seo\/ -->\n<title>T\u00edtulo PER Motor + Vela + Baleares (48 horas) Carnet Jove - Pronautic<\/title>\n<meta name=\"description\" content=\"T\u00edtulo PER Motor + Vela + Baleares (48 horas) Carnet Jove: vive la aventura, aprende a bordo y aprovecha condiciones especiales para j\u00f3venes con Pronautic.\" \/>\n<meta name=\"robots\" content=\"noindex, follow, max-snippet:-1, max-image-preview:large, max-video-preview:-1\" \/>\n<meta property=\"og:locale\" content=\"es_ES\" \/>\n<meta property=\"og:type\" content=\"article\" \/>\n<meta property=\"og:title\" content=\"T\u00edtulo PER Motor + Vela + Baleares (48 horas) Carnet Jove - Pronautic\" \/>\n<meta property=\"og:description\" content=\"T\u00edtulo PER Motor + Vela + Baleares (48 horas) Carnet Jove: vive la aventura, aprende a bordo y aprovecha condiciones especiales para j\u00f3venes con Pronautic.\" \/>\n<meta property=\"og:url\" content=\"https:\/\/pronautic.bitfire.com.mx\/?product=titulo-per-motor-vela-baleares-48-horas-carnet-jove\" \/>\n<meta property=\"og:site_name\" content=\"Pronautic\" \/>\n<meta property=\"article:modified_time\" content=\"2026-01-08T09:57:33+00:00\" \/>\n<meta property=\"og:image\" content=\"https:\/\/pronautic.bitfire.com.mx\/wp-content\/uploads\/2025\/05\/PER-VELA-carnet-jove_resultado.webp\" \/>\n\t<meta property=\"og:image:width\" content=\"972\" \/>\n\t<meta property=\"og:image:height\" content=\"648\" \/>\n\t<meta property=\"og:image:type\" content=\"image\/webp\" \/>\n<meta name=\"twitter:card\" content=\"summary_large_image\" \/>\n<meta name=\"twitter:label1\" content=\"Tiempo de lectura\" \/>\n\t<meta name=\"twitter:data1\" content=\"1 minuto\" \/>\n<script type=\"application\/ld+json\" class=\"yoast-schema-graph\">{\"@context\":\"https:\/\/schema.org\",\"@graph\":[{\"@type\":\"WebPage\",\"@id\":\"https:\/\/pronautic.bitfire.com.mx\/?product=titulo-per-motor-vela-baleares-48-horas-carnet-jove\",\"url\":\"https:\/\/pronautic.bitfire.com.mx\/?product=titulo-per-motor-vela-baleares-48-horas-carnet-jove\",\"name\":\"T\u00edtulo PER Motor + Vela + Baleares (48 horas) Carnet Jove - Pronautic\",\"isPartOf\":{\"@id\":\"https:\/\/pronautic.bitfire.com.mx\/#website\"},\"primaryImageOfPage\":{\"@id\":\"https:\/\/pronautic.bitfire.com.mx\/?product=titulo-per-motor-vela-baleares-48-horas-carnet-jove#primaryimage\"},\"image\":{\"@id\":\"https:\/\/pronautic.bitfire.com.mx\/?product=titulo-per-motor-vela-baleares-48-horas-carnet-jove#primaryimage\"},\"thumbnailUrl\":\"https:\/\/pronautic.bitfire.com.mx\/wp-content\/uploads\/2025\/05\/PER-VELA-carnet-jove_resultado.webp\",\"datePublished\":\"2025-05-08T11:02:01+00:00\",\"dateModified\":\"2026-01-08T09:57:33+00:00\",\"description\":\"T\u00edtulo PER Motor + Vela + Baleares (48 horas) Carnet Jove: vive la aventura, aprende a bordo y aprovecha condiciones especiales para j\u00f3venes con Pronautic.\",\"breadcrumb\":{\"@id\":\"https:\/\/pronautic.bitfire.com.mx\/?product=titulo-per-motor-vela-baleares-48-horas-carnet-jove#breadcrumb\"},\"inLanguage\":\"es\",\"potentialAction\":[{\"@type\":\"ReadAction\",\"target\":[\"https:\/\/pronautic.bitfire.com.mx\/?product=titulo-per-motor-vela-baleares-48-horas-carnet-jove\"]}]},{\"@type\":\"ImageObject\",\"inLanguage\":\"es\",\"@id\":\"https:\/\/pronautic.bitfire.com.mx\/?product=titulo-per-motor-vela-baleares-48-horas-carnet-jove#primaryimage\",\"url\":\"https:\/\/pronautic.bitfire.com.mx\/wp-content\/uploads\/2025\/05\/PER-VELA-carnet-jove_resultado.webp\",\"contentUrl\":\"https:\/\/pronautic.bitfire.com.mx\/wp-content\/uploads\/2025\/05\/PER-VELA-carnet-jove_resultado.webp\",\"width\":972,\"height\":648,\"caption\":\"per motor vela baleares 48 horas carnet jove\"},{\"@type\":\"BreadcrumbList\",\"@id\":\"https:\/\/pronautic.bitfire.com.mx\/?product=titulo-per-motor-vela-baleares-48-horas-carnet-jove#breadcrumb\",\"itemListElement\":[{\"@type\":\"ListItem\",\"position\":1,\"name\":\"Portada\",\"item\":\"https:\/\/pronautic.bitfire.com.mx\/\"},{\"@type\":\"ListItem\",\"position\":2,\"name\":\"Tienda\",\"item\":\"https:\/\/pronautic.bitfire.com.mx\/?page_id=10638\"},{\"@type\":\"ListItem\",\"position\":3,\"name\":\"T\u00edtulo PER Motor + Vela + Baleares (48 horas) Carnet Jove\",\"item\":\"https:\/\/pronautic.bitfire.com.mx\/?product=titulo-per-motor-vela-baleares-48-horas-carnet-jove\"}]},{\"@type\":\"WebSite\",\"@id\":\"https:\/\/pronautic.bitfire.com.mx\/#website\",\"url\":\"https:\/\/pronautic.bitfire.com.mx\/\",\"name\":\"Pronautic\",\"description\":\"Escuela n\u00e1utica en Barcelona | Fromaci\u00f3n marina\",\"potentialAction\":[{\"@type\":\"SearchAction\",\"target\":{\"@type\":\"EntryPoint\",\"urlTemplate\":\"https:\/\/pronautic.bitfire.com.mx\/?s={search_term_string}\"},\"query-input\":{\"@type\":\"PropertyValueSpecification\",\"valueRequired\":true,\"valueName\":\"search_term_string\"}}],\"inLanguage\":\"es\"}]}<\/script>\n<!-- \/ Yoast SEO plugin. -->","yoast_head_json":{"title":"T\u00edtulo PER Motor + Vela + Baleares (48 horas) Carnet Jove - Pronautic","description":"T\u00edtulo PER Motor + Vela + Baleares (48 horas) Carnet Jove: vive la aventura, aprende a bordo y aprovecha condiciones especiales para j\u00f3venes con Pronautic.","robots":{"index":"noindex","follow":"follow","max-snippet":"max-snippet:-1","max-image-preview":"max-image-preview:large","max-video-preview":"max-video-preview:-1"},"og_locale":"es_ES","og_type":"article","og_title":"T\u00edtulo PER Motor + Vela + Baleares (48 horas) Carnet Jove - Pronautic","og_description":"T\u00edtulo PER Motor + Vela + Baleares (48 horas) Carnet Jove: vive la aventura, aprende a bordo y aprovecha condiciones especiales para j\u00f3venes con Pronautic.","og_url":"https:\/\/pronautic.bitfire.com.mx\/?product=titulo-per-motor-vela-baleares-48-horas-carnet-jove","og_site_name":"Pronautic","article_modified_time":"2026-01-08T09:57:33+00:00","og_image":[{"width":972,"height":648,"url":"https:\/\/pronautic.bitfire.com.mx\/wp-content\/uploads\/2025\/05\/PER-VELA-carnet-jove_resultado.webp","type":"image\/webp"}],"twitter_card":"summary_large_image","twitter_misc":{"Tiempo de lectura":"1 minuto"},"schema":{"@context":"https:\/\/schema.org","@graph":[{"@type":"WebPage","@id":"https:\/\/pronautic.bitfire.com.mx\/?product=titulo-per-motor-vela-baleares-48-horas-carnet-jove","url":"https:\/\/pronautic.bitfire.com.mx\/?product=titulo-per-motor-vela-baleares-48-horas-carnet-jove","name":"T\u00edtulo PER Motor + Vela + Baleares (48 horas) Carnet Jove - Pronautic","isPartOf":{"@id":"https:\/\/pronautic.bitfire.com.mx\/#website"},"primaryImageOfPage":{"@id":"https:\/\/pronautic.bitfire.com.mx\/?product=titulo-per-motor-vela-baleares-48-horas-carnet-jove#primaryimage"},"image":{"@id":"https:\/\/pronautic.bitfire.com.mx\/?product=titulo-per-motor-vela-baleares-48-horas-carnet-jove#primaryimage"},"thumbnailUrl":"https:\/\/pronautic.bitfire.com.mx\/wp-content\/uploads\/2025\/05\/PER-VELA-carnet-jove_resultado.webp","datePublished":"2025-05-08T11:02:01+00:00","dateModified":"2026-01-08T09:57:33+00:00","description":"T\u00edtulo PER Motor + Vela + Baleares (48 horas) Carnet Jove: vive la aventura, aprende a bordo y aprovecha condiciones especiales para j\u00f3venes con Pronautic.","breadcrumb":{"@id":"https:\/\/pronautic.bitfire.com.mx\/?product=titulo-per-motor-vela-baleares-48-horas-carnet-jove#breadcrumb"},"inLanguage":"es","potentialAction":[{"@type":"ReadAction","target":["https:\/\/pronautic.bitfire.com.mx\/?product=titulo-per-motor-vela-baleares-48-horas-carnet-jove"]}]},{"@type":"ImageObject","inLanguage":"es","@id":"https:\/\/pronautic.bitfire.com.mx\/?product=titulo-per-motor-vela-baleares-48-horas-carnet-jove#primaryimage","url":"https:\/\/pronautic.bitfire.com.mx\/wp-content\/uploads\/2025\/05\/PER-VELA-carnet-jove_resultado.webp","contentUrl":"https:\/\/pronautic.bitfire.com.mx\/wp-content\/uploads\/2025\/05\/PER-VELA-carnet-jove_resultado.webp","width":972,"height":648,"caption":"per motor vela baleares 48 horas carnet jove"},{"@type":"BreadcrumbList","@id":"https:\/\/pronautic.bitfire.com.mx\/?product=titulo-per-motor-vela-baleares-48-horas-carnet-jove#breadcrumb","itemListElement":[{"@type":"ListItem","position":1,"name":"Portada","item":"https:\/\/pronautic.bitfire.com.mx\/"},{"@type":"ListItem","position":2,"name":"Tienda","item":"https:\/\/pronautic.bitfire.com.mx\/?page_id=10638"},{"@type":"ListItem","position":3,"name":"T\u00edtulo PER Motor + Vela + Baleares (48 horas) Carnet Jove","item":"https:\/\/pronautic.bitfire.com.mx\/?product=titulo-per-motor-vela-baleares-48-horas-carnet-jove"}]},{"@type":"WebSite","@id":"https:\/\/pronautic.bitfire.com.mx\/#website","url":"https:\/\/pronautic.bitfire.com.mx\/","name":"Pronautic","description":"Escuela n\u00e1utica en Barcelona | Fromaci\u00f3n marina","potentialAction":[{"@type":"SearchAction","target":{"@type":"EntryPoint","urlTemplate":"https:\/\/pronautic.bitfire.com.mx\/?s={search_term_string}"},"query-input":{"@type":"PropertyValueSpecification","valueRequired":true,"valueName":"search_term_string"}}],"inLanguage":"es"}]}},"_links":{"self":[{"href":"https:\/\/pronautic.bitfire.com.mx\/index.php?rest_route=\/wp\/v2\/product\/920","targetHints":{"allow":["GET"]}}],"collection":[{"href":"https:\/\/pronautic.bitfire.com.mx\/index.php?rest_route=\/wp\/v2\/product"}],"about":[{"href":"https:\/\/pronautic.bitfire.com.mx\/index.php?rest_route=\/wp\/v2\/types\/product"}],"replies":[{"embeddable":true,"href":"https:\/\/pronautic.bitfire.com.mx\/index.php?rest_route=%2Fwp%2Fv2%2Fcomments&post=920"}],"wp:featuredmedia":[{"embeddable":true,"href":"https:\/\/pronautic.bitfire.com.mx\/index.php?rest_route=\/wp\/v2\/media\/906"}],"wp:attachment":[{"href":"https:\/\/pronautic.bitfire.com.mx\/index.php?rest_route=%2Fwp%2Fv2%2Fmedia&parent=920"}],"wp:term":[{"taxonomy":"product_brand","embeddable":true,"href":"https:\/\/pronautic.bitfire.com.mx\/index.php?rest_route=%2Fwp%2Fv2%2Fproduct_brand&post=920"},{"taxonomy":"product_cat","embeddable":true,"href":"https:\/\/pronautic.bitfire.com.mx\/index.php?rest_route=%2Fwp%2Fv2%2Fproduct_cat&post=920"},{"taxonomy":"product_tag","embeddable":true,"href":"https:\/\/pronautic.bitfire.com.mx\/index.php?rest_route=%2Fwp%2Fv2%2Fproduct_tag&post=920"}],"curies":[{"name":"wp","href":"https:\/\/api.w.org\/{rel}","templated":true}]}}