{"id":915,"date":"2025-05-08T10:44:03","date_gmt":"2025-05-08T10:44:03","guid":{"rendered":"https:\/\/pronautic.olalondev.com\/?post_type=product&#038;p=915"},"modified":"2026-01-08T09:58:07","modified_gmt":"2026-01-08T09:58:07","slug":"titulo-per-motor-vela-baleares-48-horas-en-barcelona","status":"publish","type":"product","link":"https:\/\/pronautic.bitfire.com.mx\/?product=titulo-per-motor-vela-baleares-48-horas-en-barcelona","title":{"rendered":"T\u00edtulo PER motor + vela + Baleares (48 horas) en Barcelona"},"content":{"rendered":"<div class=\"row descripcio-curs\">\n<div class=\"col-md-12\">\n<p><strong>Todas las modalidades<\/strong> de nuestro T\u00edtulo PER motor + vela + Baleares (48 horas) en Barcelonas\u00a0<strong>incluyen<\/strong>:<\/p>\n<ul>\n<li>Acceso inmediato a la\u00a0<strong>Plataforma Pronautic<\/strong><\/li>\n<li>Acceso inmediato al\u00a0<strong>Aula Virtual<\/strong>: Manuales te\u00f3ricos online, tests de autoevaluaci\u00f3n y ex\u00e1menes oficiales<\/li>\n<li><strong>Tutor\u00edas online ilimitadas<\/strong><\/li>\n<li><strong>Teor\u00eda online, presencial o en streaming entre semana o fin de semana<\/strong><\/li>\n<li>2 horas de\u00a0<strong>pr\u00e1cticas en simulador de maniobra<\/strong><\/li>\n<li>16 horas de\u00a0<strong>pr\u00e1cticas de seguridad y navegaci\u00f3n<\/strong><\/li>\n<li>48 horas de\u00a0<strong>pr\u00e1cticas de navegaci\u00f3n a vela y navegaci\u00f3n<\/strong><\/li>\n<li>4 horas de\u00a0<strong>teor\u00eda de radiocomunicaciones (ROCA) presencial o en streaming<\/strong><\/li>\n<li>8 horas de\u00a0<strong>pr\u00e1cticas de radiocomunicaciones (ROCA)<\/strong><\/li>\n<li>Seguro, IVA 21%<\/li>\n<\/ul>\n<\/div>\n<\/div>\n","protected":false},"excerpt":{"rendered":"<h3 data-start=\"100\" data-end=\"186\"><strong>T\u00edtulo PER motor + vela + Baleares (48 horas) en Barcelona<\/strong><\/h3>\n<h5 class=\"price\"><strong><span class=\"woocommerce-Price-amount amount\">DESDE 980<span class=\"woocommerce-Price-currencySymbol\">\u20ac<\/span><\/span><\/strong><\/h5>\n<div class=\"row descripcio-curs\">\n<div class=\"col-md-12\">\n<p data-start=\"188\" data-end=\"598\">Si quieres obtener el <strong data-start=\"210\" data-end=\"262\">T\u00edtulo PER Motor + Vela Carnet Jove en Barcelona<\/strong>, <a href=\"https:\/\/pronautic.bitfire.com.mx\/\">Pronautic<\/a> te ofrece un curso completo de 48 horas pensado para capacitarte en el <strong data-start=\"345\" data-end=\"384\">gobierno de embarcaciones de recreo<\/strong> a motor y vela en el <a href=\"https:\/\/portolimpic.barcelona\/es\">Port Ol\u00edmpic de Barcelona<\/a>. Con este t\u00edtulo, podr\u00e1s manejar embarcaciones de hasta 24 metros de eslora y navegar con total libertad entre la Pen\u00ednsula y las Islas Baleares, disfrutando de la navegaci\u00f3n segura y responsable.<\/p>\n<p data-start=\"600\" data-end=\"1043\">Nuestro curso <strong data-start=\"614\" data-end=\"646\">PER Motor + Vela Carnet Jove<\/strong> combina formaci\u00f3n te\u00f3rica y pr\u00e1ctica, adaptada a tus necesidades. Aprender\u00e1s maniobras, seguridad, legislaci\u00f3n n\u00e1utica y navegaci\u00f3n entre la Pen\u00ednsula y Baleares, adem\u00e1s de la <strong data-start=\"823\" data-end=\"883\">gesti\u00f3n y manejo de motos de agua sin l\u00edmite de potencia<\/strong>. La formaci\u00f3n est\u00e1 disponible en <strong data-start=\"917\" data-end=\"930\">Barcelona<\/strong> de manera presencial, online o en streaming, lo que te permite organizar tus horarios seg\u00fan tu disponibilidad.<\/p>\n<p data-start=\"1045\" data-end=\"1441\">En Pronautic, nos enfocamos en una ense\u00f1anza pr\u00e1ctica y efectiva. Durante el curso, adquirir\u00e1s habilidades para planificar rutas seguras, realizar maniobras avanzadas y conocer todas las normas de navegaci\u00f3n vigentes. Al finalizar, estar\u00e1s preparado para aprobar el examen oficial y obtener tu <strong data-start=\"1339\" data-end=\"1359\">PER Motor + Vela<\/strong>, que te habilita legalmente a gobernar embarcaciones de recreo y motos de agua.<\/p>\n<p data-start=\"1443\" data-end=\"1749\">El <strong data-start=\"1446\" data-end=\"1485\">T\u00edtulo PER Motor + Vela Carnet Jove<\/strong> es ideal para j\u00f3venes que desean disfrutar del mar con independencia y seguridad, navegando entre la Pen\u00ednsula y las Islas Baleares. Con Pronautic, contar\u00e1s con instructores expertos y una metodolog\u00eda din\u00e1mica que garantiza tu aprendizaje y confianza en el mar.<\/p>\n<p data-start=\"1751\" data-end=\"2029\">No pierdas la oportunidad de convertirte en un <strong data-start=\"1798\" data-end=\"1851\">Patr\u00f3n de Embarcaciones de Recreo con tu <a href=\"https:\/\/pronautic.bitfire.com.mx\/categoria-producto\/cursos-nauticos-de-recreo-en-barcelona\/patron-de-embarcaciones-de-recreo-per-en-barcelona\/\">T\u00edtulo PER en Barcelona<\/a><\/strong>. Inscr\u00edbete ahora y comienza a vivir la experiencia de navegar con libertad y seguridad, eligiendo la modalidad que mejor se adapte a tu ritmo: presencial, online o streaming.<\/p>\n<\/div>\n<\/div>\n<p>&nbsp;<\/p>\n","protected":false},"featured_media":927,"comment_status":"open","ping_status":"closed","template":"","meta":{"_acf_changed":false,"_et_pb_use_builder":"","_et_pb_old_content":"","_et_gb_content_width":"","_joinchat":[]},"product_brand":[],"product_cat":[26,21],"product_tag":[],"class_list":{"0":"post-915","1":"product","2":"type-product","3":"status-publish","4":"has-post-thumbnail","6":"product_cat-cursos-nauticos-de-recreo-en-barcelona","7":"product_cat-titulo-per-barcelona","8":"bookacti-activity","10":"first","11":"instock","12":"shipping-taxable","13":"purchasable","14":"product-type-variable"},"acf":[],"yoast_head":"<!-- This site is optimized with the Yoast SEO plugin v26.5 - https:\/\/yoast.com\/wordpress\/plugins\/seo\/ -->\n<title>T\u00edtulo PER motor + vela + Baleares (48 horas) en Barcelona - Pronautic<\/title>\n<meta name=\"description\" content=\"T\u00edtulo PER motor + vela + Baleares (48 horas) en Barcelona. Navega en un entorno \u00fanico y obt\u00e9n la ampliaci\u00f3n oficial de u t\u00edtulo de recreo\" \/>\n<meta name=\"robots\" content=\"noindex, follow, max-snippet:-1, max-image-preview:large, max-video-preview:-1\" \/>\n<meta property=\"og:locale\" content=\"es_ES\" \/>\n<meta property=\"og:type\" content=\"article\" \/>\n<meta property=\"og:title\" content=\"T\u00edtulo PER motor + vela + Baleares (48 horas) en Barcelona - Pronautic\" \/>\n<meta property=\"og:description\" content=\"T\u00edtulo PER motor + vela + Baleares (48 horas) en Barcelona. Navega en un entorno \u00fanico y obt\u00e9n la ampliaci\u00f3n oficial de u t\u00edtulo de recreo\" \/>\n<meta property=\"og:url\" content=\"https:\/\/pronautic.bitfire.com.mx\/?product=titulo-per-motor-vela-baleares-48-horas-en-barcelona\" \/>\n<meta property=\"og:site_name\" content=\"Pronautic\" \/>\n<meta property=\"article:modified_time\" content=\"2026-01-08T09:58:07+00:00\" \/>\n<meta property=\"og:image\" content=\"https:\/\/pronautic.bitfire.com.mx\/wp-content\/uploads\/2025\/05\/PERbaleares1_resultado.webp\" \/>\n\t<meta property=\"og:image:width\" content=\"972\" \/>\n\t<meta property=\"og:image:height\" content=\"648\" \/>\n\t<meta property=\"og:image:type\" content=\"image\/webp\" \/>\n<meta name=\"twitter:card\" content=\"summary_large_image\" \/>\n<meta name=\"twitter:label1\" content=\"Tiempo de lectura\" \/>\n\t<meta name=\"twitter:data1\" content=\"1 minuto\" \/>\n<script type=\"application\/ld+json\" class=\"yoast-schema-graph\">{\"@context\":\"https:\/\/schema.org\",\"@graph\":[{\"@type\":\"WebPage\",\"@id\":\"https:\/\/pronautic.bitfire.com.mx\/?product=titulo-per-motor-vela-baleares-48-horas-en-barcelona\",\"url\":\"https:\/\/pronautic.bitfire.com.mx\/?product=titulo-per-motor-vela-baleares-48-horas-en-barcelona\",\"name\":\"T\u00edtulo PER motor + vela + Baleares (48 horas) en Barcelona - Pronautic\",\"isPartOf\":{\"@id\":\"https:\/\/pronautic.bitfire.com.mx\/#website\"},\"primaryImageOfPage\":{\"@id\":\"https:\/\/pronautic.bitfire.com.mx\/?product=titulo-per-motor-vela-baleares-48-horas-en-barcelona#primaryimage\"},\"image\":{\"@id\":\"https:\/\/pronautic.bitfire.com.mx\/?product=titulo-per-motor-vela-baleares-48-horas-en-barcelona#primaryimage\"},\"thumbnailUrl\":\"https:\/\/pronautic.bitfire.com.mx\/wp-content\/uploads\/2025\/05\/PERbaleares1_resultado.webp\",\"datePublished\":\"2025-05-08T10:44:03+00:00\",\"dateModified\":\"2026-01-08T09:58:07+00:00\",\"description\":\"T\u00edtulo PER motor + vela + Baleares (48 horas) en Barcelona. Navega en un entorno \u00fanico y obt\u00e9n la ampliaci\u00f3n oficial de u t\u00edtulo de recreo\",\"breadcrumb\":{\"@id\":\"https:\/\/pronautic.bitfire.com.mx\/?product=titulo-per-motor-vela-baleares-48-horas-en-barcelona#breadcrumb\"},\"inLanguage\":\"es\",\"potentialAction\":[{\"@type\":\"ReadAction\",\"target\":[\"https:\/\/pronautic.bitfire.com.mx\/?product=titulo-per-motor-vela-baleares-48-horas-en-barcelona\"]}]},{\"@type\":\"ImageObject\",\"inLanguage\":\"es\",\"@id\":\"https:\/\/pronautic.bitfire.com.mx\/?product=titulo-per-motor-vela-baleares-48-horas-en-barcelona#primaryimage\",\"url\":\"https:\/\/pronautic.bitfire.com.mx\/wp-content\/uploads\/2025\/05\/PERbaleares1_resultado.webp\",\"contentUrl\":\"https:\/\/pronautic.bitfire.com.mx\/wp-content\/uploads\/2025\/05\/PERbaleares1_resultado.webp\",\"width\":972,\"height\":648,\"caption\":\"per motor vela baleares 48 horas\"},{\"@type\":\"BreadcrumbList\",\"@id\":\"https:\/\/pronautic.bitfire.com.mx\/?product=titulo-per-motor-vela-baleares-48-horas-en-barcelona#breadcrumb\",\"itemListElement\":[{\"@type\":\"ListItem\",\"position\":1,\"name\":\"Portada\",\"item\":\"https:\/\/pronautic.bitfire.com.mx\/\"},{\"@type\":\"ListItem\",\"position\":2,\"name\":\"Tienda\",\"item\":\"https:\/\/pronautic.bitfire.com.mx\/?page_id=10638\"},{\"@type\":\"ListItem\",\"position\":3,\"name\":\"T\u00edtulo PER motor + vela + Baleares (48 horas) en Barcelona\",\"item\":\"https:\/\/pronautic.bitfire.com.mx\/?product=titulo-per-motor-vela-baleares-48-horas-en-barcelona\"}]},{\"@type\":\"WebSite\",\"@id\":\"https:\/\/pronautic.bitfire.com.mx\/#website\",\"url\":\"https:\/\/pronautic.bitfire.com.mx\/\",\"name\":\"Pronautic\",\"description\":\"Escuela n\u00e1utica en Barcelona | Fromaci\u00f3n marina\",\"potentialAction\":[{\"@type\":\"SearchAction\",\"target\":{\"@type\":\"EntryPoint\",\"urlTemplate\":\"https:\/\/pronautic.bitfire.com.mx\/?s={search_term_string}\"},\"query-input\":{\"@type\":\"PropertyValueSpecification\",\"valueRequired\":true,\"valueName\":\"search_term_string\"}}],\"inLanguage\":\"es\"}]}<\/script>\n<!-- \/ Yoast SEO plugin. -->","yoast_head_json":{"title":"T\u00edtulo PER motor + vela + Baleares (48 horas) en Barcelona - Pronautic","description":"T\u00edtulo PER motor + vela + Baleares (48 horas) en Barcelona. Navega en un entorno \u00fanico y obt\u00e9n la ampliaci\u00f3n oficial de u t\u00edtulo de recreo","robots":{"index":"noindex","follow":"follow","max-snippet":"max-snippet:-1","max-image-preview":"max-image-preview:large","max-video-preview":"max-video-preview:-1"},"og_locale":"es_ES","og_type":"article","og_title":"T\u00edtulo PER motor + vela + Baleares (48 horas) en Barcelona - Pronautic","og_description":"T\u00edtulo PER motor + vela + Baleares (48 horas) en Barcelona. Navega en un entorno \u00fanico y obt\u00e9n la ampliaci\u00f3n oficial de u t\u00edtulo de recreo","og_url":"https:\/\/pronautic.bitfire.com.mx\/?product=titulo-per-motor-vela-baleares-48-horas-en-barcelona","og_site_name":"Pronautic","article_modified_time":"2026-01-08T09:58:07+00:00","og_image":[{"width":972,"height":648,"url":"https:\/\/pronautic.bitfire.com.mx\/wp-content\/uploads\/2025\/05\/PERbaleares1_resultado.webp","type":"image\/webp"}],"twitter_card":"summary_large_image","twitter_misc":{"Tiempo de lectura":"1 minuto"},"schema":{"@context":"https:\/\/schema.org","@graph":[{"@type":"WebPage","@id":"https:\/\/pronautic.bitfire.com.mx\/?product=titulo-per-motor-vela-baleares-48-horas-en-barcelona","url":"https:\/\/pronautic.bitfire.com.mx\/?product=titulo-per-motor-vela-baleares-48-horas-en-barcelona","name":"T\u00edtulo PER motor + vela + Baleares (48 horas) en Barcelona - Pronautic","isPartOf":{"@id":"https:\/\/pronautic.bitfire.com.mx\/#website"},"primaryImageOfPage":{"@id":"https:\/\/pronautic.bitfire.com.mx\/?product=titulo-per-motor-vela-baleares-48-horas-en-barcelona#primaryimage"},"image":{"@id":"https:\/\/pronautic.bitfire.com.mx\/?product=titulo-per-motor-vela-baleares-48-horas-en-barcelona#primaryimage"},"thumbnailUrl":"https:\/\/pronautic.bitfire.com.mx\/wp-content\/uploads\/2025\/05\/PERbaleares1_resultado.webp","datePublished":"2025-05-08T10:44:03+00:00","dateModified":"2026-01-08T09:58:07+00:00","description":"T\u00edtulo PER motor + vela + Baleares (48 horas) en Barcelona. Navega en un entorno \u00fanico y obt\u00e9n la ampliaci\u00f3n oficial de u t\u00edtulo de recreo","breadcrumb":{"@id":"https:\/\/pronautic.bitfire.com.mx\/?product=titulo-per-motor-vela-baleares-48-horas-en-barcelona#breadcrumb"},"inLanguage":"es","potentialAction":[{"@type":"ReadAction","target":["https:\/\/pronautic.bitfire.com.mx\/?product=titulo-per-motor-vela-baleares-48-horas-en-barcelona"]}]},{"@type":"ImageObject","inLanguage":"es","@id":"https:\/\/pronautic.bitfire.com.mx\/?product=titulo-per-motor-vela-baleares-48-horas-en-barcelona#primaryimage","url":"https:\/\/pronautic.bitfire.com.mx\/wp-content\/uploads\/2025\/05\/PERbaleares1_resultado.webp","contentUrl":"https:\/\/pronautic.bitfire.com.mx\/wp-content\/uploads\/2025\/05\/PERbaleares1_resultado.webp","width":972,"height":648,"caption":"per motor vela baleares 48 horas"},{"@type":"BreadcrumbList","@id":"https:\/\/pronautic.bitfire.com.mx\/?product=titulo-per-motor-vela-baleares-48-horas-en-barcelona#breadcrumb","itemListElement":[{"@type":"ListItem","position":1,"name":"Portada","item":"https:\/\/pronautic.bitfire.com.mx\/"},{"@type":"ListItem","position":2,"name":"Tienda","item":"https:\/\/pronautic.bitfire.com.mx\/?page_id=10638"},{"@type":"ListItem","position":3,"name":"T\u00edtulo PER motor + vela + Baleares (48 horas) en Barcelona","item":"https:\/\/pronautic.bitfire.com.mx\/?product=titulo-per-motor-vela-baleares-48-horas-en-barcelona"}]},{"@type":"WebSite","@id":"https:\/\/pronautic.bitfire.com.mx\/#website","url":"https:\/\/pronautic.bitfire.com.mx\/","name":"Pronautic","description":"Escuela n\u00e1utica en Barcelona | Fromaci\u00f3n marina","potentialAction":[{"@type":"SearchAction","target":{"@type":"EntryPoint","urlTemplate":"https:\/\/pronautic.bitfire.com.mx\/?s={search_term_string}"},"query-input":{"@type":"PropertyValueSpecification","valueRequired":true,"valueName":"search_term_string"}}],"inLanguage":"es"}]}},"_links":{"self":[{"href":"https:\/\/pronautic.bitfire.com.mx\/index.php?rest_route=\/wp\/v2\/product\/915","targetHints":{"allow":["GET"]}}],"collection":[{"href":"https:\/\/pronautic.bitfire.com.mx\/index.php?rest_route=\/wp\/v2\/product"}],"about":[{"href":"https:\/\/pronautic.bitfire.com.mx\/index.php?rest_route=\/wp\/v2\/types\/product"}],"replies":[{"embeddable":true,"href":"https:\/\/pronautic.bitfire.com.mx\/index.php?rest_route=%2Fwp%2Fv2%2Fcomments&post=915"}],"wp:featuredmedia":[{"embeddable":true,"href":"https:\/\/pronautic.bitfire.com.mx\/index.php?rest_route=\/wp\/v2\/media\/927"}],"wp:attachment":[{"href":"https:\/\/pronautic.bitfire.com.mx\/index.php?rest_route=%2Fwp%2Fv2%2Fmedia&parent=915"}],"wp:term":[{"taxonomy":"product_brand","embeddable":true,"href":"https:\/\/pronautic.bitfire.com.mx\/index.php?rest_route=%2Fwp%2Fv2%2Fproduct_brand&post=915"},{"taxonomy":"product_cat","embeddable":true,"href":"https:\/\/pronautic.bitfire.com.mx\/index.php?rest_route=%2Fwp%2Fv2%2Fproduct_cat&post=915"},{"taxonomy":"product_tag","embeddable":true,"href":"https:\/\/pronautic.bitfire.com.mx\/index.php?rest_route=%2Fwp%2Fv2%2Fproduct_tag&post=915"}],"curies":[{"name":"wp","href":"https:\/\/api.w.org\/{rel}","templated":true}]}}