{"id":912,"date":"2025-05-08T10:34:55","date_gmt":"2025-05-08T10:34:55","guid":{"rendered":"https:\/\/pronautic.olalondev.com\/?post_type=product&#038;p=912"},"modified":"2026-01-08T09:58:33","modified_gmt":"2026-01-08T09:58:33","slug":"titulo-per-motor-vela-carnet-jove-barcelona","status":"publish","type":"product","link":"https:\/\/pronautic.bitfire.com.mx\/?product=titulo-per-motor-vela-carnet-jove-barcelona","title":{"rendered":"T\u00edtulo PER motor + vela Carnet Jove Barcelona"},"content":{"rendered":"<div class=\"row descripcio-curs\">\n<div class=\"col-md-12\">\n<p><strong>Todas las modalidades<\/strong> de nuestro T\u00edtulo PER motor + vela Carnet Jove Barcelona <strong>incluyen<\/strong>:<\/p>\n<ul>\n<li>Acceso inmediato a la\u00a0<strong>Plataforma Pronautic<\/strong><\/li>\n<li>Acceso inmediato al\u00a0<strong>Aula Virtual<\/strong>: Manuales te\u00f3ricos online, tests de autoevaluaci\u00f3n y ex\u00e1menes oficiales<\/li>\n<li><strong>Tutor\u00edas online ilimitadas<\/strong><\/li>\n<li><strong>Teor\u00eda online, presencial o en streaming entre semana o fin de semana<\/strong><\/li>\n<li>2 horas de\u00a0<strong>pr\u00e1cticas en simulador de maniobra<\/strong><\/li>\n<li>16 horas de\u00a0<strong>pr\u00e1cticas de seguridad y navegaci\u00f3n<\/strong><\/li>\n<li>16 horas de pr\u00e1cticas de navegaci\u00f3n a vela<\/li>\n<li>4 horas de\u00a0<strong>teor\u00eda de radiocomunicaciones (ROCA) presencial o en streaming<\/strong><\/li>\n<li>8 horas de\u00a0<strong>pr\u00e1cticas de radiocomunicaciones (ROCA)<\/strong><\/li>\n<li>Seguro, IVA 21%<\/li>\n<\/ul>\n<\/div>\n<\/div>\n","protected":false},"excerpt":{"rendered":"<h3 data-start=\"221\" data-end=\"310\"><strong>T\u00edtulo PER Motor + Vela Carnet Jove en Barcelona<\/strong><\/h3>\n<h5><strong>DESDE 418,95\u20ac<\/strong><\/h5>\n<p data-start=\"312\" data-end=\"904\">En <a href=\"https:\/\/pronautic.bitfire.com.mx\"><strong data-start=\"315\" data-end=\"328\">nuestra escuela n\u00e1utica en Barcelona<\/strong><\/a>\u00a0te ofrecemos el <strong data-start=\"345\" data-end=\"439\">T\u00edtulo PER Motor + Vela con Carnet Jove en Barcelona<\/strong>, la opci\u00f3n m\u00e1s completa y econ\u00f3mica para los j\u00f3venes que quieran obtener su titulaci\u00f3n n\u00e1utica oficial. Puedes elegir la modalidad que mejor se adapte a tu estilo de vida: <strong data-start=\"612\" data-end=\"667\">clases presenciales en el Port Ol\u00edmpic de Barcelona<\/strong>, <strong data-start=\"669\" data-end=\"700\">formaci\u00f3n online a tu ritmo<\/strong> o <strong data-start=\"703\" data-end=\"739\">sesiones en streaming en directo<\/strong> con profesor. Gracias al descuento exclusivo del <strong data-start=\"789\" data-end=\"804\">Carnet Jove<\/strong>, podr\u00e1s conseguir tu <strong data-start=\"826\" data-end=\"853\">t\u00edtulo PER Motor + Vela<\/strong> con todas las atribuciones a un precio reducido. \u00bfA qu\u00e9 esperas?<\/p>\n<p data-start=\"906\" data-end=\"1572\">El <strong data-start=\"909\" data-end=\"942\">t\u00edtulo PER Motor en Barcelona<\/strong> te habilita para gobernar embarcaciones de recreo de hasta <strong data-start=\"1002\" data-end=\"1025\">15 metros de eslora<\/strong> (ampliables a 24 metros con pr\u00e1cticas adicionales), navegar hasta <strong data-start=\"1092\" data-end=\"1117\">12 millas de la costa<\/strong> y manejar <strong data-start=\"1128\" data-end=\"1168\">motos de agua sin l\u00edmite de potencia<\/strong>. Al a\u00f1adir las <strong data-start=\"1184\" data-end=\"1205\">pr\u00e1cticas de vela<\/strong>, ampliar\u00e1s tus atribuciones para poder gobernar <strong data-start=\"1254\" data-end=\"1285\">veleros de cualquier eslora<\/strong>, lo que convierte al <strong data-start=\"1307\" data-end=\"1339\">PER Motor + Vela Carnet Jove<\/strong> en la titulaci\u00f3n ideal para quienes buscan la experiencia n\u00e1utica m\u00e1s completa, combinando motor y vela. Adem\u00e1s, tendr\u00e1s la posibilidad de realizar traves\u00edas entre la <strong data-start=\"1507\" data-end=\"1541\">pen\u00ednsula y las Islas Baleares<\/strong>, tanto de d\u00eda como de noche.<\/p>\n<p data-start=\"1574\" data-end=\"1974\">En <strong data-start=\"1577\" data-end=\"1590\">Pronautic<\/strong> te garantizamos un aprendizaje claro, pr\u00e1ctico y adaptado a la normativa vigente. Contamos con <strong data-start=\"1686\" data-end=\"1743\">embarcaciones propias en el <a href=\"https:\/\/portolimpic.barcelona\/es\">Port Ol\u00edmpic de Barcelona<\/a><\/strong> y un equipo de instructores expertos que te acompa\u00f1ar\u00e1n durante todo el proceso. Todas las pr\u00e1cticas son oficiales y se realizan en barcos reales, para que aprendas desde la experiencia y disfrutes navegando desde el primer d\u00eda.<\/p>\n<p data-start=\"1976\" data-end=\"2234\">Descubre todos nuestros de <a href=\"https:\/\/pronautic.bitfire.com.mx\/categoria-producto\/cursos-nauticos-de-recreo-en-barcelona\/\">n\u00e1utica recreativa en Barcelona<\/a> y descubre todas las modalidades el <a href=\"https:\/\/pronautic.bitfire.com.mx\/categoria-producto\/cursos-nauticos-de-recreo-en-barcelona\/patron-de-embarcaciones-de-recreo-per-en-barcelona\/\">T\u00edtulo PER en Barcelona<\/a> con Pronautic.<\/p>\n<p>&nbsp;<\/p>\n","protected":false},"featured_media":906,"comment_status":"open","ping_status":"closed","template":"","meta":{"_acf_changed":false,"_et_pb_use_builder":"","_et_pb_old_content":"","_et_gb_content_width":"","_joinchat":[]},"product_brand":[],"product_cat":[26,21],"product_tag":[],"class_list":{"0":"post-912","1":"product","2":"type-product","3":"status-publish","4":"has-post-thumbnail","6":"product_cat-cursos-nauticos-de-recreo-en-barcelona","7":"product_cat-titulo-per-barcelona","8":"bookacti-activity","10":"first","11":"instock","12":"shipping-taxable","13":"purchasable","14":"product-type-variable"},"acf":[],"yoast_head":"<!-- This site is optimized with the Yoast SEO plugin v26.5 - https:\/\/yoast.com\/wordpress\/plugins\/seo\/ -->\n<title>T\u00edtulo PER motor + vela Carnet Jove Barcelona - Pronautic<\/title>\n<meta name=\"description\" content=\"Consigue tu T\u00edtulo PER Motor + Vela en Barcelona con descuento Carnet Jove. Modalidad presencial, online o streaming desde el Port Ol\u00edmpic.\" \/>\n<meta name=\"robots\" content=\"noindex, follow, max-snippet:-1, max-image-preview:large, max-video-preview:-1\" \/>\n<meta property=\"og:locale\" content=\"es_ES\" \/>\n<meta property=\"og:type\" content=\"article\" \/>\n<meta property=\"og:title\" content=\"T\u00edtulo PER motor + vela Carnet Jove Barcelona - Pronautic\" \/>\n<meta property=\"og:description\" content=\"Consigue tu T\u00edtulo PER Motor + Vela en Barcelona con descuento Carnet Jove. Modalidad presencial, online o streaming desde el Port Ol\u00edmpic.\" \/>\n<meta property=\"og:url\" content=\"https:\/\/pronautic.bitfire.com.mx\/?product=titulo-per-motor-vela-carnet-jove-barcelona\" \/>\n<meta property=\"og:site_name\" content=\"Pronautic\" \/>\n<meta property=\"article:modified_time\" content=\"2026-01-08T09:58:33+00:00\" \/>\n<meta property=\"og:image\" content=\"https:\/\/pronautic.bitfire.com.mx\/wp-content\/uploads\/2025\/05\/PER-VELA-carnet-jove_resultado.webp\" \/>\n\t<meta property=\"og:image:width\" content=\"972\" \/>\n\t<meta property=\"og:image:height\" content=\"648\" \/>\n\t<meta property=\"og:image:type\" content=\"image\/webp\" \/>\n<meta name=\"twitter:card\" content=\"summary_large_image\" \/>\n<meta name=\"twitter:label1\" content=\"Tiempo de lectura\" \/>\n\t<meta name=\"twitter:data1\" content=\"1 minuto\" \/>\n<script type=\"application\/ld+json\" class=\"yoast-schema-graph\">{\"@context\":\"https:\/\/schema.org\",\"@graph\":[{\"@type\":\"WebPage\",\"@id\":\"https:\/\/pronautic.bitfire.com.mx\/?product=titulo-per-motor-vela-carnet-jove-barcelona\",\"url\":\"https:\/\/pronautic.bitfire.com.mx\/?product=titulo-per-motor-vela-carnet-jove-barcelona\",\"name\":\"T\u00edtulo PER motor + vela Carnet Jove Barcelona - Pronautic\",\"isPartOf\":{\"@id\":\"https:\/\/pronautic.bitfire.com.mx\/#website\"},\"primaryImageOfPage\":{\"@id\":\"https:\/\/pronautic.bitfire.com.mx\/?product=titulo-per-motor-vela-carnet-jove-barcelona#primaryimage\"},\"image\":{\"@id\":\"https:\/\/pronautic.bitfire.com.mx\/?product=titulo-per-motor-vela-carnet-jove-barcelona#primaryimage\"},\"thumbnailUrl\":\"https:\/\/pronautic.bitfire.com.mx\/wp-content\/uploads\/2025\/05\/PER-VELA-carnet-jove_resultado.webp\",\"datePublished\":\"2025-05-08T10:34:55+00:00\",\"dateModified\":\"2026-01-08T09:58:33+00:00\",\"description\":\"Consigue tu T\u00edtulo PER Motor + Vela en Barcelona con descuento Carnet Jove. Modalidad presencial, online o streaming desde el Port Ol\u00edmpic.\",\"breadcrumb\":{\"@id\":\"https:\/\/pronautic.bitfire.com.mx\/?product=titulo-per-motor-vela-carnet-jove-barcelona#breadcrumb\"},\"inLanguage\":\"es\",\"potentialAction\":[{\"@type\":\"ReadAction\",\"target\":[\"https:\/\/pronautic.bitfire.com.mx\/?product=titulo-per-motor-vela-carnet-jove-barcelona\"]}]},{\"@type\":\"ImageObject\",\"inLanguage\":\"es\",\"@id\":\"https:\/\/pronautic.bitfire.com.mx\/?product=titulo-per-motor-vela-carnet-jove-barcelona#primaryimage\",\"url\":\"https:\/\/pronautic.bitfire.com.mx\/wp-content\/uploads\/2025\/05\/PER-VELA-carnet-jove_resultado.webp\",\"contentUrl\":\"https:\/\/pronautic.bitfire.com.mx\/wp-content\/uploads\/2025\/05\/PER-VELA-carnet-jove_resultado.webp\",\"width\":972,\"height\":648,\"caption\":\"per motor vela baleares 48 horas carnet jove\"},{\"@type\":\"BreadcrumbList\",\"@id\":\"https:\/\/pronautic.bitfire.com.mx\/?product=titulo-per-motor-vela-carnet-jove-barcelona#breadcrumb\",\"itemListElement\":[{\"@type\":\"ListItem\",\"position\":1,\"name\":\"Portada\",\"item\":\"https:\/\/pronautic.bitfire.com.mx\/\"},{\"@type\":\"ListItem\",\"position\":2,\"name\":\"Tienda\",\"item\":\"https:\/\/pronautic.bitfire.com.mx\/?page_id=10638\"},{\"@type\":\"ListItem\",\"position\":3,\"name\":\"T\u00edtulo PER motor + vela Carnet Jove Barcelona\",\"item\":\"https:\/\/pronautic.bitfire.com.mx\/?product=titulo-per-motor-vela-carnet-jove-barcelona\"}]},{\"@type\":\"WebSite\",\"@id\":\"https:\/\/pronautic.bitfire.com.mx\/#website\",\"url\":\"https:\/\/pronautic.bitfire.com.mx\/\",\"name\":\"Pronautic\",\"description\":\"Escuela n\u00e1utica en Barcelona | Fromaci\u00f3n marina\",\"potentialAction\":[{\"@type\":\"SearchAction\",\"target\":{\"@type\":\"EntryPoint\",\"urlTemplate\":\"https:\/\/pronautic.bitfire.com.mx\/?s={search_term_string}\"},\"query-input\":{\"@type\":\"PropertyValueSpecification\",\"valueRequired\":true,\"valueName\":\"search_term_string\"}}],\"inLanguage\":\"es\"}]}<\/script>\n<!-- \/ Yoast SEO plugin. -->","yoast_head_json":{"title":"T\u00edtulo PER motor + vela Carnet Jove Barcelona - Pronautic","description":"Consigue tu T\u00edtulo PER Motor + Vela en Barcelona con descuento Carnet Jove. Modalidad presencial, online o streaming desde el Port Ol\u00edmpic.","robots":{"index":"noindex","follow":"follow","max-snippet":"max-snippet:-1","max-image-preview":"max-image-preview:large","max-video-preview":"max-video-preview:-1"},"og_locale":"es_ES","og_type":"article","og_title":"T\u00edtulo PER motor + vela Carnet Jove Barcelona - Pronautic","og_description":"Consigue tu T\u00edtulo PER Motor + Vela en Barcelona con descuento Carnet Jove. Modalidad presencial, online o streaming desde el Port Ol\u00edmpic.","og_url":"https:\/\/pronautic.bitfire.com.mx\/?product=titulo-per-motor-vela-carnet-jove-barcelona","og_site_name":"Pronautic","article_modified_time":"2026-01-08T09:58:33+00:00","og_image":[{"width":972,"height":648,"url":"https:\/\/pronautic.bitfire.com.mx\/wp-content\/uploads\/2025\/05\/PER-VELA-carnet-jove_resultado.webp","type":"image\/webp"}],"twitter_card":"summary_large_image","twitter_misc":{"Tiempo de lectura":"1 minuto"},"schema":{"@context":"https:\/\/schema.org","@graph":[{"@type":"WebPage","@id":"https:\/\/pronautic.bitfire.com.mx\/?product=titulo-per-motor-vela-carnet-jove-barcelona","url":"https:\/\/pronautic.bitfire.com.mx\/?product=titulo-per-motor-vela-carnet-jove-barcelona","name":"T\u00edtulo PER motor + vela Carnet Jove Barcelona - Pronautic","isPartOf":{"@id":"https:\/\/pronautic.bitfire.com.mx\/#website"},"primaryImageOfPage":{"@id":"https:\/\/pronautic.bitfire.com.mx\/?product=titulo-per-motor-vela-carnet-jove-barcelona#primaryimage"},"image":{"@id":"https:\/\/pronautic.bitfire.com.mx\/?product=titulo-per-motor-vela-carnet-jove-barcelona#primaryimage"},"thumbnailUrl":"https:\/\/pronautic.bitfire.com.mx\/wp-content\/uploads\/2025\/05\/PER-VELA-carnet-jove_resultado.webp","datePublished":"2025-05-08T10:34:55+00:00","dateModified":"2026-01-08T09:58:33+00:00","description":"Consigue tu T\u00edtulo PER Motor + Vela en Barcelona con descuento Carnet Jove. Modalidad presencial, online o streaming desde el Port Ol\u00edmpic.","breadcrumb":{"@id":"https:\/\/pronautic.bitfire.com.mx\/?product=titulo-per-motor-vela-carnet-jove-barcelona#breadcrumb"},"inLanguage":"es","potentialAction":[{"@type":"ReadAction","target":["https:\/\/pronautic.bitfire.com.mx\/?product=titulo-per-motor-vela-carnet-jove-barcelona"]}]},{"@type":"ImageObject","inLanguage":"es","@id":"https:\/\/pronautic.bitfire.com.mx\/?product=titulo-per-motor-vela-carnet-jove-barcelona#primaryimage","url":"https:\/\/pronautic.bitfire.com.mx\/wp-content\/uploads\/2025\/05\/PER-VELA-carnet-jove_resultado.webp","contentUrl":"https:\/\/pronautic.bitfire.com.mx\/wp-content\/uploads\/2025\/05\/PER-VELA-carnet-jove_resultado.webp","width":972,"height":648,"caption":"per motor vela baleares 48 horas carnet jove"},{"@type":"BreadcrumbList","@id":"https:\/\/pronautic.bitfire.com.mx\/?product=titulo-per-motor-vela-carnet-jove-barcelona#breadcrumb","itemListElement":[{"@type":"ListItem","position":1,"name":"Portada","item":"https:\/\/pronautic.bitfire.com.mx\/"},{"@type":"ListItem","position":2,"name":"Tienda","item":"https:\/\/pronautic.bitfire.com.mx\/?page_id=10638"},{"@type":"ListItem","position":3,"name":"T\u00edtulo PER motor + vela Carnet Jove Barcelona","item":"https:\/\/pronautic.bitfire.com.mx\/?product=titulo-per-motor-vela-carnet-jove-barcelona"}]},{"@type":"WebSite","@id":"https:\/\/pronautic.bitfire.com.mx\/#website","url":"https:\/\/pronautic.bitfire.com.mx\/","name":"Pronautic","description":"Escuela n\u00e1utica en Barcelona | Fromaci\u00f3n marina","potentialAction":[{"@type":"SearchAction","target":{"@type":"EntryPoint","urlTemplate":"https:\/\/pronautic.bitfire.com.mx\/?s={search_term_string}"},"query-input":{"@type":"PropertyValueSpecification","valueRequired":true,"valueName":"search_term_string"}}],"inLanguage":"es"}]}},"_links":{"self":[{"href":"https:\/\/pronautic.bitfire.com.mx\/index.php?rest_route=\/wp\/v2\/product\/912","targetHints":{"allow":["GET"]}}],"collection":[{"href":"https:\/\/pronautic.bitfire.com.mx\/index.php?rest_route=\/wp\/v2\/product"}],"about":[{"href":"https:\/\/pronautic.bitfire.com.mx\/index.php?rest_route=\/wp\/v2\/types\/product"}],"replies":[{"embeddable":true,"href":"https:\/\/pronautic.bitfire.com.mx\/index.php?rest_route=%2Fwp%2Fv2%2Fcomments&post=912"}],"wp:featuredmedia":[{"embeddable":true,"href":"https:\/\/pronautic.bitfire.com.mx\/index.php?rest_route=\/wp\/v2\/media\/906"}],"wp:attachment":[{"href":"https:\/\/pronautic.bitfire.com.mx\/index.php?rest_route=%2Fwp%2Fv2%2Fmedia&parent=912"}],"wp:term":[{"taxonomy":"product_brand","embeddable":true,"href":"https:\/\/pronautic.bitfire.com.mx\/index.php?rest_route=%2Fwp%2Fv2%2Fproduct_brand&post=912"},{"taxonomy":"product_cat","embeddable":true,"href":"https:\/\/pronautic.bitfire.com.mx\/index.php?rest_route=%2Fwp%2Fv2%2Fproduct_cat&post=912"},{"taxonomy":"product_tag","embeddable":true,"href":"https:\/\/pronautic.bitfire.com.mx\/index.php?rest_route=%2Fwp%2Fv2%2Fproduct_tag&post=912"}],"curies":[{"name":"wp","href":"https:\/\/api.w.org\/{rel}","templated":true}]}}