{"id":893,"date":"2025-05-08T09:13:13","date_gmt":"2025-05-08T09:13:13","guid":{"rendered":"https:\/\/pronautic.olalondev.com\/?post_type=product&#038;p=893"},"modified":"2026-01-08T09:59:19","modified_gmt":"2026-01-08T09:59:19","slug":"titulo-per-motor-vela-en-barcelona","status":"publish","type":"product","link":"https:\/\/pronautic.bitfire.com.mx\/?product=titulo-per-motor-vela-en-barcelona","title":{"rendered":"T\u00edtulo PER motor + vela en Barcelona"},"content":{"rendered":"<div class=\"row descripcio-curs\">\n<div class=\"col-md-12\">\n<p><strong>Todas las modalidades<\/strong>\u00a0de nuestro curso PER\u00a0<strong>incluyen<\/strong>:<\/p>\n<ul>\n<li>Acceso inmediato a la\u00a0<strong>Plataforma Pronautic<\/strong><\/li>\n<li>Acceso inmediato al\u00a0<strong>Aula Virtual<\/strong>: Manuales te\u00f3ricos online, tests de autoevaluaci\u00f3n y ex\u00e1menes oficiales<\/li>\n<li><strong>Tutor\u00edas online ilimitadas<\/strong><\/li>\n<li><strong>Teor\u00eda online, presencial o en streaming entre semana o fin de semana<\/strong><\/li>\n<li>2 horas de\u00a0<strong>pr\u00e1cticas en simulador de maniobra<\/strong><\/li>\n<li>16 horas de\u00a0<strong>pr\u00e1cticas de seguridad y navegaci\u00f3n<\/strong><\/li>\n<li>16 horas de pr\u00e1cticas de navegaci\u00f3n a vela<\/li>\n<li>4 horas de\u00a0<strong>teor\u00eda de radiocomunicaciones (ROCA) presencial o en streaming<\/strong><\/li>\n<li>8 horas de\u00a0<strong>pr\u00e1cticas de radiocomunicaciones (ROCA)<\/strong><\/li>\n<li>Seguro, IVA 21%<\/li>\n<\/ul>\n<\/div>\n<\/div>\n","protected":false},"excerpt":{"rendered":"<h3><strong>T\u00edtulo PER Motor + Vela en Barcelona<\/strong><\/h3>\n<h5><strong>DESDE 650 \u20ac<\/strong><\/h5>\n<p data-start=\"311\" data-end=\"833\">En <a href=\"https:\/\/pronautic.bitfire.com.mx\/\"><strong data-start=\"314\" data-end=\"327\">Pronautic<\/strong><\/a> te ofrecemos el <strong data-start=\"344\" data-end=\"422\"><a href=\"https:\/\/pronautic.bitfire.com.mx\/categoria-producto\/cursos-nauticos-de-recreo-en-barcelona\/patron-de-embarcaciones-de-recreo-per-en-barcelona\/\">Curso de Patr\u00f3n de Embarcaciones de Recreo (PER)<\/a> Motor + Vela en Barcelona<\/strong>, con el que podr\u00e1s ampliar tus atribuciones y disfrutar del mar con total libertad. Disponemos de varias modalidades para adaptarnos a ti: <strong data-start=\"562\" data-end=\"617\">clases presenciales en el Port Ol\u00edmpic de Barcelona<\/strong>, <strong data-start=\"619\" data-end=\"650\">formaci\u00f3n online a tu ritmo<\/strong> o <strong data-start=\"653\" data-end=\"689\">sesiones en streaming en directo<\/strong> con profesor. De esta forma, podr\u00e1s obtener tu <strong data-start=\"737\" data-end=\"764\">t\u00edtulo PER Motor + Vela<\/strong> de manera flexible, c\u00f3moda y con una formaci\u00f3n oficial homologada.<\/p>\n<p data-start=\"835\" data-end=\"1460\">El <strong data-start=\"838\" data-end=\"871\">t\u00edtulo PER Motor en Barcelona<\/strong> te habilita para gobernar embarcaciones de recreo de hasta <strong data-start=\"931\" data-end=\"954\">15 metros de eslora<\/strong> (ampliables a 24 m con pr\u00e1cticas adicionales), navegar hasta <strong data-start=\"1016\" data-end=\"1041\">12 millas de la costa<\/strong> y manejar <strong data-start=\"1052\" data-end=\"1092\">motos de agua sin l\u00edmite de potencia<\/strong>. Al a\u00f1adir las <strong data-start=\"1108\" data-end=\"1129\">pr\u00e1cticas de vela<\/strong>, conseguir\u00e1s tambi\u00e9n la capacidad de gobernar <strong data-start=\"1176\" data-end=\"1208\">veleros sin l\u00edmite de eslora<\/strong>, lo que convierte este curso en la opci\u00f3n m\u00e1s completa para los amantes de la n\u00e1utica. Con el <strong data-start=\"1303\" data-end=\"1323\">PER Motor + Vela<\/strong> tendr\u00e1s la posibilidad de realizar traves\u00edas entre la <strong data-start=\"1378\" data-end=\"1412\">pen\u00ednsula y las Islas Baleares<\/strong> con motor o vela, tanto de d\u00eda como de noche.<\/p>\n<p data-start=\"1462\" data-end=\"1797\">En <a href=\"https:\/\/pronautic.bitfire.com.mx\"><strong data-start=\"1465\" data-end=\"1478\">Pronautic<\/strong><\/a> nos diferenciamos por combinar una ense\u00f1anza te\u00f3rica clara y cercana con pr\u00e1cticas oficiales en <strong data-start=\"1575\" data-end=\"1634\">embarcaciones reales desde el Port Ol\u00edmpic de Barcelona<\/strong>. Nuestro equipo de instructores cuenta con una amplia experiencia y te guiar\u00e1 en cada paso, asegurando una preparaci\u00f3n eficaz y adaptada a la normativa vigente.<\/p>\n<p data-start=\"1799\" data-end=\"2106\">Consulta todos nuestros <strong data-start=\"1826\" data-end=\"1872\"><a class=\"decorated-link cursor-pointer\" rel=\"noopener\" data-start=\"1828\" data-end=\"1870\">cursos de n\u00e1utica en Barcelona<\/a><\/strong> o inf\u00f3rmate de todas las modalidades de T\u00edtulo PER en Barcelona y da el primer paso para convertirte en patr\u00f3n con todas las atribuciones. En nuestra <a href=\"https:\/\/pronautic.bitfire.com.mx\/\">escuela n\u00e1utica en Barcelona<\/a>\u00a0aprender\u00e1s desde la experiencia real y con total confianza.<\/p>\n<p>&nbsp;<\/p>\n","protected":false},"featured_media":911,"comment_status":"open","ping_status":"closed","template":"","meta":{"_acf_changed":false,"_et_pb_use_builder":"","_et_pb_old_content":"","_et_gb_content_width":"","_joinchat":[]},"product_brand":[],"product_cat":[26,21],"product_tag":[],"class_list":{"0":"post-893","1":"product","2":"type-product","3":"status-publish","4":"has-post-thumbnail","6":"product_cat-cursos-nauticos-de-recreo-en-barcelona","7":"product_cat-titulo-per-barcelona","8":"bookacti-activity","10":"first","11":"instock","12":"shipping-taxable","13":"purchasable","14":"product-type-variable"},"acf":[],"yoast_head":"<!-- This site is optimized with the Yoast SEO plugin v26.5 - https:\/\/yoast.com\/wordpress\/plugins\/seo\/ -->\n<title>T\u00edtulo PER motor + vela en Barcelona - Pronautic<\/title>\n<meta name=\"description\" content=\"Consigue tu t\u00edtulo PER motor + vela en Barcelona: teor\u00eda flexible, pr\u00e1cticas completas y formaci\u00f3n oficial para navegar a motor y vela.\" \/>\n<meta name=\"robots\" content=\"noindex, follow, max-snippet:-1, max-image-preview:large, max-video-preview:-1\" \/>\n<meta property=\"og:locale\" content=\"es_ES\" \/>\n<meta property=\"og:type\" content=\"article\" \/>\n<meta property=\"og:title\" content=\"T\u00edtulo PER motor + vela en Barcelona - Pronautic\" \/>\n<meta property=\"og:description\" content=\"Consigue tu t\u00edtulo PER motor + vela en Barcelona: teor\u00eda flexible, pr\u00e1cticas completas y formaci\u00f3n oficial para navegar a motor y vela.\" \/>\n<meta property=\"og:url\" content=\"https:\/\/pronautic.bitfire.com.mx\/?product=titulo-per-motor-vela-en-barcelona\" \/>\n<meta property=\"og:site_name\" content=\"Pronautic\" \/>\n<meta property=\"article:modified_time\" content=\"2026-01-08T09:59:19+00:00\" \/>\n<meta property=\"og:image\" content=\"https:\/\/pronautic.bitfire.com.mx\/wp-content\/uploads\/2025\/05\/PERvela4_resultado.webp\" \/>\n\t<meta property=\"og:image:width\" content=\"972\" \/>\n\t<meta property=\"og:image:height\" content=\"648\" \/>\n\t<meta property=\"og:image:type\" content=\"image\/webp\" \/>\n<meta name=\"twitter:card\" content=\"summary_large_image\" \/>\n<meta name=\"twitter:label1\" content=\"Tiempo de lectura\" \/>\n\t<meta name=\"twitter:data1\" content=\"1 minuto\" \/>\n<script type=\"application\/ld+json\" class=\"yoast-schema-graph\">{\"@context\":\"https:\/\/schema.org\",\"@graph\":[{\"@type\":\"WebPage\",\"@id\":\"https:\/\/pronautic.bitfire.com.mx\/?product=titulo-per-motor-vela-en-barcelona\",\"url\":\"https:\/\/pronautic.bitfire.com.mx\/?product=titulo-per-motor-vela-en-barcelona\",\"name\":\"T\u00edtulo PER motor + vela en Barcelona - Pronautic\",\"isPartOf\":{\"@id\":\"https:\/\/pronautic.bitfire.com.mx\/#website\"},\"primaryImageOfPage\":{\"@id\":\"https:\/\/pronautic.bitfire.com.mx\/?product=titulo-per-motor-vela-en-barcelona#primaryimage\"},\"image\":{\"@id\":\"https:\/\/pronautic.bitfire.com.mx\/?product=titulo-per-motor-vela-en-barcelona#primaryimage\"},\"thumbnailUrl\":\"https:\/\/pronautic.bitfire.com.mx\/wp-content\/uploads\/2025\/05\/PERvela4_resultado.webp\",\"datePublished\":\"2025-05-08T09:13:13+00:00\",\"dateModified\":\"2026-01-08T09:59:19+00:00\",\"description\":\"Consigue tu t\u00edtulo PER motor + vela en Barcelona: teor\u00eda flexible, pr\u00e1cticas completas y formaci\u00f3n oficial para navegar a motor y vela.\",\"breadcrumb\":{\"@id\":\"https:\/\/pronautic.bitfire.com.mx\/?product=titulo-per-motor-vela-en-barcelona#breadcrumb\"},\"inLanguage\":\"es\",\"potentialAction\":[{\"@type\":\"ReadAction\",\"target\":[\"https:\/\/pronautic.bitfire.com.mx\/?product=titulo-per-motor-vela-en-barcelona\"]}]},{\"@type\":\"ImageObject\",\"inLanguage\":\"es\",\"@id\":\"https:\/\/pronautic.bitfire.com.mx\/?product=titulo-per-motor-vela-en-barcelona#primaryimage\",\"url\":\"https:\/\/pronautic.bitfire.com.mx\/wp-content\/uploads\/2025\/05\/PERvela4_resultado.webp\",\"contentUrl\":\"https:\/\/pronautic.bitfire.com.mx\/wp-content\/uploads\/2025\/05\/PERvela4_resultado.webp\",\"width\":972,\"height\":648,\"caption\":\"per motor vela\"},{\"@type\":\"BreadcrumbList\",\"@id\":\"https:\/\/pronautic.bitfire.com.mx\/?product=titulo-per-motor-vela-en-barcelona#breadcrumb\",\"itemListElement\":[{\"@type\":\"ListItem\",\"position\":1,\"name\":\"Portada\",\"item\":\"https:\/\/pronautic.bitfire.com.mx\/\"},{\"@type\":\"ListItem\",\"position\":2,\"name\":\"Tienda\",\"item\":\"https:\/\/pronautic.bitfire.com.mx\/?page_id=10638\"},{\"@type\":\"ListItem\",\"position\":3,\"name\":\"T\u00edtulo PER motor + vela en Barcelona\",\"item\":\"https:\/\/pronautic.bitfire.com.mx\/?product=titulo-per-motor-vela-en-barcelona\"}]},{\"@type\":\"WebSite\",\"@id\":\"https:\/\/pronautic.bitfire.com.mx\/#website\",\"url\":\"https:\/\/pronautic.bitfire.com.mx\/\",\"name\":\"Pronautic\",\"description\":\"Escuela n\u00e1utica en Barcelona | Fromaci\u00f3n marina\",\"potentialAction\":[{\"@type\":\"SearchAction\",\"target\":{\"@type\":\"EntryPoint\",\"urlTemplate\":\"https:\/\/pronautic.bitfire.com.mx\/?s={search_term_string}\"},\"query-input\":{\"@type\":\"PropertyValueSpecification\",\"valueRequired\":true,\"valueName\":\"search_term_string\"}}],\"inLanguage\":\"es\"}]}<\/script>\n<!-- \/ Yoast SEO plugin. -->","yoast_head_json":{"title":"T\u00edtulo PER motor + vela en Barcelona - Pronautic","description":"Consigue tu t\u00edtulo PER motor + vela en Barcelona: teor\u00eda flexible, pr\u00e1cticas completas y formaci\u00f3n oficial para navegar a motor y vela.","robots":{"index":"noindex","follow":"follow","max-snippet":"max-snippet:-1","max-image-preview":"max-image-preview:large","max-video-preview":"max-video-preview:-1"},"og_locale":"es_ES","og_type":"article","og_title":"T\u00edtulo PER motor + vela en Barcelona - Pronautic","og_description":"Consigue tu t\u00edtulo PER motor + vela en Barcelona: teor\u00eda flexible, pr\u00e1cticas completas y formaci\u00f3n oficial para navegar a motor y vela.","og_url":"https:\/\/pronautic.bitfire.com.mx\/?product=titulo-per-motor-vela-en-barcelona","og_site_name":"Pronautic","article_modified_time":"2026-01-08T09:59:19+00:00","og_image":[{"width":972,"height":648,"url":"https:\/\/pronautic.bitfire.com.mx\/wp-content\/uploads\/2025\/05\/PERvela4_resultado.webp","type":"image\/webp"}],"twitter_card":"summary_large_image","twitter_misc":{"Tiempo de lectura":"1 minuto"},"schema":{"@context":"https:\/\/schema.org","@graph":[{"@type":"WebPage","@id":"https:\/\/pronautic.bitfire.com.mx\/?product=titulo-per-motor-vela-en-barcelona","url":"https:\/\/pronautic.bitfire.com.mx\/?product=titulo-per-motor-vela-en-barcelona","name":"T\u00edtulo PER motor + vela en Barcelona - Pronautic","isPartOf":{"@id":"https:\/\/pronautic.bitfire.com.mx\/#website"},"primaryImageOfPage":{"@id":"https:\/\/pronautic.bitfire.com.mx\/?product=titulo-per-motor-vela-en-barcelona#primaryimage"},"image":{"@id":"https:\/\/pronautic.bitfire.com.mx\/?product=titulo-per-motor-vela-en-barcelona#primaryimage"},"thumbnailUrl":"https:\/\/pronautic.bitfire.com.mx\/wp-content\/uploads\/2025\/05\/PERvela4_resultado.webp","datePublished":"2025-05-08T09:13:13+00:00","dateModified":"2026-01-08T09:59:19+00:00","description":"Consigue tu t\u00edtulo PER motor + vela en Barcelona: teor\u00eda flexible, pr\u00e1cticas completas y formaci\u00f3n oficial para navegar a motor y vela.","breadcrumb":{"@id":"https:\/\/pronautic.bitfire.com.mx\/?product=titulo-per-motor-vela-en-barcelona#breadcrumb"},"inLanguage":"es","potentialAction":[{"@type":"ReadAction","target":["https:\/\/pronautic.bitfire.com.mx\/?product=titulo-per-motor-vela-en-barcelona"]}]},{"@type":"ImageObject","inLanguage":"es","@id":"https:\/\/pronautic.bitfire.com.mx\/?product=titulo-per-motor-vela-en-barcelona#primaryimage","url":"https:\/\/pronautic.bitfire.com.mx\/wp-content\/uploads\/2025\/05\/PERvela4_resultado.webp","contentUrl":"https:\/\/pronautic.bitfire.com.mx\/wp-content\/uploads\/2025\/05\/PERvela4_resultado.webp","width":972,"height":648,"caption":"per motor vela"},{"@type":"BreadcrumbList","@id":"https:\/\/pronautic.bitfire.com.mx\/?product=titulo-per-motor-vela-en-barcelona#breadcrumb","itemListElement":[{"@type":"ListItem","position":1,"name":"Portada","item":"https:\/\/pronautic.bitfire.com.mx\/"},{"@type":"ListItem","position":2,"name":"Tienda","item":"https:\/\/pronautic.bitfire.com.mx\/?page_id=10638"},{"@type":"ListItem","position":3,"name":"T\u00edtulo PER motor + vela en Barcelona","item":"https:\/\/pronautic.bitfire.com.mx\/?product=titulo-per-motor-vela-en-barcelona"}]},{"@type":"WebSite","@id":"https:\/\/pronautic.bitfire.com.mx\/#website","url":"https:\/\/pronautic.bitfire.com.mx\/","name":"Pronautic","description":"Escuela n\u00e1utica en Barcelona | Fromaci\u00f3n marina","potentialAction":[{"@type":"SearchAction","target":{"@type":"EntryPoint","urlTemplate":"https:\/\/pronautic.bitfire.com.mx\/?s={search_term_string}"},"query-input":{"@type":"PropertyValueSpecification","valueRequired":true,"valueName":"search_term_string"}}],"inLanguage":"es"}]}},"_links":{"self":[{"href":"https:\/\/pronautic.bitfire.com.mx\/index.php?rest_route=\/wp\/v2\/product\/893","targetHints":{"allow":["GET"]}}],"collection":[{"href":"https:\/\/pronautic.bitfire.com.mx\/index.php?rest_route=\/wp\/v2\/product"}],"about":[{"href":"https:\/\/pronautic.bitfire.com.mx\/index.php?rest_route=\/wp\/v2\/types\/product"}],"replies":[{"embeddable":true,"href":"https:\/\/pronautic.bitfire.com.mx\/index.php?rest_route=%2Fwp%2Fv2%2Fcomments&post=893"}],"wp:featuredmedia":[{"embeddable":true,"href":"https:\/\/pronautic.bitfire.com.mx\/index.php?rest_route=\/wp\/v2\/media\/911"}],"wp:attachment":[{"href":"https:\/\/pronautic.bitfire.com.mx\/index.php?rest_route=%2Fwp%2Fv2%2Fmedia&parent=893"}],"wp:term":[{"taxonomy":"product_brand","embeddable":true,"href":"https:\/\/pronautic.bitfire.com.mx\/index.php?rest_route=%2Fwp%2Fv2%2Fproduct_brand&post=893"},{"taxonomy":"product_cat","embeddable":true,"href":"https:\/\/pronautic.bitfire.com.mx\/index.php?rest_route=%2Fwp%2Fv2%2Fproduct_cat&post=893"},{"taxonomy":"product_tag","embeddable":true,"href":"https:\/\/pronautic.bitfire.com.mx\/index.php?rest_route=%2Fwp%2Fv2%2Fproduct_tag&post=893"}],"curies":[{"name":"wp","href":"https:\/\/api.w.org\/{rel}","templated":true}]}}