{"id":1607,"date":"2025-05-15T06:40:31","date_gmt":"2025-05-15T06:40:31","guid":{"rendered":"https:\/\/pronautic.olalondev.com\/?post_type=product&#038;p=1607"},"modified":"2025-06-30T10:35:45","modified_gmt":"2025-06-30T10:35:45","slug":"pack-actualizaciones","status":"publish","type":"product","link":"https:\/\/pronautic.bitfire.com.mx\/?product=pack-actualizaciones","title":{"rendered":"Pack Actualizaciones"},"content":{"rendered":"<p>En 4 d\u00edas consecutivos podr\u00e1s realizar los 4 cursos de Actualizaci\u00f3n! Selecci\u00f3nalos y res\u00e9rvalos uno a uno para hacer la reserva e ir\u00e1n directamente al carrito de compra.<\/p>\n","protected":false},"excerpt":{"rendered":"<p>En 4 d\u00edas consecutivos podr\u00e1s realizar los 4 cursos de Actualizaci\u00f3n! Selecci\u00f3nalos i res\u00e9rvalos uno a uno para hacer la reserva e ir\u00e1n directamente al carrito de compra.<\/p>\n","protected":false},"featured_media":0,"comment_status":"open","ping_status":"closed","template":"","meta":{"_acf_changed":false,"_et_pb_use_builder":"","_et_pb_old_content":"","_et_gb_content_width":"","_joinchat":[]},"product_brand":[],"product_cat":[22,23],"product_tag":[],"class_list":{"0":"post-1607","1":"product","2":"type-product","3":"status-publish","5":"product_cat-cursos-stcw-barcelona","6":"product_cat-packs","8":"first","9":"instock","10":"shipping-taxable","11":"product-type-simple"},"acf":[],"yoast_head":"<!-- This site is optimized with the Yoast SEO plugin v26.5 - https:\/\/yoast.com\/wordpress\/plugins\/seo\/ -->\n<title>Pack Actualizaciones - Pronautic<\/title>\n<meta name=\"description\" content=\"Mant\u00e9n tus titulaciones n\u00e1uticas al d\u00eda y descubre el Pack de Actualizaciones que necesitas en Pronautic, escuela n\u00e1utica de Barcelona.\" \/>\n<meta name=\"robots\" content=\"noindex, follow, max-snippet:-1, max-image-preview:large, max-video-preview:-1\" \/>\n<meta property=\"og:locale\" content=\"es_ES\" \/>\n<meta property=\"og:type\" content=\"article\" \/>\n<meta property=\"og:title\" content=\"Pack Actualizaciones - Pronautic\" \/>\n<meta property=\"og:description\" content=\"Mant\u00e9n tus titulaciones n\u00e1uticas al d\u00eda y descubre el Pack de Actualizaciones que necesitas en Pronautic, escuela n\u00e1utica de Barcelona.\" \/>\n<meta property=\"og:url\" content=\"https:\/\/pronautic.bitfire.com.mx\/?product=pack-actualizaciones\" \/>\n<meta property=\"og:site_name\" content=\"Pronautic\" \/>\n<meta property=\"article:modified_time\" content=\"2025-06-30T10:35:45+00:00\" \/>\n<meta property=\"og:image\" content=\"https:\/\/pronautic.bitfire.com.mx\/wp-content\/uploads\/2025\/05\/IMG_9821_resultat-2.webp\" \/>\n\t<meta property=\"og:image:width\" content=\"540\" \/>\n\t<meta property=\"og:image:height\" content=\"810\" \/>\n\t<meta property=\"og:image:type\" content=\"image\/webp\" \/>\n<meta name=\"twitter:card\" content=\"summary_large_image\" \/>\n<meta name=\"twitter:label1\" content=\"Tiempo de lectura\" \/>\n\t<meta name=\"twitter:data1\" content=\"1 minuto\" \/>\n<script type=\"application\/ld+json\" class=\"yoast-schema-graph\">{\"@context\":\"https:\/\/schema.org\",\"@graph\":[{\"@type\":\"WebPage\",\"@id\":\"https:\/\/pronautic.bitfire.com.mx\/?product=pack-actualizaciones\",\"url\":\"https:\/\/pronautic.bitfire.com.mx\/?product=pack-actualizaciones\",\"name\":\"Pack Actualizaciones - Pronautic\",\"isPartOf\":{\"@id\":\"https:\/\/pronautic.bitfire.com.mx\/#website\"},\"datePublished\":\"2025-05-15T06:40:31+00:00\",\"dateModified\":\"2025-06-30T10:35:45+00:00\",\"description\":\"Mant\u00e9n tus titulaciones n\u00e1uticas al d\u00eda y descubre el Pack de Actualizaciones que necesitas en Pronautic, escuela n\u00e1utica de Barcelona.\",\"breadcrumb\":{\"@id\":\"https:\/\/pronautic.bitfire.com.mx\/?product=pack-actualizaciones#breadcrumb\"},\"inLanguage\":\"es\",\"potentialAction\":[{\"@type\":\"ReadAction\",\"target\":[\"https:\/\/pronautic.bitfire.com.mx\/?product=pack-actualizaciones\"]}]},{\"@type\":\"BreadcrumbList\",\"@id\":\"https:\/\/pronautic.bitfire.com.mx\/?product=pack-actualizaciones#breadcrumb\",\"itemListElement\":[{\"@type\":\"ListItem\",\"position\":1,\"name\":\"Portada\",\"item\":\"https:\/\/pronautic.bitfire.com.mx\/\"},{\"@type\":\"ListItem\",\"position\":2,\"name\":\"Tienda\",\"item\":\"https:\/\/pronautic.bitfire.com.mx\/?page_id=10638\"},{\"@type\":\"ListItem\",\"position\":3,\"name\":\"Pack Actualizaciones\",\"item\":\"https:\/\/pronautic.bitfire.com.mx\/?product=pack-actualizaciones\"}]},{\"@type\":\"WebSite\",\"@id\":\"https:\/\/pronautic.bitfire.com.mx\/#website\",\"url\":\"https:\/\/pronautic.bitfire.com.mx\/\",\"name\":\"Pronautic\",\"description\":\"Escuela n\u00e1utica en Barcelona | Fromaci\u00f3n marina\",\"potentialAction\":[{\"@type\":\"SearchAction\",\"target\":{\"@type\":\"EntryPoint\",\"urlTemplate\":\"https:\/\/pronautic.bitfire.com.mx\/?s={search_term_string}\"},\"query-input\":{\"@type\":\"PropertyValueSpecification\",\"valueRequired\":true,\"valueName\":\"search_term_string\"}}],\"inLanguage\":\"es\"}]}<\/script>\n<!-- \/ Yoast SEO plugin. -->","yoast_head_json":{"title":"Pack Actualizaciones - Pronautic","description":"Mant\u00e9n tus titulaciones n\u00e1uticas al d\u00eda y descubre el Pack de Actualizaciones que necesitas en Pronautic, escuela n\u00e1utica de Barcelona.","robots":{"index":"noindex","follow":"follow","max-snippet":"max-snippet:-1","max-image-preview":"max-image-preview:large","max-video-preview":"max-video-preview:-1"},"og_locale":"es_ES","og_type":"article","og_title":"Pack Actualizaciones - Pronautic","og_description":"Mant\u00e9n tus titulaciones n\u00e1uticas al d\u00eda y descubre el Pack de Actualizaciones que necesitas en Pronautic, escuela n\u00e1utica de Barcelona.","og_url":"https:\/\/pronautic.bitfire.com.mx\/?product=pack-actualizaciones","og_site_name":"Pronautic","article_modified_time":"2025-06-30T10:35:45+00:00","og_image":[{"width":540,"height":810,"url":"https:\/\/pronautic.bitfire.com.mx\/wp-content\/uploads\/2025\/05\/IMG_9821_resultat-2.webp","type":"image\/webp"}],"twitter_card":"summary_large_image","twitter_misc":{"Tiempo de lectura":"1 minuto"},"schema":{"@context":"https:\/\/schema.org","@graph":[{"@type":"WebPage","@id":"https:\/\/pronautic.bitfire.com.mx\/?product=pack-actualizaciones","url":"https:\/\/pronautic.bitfire.com.mx\/?product=pack-actualizaciones","name":"Pack Actualizaciones - Pronautic","isPartOf":{"@id":"https:\/\/pronautic.bitfire.com.mx\/#website"},"datePublished":"2025-05-15T06:40:31+00:00","dateModified":"2025-06-30T10:35:45+00:00","description":"Mant\u00e9n tus titulaciones n\u00e1uticas al d\u00eda y descubre el Pack de Actualizaciones que necesitas en Pronautic, escuela n\u00e1utica de Barcelona.","breadcrumb":{"@id":"https:\/\/pronautic.bitfire.com.mx\/?product=pack-actualizaciones#breadcrumb"},"inLanguage":"es","potentialAction":[{"@type":"ReadAction","target":["https:\/\/pronautic.bitfire.com.mx\/?product=pack-actualizaciones"]}]},{"@type":"BreadcrumbList","@id":"https:\/\/pronautic.bitfire.com.mx\/?product=pack-actualizaciones#breadcrumb","itemListElement":[{"@type":"ListItem","position":1,"name":"Portada","item":"https:\/\/pronautic.bitfire.com.mx\/"},{"@type":"ListItem","position":2,"name":"Tienda","item":"https:\/\/pronautic.bitfire.com.mx\/?page_id=10638"},{"@type":"ListItem","position":3,"name":"Pack Actualizaciones","item":"https:\/\/pronautic.bitfire.com.mx\/?product=pack-actualizaciones"}]},{"@type":"WebSite","@id":"https:\/\/pronautic.bitfire.com.mx\/#website","url":"https:\/\/pronautic.bitfire.com.mx\/","name":"Pronautic","description":"Escuela n\u00e1utica en Barcelona | Fromaci\u00f3n marina","potentialAction":[{"@type":"SearchAction","target":{"@type":"EntryPoint","urlTemplate":"https:\/\/pronautic.bitfire.com.mx\/?s={search_term_string}"},"query-input":{"@type":"PropertyValueSpecification","valueRequired":true,"valueName":"search_term_string"}}],"inLanguage":"es"}]}},"_links":{"self":[{"href":"https:\/\/pronautic.bitfire.com.mx\/index.php?rest_route=\/wp\/v2\/product\/1607","targetHints":{"allow":["GET"]}}],"collection":[{"href":"https:\/\/pronautic.bitfire.com.mx\/index.php?rest_route=\/wp\/v2\/product"}],"about":[{"href":"https:\/\/pronautic.bitfire.com.mx\/index.php?rest_route=\/wp\/v2\/types\/product"}],"replies":[{"embeddable":true,"href":"https:\/\/pronautic.bitfire.com.mx\/index.php?rest_route=%2Fwp%2Fv2%2Fcomments&post=1607"}],"wp:attachment":[{"href":"https:\/\/pronautic.bitfire.com.mx\/index.php?rest_route=%2Fwp%2Fv2%2Fmedia&parent=1607"}],"wp:term":[{"taxonomy":"product_brand","embeddable":true,"href":"https:\/\/pronautic.bitfire.com.mx\/index.php?rest_route=%2Fwp%2Fv2%2Fproduct_brand&post=1607"},{"taxonomy":"product_cat","embeddable":true,"href":"https:\/\/pronautic.bitfire.com.mx\/index.php?rest_route=%2Fwp%2Fv2%2Fproduct_cat&post=1607"},{"taxonomy":"product_tag","embeddable":true,"href":"https:\/\/pronautic.bitfire.com.mx\/index.php?rest_route=%2Fwp%2Fv2%2Fproduct_tag&post=1607"}],"curies":[{"name":"wp","href":"https:\/\/api.w.org\/{rel}","templated":true}]}}