{"id":1587,"date":"2025-05-14T11:35:10","date_gmt":"2025-05-14T11:35:10","guid":{"rendered":"https:\/\/pronautic.olalondev.com\/?post_type=product&#038;p=1587"},"modified":"2025-07-31T22:51:49","modified_gmt":"2025-07-31T22:51:49","slug":"actualizacion-operador-restringido-del-smssm","status":"publish","type":"product","link":"https:\/\/pronautic.bitfire.com.mx\/?product=actualizacion-operador-restringido-del-smssm","title":{"rendered":"Actualizaci\u00f3n Operador Restringido del SMSSM"},"content":{"rendered":"","protected":false},"excerpt":{"rendered":"<p><strong>Desde 240\u20ac<\/strong><\/p>\n<p id=\"tw-target-text\" class=\"tw-data-text tw-text-large XcVN5d tw-ta\" dir=\"ltr\" data-placeholder=\"Traducci\u00f3n\"><span lang=\"es\">El curso de Operador Restringido del Sistema Mundial de Socorro y Seguridad Mar\u00edtima (GMDSS) acredita al alumno para ser personal cualificado para las comunicaciones de emergencia, urgencia, seguridad y rutina. Da un amplio conocimiento de todos los equipos y procedimientos del GMDSS que se utilizan en barcos que navegan en la zona mar\u00edtima A1 (contin\u00faa cobertura VHF DSC desde los CRS con VHF RT).<\/span><\/p>\n<p class=\"tw-data-text tw-text-large XcVN5d tw-ta\" dir=\"ltr\" data-placeholder=\"Traducci\u00f3n\"><span lang=\"es\">Certificado de Especialidad Mar\u00edtima homologado por la Direcci\u00f3n General de la Marina Mercante (DGMM) y refrendado por la Organizaci\u00f3n Mar\u00edtima Internacional (OMI).<\/span><\/p>\n","protected":false},"featured_media":1456,"comment_status":"open","ping_status":"closed","template":"","meta":{"_acf_changed":false,"_et_pb_use_builder":"","_et_pb_old_content":"","_et_gb_content_width":"","_joinchat":[]},"product_brand":[],"product_cat":[38,22],"product_tag":[],"class_list":{"0":"post-1587","1":"product","2":"type-product","3":"status-publish","4":"has-post-thumbnail","6":"product_cat-actualizaciones-stcw-barcelona-completas","7":"product_cat-cursos-stcw-barcelona","8":"bookacti-activity","10":"first","11":"instock","12":"sale","13":"virtual","14":"purchasable","15":"product-type-simple"},"acf":[],"yoast_head":"<!-- This site is optimized with the Yoast SEO plugin v26.5 - https:\/\/yoast.com\/wordpress\/plugins\/seo\/ -->\n<title>Actualizaci\u00f3n Operador Restringido del SMSSM - Pronautic<\/title>\n<meta name=\"description\" content=\"Actualiza tu certificado de Operador Restringido del SMSSM con Pronautic. Formaci\u00f3n homologada seg\u00fan normativa STCW para seguir navegando seguro.\" \/>\n<meta name=\"robots\" content=\"noindex, follow, max-snippet:-1, max-image-preview:large, max-video-preview:-1\" \/>\n<meta property=\"og:locale\" content=\"es_ES\" \/>\n<meta property=\"og:type\" content=\"article\" \/>\n<meta property=\"og:title\" content=\"Actualizaci\u00f3n Operador Restringido del SMSSM - Pronautic\" \/>\n<meta property=\"og:description\" content=\"Actualiza tu certificado de Operador Restringido del SMSSM con Pronautic. Formaci\u00f3n homologada seg\u00fan normativa STCW para seguir navegando seguro.\" \/>\n<meta property=\"og:url\" content=\"https:\/\/pronautic.bitfire.com.mx\/?product=actualizacion-operador-restringido-del-smssm\" \/>\n<meta property=\"og:site_name\" content=\"Pronautic\" \/>\n<meta property=\"article:modified_time\" content=\"2025-07-31T22:51:49+00:00\" \/>\n<meta property=\"og:image\" content=\"https:\/\/pronautic.bitfire.com.mx\/wp-content\/uploads\/2025\/05\/IMG_5828-scaled.jpg\" \/>\n\t<meta property=\"og:image:width\" content=\"1707\" \/>\n\t<meta property=\"og:image:height\" content=\"2560\" \/>\n\t<meta property=\"og:image:type\" content=\"image\/jpeg\" \/>\n<meta name=\"twitter:card\" content=\"summary_large_image\" \/>\n<meta name=\"twitter:label1\" content=\"Tiempo de lectura\" \/>\n\t<meta name=\"twitter:data1\" content=\"1 minuto\" \/>\n<script type=\"application\/ld+json\" class=\"yoast-schema-graph\">{\"@context\":\"https:\/\/schema.org\",\"@graph\":[{\"@type\":\"WebPage\",\"@id\":\"https:\/\/pronautic.bitfire.com.mx\/?product=actualizacion-operador-restringido-del-smssm\",\"url\":\"https:\/\/pronautic.bitfire.com.mx\/?product=actualizacion-operador-restringido-del-smssm\",\"name\":\"Actualizaci\u00f3n Operador Restringido del SMSSM - Pronautic\",\"isPartOf\":{\"@id\":\"https:\/\/pronautic.bitfire.com.mx\/#website\"},\"primaryImageOfPage\":{\"@id\":\"https:\/\/pronautic.bitfire.com.mx\/?product=actualizacion-operador-restringido-del-smssm#primaryimage\"},\"image\":{\"@id\":\"https:\/\/pronautic.bitfire.com.mx\/?product=actualizacion-operador-restringido-del-smssm#primaryimage\"},\"thumbnailUrl\":\"https:\/\/pronautic.bitfire.com.mx\/wp-content\/uploads\/2025\/05\/IMG_5828-scaled.jpg\",\"datePublished\":\"2025-05-14T11:35:10+00:00\",\"dateModified\":\"2025-07-31T22:51:49+00:00\",\"description\":\"Actualiza tu certificado de Operador Restringido del SMSSM con Pronautic. Formaci\u00f3n homologada seg\u00fan normativa STCW para seguir navegando seguro.\",\"breadcrumb\":{\"@id\":\"https:\/\/pronautic.bitfire.com.mx\/?product=actualizacion-operador-restringido-del-smssm#breadcrumb\"},\"inLanguage\":\"es\",\"potentialAction\":[{\"@type\":\"ReadAction\",\"target\":[\"https:\/\/pronautic.bitfire.com.mx\/?product=actualizacion-operador-restringido-del-smssm\"]}]},{\"@type\":\"ImageObject\",\"inLanguage\":\"es\",\"@id\":\"https:\/\/pronautic.bitfire.com.mx\/?product=actualizacion-operador-restringido-del-smssm#primaryimage\",\"url\":\"https:\/\/pronautic.bitfire.com.mx\/wp-content\/uploads\/2025\/05\/IMG_5828-scaled.jpg\",\"contentUrl\":\"https:\/\/pronautic.bitfire.com.mx\/wp-content\/uploads\/2025\/05\/IMG_5828-scaled.jpg\",\"width\":1707,\"height\":2560,\"caption\":\"Operador restringido general del sistema mundial de socorro y seguridad maritima\"},{\"@type\":\"BreadcrumbList\",\"@id\":\"https:\/\/pronautic.bitfire.com.mx\/?product=actualizacion-operador-restringido-del-smssm#breadcrumb\",\"itemListElement\":[{\"@type\":\"ListItem\",\"position\":1,\"name\":\"Portada\",\"item\":\"https:\/\/pronautic.bitfire.com.mx\/\"},{\"@type\":\"ListItem\",\"position\":2,\"name\":\"Tienda\",\"item\":\"https:\/\/pronautic.bitfire.com.mx\/?page_id=10638\"},{\"@type\":\"ListItem\",\"position\":3,\"name\":\"Actualizaci\u00f3n Operador Restringido del SMSSM\",\"item\":\"https:\/\/pronautic.bitfire.com.mx\/?product=actualizacion-operador-restringido-del-smssm\"}]},{\"@type\":\"WebSite\",\"@id\":\"https:\/\/pronautic.bitfire.com.mx\/#website\",\"url\":\"https:\/\/pronautic.bitfire.com.mx\/\",\"name\":\"Pronautic\",\"description\":\"Escuela n\u00e1utica en Barcelona | Fromaci\u00f3n marina\",\"potentialAction\":[{\"@type\":\"SearchAction\",\"target\":{\"@type\":\"EntryPoint\",\"urlTemplate\":\"https:\/\/pronautic.bitfire.com.mx\/?s={search_term_string}\"},\"query-input\":{\"@type\":\"PropertyValueSpecification\",\"valueRequired\":true,\"valueName\":\"search_term_string\"}}],\"inLanguage\":\"es\"}]}<\/script>\n<!-- \/ Yoast SEO plugin. -->","yoast_head_json":{"title":"Actualizaci\u00f3n Operador Restringido del SMSSM - Pronautic","description":"Actualiza tu certificado de Operador Restringido del SMSSM con Pronautic. Formaci\u00f3n homologada seg\u00fan normativa STCW para seguir navegando seguro.","robots":{"index":"noindex","follow":"follow","max-snippet":"max-snippet:-1","max-image-preview":"max-image-preview:large","max-video-preview":"max-video-preview:-1"},"og_locale":"es_ES","og_type":"article","og_title":"Actualizaci\u00f3n Operador Restringido del SMSSM - Pronautic","og_description":"Actualiza tu certificado de Operador Restringido del SMSSM con Pronautic. Formaci\u00f3n homologada seg\u00fan normativa STCW para seguir navegando seguro.","og_url":"https:\/\/pronautic.bitfire.com.mx\/?product=actualizacion-operador-restringido-del-smssm","og_site_name":"Pronautic","article_modified_time":"2025-07-31T22:51:49+00:00","og_image":[{"width":1707,"height":2560,"url":"https:\/\/pronautic.bitfire.com.mx\/wp-content\/uploads\/2025\/05\/IMG_5828-scaled.jpg","type":"image\/jpeg"}],"twitter_card":"summary_large_image","twitter_misc":{"Tiempo de lectura":"1 minuto"},"schema":{"@context":"https:\/\/schema.org","@graph":[{"@type":"WebPage","@id":"https:\/\/pronautic.bitfire.com.mx\/?product=actualizacion-operador-restringido-del-smssm","url":"https:\/\/pronautic.bitfire.com.mx\/?product=actualizacion-operador-restringido-del-smssm","name":"Actualizaci\u00f3n Operador Restringido del SMSSM - Pronautic","isPartOf":{"@id":"https:\/\/pronautic.bitfire.com.mx\/#website"},"primaryImageOfPage":{"@id":"https:\/\/pronautic.bitfire.com.mx\/?product=actualizacion-operador-restringido-del-smssm#primaryimage"},"image":{"@id":"https:\/\/pronautic.bitfire.com.mx\/?product=actualizacion-operador-restringido-del-smssm#primaryimage"},"thumbnailUrl":"https:\/\/pronautic.bitfire.com.mx\/wp-content\/uploads\/2025\/05\/IMG_5828-scaled.jpg","datePublished":"2025-05-14T11:35:10+00:00","dateModified":"2025-07-31T22:51:49+00:00","description":"Actualiza tu certificado de Operador Restringido del SMSSM con Pronautic. Formaci\u00f3n homologada seg\u00fan normativa STCW para seguir navegando seguro.","breadcrumb":{"@id":"https:\/\/pronautic.bitfire.com.mx\/?product=actualizacion-operador-restringido-del-smssm#breadcrumb"},"inLanguage":"es","potentialAction":[{"@type":"ReadAction","target":["https:\/\/pronautic.bitfire.com.mx\/?product=actualizacion-operador-restringido-del-smssm"]}]},{"@type":"ImageObject","inLanguage":"es","@id":"https:\/\/pronautic.bitfire.com.mx\/?product=actualizacion-operador-restringido-del-smssm#primaryimage","url":"https:\/\/pronautic.bitfire.com.mx\/wp-content\/uploads\/2025\/05\/IMG_5828-scaled.jpg","contentUrl":"https:\/\/pronautic.bitfire.com.mx\/wp-content\/uploads\/2025\/05\/IMG_5828-scaled.jpg","width":1707,"height":2560,"caption":"Operador restringido general del sistema mundial de socorro y seguridad maritima"},{"@type":"BreadcrumbList","@id":"https:\/\/pronautic.bitfire.com.mx\/?product=actualizacion-operador-restringido-del-smssm#breadcrumb","itemListElement":[{"@type":"ListItem","position":1,"name":"Portada","item":"https:\/\/pronautic.bitfire.com.mx\/"},{"@type":"ListItem","position":2,"name":"Tienda","item":"https:\/\/pronautic.bitfire.com.mx\/?page_id=10638"},{"@type":"ListItem","position":3,"name":"Actualizaci\u00f3n Operador Restringido del SMSSM","item":"https:\/\/pronautic.bitfire.com.mx\/?product=actualizacion-operador-restringido-del-smssm"}]},{"@type":"WebSite","@id":"https:\/\/pronautic.bitfire.com.mx\/#website","url":"https:\/\/pronautic.bitfire.com.mx\/","name":"Pronautic","description":"Escuela n\u00e1utica en Barcelona | Fromaci\u00f3n marina","potentialAction":[{"@type":"SearchAction","target":{"@type":"EntryPoint","urlTemplate":"https:\/\/pronautic.bitfire.com.mx\/?s={search_term_string}"},"query-input":{"@type":"PropertyValueSpecification","valueRequired":true,"valueName":"search_term_string"}}],"inLanguage":"es"}]}},"_links":{"self":[{"href":"https:\/\/pronautic.bitfire.com.mx\/index.php?rest_route=\/wp\/v2\/product\/1587","targetHints":{"allow":["GET"]}}],"collection":[{"href":"https:\/\/pronautic.bitfire.com.mx\/index.php?rest_route=\/wp\/v2\/product"}],"about":[{"href":"https:\/\/pronautic.bitfire.com.mx\/index.php?rest_route=\/wp\/v2\/types\/product"}],"replies":[{"embeddable":true,"href":"https:\/\/pronautic.bitfire.com.mx\/index.php?rest_route=%2Fwp%2Fv2%2Fcomments&post=1587"}],"wp:featuredmedia":[{"embeddable":true,"href":"https:\/\/pronautic.bitfire.com.mx\/index.php?rest_route=\/wp\/v2\/media\/1456"}],"wp:attachment":[{"href":"https:\/\/pronautic.bitfire.com.mx\/index.php?rest_route=%2Fwp%2Fv2%2Fmedia&parent=1587"}],"wp:term":[{"taxonomy":"product_brand","embeddable":true,"href":"https:\/\/pronautic.bitfire.com.mx\/index.php?rest_route=%2Fwp%2Fv2%2Fproduct_brand&post=1587"},{"taxonomy":"product_cat","embeddable":true,"href":"https:\/\/pronautic.bitfire.com.mx\/index.php?rest_route=%2Fwp%2Fv2%2Fproduct_cat&post=1587"},{"taxonomy":"product_tag","embeddable":true,"href":"https:\/\/pronautic.bitfire.com.mx\/index.php?rest_route=%2Fwp%2Fv2%2Fproduct_tag&post=1587"}],"curies":[{"name":"wp","href":"https:\/\/api.w.org\/{rel}","templated":true}]}}