{"id":1577,"date":"2025-05-14T11:19:56","date_gmt":"2025-05-14T11:19:56","guid":{"rendered":"https:\/\/pronautic.olalondev.com\/?post_type=product&#038;p=1577"},"modified":"2025-07-31T22:45:45","modified_gmt":"2025-07-31T22:45:45","slug":"actualizacion-de-patron-portuario","status":"publish","type":"product","link":"https:\/\/pronautic.bitfire.com.mx\/?product=actualizacion-de-patron-portuario","title":{"rendered":"Actualizaci\u00f3n Patr\u00f3n Portuario"},"content":{"rendered":"","protected":false},"excerpt":{"rendered":"<div class=\"row descripcio-curs\">\n<div class=\"col-md-12\">\n<p><strong>Desde 295\u20ac<\/strong><\/p>\n<p id=\"tw-target-text\" class=\"tw-data-text tw-text-large XcVN5d tw-ta\" dir=\"ltr\" data-placeholder=\"Traducci\u00f3n\"><span lang=\"es\">El curso de Actualizaci\u00f3n de Patr\u00f3n Portuario busca dotar al alumnado de los conocimientos necesarios para realizar la planificaci\u00f3n y direcci\u00f3n de una traves\u00eda costera, realizar una guardia de navegaci\u00f3n segura, determinar la situaci\u00f3n y controlar el funcionamiento del barco y cuidar de las personas a bordo.<\/span><\/p>\n<p class=\"tw-data-text tw-text-large XcVN5d tw-ta\" dir=\"ltr\" data-placeholder=\"Traducci\u00f3n\"><span lang=\"es\">Certificado de Especialidad Mar\u00edtima homologado por la Direcci\u00f3n General de la Marina Mercante (DGMM) y refrendado por la Organizaci\u00f3n Mar\u00edtima Internacional (OMI).<\/span><\/p>\n<\/div>\n<\/div>\n","protected":false},"featured_media":266,"comment_status":"open","ping_status":"closed","template":"","meta":{"_acf_changed":false,"_et_pb_use_builder":"","_et_pb_old_content":"","_et_gb_content_width":"","_joinchat":[]},"product_brand":[],"product_cat":[38,22],"product_tag":[],"class_list":{"0":"post-1577","1":"product","2":"type-product","3":"status-publish","4":"has-post-thumbnail","6":"product_cat-actualizaciones-stcw-barcelona-completas","7":"product_cat-cursos-stcw-barcelona","8":"bookacti-activity","10":"first","11":"instock","12":"sale","13":"virtual","14":"purchasable","15":"product-type-simple"},"acf":[],"yoast_head":"<!-- This site is optimized with the Yoast SEO plugin v26.5 - https:\/\/yoast.com\/wordpress\/plugins\/seo\/ -->\n<title>Actualizaci\u00f3n Patr\u00f3n Portuario - Pronautic<\/title>\n<meta name=\"description\" content=\"Actualiza tu t\u00edtulo de Patr\u00f3n Portuario con Pronautic. Formaci\u00f3n oficial y pr\u00e1ctica para seguir navegando con seguridad y respaldo STCW.\" \/>\n<meta name=\"robots\" content=\"noindex, follow, max-snippet:-1, max-image-preview:large, max-video-preview:-1\" \/>\n<meta property=\"og:locale\" content=\"es_ES\" \/>\n<meta property=\"og:type\" content=\"article\" \/>\n<meta property=\"og:title\" content=\"Actualizaci\u00f3n Patr\u00f3n Portuario - Pronautic\" \/>\n<meta property=\"og:description\" content=\"Actualiza tu t\u00edtulo de Patr\u00f3n Portuario con Pronautic. Formaci\u00f3n oficial y pr\u00e1ctica para seguir navegando con seguridad y respaldo STCW.\" \/>\n<meta property=\"og:url\" content=\"https:\/\/pronautic.bitfire.com.mx\/?product=actualizacion-de-patron-portuario\" \/>\n<meta property=\"og:site_name\" content=\"Pronautic\" \/>\n<meta property=\"article:modified_time\" content=\"2025-07-31T22:45:45+00:00\" \/>\n<meta property=\"og:image\" content=\"https:\/\/pronautic.bitfire.com.mx\/wp-content\/uploads\/2025\/03\/DSC04832_resultat-e1745922626920.webp\" \/>\n\t<meta property=\"og:image:width\" content=\"853\" \/>\n\t<meta property=\"og:image:height\" content=\"853\" \/>\n\t<meta property=\"og:image:type\" content=\"image\/webp\" \/>\n<meta name=\"twitter:card\" content=\"summary_large_image\" \/>\n<meta name=\"twitter:label1\" content=\"Tiempo de lectura\" \/>\n\t<meta name=\"twitter:data1\" content=\"1 minuto\" \/>\n<script type=\"application\/ld+json\" class=\"yoast-schema-graph\">{\"@context\":\"https:\/\/schema.org\",\"@graph\":[{\"@type\":\"WebPage\",\"@id\":\"https:\/\/pronautic.bitfire.com.mx\/?product=actualizacion-de-patron-portuario\",\"url\":\"https:\/\/pronautic.bitfire.com.mx\/?product=actualizacion-de-patron-portuario\",\"name\":\"Actualizaci\u00f3n Patr\u00f3n Portuario - Pronautic\",\"isPartOf\":{\"@id\":\"https:\/\/pronautic.bitfire.com.mx\/#website\"},\"primaryImageOfPage\":{\"@id\":\"https:\/\/pronautic.bitfire.com.mx\/?product=actualizacion-de-patron-portuario#primaryimage\"},\"image\":{\"@id\":\"https:\/\/pronautic.bitfire.com.mx\/?product=actualizacion-de-patron-portuario#primaryimage\"},\"thumbnailUrl\":\"https:\/\/pronautic.bitfire.com.mx\/wp-content\/uploads\/2025\/03\/DSC04832_resultat-e1745922626920.webp\",\"datePublished\":\"2025-05-14T11:19:56+00:00\",\"dateModified\":\"2025-07-31T22:45:45+00:00\",\"description\":\"Actualiza tu t\u00edtulo de Patr\u00f3n Portuario con Pronautic. Formaci\u00f3n oficial y pr\u00e1ctica para seguir navegando con seguridad y respaldo STCW.\",\"breadcrumb\":{\"@id\":\"https:\/\/pronautic.bitfire.com.mx\/?product=actualizacion-de-patron-portuario#breadcrumb\"},\"inLanguage\":\"es\",\"potentialAction\":[{\"@type\":\"ReadAction\",\"target\":[\"https:\/\/pronautic.bitfire.com.mx\/?product=actualizacion-de-patron-portuario\"]}]},{\"@type\":\"ImageObject\",\"inLanguage\":\"es\",\"@id\":\"https:\/\/pronautic.bitfire.com.mx\/?product=actualizacion-de-patron-portuario#primaryimage\",\"url\":\"https:\/\/pronautic.bitfire.com.mx\/wp-content\/uploads\/2025\/03\/DSC04832_resultat-e1745922626920.webp\",\"contentUrl\":\"https:\/\/pronautic.bitfire.com.mx\/wp-content\/uploads\/2025\/03\/DSC04832_resultat-e1745922626920.webp\",\"width\":853,\"height\":853,\"caption\":\"Actualizaci\u00f3n patr\u00f3n portuario\"},{\"@type\":\"BreadcrumbList\",\"@id\":\"https:\/\/pronautic.bitfire.com.mx\/?product=actualizacion-de-patron-portuario#breadcrumb\",\"itemListElement\":[{\"@type\":\"ListItem\",\"position\":1,\"name\":\"Portada\",\"item\":\"https:\/\/pronautic.bitfire.com.mx\/\"},{\"@type\":\"ListItem\",\"position\":2,\"name\":\"Tienda\",\"item\":\"https:\/\/pronautic.bitfire.com.mx\/?page_id=10638\"},{\"@type\":\"ListItem\",\"position\":3,\"name\":\"Actualizaci\u00f3n Patr\u00f3n Portuario\",\"item\":\"https:\/\/pronautic.bitfire.com.mx\/?product=actualizacion-de-patron-portuario\"}]},{\"@type\":\"WebSite\",\"@id\":\"https:\/\/pronautic.bitfire.com.mx\/#website\",\"url\":\"https:\/\/pronautic.bitfire.com.mx\/\",\"name\":\"Pronautic\",\"description\":\"Escuela n\u00e1utica en Barcelona | Fromaci\u00f3n marina\",\"potentialAction\":[{\"@type\":\"SearchAction\",\"target\":{\"@type\":\"EntryPoint\",\"urlTemplate\":\"https:\/\/pronautic.bitfire.com.mx\/?s={search_term_string}\"},\"query-input\":{\"@type\":\"PropertyValueSpecification\",\"valueRequired\":true,\"valueName\":\"search_term_string\"}}],\"inLanguage\":\"es\"}]}<\/script>\n<!-- \/ Yoast SEO plugin. -->","yoast_head_json":{"title":"Actualizaci\u00f3n Patr\u00f3n Portuario - Pronautic","description":"Actualiza tu t\u00edtulo de Patr\u00f3n Portuario con Pronautic. Formaci\u00f3n oficial y pr\u00e1ctica para seguir navegando con seguridad y respaldo STCW.","robots":{"index":"noindex","follow":"follow","max-snippet":"max-snippet:-1","max-image-preview":"max-image-preview:large","max-video-preview":"max-video-preview:-1"},"og_locale":"es_ES","og_type":"article","og_title":"Actualizaci\u00f3n Patr\u00f3n Portuario - Pronautic","og_description":"Actualiza tu t\u00edtulo de Patr\u00f3n Portuario con Pronautic. Formaci\u00f3n oficial y pr\u00e1ctica para seguir navegando con seguridad y respaldo STCW.","og_url":"https:\/\/pronautic.bitfire.com.mx\/?product=actualizacion-de-patron-portuario","og_site_name":"Pronautic","article_modified_time":"2025-07-31T22:45:45+00:00","og_image":[{"width":853,"height":853,"url":"https:\/\/pronautic.bitfire.com.mx\/wp-content\/uploads\/2025\/03\/DSC04832_resultat-e1745922626920.webp","type":"image\/webp"}],"twitter_card":"summary_large_image","twitter_misc":{"Tiempo de lectura":"1 minuto"},"schema":{"@context":"https:\/\/schema.org","@graph":[{"@type":"WebPage","@id":"https:\/\/pronautic.bitfire.com.mx\/?product=actualizacion-de-patron-portuario","url":"https:\/\/pronautic.bitfire.com.mx\/?product=actualizacion-de-patron-portuario","name":"Actualizaci\u00f3n Patr\u00f3n Portuario - Pronautic","isPartOf":{"@id":"https:\/\/pronautic.bitfire.com.mx\/#website"},"primaryImageOfPage":{"@id":"https:\/\/pronautic.bitfire.com.mx\/?product=actualizacion-de-patron-portuario#primaryimage"},"image":{"@id":"https:\/\/pronautic.bitfire.com.mx\/?product=actualizacion-de-patron-portuario#primaryimage"},"thumbnailUrl":"https:\/\/pronautic.bitfire.com.mx\/wp-content\/uploads\/2025\/03\/DSC04832_resultat-e1745922626920.webp","datePublished":"2025-05-14T11:19:56+00:00","dateModified":"2025-07-31T22:45:45+00:00","description":"Actualiza tu t\u00edtulo de Patr\u00f3n Portuario con Pronautic. Formaci\u00f3n oficial y pr\u00e1ctica para seguir navegando con seguridad y respaldo STCW.","breadcrumb":{"@id":"https:\/\/pronautic.bitfire.com.mx\/?product=actualizacion-de-patron-portuario#breadcrumb"},"inLanguage":"es","potentialAction":[{"@type":"ReadAction","target":["https:\/\/pronautic.bitfire.com.mx\/?product=actualizacion-de-patron-portuario"]}]},{"@type":"ImageObject","inLanguage":"es","@id":"https:\/\/pronautic.bitfire.com.mx\/?product=actualizacion-de-patron-portuario#primaryimage","url":"https:\/\/pronautic.bitfire.com.mx\/wp-content\/uploads\/2025\/03\/DSC04832_resultat-e1745922626920.webp","contentUrl":"https:\/\/pronautic.bitfire.com.mx\/wp-content\/uploads\/2025\/03\/DSC04832_resultat-e1745922626920.webp","width":853,"height":853,"caption":"Actualizaci\u00f3n patr\u00f3n portuario"},{"@type":"BreadcrumbList","@id":"https:\/\/pronautic.bitfire.com.mx\/?product=actualizacion-de-patron-portuario#breadcrumb","itemListElement":[{"@type":"ListItem","position":1,"name":"Portada","item":"https:\/\/pronautic.bitfire.com.mx\/"},{"@type":"ListItem","position":2,"name":"Tienda","item":"https:\/\/pronautic.bitfire.com.mx\/?page_id=10638"},{"@type":"ListItem","position":3,"name":"Actualizaci\u00f3n Patr\u00f3n Portuario","item":"https:\/\/pronautic.bitfire.com.mx\/?product=actualizacion-de-patron-portuario"}]},{"@type":"WebSite","@id":"https:\/\/pronautic.bitfire.com.mx\/#website","url":"https:\/\/pronautic.bitfire.com.mx\/","name":"Pronautic","description":"Escuela n\u00e1utica en Barcelona | Fromaci\u00f3n marina","potentialAction":[{"@type":"SearchAction","target":{"@type":"EntryPoint","urlTemplate":"https:\/\/pronautic.bitfire.com.mx\/?s={search_term_string}"},"query-input":{"@type":"PropertyValueSpecification","valueRequired":true,"valueName":"search_term_string"}}],"inLanguage":"es"}]}},"_links":{"self":[{"href":"https:\/\/pronautic.bitfire.com.mx\/index.php?rest_route=\/wp\/v2\/product\/1577","targetHints":{"allow":["GET"]}}],"collection":[{"href":"https:\/\/pronautic.bitfire.com.mx\/index.php?rest_route=\/wp\/v2\/product"}],"about":[{"href":"https:\/\/pronautic.bitfire.com.mx\/index.php?rest_route=\/wp\/v2\/types\/product"}],"replies":[{"embeddable":true,"href":"https:\/\/pronautic.bitfire.com.mx\/index.php?rest_route=%2Fwp%2Fv2%2Fcomments&post=1577"}],"wp:featuredmedia":[{"embeddable":true,"href":"https:\/\/pronautic.bitfire.com.mx\/index.php?rest_route=\/wp\/v2\/media\/266"}],"wp:attachment":[{"href":"https:\/\/pronautic.bitfire.com.mx\/index.php?rest_route=%2Fwp%2Fv2%2Fmedia&parent=1577"}],"wp:term":[{"taxonomy":"product_brand","embeddable":true,"href":"https:\/\/pronautic.bitfire.com.mx\/index.php?rest_route=%2Fwp%2Fv2%2Fproduct_brand&post=1577"},{"taxonomy":"product_cat","embeddable":true,"href":"https:\/\/pronautic.bitfire.com.mx\/index.php?rest_route=%2Fwp%2Fv2%2Fproduct_cat&post=1577"},{"taxonomy":"product_tag","embeddable":true,"href":"https:\/\/pronautic.bitfire.com.mx\/index.php?rest_route=%2Fwp%2Fv2%2Fproduct_tag&post=1577"}],"curies":[{"name":"wp","href":"https:\/\/api.w.org\/{rel}","templated":true}]}}