{"id":1574,"date":"2025-05-14T11:11:40","date_gmt":"2025-05-14T11:11:40","guid":{"rendered":"https:\/\/pronautic.olalondev.com\/?post_type=product&#038;p=1574"},"modified":"2025-11-28T19:41:02","modified_gmt":"2025-11-28T19:41:02","slug":"actualizacion-de-buques-de-pasaje","status":"publish","type":"product","link":"https:\/\/pronautic.bitfire.com.mx\/?product=actualizacion-de-buques-de-pasaje","title":{"rendered":"Actualizaci\u00f3n Buques de Pasaje"},"content":{"rendered":"","protected":false},"excerpt":{"rendered":"<div class=\"row descripcio-curs\">\n<div class=\"col-md-12\">\n<p><strong>Desde 145\u20ac<\/strong><\/p>\n<p>El curso de Actualizaci\u00f3n de Buques de Pasaje aportar\u00e1 conocimientos de gesti\u00f3n de emergencias, control de multitudes, seguridad de los pasajeros y tripulantes, la carga y la integridad del casco. Tambi\u00e9n detallar\u00e1 los ejercicios peri\u00f3dicos y simulacros que se realizan y la familiarizaci\u00f3n de los tripulantes.<\/p>\n<\/div>\n<\/div>\n","protected":false},"featured_media":1436,"comment_status":"open","ping_status":"closed","template":"","meta":{"_acf_changed":false,"_et_pb_use_builder":"","_et_pb_old_content":"","_et_gb_content_width":"","_joinchat":[]},"product_brand":[],"product_cat":[38,22],"product_tag":[],"class_list":{"0":"post-1574","1":"product","2":"type-product","3":"status-publish","4":"has-post-thumbnail","6":"product_cat-actualizaciones-stcw-barcelona-completas","7":"product_cat-cursos-stcw-barcelona","8":"bookacti-activity","10":"first","11":"instock","12":"sale","13":"virtual","14":"purchasable","15":"product-type-simple"},"acf":[],"yoast_head":"<!-- This site is optimized with the Yoast SEO plugin v26.5 - https:\/\/yoast.com\/wordpress\/plugins\/seo\/ -->\n<title>Actualizaci\u00f3n Buques de Pasaje - Pronautic<\/title>\n<meta name=\"description\" content=\"Renueva tu certificado para trabajar en buques de pasaje con Pronautic de Barcelona. Formaci\u00f3n STCW actualizada y homologada.\" \/>\n<meta name=\"robots\" content=\"noindex, follow, max-snippet:-1, max-image-preview:large, max-video-preview:-1\" \/>\n<meta property=\"og:locale\" content=\"es_ES\" \/>\n<meta property=\"og:type\" content=\"article\" \/>\n<meta property=\"og:title\" content=\"Actualizaci\u00f3n Buques de Pasaje - Pronautic\" \/>\n<meta property=\"og:description\" content=\"Renueva tu certificado para trabajar en buques de pasaje con Pronautic de Barcelona. Formaci\u00f3n STCW actualizada y homologada.\" \/>\n<meta property=\"og:url\" content=\"https:\/\/pronautic.bitfire.com.mx\/?product=actualizacion-de-buques-de-pasaje\" \/>\n<meta property=\"og:site_name\" content=\"Pronautic\" \/>\n<meta property=\"article:modified_time\" content=\"2025-11-28T19:41:02+00:00\" \/>\n<meta property=\"og:image\" content=\"https:\/\/pronautic.bitfire.com.mx\/wp-content\/uploads\/2025\/05\/pexels-wendywei-13244470_resultat.webp\" \/>\n\t<meta property=\"og:image:width\" content=\"570\" \/>\n\t<meta property=\"og:image:height\" content=\"855\" \/>\n\t<meta property=\"og:image:type\" content=\"image\/webp\" \/>\n<meta name=\"twitter:card\" content=\"summary_large_image\" \/>\n<meta name=\"twitter:label1\" content=\"Tiempo de lectura\" \/>\n\t<meta name=\"twitter:data1\" content=\"1 minuto\" \/>\n<script type=\"application\/ld+json\" class=\"yoast-schema-graph\">{\"@context\":\"https:\/\/schema.org\",\"@graph\":[{\"@type\":\"WebPage\",\"@id\":\"https:\/\/pronautic.bitfire.com.mx\/?product=actualizacion-de-buques-de-pasaje\",\"url\":\"https:\/\/pronautic.bitfire.com.mx\/?product=actualizacion-de-buques-de-pasaje\",\"name\":\"Actualizaci\u00f3n Buques de Pasaje - Pronautic\",\"isPartOf\":{\"@id\":\"https:\/\/pronautic.bitfire.com.mx\/#website\"},\"primaryImageOfPage\":{\"@id\":\"https:\/\/pronautic.bitfire.com.mx\/?product=actualizacion-de-buques-de-pasaje#primaryimage\"},\"image\":{\"@id\":\"https:\/\/pronautic.bitfire.com.mx\/?product=actualizacion-de-buques-de-pasaje#primaryimage\"},\"thumbnailUrl\":\"https:\/\/pronautic.bitfire.com.mx\/wp-content\/uploads\/2025\/05\/pexels-wendywei-13244470_resultat.webp\",\"datePublished\":\"2025-05-14T11:11:40+00:00\",\"dateModified\":\"2025-11-28T19:41:02+00:00\",\"description\":\"Renueva tu certificado para trabajar en buques de pasaje con Pronautic de Barcelona. Formaci\u00f3n STCW actualizada y homologada.\",\"breadcrumb\":{\"@id\":\"https:\/\/pronautic.bitfire.com.mx\/?product=actualizacion-de-buques-de-pasaje#breadcrumb\"},\"inLanguage\":\"es\",\"potentialAction\":[{\"@type\":\"ReadAction\",\"target\":[\"https:\/\/pronautic.bitfire.com.mx\/?product=actualizacion-de-buques-de-pasaje\"]}]},{\"@type\":\"ImageObject\",\"inLanguage\":\"es\",\"@id\":\"https:\/\/pronautic.bitfire.com.mx\/?product=actualizacion-de-buques-de-pasaje#primaryimage\",\"url\":\"https:\/\/pronautic.bitfire.com.mx\/wp-content\/uploads\/2025\/05\/pexels-wendywei-13244470_resultat.webp\",\"contentUrl\":\"https:\/\/pronautic.bitfire.com.mx\/wp-content\/uploads\/2025\/05\/pexels-wendywei-13244470_resultat.webp\",\"width\":570,\"height\":855,\"caption\":\"Actualizaci\u00f3n buques de pasaje\"},{\"@type\":\"BreadcrumbList\",\"@id\":\"https:\/\/pronautic.bitfire.com.mx\/?product=actualizacion-de-buques-de-pasaje#breadcrumb\",\"itemListElement\":[{\"@type\":\"ListItem\",\"position\":1,\"name\":\"Portada\",\"item\":\"https:\/\/pronautic.bitfire.com.mx\/\"},{\"@type\":\"ListItem\",\"position\":2,\"name\":\"Tienda\",\"item\":\"https:\/\/pronautic.bitfire.com.mx\/?page_id=10638\"},{\"@type\":\"ListItem\",\"position\":3,\"name\":\"Actualizaci\u00f3n Buques de Pasaje\",\"item\":\"https:\/\/pronautic.bitfire.com.mx\/?product=actualizacion-de-buques-de-pasaje\"}]},{\"@type\":\"WebSite\",\"@id\":\"https:\/\/pronautic.bitfire.com.mx\/#website\",\"url\":\"https:\/\/pronautic.bitfire.com.mx\/\",\"name\":\"Pronautic\",\"description\":\"Escuela n\u00e1utica en Barcelona | Fromaci\u00f3n marina\",\"potentialAction\":[{\"@type\":\"SearchAction\",\"target\":{\"@type\":\"EntryPoint\",\"urlTemplate\":\"https:\/\/pronautic.bitfire.com.mx\/?s={search_term_string}\"},\"query-input\":{\"@type\":\"PropertyValueSpecification\",\"valueRequired\":true,\"valueName\":\"search_term_string\"}}],\"inLanguage\":\"es\"}]}<\/script>\n<!-- \/ Yoast SEO plugin. -->","yoast_head_json":{"title":"Actualizaci\u00f3n Buques de Pasaje - Pronautic","description":"Renueva tu certificado para trabajar en buques de pasaje con Pronautic de Barcelona. Formaci\u00f3n STCW actualizada y homologada.","robots":{"index":"noindex","follow":"follow","max-snippet":"max-snippet:-1","max-image-preview":"max-image-preview:large","max-video-preview":"max-video-preview:-1"},"og_locale":"es_ES","og_type":"article","og_title":"Actualizaci\u00f3n Buques de Pasaje - Pronautic","og_description":"Renueva tu certificado para trabajar en buques de pasaje con Pronautic de Barcelona. Formaci\u00f3n STCW actualizada y homologada.","og_url":"https:\/\/pronautic.bitfire.com.mx\/?product=actualizacion-de-buques-de-pasaje","og_site_name":"Pronautic","article_modified_time":"2025-11-28T19:41:02+00:00","og_image":[{"width":570,"height":855,"url":"https:\/\/pronautic.bitfire.com.mx\/wp-content\/uploads\/2025\/05\/pexels-wendywei-13244470_resultat.webp","type":"image\/webp"}],"twitter_card":"summary_large_image","twitter_misc":{"Tiempo de lectura":"1 minuto"},"schema":{"@context":"https:\/\/schema.org","@graph":[{"@type":"WebPage","@id":"https:\/\/pronautic.bitfire.com.mx\/?product=actualizacion-de-buques-de-pasaje","url":"https:\/\/pronautic.bitfire.com.mx\/?product=actualizacion-de-buques-de-pasaje","name":"Actualizaci\u00f3n Buques de Pasaje - Pronautic","isPartOf":{"@id":"https:\/\/pronautic.bitfire.com.mx\/#website"},"primaryImageOfPage":{"@id":"https:\/\/pronautic.bitfire.com.mx\/?product=actualizacion-de-buques-de-pasaje#primaryimage"},"image":{"@id":"https:\/\/pronautic.bitfire.com.mx\/?product=actualizacion-de-buques-de-pasaje#primaryimage"},"thumbnailUrl":"https:\/\/pronautic.bitfire.com.mx\/wp-content\/uploads\/2025\/05\/pexels-wendywei-13244470_resultat.webp","datePublished":"2025-05-14T11:11:40+00:00","dateModified":"2025-11-28T19:41:02+00:00","description":"Renueva tu certificado para trabajar en buques de pasaje con Pronautic de Barcelona. Formaci\u00f3n STCW actualizada y homologada.","breadcrumb":{"@id":"https:\/\/pronautic.bitfire.com.mx\/?product=actualizacion-de-buques-de-pasaje#breadcrumb"},"inLanguage":"es","potentialAction":[{"@type":"ReadAction","target":["https:\/\/pronautic.bitfire.com.mx\/?product=actualizacion-de-buques-de-pasaje"]}]},{"@type":"ImageObject","inLanguage":"es","@id":"https:\/\/pronautic.bitfire.com.mx\/?product=actualizacion-de-buques-de-pasaje#primaryimage","url":"https:\/\/pronautic.bitfire.com.mx\/wp-content\/uploads\/2025\/05\/pexels-wendywei-13244470_resultat.webp","contentUrl":"https:\/\/pronautic.bitfire.com.mx\/wp-content\/uploads\/2025\/05\/pexels-wendywei-13244470_resultat.webp","width":570,"height":855,"caption":"Actualizaci\u00f3n buques de pasaje"},{"@type":"BreadcrumbList","@id":"https:\/\/pronautic.bitfire.com.mx\/?product=actualizacion-de-buques-de-pasaje#breadcrumb","itemListElement":[{"@type":"ListItem","position":1,"name":"Portada","item":"https:\/\/pronautic.bitfire.com.mx\/"},{"@type":"ListItem","position":2,"name":"Tienda","item":"https:\/\/pronautic.bitfire.com.mx\/?page_id=10638"},{"@type":"ListItem","position":3,"name":"Actualizaci\u00f3n Buques de Pasaje","item":"https:\/\/pronautic.bitfire.com.mx\/?product=actualizacion-de-buques-de-pasaje"}]},{"@type":"WebSite","@id":"https:\/\/pronautic.bitfire.com.mx\/#website","url":"https:\/\/pronautic.bitfire.com.mx\/","name":"Pronautic","description":"Escuela n\u00e1utica en Barcelona | Fromaci\u00f3n marina","potentialAction":[{"@type":"SearchAction","target":{"@type":"EntryPoint","urlTemplate":"https:\/\/pronautic.bitfire.com.mx\/?s={search_term_string}"},"query-input":{"@type":"PropertyValueSpecification","valueRequired":true,"valueName":"search_term_string"}}],"inLanguage":"es"}]}},"_links":{"self":[{"href":"https:\/\/pronautic.bitfire.com.mx\/index.php?rest_route=\/wp\/v2\/product\/1574","targetHints":{"allow":["GET"]}}],"collection":[{"href":"https:\/\/pronautic.bitfire.com.mx\/index.php?rest_route=\/wp\/v2\/product"}],"about":[{"href":"https:\/\/pronautic.bitfire.com.mx\/index.php?rest_route=\/wp\/v2\/types\/product"}],"replies":[{"embeddable":true,"href":"https:\/\/pronautic.bitfire.com.mx\/index.php?rest_route=%2Fwp%2Fv2%2Fcomments&post=1574"}],"wp:featuredmedia":[{"embeddable":true,"href":"https:\/\/pronautic.bitfire.com.mx\/index.php?rest_route=\/wp\/v2\/media\/1436"}],"wp:attachment":[{"href":"https:\/\/pronautic.bitfire.com.mx\/index.php?rest_route=%2Fwp%2Fv2%2Fmedia&parent=1574"}],"wp:term":[{"taxonomy":"product_brand","embeddable":true,"href":"https:\/\/pronautic.bitfire.com.mx\/index.php?rest_route=%2Fwp%2Fv2%2Fproduct_brand&post=1574"},{"taxonomy":"product_cat","embeddable":true,"href":"https:\/\/pronautic.bitfire.com.mx\/index.php?rest_route=%2Fwp%2Fv2%2Fproduct_cat&post=1574"},{"taxonomy":"product_tag","embeddable":true,"href":"https:\/\/pronautic.bitfire.com.mx\/index.php?rest_route=%2Fwp%2Fv2%2Fproduct_tag&post=1574"}],"curies":[{"name":"wp","href":"https:\/\/api.w.org\/{rel}","templated":true}]}}