{"id":1525,"date":"2025-05-14T10:15:51","date_gmt":"2025-05-14T10:15:51","guid":{"rendered":"https:\/\/pronautic.olalondev.com\/?post_type=product&#038;p=1525"},"modified":"2025-06-30T10:35:47","modified_gmt":"2025-06-30T10:35:47","slug":"formacion-sanitaria-especifica-avanzada-2","status":"publish","type":"product","link":"https:\/\/pronautic.bitfire.com.mx\/?product=formacion-sanitaria-especifica-avanzada-2","title":{"rendered":"Actualizaci\u00f3n Formaci\u00f3n Sanitaria Espec\u00edfica Avanzada"},"content":{"rendered":"","protected":false},"excerpt":{"rendered":"<p><strong>Desde 300\u20ac<\/strong><\/p>\n<p>El curso de Actualizaci\u00f3n Formaci\u00f3n Sanitaria Espec\u00edfica Avanzada aportar\u00e1 al alumnado los conocimientos avanzados necesarios para poder responder de forma r\u00e1pida con toda seguridad y autonom\u00eda a las urgencias y emergencias m\u00e9dicas m\u00e1s frecuentes que se pueden producir en la mar.<\/p>\n<p>El certificado obtenido est\u00e1 homologado por el Instituto Social de la Marina, siendo un certificado de Especialidad Mar\u00edtima refrendado por la Organizaci\u00f3n Mar\u00edtima Internacional (OMI).<\/p>\n<p>Todo el temario estar\u00e1 contextualizado con la mar. Este curso ser\u00e1 impartido por profesionales de la salud con a\u00f1os de experiencia en actuaciones de emergencia y en formaci\u00f3n.<\/p>\n","protected":false},"featured_media":2346,"comment_status":"open","ping_status":"closed","template":"","meta":{"_acf_changed":false,"_et_pb_use_builder":"","_et_pb_old_content":"","_et_gb_content_width":"","_joinchat":[]},"product_brand":[],"product_cat":[38,22],"product_tag":[],"class_list":{"0":"post-1525","1":"product","2":"type-product","3":"status-publish","4":"has-post-thumbnail","6":"product_cat-actualizaciones-stcw-barcelona-completas","7":"product_cat-cursos-stcw-barcelona","8":"bookacti-activity","10":"first","11":"instock","12":"sale","13":"virtual","14":"purchasable","15":"product-type-simple"},"acf":[],"yoast_head":"<!-- This site is optimized with the Yoast SEO plugin v26.5 - https:\/\/yoast.com\/wordpress\/plugins\/seo\/ -->\n<title>Actualizaci\u00f3n Formaci\u00f3n Sanitaria Espec\u00edfica Avanzada - Pronautic<\/title>\n<meta name=\"description\" content=\"Renueva tu certificado STCW con Pronautic: curso avanzado para actualizar tus competencias en atenci\u00f3n sanitaria a bordo en situaciones de emergencia.\" \/>\n<meta name=\"robots\" content=\"noindex, follow, max-snippet:-1, max-image-preview:large, max-video-preview:-1\" \/>\n<meta property=\"og:locale\" content=\"es_ES\" \/>\n<meta property=\"og:type\" content=\"article\" \/>\n<meta property=\"og:title\" content=\"Actualizaci\u00f3n Formaci\u00f3n Sanitaria Espec\u00edfica Avanzada - Pronautic\" \/>\n<meta property=\"og:description\" content=\"Renueva tu certificado STCW con Pronautic: curso avanzado para actualizar tus competencias en atenci\u00f3n sanitaria a bordo en situaciones de emergencia.\" \/>\n<meta property=\"og:url\" content=\"https:\/\/pronautic.bitfire.com.mx\/?product=formacion-sanitaria-especifica-avanzada-2\" \/>\n<meta property=\"og:site_name\" content=\"Pronautic\" \/>\n<meta property=\"article:modified_time\" content=\"2025-06-30T10:35:47+00:00\" \/>\n<meta property=\"og:image\" content=\"https:\/\/pronautic.bitfire.com.mx\/wp-content\/uploads\/2025\/05\/FSEspecifica-avanzada_resultat.webp\" \/>\n\t<meta property=\"og:image:width\" content=\"512\" \/>\n\t<meta property=\"og:image:height\" content=\"512\" \/>\n\t<meta property=\"og:image:type\" content=\"image\/webp\" \/>\n<meta name=\"twitter:card\" content=\"summary_large_image\" \/>\n<meta name=\"twitter:label1\" content=\"Tiempo de lectura\" \/>\n\t<meta name=\"twitter:data1\" content=\"1 minuto\" \/>\n<script type=\"application\/ld+json\" class=\"yoast-schema-graph\">{\"@context\":\"https:\/\/schema.org\",\"@graph\":[{\"@type\":\"WebPage\",\"@id\":\"https:\/\/pronautic.bitfire.com.mx\/?product=formacion-sanitaria-especifica-avanzada-2\",\"url\":\"https:\/\/pronautic.bitfire.com.mx\/?product=formacion-sanitaria-especifica-avanzada-2\",\"name\":\"Actualizaci\u00f3n Formaci\u00f3n Sanitaria Espec\u00edfica Avanzada - Pronautic\",\"isPartOf\":{\"@id\":\"https:\/\/pronautic.bitfire.com.mx\/#website\"},\"primaryImageOfPage\":{\"@id\":\"https:\/\/pronautic.bitfire.com.mx\/?product=formacion-sanitaria-especifica-avanzada-2#primaryimage\"},\"image\":{\"@id\":\"https:\/\/pronautic.bitfire.com.mx\/?product=formacion-sanitaria-especifica-avanzada-2#primaryimage\"},\"thumbnailUrl\":\"https:\/\/pronautic.bitfire.com.mx\/wp-content\/uploads\/2025\/05\/FSEspecifica-avanzada_resultat.webp\",\"datePublished\":\"2025-05-14T10:15:51+00:00\",\"dateModified\":\"2025-06-30T10:35:47+00:00\",\"description\":\"Renueva tu certificado STCW con Pronautic: curso avanzado para actualizar tus competencias en atenci\u00f3n sanitaria a bordo en situaciones de emergencia.\",\"breadcrumb\":{\"@id\":\"https:\/\/pronautic.bitfire.com.mx\/?product=formacion-sanitaria-especifica-avanzada-2#breadcrumb\"},\"inLanguage\":\"es\",\"potentialAction\":[{\"@type\":\"ReadAction\",\"target\":[\"https:\/\/pronautic.bitfire.com.mx\/?product=formacion-sanitaria-especifica-avanzada-2\"]}]},{\"@type\":\"ImageObject\",\"inLanguage\":\"es\",\"@id\":\"https:\/\/pronautic.bitfire.com.mx\/?product=formacion-sanitaria-especifica-avanzada-2#primaryimage\",\"url\":\"https:\/\/pronautic.bitfire.com.mx\/wp-content\/uploads\/2025\/05\/FSEspecifica-avanzada_resultat.webp\",\"contentUrl\":\"https:\/\/pronautic.bitfire.com.mx\/wp-content\/uploads\/2025\/05\/FSEspecifica-avanzada_resultat.webp\",\"width\":512,\"height\":512},{\"@type\":\"BreadcrumbList\",\"@id\":\"https:\/\/pronautic.bitfire.com.mx\/?product=formacion-sanitaria-especifica-avanzada-2#breadcrumb\",\"itemListElement\":[{\"@type\":\"ListItem\",\"position\":1,\"name\":\"Portada\",\"item\":\"https:\/\/pronautic.bitfire.com.mx\/\"},{\"@type\":\"ListItem\",\"position\":2,\"name\":\"Tienda\",\"item\":\"https:\/\/pronautic.bitfire.com.mx\/?page_id=10638\"},{\"@type\":\"ListItem\",\"position\":3,\"name\":\"Actualizaci\u00f3n Formaci\u00f3n Sanitaria Espec\u00edfica Avanzada\",\"item\":\"https:\/\/pronautic.bitfire.com.mx\/?product=formacion-sanitaria-especifica-avanzada-2\"}]},{\"@type\":\"WebSite\",\"@id\":\"https:\/\/pronautic.bitfire.com.mx\/#website\",\"url\":\"https:\/\/pronautic.bitfire.com.mx\/\",\"name\":\"Pronautic\",\"description\":\"Escuela n\u00e1utica en Barcelona | Fromaci\u00f3n marina\",\"potentialAction\":[{\"@type\":\"SearchAction\",\"target\":{\"@type\":\"EntryPoint\",\"urlTemplate\":\"https:\/\/pronautic.bitfire.com.mx\/?s={search_term_string}\"},\"query-input\":{\"@type\":\"PropertyValueSpecification\",\"valueRequired\":true,\"valueName\":\"search_term_string\"}}],\"inLanguage\":\"es\"}]}<\/script>\n<!-- \/ Yoast SEO plugin. -->","yoast_head_json":{"title":"Actualizaci\u00f3n Formaci\u00f3n Sanitaria Espec\u00edfica Avanzada - Pronautic","description":"Renueva tu certificado STCW con Pronautic: curso avanzado para actualizar tus competencias en atenci\u00f3n sanitaria a bordo en situaciones de emergencia.","robots":{"index":"noindex","follow":"follow","max-snippet":"max-snippet:-1","max-image-preview":"max-image-preview:large","max-video-preview":"max-video-preview:-1"},"og_locale":"es_ES","og_type":"article","og_title":"Actualizaci\u00f3n Formaci\u00f3n Sanitaria Espec\u00edfica Avanzada - Pronautic","og_description":"Renueva tu certificado STCW con Pronautic: curso avanzado para actualizar tus competencias en atenci\u00f3n sanitaria a bordo en situaciones de emergencia.","og_url":"https:\/\/pronautic.bitfire.com.mx\/?product=formacion-sanitaria-especifica-avanzada-2","og_site_name":"Pronautic","article_modified_time":"2025-06-30T10:35:47+00:00","og_image":[{"width":512,"height":512,"url":"https:\/\/pronautic.bitfire.com.mx\/wp-content\/uploads\/2025\/05\/FSEspecifica-avanzada_resultat.webp","type":"image\/webp"}],"twitter_card":"summary_large_image","twitter_misc":{"Tiempo de lectura":"1 minuto"},"schema":{"@context":"https:\/\/schema.org","@graph":[{"@type":"WebPage","@id":"https:\/\/pronautic.bitfire.com.mx\/?product=formacion-sanitaria-especifica-avanzada-2","url":"https:\/\/pronautic.bitfire.com.mx\/?product=formacion-sanitaria-especifica-avanzada-2","name":"Actualizaci\u00f3n Formaci\u00f3n Sanitaria Espec\u00edfica Avanzada - Pronautic","isPartOf":{"@id":"https:\/\/pronautic.bitfire.com.mx\/#website"},"primaryImageOfPage":{"@id":"https:\/\/pronautic.bitfire.com.mx\/?product=formacion-sanitaria-especifica-avanzada-2#primaryimage"},"image":{"@id":"https:\/\/pronautic.bitfire.com.mx\/?product=formacion-sanitaria-especifica-avanzada-2#primaryimage"},"thumbnailUrl":"https:\/\/pronautic.bitfire.com.mx\/wp-content\/uploads\/2025\/05\/FSEspecifica-avanzada_resultat.webp","datePublished":"2025-05-14T10:15:51+00:00","dateModified":"2025-06-30T10:35:47+00:00","description":"Renueva tu certificado STCW con Pronautic: curso avanzado para actualizar tus competencias en atenci\u00f3n sanitaria a bordo en situaciones de emergencia.","breadcrumb":{"@id":"https:\/\/pronautic.bitfire.com.mx\/?product=formacion-sanitaria-especifica-avanzada-2#breadcrumb"},"inLanguage":"es","potentialAction":[{"@type":"ReadAction","target":["https:\/\/pronautic.bitfire.com.mx\/?product=formacion-sanitaria-especifica-avanzada-2"]}]},{"@type":"ImageObject","inLanguage":"es","@id":"https:\/\/pronautic.bitfire.com.mx\/?product=formacion-sanitaria-especifica-avanzada-2#primaryimage","url":"https:\/\/pronautic.bitfire.com.mx\/wp-content\/uploads\/2025\/05\/FSEspecifica-avanzada_resultat.webp","contentUrl":"https:\/\/pronautic.bitfire.com.mx\/wp-content\/uploads\/2025\/05\/FSEspecifica-avanzada_resultat.webp","width":512,"height":512},{"@type":"BreadcrumbList","@id":"https:\/\/pronautic.bitfire.com.mx\/?product=formacion-sanitaria-especifica-avanzada-2#breadcrumb","itemListElement":[{"@type":"ListItem","position":1,"name":"Portada","item":"https:\/\/pronautic.bitfire.com.mx\/"},{"@type":"ListItem","position":2,"name":"Tienda","item":"https:\/\/pronautic.bitfire.com.mx\/?page_id=10638"},{"@type":"ListItem","position":3,"name":"Actualizaci\u00f3n Formaci\u00f3n Sanitaria Espec\u00edfica Avanzada","item":"https:\/\/pronautic.bitfire.com.mx\/?product=formacion-sanitaria-especifica-avanzada-2"}]},{"@type":"WebSite","@id":"https:\/\/pronautic.bitfire.com.mx\/#website","url":"https:\/\/pronautic.bitfire.com.mx\/","name":"Pronautic","description":"Escuela n\u00e1utica en Barcelona | Fromaci\u00f3n marina","potentialAction":[{"@type":"SearchAction","target":{"@type":"EntryPoint","urlTemplate":"https:\/\/pronautic.bitfire.com.mx\/?s={search_term_string}"},"query-input":{"@type":"PropertyValueSpecification","valueRequired":true,"valueName":"search_term_string"}}],"inLanguage":"es"}]}},"_links":{"self":[{"href":"https:\/\/pronautic.bitfire.com.mx\/index.php?rest_route=\/wp\/v2\/product\/1525","targetHints":{"allow":["GET"]}}],"collection":[{"href":"https:\/\/pronautic.bitfire.com.mx\/index.php?rest_route=\/wp\/v2\/product"}],"about":[{"href":"https:\/\/pronautic.bitfire.com.mx\/index.php?rest_route=\/wp\/v2\/types\/product"}],"replies":[{"embeddable":true,"href":"https:\/\/pronautic.bitfire.com.mx\/index.php?rest_route=%2Fwp%2Fv2%2Fcomments&post=1525"}],"wp:featuredmedia":[{"embeddable":true,"href":"https:\/\/pronautic.bitfire.com.mx\/index.php?rest_route=\/wp\/v2\/media\/2346"}],"wp:attachment":[{"href":"https:\/\/pronautic.bitfire.com.mx\/index.php?rest_route=%2Fwp%2Fv2%2Fmedia&parent=1525"}],"wp:term":[{"taxonomy":"product_brand","embeddable":true,"href":"https:\/\/pronautic.bitfire.com.mx\/index.php?rest_route=%2Fwp%2Fv2%2Fproduct_brand&post=1525"},{"taxonomy":"product_cat","embeddable":true,"href":"https:\/\/pronautic.bitfire.com.mx\/index.php?rest_route=%2Fwp%2Fv2%2Fproduct_cat&post=1525"},{"taxonomy":"product_tag","embeddable":true,"href":"https:\/\/pronautic.bitfire.com.mx\/index.php?rest_route=%2Fwp%2Fv2%2Fproduct_tag&post=1525"}],"curies":[{"name":"wp","href":"https:\/\/api.w.org\/{rel}","templated":true}]}}