{"id":1516,"date":"2025-05-14T10:05:52","date_gmt":"2025-05-14T10:05:52","guid":{"rendered":"https:\/\/pronautic.olalondev.com\/?post_type=product&#038;p=1516"},"modified":"2025-07-31T22:41:37","modified_gmt":"2025-07-31T22:41:37","slug":"actualizacion-formacion-sanitaria-especifica-inicial","status":"publish","type":"product","link":"https:\/\/pronautic.bitfire.com.mx\/?product=actualizacion-formacion-sanitaria-especifica-inicial","title":{"rendered":"Actualizaci\u00f3n Formaci\u00f3n Sanitaria Espec\u00edfica Inicial"},"content":{"rendered":"","protected":false},"excerpt":{"rendered":"<p><strong>Desde 179\u20ac<\/strong><\/p>\n<p>El curso de Formaci\u00f3n Sanitaria Espec\u00edfica Inicial aportar\u00e1 al alumnado conocimientos b\u00e1sicos e imprescindibles necesarios para poder responder de forma r\u00e1pida con toda seguridad y autonom\u00eda a las urgencias y emergencias m\u00e9dicas m\u00e1s frecuentes que se pueden producir en la mar.<\/p>\n<p>Certificado de Especialidad Mar\u00edtima homologado por el Instituto Social de la Marina (ISM) y refrendado por la Organizaci\u00f3n Mar\u00edtima Internacional (OMI).<\/p>\n","protected":false},"featured_media":2347,"comment_status":"open","ping_status":"closed","template":"","meta":{"_acf_changed":false,"_et_pb_use_builder":"","_et_pb_old_content":"","_et_gb_content_width":"","_joinchat":[]},"product_brand":[],"product_cat":[38,22],"product_tag":[],"class_list":{"0":"post-1516","1":"product","2":"type-product","3":"status-publish","4":"has-post-thumbnail","6":"product_cat-actualizaciones-stcw-barcelona-completas","7":"product_cat-cursos-stcw-barcelona","8":"bookacti-activity","10":"first","11":"instock","12":"sale","13":"virtual","14":"purchasable","15":"product-type-simple"},"acf":[],"yoast_head":"<!-- This site is optimized with the Yoast SEO plugin v26.5 - https:\/\/yoast.com\/wordpress\/plugins\/seo\/ -->\n<title>Actualizaci\u00f3n Formaci\u00f3n Sanitaria Espec\u00edfica Inicial - Pronautic<\/title>\n<meta name=\"description\" content=\"Actualizaci\u00f3n de Formaci\u00f3n Sanitaria Espec\u00edfica Inicial: curso oficial STCW para actualizar tus conocimientos en atenci\u00f3n m\u00e9dica a bordo.\" \/>\n<meta name=\"robots\" content=\"noindex, follow, max-snippet:-1, max-image-preview:large, max-video-preview:-1\" \/>\n<meta property=\"og:locale\" content=\"es_ES\" \/>\n<meta property=\"og:type\" content=\"article\" \/>\n<meta property=\"og:title\" content=\"Actualizaci\u00f3n Formaci\u00f3n Sanitaria Espec\u00edfica Inicial - Pronautic\" \/>\n<meta property=\"og:description\" content=\"Actualizaci\u00f3n de Formaci\u00f3n Sanitaria Espec\u00edfica Inicial: curso oficial STCW para actualizar tus conocimientos en atenci\u00f3n m\u00e9dica a bordo.\" \/>\n<meta property=\"og:url\" content=\"https:\/\/pronautic.bitfire.com.mx\/?product=actualizacion-formacion-sanitaria-especifica-inicial\" \/>\n<meta property=\"og:site_name\" content=\"Pronautic\" \/>\n<meta property=\"article:modified_time\" content=\"2025-07-31T22:41:37+00:00\" \/>\n<meta property=\"og:image\" content=\"https:\/\/pronautic.bitfire.com.mx\/wp-content\/uploads\/2025\/05\/FS-especfica-inicial_resultat.webp\" \/>\n\t<meta property=\"og:image:width\" content=\"512\" \/>\n\t<meta property=\"og:image:height\" content=\"512\" \/>\n\t<meta property=\"og:image:type\" content=\"image\/webp\" \/>\n<meta name=\"twitter:card\" content=\"summary_large_image\" \/>\n<meta name=\"twitter:label1\" content=\"Tiempo de lectura\" \/>\n\t<meta name=\"twitter:data1\" content=\"1 minuto\" \/>\n<script type=\"application\/ld+json\" class=\"yoast-schema-graph\">{\"@context\":\"https:\/\/schema.org\",\"@graph\":[{\"@type\":\"WebPage\",\"@id\":\"https:\/\/pronautic.bitfire.com.mx\/?product=actualizacion-formacion-sanitaria-especifica-inicial\",\"url\":\"https:\/\/pronautic.bitfire.com.mx\/?product=actualizacion-formacion-sanitaria-especifica-inicial\",\"name\":\"Actualizaci\u00f3n Formaci\u00f3n Sanitaria Espec\u00edfica Inicial - Pronautic\",\"isPartOf\":{\"@id\":\"https:\/\/pronautic.bitfire.com.mx\/#website\"},\"primaryImageOfPage\":{\"@id\":\"https:\/\/pronautic.bitfire.com.mx\/?product=actualizacion-formacion-sanitaria-especifica-inicial#primaryimage\"},\"image\":{\"@id\":\"https:\/\/pronautic.bitfire.com.mx\/?product=actualizacion-formacion-sanitaria-especifica-inicial#primaryimage\"},\"thumbnailUrl\":\"https:\/\/pronautic.bitfire.com.mx\/wp-content\/uploads\/2025\/05\/FS-especfica-inicial_resultat.webp\",\"datePublished\":\"2025-05-14T10:05:52+00:00\",\"dateModified\":\"2025-07-31T22:41:37+00:00\",\"description\":\"Actualizaci\u00f3n de Formaci\u00f3n Sanitaria Espec\u00edfica Inicial: curso oficial STCW para actualizar tus conocimientos en atenci\u00f3n m\u00e9dica a bordo.\",\"breadcrumb\":{\"@id\":\"https:\/\/pronautic.bitfire.com.mx\/?product=actualizacion-formacion-sanitaria-especifica-inicial#breadcrumb\"},\"inLanguage\":\"es\",\"potentialAction\":[{\"@type\":\"ReadAction\",\"target\":[\"https:\/\/pronautic.bitfire.com.mx\/?product=actualizacion-formacion-sanitaria-especifica-inicial\"]}]},{\"@type\":\"ImageObject\",\"inLanguage\":\"es\",\"@id\":\"https:\/\/pronautic.bitfire.com.mx\/?product=actualizacion-formacion-sanitaria-especifica-inicial#primaryimage\",\"url\":\"https:\/\/pronautic.bitfire.com.mx\/wp-content\/uploads\/2025\/05\/FS-especfica-inicial_resultat.webp\",\"contentUrl\":\"https:\/\/pronautic.bitfire.com.mx\/wp-content\/uploads\/2025\/05\/FS-especfica-inicial_resultat.webp\",\"width\":512,\"height\":512},{\"@type\":\"BreadcrumbList\",\"@id\":\"https:\/\/pronautic.bitfire.com.mx\/?product=actualizacion-formacion-sanitaria-especifica-inicial#breadcrumb\",\"itemListElement\":[{\"@type\":\"ListItem\",\"position\":1,\"name\":\"Portada\",\"item\":\"https:\/\/pronautic.bitfire.com.mx\/\"},{\"@type\":\"ListItem\",\"position\":2,\"name\":\"Tienda\",\"item\":\"https:\/\/pronautic.bitfire.com.mx\/?page_id=10638\"},{\"@type\":\"ListItem\",\"position\":3,\"name\":\"Actualizaci\u00f3n Formaci\u00f3n Sanitaria Espec\u00edfica Inicial\",\"item\":\"https:\/\/pronautic.bitfire.com.mx\/?product=actualizacion-formacion-sanitaria-especifica-inicial\"}]},{\"@type\":\"WebSite\",\"@id\":\"https:\/\/pronautic.bitfire.com.mx\/#website\",\"url\":\"https:\/\/pronautic.bitfire.com.mx\/\",\"name\":\"Pronautic\",\"description\":\"Escuela n\u00e1utica en Barcelona | Fromaci\u00f3n marina\",\"potentialAction\":[{\"@type\":\"SearchAction\",\"target\":{\"@type\":\"EntryPoint\",\"urlTemplate\":\"https:\/\/pronautic.bitfire.com.mx\/?s={search_term_string}\"},\"query-input\":{\"@type\":\"PropertyValueSpecification\",\"valueRequired\":true,\"valueName\":\"search_term_string\"}}],\"inLanguage\":\"es\"}]}<\/script>\n<!-- \/ Yoast SEO plugin. -->","yoast_head_json":{"title":"Actualizaci\u00f3n Formaci\u00f3n Sanitaria Espec\u00edfica Inicial - Pronautic","description":"Actualizaci\u00f3n de Formaci\u00f3n Sanitaria Espec\u00edfica Inicial: curso oficial STCW para actualizar tus conocimientos en atenci\u00f3n m\u00e9dica a bordo.","robots":{"index":"noindex","follow":"follow","max-snippet":"max-snippet:-1","max-image-preview":"max-image-preview:large","max-video-preview":"max-video-preview:-1"},"og_locale":"es_ES","og_type":"article","og_title":"Actualizaci\u00f3n Formaci\u00f3n Sanitaria Espec\u00edfica Inicial - Pronautic","og_description":"Actualizaci\u00f3n de Formaci\u00f3n Sanitaria Espec\u00edfica Inicial: curso oficial STCW para actualizar tus conocimientos en atenci\u00f3n m\u00e9dica a bordo.","og_url":"https:\/\/pronautic.bitfire.com.mx\/?product=actualizacion-formacion-sanitaria-especifica-inicial","og_site_name":"Pronautic","article_modified_time":"2025-07-31T22:41:37+00:00","og_image":[{"width":512,"height":512,"url":"https:\/\/pronautic.bitfire.com.mx\/wp-content\/uploads\/2025\/05\/FS-especfica-inicial_resultat.webp","type":"image\/webp"}],"twitter_card":"summary_large_image","twitter_misc":{"Tiempo de lectura":"1 minuto"},"schema":{"@context":"https:\/\/schema.org","@graph":[{"@type":"WebPage","@id":"https:\/\/pronautic.bitfire.com.mx\/?product=actualizacion-formacion-sanitaria-especifica-inicial","url":"https:\/\/pronautic.bitfire.com.mx\/?product=actualizacion-formacion-sanitaria-especifica-inicial","name":"Actualizaci\u00f3n Formaci\u00f3n Sanitaria Espec\u00edfica Inicial - Pronautic","isPartOf":{"@id":"https:\/\/pronautic.bitfire.com.mx\/#website"},"primaryImageOfPage":{"@id":"https:\/\/pronautic.bitfire.com.mx\/?product=actualizacion-formacion-sanitaria-especifica-inicial#primaryimage"},"image":{"@id":"https:\/\/pronautic.bitfire.com.mx\/?product=actualizacion-formacion-sanitaria-especifica-inicial#primaryimage"},"thumbnailUrl":"https:\/\/pronautic.bitfire.com.mx\/wp-content\/uploads\/2025\/05\/FS-especfica-inicial_resultat.webp","datePublished":"2025-05-14T10:05:52+00:00","dateModified":"2025-07-31T22:41:37+00:00","description":"Actualizaci\u00f3n de Formaci\u00f3n Sanitaria Espec\u00edfica Inicial: curso oficial STCW para actualizar tus conocimientos en atenci\u00f3n m\u00e9dica a bordo.","breadcrumb":{"@id":"https:\/\/pronautic.bitfire.com.mx\/?product=actualizacion-formacion-sanitaria-especifica-inicial#breadcrumb"},"inLanguage":"es","potentialAction":[{"@type":"ReadAction","target":["https:\/\/pronautic.bitfire.com.mx\/?product=actualizacion-formacion-sanitaria-especifica-inicial"]}]},{"@type":"ImageObject","inLanguage":"es","@id":"https:\/\/pronautic.bitfire.com.mx\/?product=actualizacion-formacion-sanitaria-especifica-inicial#primaryimage","url":"https:\/\/pronautic.bitfire.com.mx\/wp-content\/uploads\/2025\/05\/FS-especfica-inicial_resultat.webp","contentUrl":"https:\/\/pronautic.bitfire.com.mx\/wp-content\/uploads\/2025\/05\/FS-especfica-inicial_resultat.webp","width":512,"height":512},{"@type":"BreadcrumbList","@id":"https:\/\/pronautic.bitfire.com.mx\/?product=actualizacion-formacion-sanitaria-especifica-inicial#breadcrumb","itemListElement":[{"@type":"ListItem","position":1,"name":"Portada","item":"https:\/\/pronautic.bitfire.com.mx\/"},{"@type":"ListItem","position":2,"name":"Tienda","item":"https:\/\/pronautic.bitfire.com.mx\/?page_id=10638"},{"@type":"ListItem","position":3,"name":"Actualizaci\u00f3n Formaci\u00f3n Sanitaria Espec\u00edfica Inicial","item":"https:\/\/pronautic.bitfire.com.mx\/?product=actualizacion-formacion-sanitaria-especifica-inicial"}]},{"@type":"WebSite","@id":"https:\/\/pronautic.bitfire.com.mx\/#website","url":"https:\/\/pronautic.bitfire.com.mx\/","name":"Pronautic","description":"Escuela n\u00e1utica en Barcelona | Fromaci\u00f3n marina","potentialAction":[{"@type":"SearchAction","target":{"@type":"EntryPoint","urlTemplate":"https:\/\/pronautic.bitfire.com.mx\/?s={search_term_string}"},"query-input":{"@type":"PropertyValueSpecification","valueRequired":true,"valueName":"search_term_string"}}],"inLanguage":"es"}]}},"_links":{"self":[{"href":"https:\/\/pronautic.bitfire.com.mx\/index.php?rest_route=\/wp\/v2\/product\/1516","targetHints":{"allow":["GET"]}}],"collection":[{"href":"https:\/\/pronautic.bitfire.com.mx\/index.php?rest_route=\/wp\/v2\/product"}],"about":[{"href":"https:\/\/pronautic.bitfire.com.mx\/index.php?rest_route=\/wp\/v2\/types\/product"}],"replies":[{"embeddable":true,"href":"https:\/\/pronautic.bitfire.com.mx\/index.php?rest_route=%2Fwp%2Fv2%2Fcomments&post=1516"}],"wp:featuredmedia":[{"embeddable":true,"href":"https:\/\/pronautic.bitfire.com.mx\/index.php?rest_route=\/wp\/v2\/media\/2347"}],"wp:attachment":[{"href":"https:\/\/pronautic.bitfire.com.mx\/index.php?rest_route=%2Fwp%2Fv2%2Fmedia&parent=1516"}],"wp:term":[{"taxonomy":"product_brand","embeddable":true,"href":"https:\/\/pronautic.bitfire.com.mx\/index.php?rest_route=%2Fwp%2Fv2%2Fproduct_brand&post=1516"},{"taxonomy":"product_cat","embeddable":true,"href":"https:\/\/pronautic.bitfire.com.mx\/index.php?rest_route=%2Fwp%2Fv2%2Fproduct_cat&post=1516"},{"taxonomy":"product_tag","embeddable":true,"href":"https:\/\/pronautic.bitfire.com.mx\/index.php?rest_route=%2Fwp%2Fv2%2Fproduct_tag&post=1516"}],"curies":[{"name":"wp","href":"https:\/\/api.w.org\/{rel}","templated":true}]}}