{"id":1506,"date":"2025-05-14T09:46:46","date_gmt":"2025-05-14T09:46:46","guid":{"rendered":"https:\/\/pronautic.olalondev.com\/?post_type=product&#038;p=1506"},"modified":"2026-01-08T11:08:36","modified_gmt":"2026-01-08T11:08:36","slug":"actualizacion-botes-de-rescate-rapidos-2","status":"publish","type":"product","link":"https:\/\/pronautic.bitfire.com.mx\/?product=actualizacion-botes-de-rescate-rapidos-2","title":{"rendered":"Actualizaci\u00f3n Botes de Rescate R\u00e1pidos"},"content":{"rendered":"","protected":false},"excerpt":{"rendered":"<h5>ANTES 160\u20ac &#8211;<strong> AHORA 152\u20ac<\/strong><\/h5>\n<p id=\"tw-target-text\" class=\"tw-data-text tw-text-large XcVN5d tw-ta\" dir=\"ltr\" data-placeholder=\"Traducci\u00f3n\"><span lang=\"es\">El curso de Botes de Rescate R\u00e1pidos aportar\u00e1 conocimientos para gobernar y hacerse cargo de un bote de rescate r\u00e1pido en condiciones adversas de oleaje y climatol\u00f3gicas y, alcanzar\u00e1 los diversos tipos de b\u00fasqueda y rescate que se pueden emplear.<\/span><\/p>\n<p class=\"tw-data-text tw-text-large XcVN5d tw-ta\" dir=\"ltr\" data-placeholder=\"Traducci\u00f3n\"><span lang=\"es\">Certificado de Especialidad Mar\u00edtima homologado por la Direcci\u00f3n General de la Marina Mercante (DGMM) y refrendado por la Organizaci\u00f3n Mar\u00edtima Internacional (OMI).<\/span><\/p>\n","protected":false},"featured_media":1443,"comment_status":"open","ping_status":"closed","template":"","meta":{"_acf_changed":false,"_et_pb_use_builder":"","_et_pb_old_content":"","_et_gb_content_width":"","_joinchat":[]},"product_brand":[],"product_cat":[37,22],"product_tag":[],"class_list":{"0":"post-1506","1":"product","2":"type-product","3":"status-publish","4":"has-post-thumbnail","6":"product_cat-actualizaciones-stcw-barcelona-reducidas","7":"product_cat-cursos-stcw-barcelona","8":"bookacti-activity","10":"first","11":"instock","12":"sale","13":"virtual","14":"purchasable","15":"product-type-simple"},"acf":[],"yoast_head":"<!-- This site is optimized with the Yoast SEO plugin v26.5 - https:\/\/yoast.com\/wordpress\/plugins\/seo\/ -->\n<title>Actualizaci\u00f3n Botes de Rescate R\u00e1pidos - Pronautic<\/title>\n<meta name=\"description\" content=\"Actualiza tu certificado STCW con Pronautic: formaci\u00f3n oficial en actualizaci\u00f3n de botes de rescate r\u00e1pidos. Mant\u00e9n al d\u00eda tus habilidades.\" \/>\n<meta name=\"robots\" content=\"noindex, follow, max-snippet:-1, max-image-preview:large, max-video-preview:-1\" \/>\n<meta property=\"og:locale\" content=\"es_ES\" \/>\n<meta property=\"og:type\" content=\"article\" \/>\n<meta property=\"og:title\" content=\"Actualizaci\u00f3n Botes de Rescate R\u00e1pidos - Pronautic\" \/>\n<meta property=\"og:description\" content=\"Actualiza tu certificado STCW con Pronautic: formaci\u00f3n oficial en actualizaci\u00f3n de botes de rescate r\u00e1pidos. Mant\u00e9n al d\u00eda tus habilidades.\" \/>\n<meta property=\"og:url\" content=\"https:\/\/pronautic.bitfire.com.mx\/?product=actualizacion-botes-de-rescate-rapidos-2\" \/>\n<meta property=\"og:site_name\" content=\"Pronautic\" \/>\n<meta property=\"article:modified_time\" content=\"2026-01-08T11:08:36+00:00\" \/>\n<meta property=\"og:image\" content=\"https:\/\/pronautic.bitfire.com.mx\/wp-content\/uploads\/2025\/05\/IMG_5921_resultat.webp\" \/>\n\t<meta property=\"og:image:width\" content=\"810\" \/>\n\t<meta property=\"og:image:height\" content=\"540\" \/>\n\t<meta property=\"og:image:type\" content=\"image\/webp\" \/>\n<meta name=\"twitter:card\" content=\"summary_large_image\" \/>\n<meta name=\"twitter:label1\" content=\"Tiempo de lectura\" \/>\n\t<meta name=\"twitter:data1\" content=\"1 minuto\" \/>\n<script type=\"application\/ld+json\" class=\"yoast-schema-graph\">{\"@context\":\"https:\/\/schema.org\",\"@graph\":[{\"@type\":\"WebPage\",\"@id\":\"https:\/\/pronautic.bitfire.com.mx\/?product=actualizacion-botes-de-rescate-rapidos-2\",\"url\":\"https:\/\/pronautic.bitfire.com.mx\/?product=actualizacion-botes-de-rescate-rapidos-2\",\"name\":\"Actualizaci\u00f3n Botes de Rescate R\u00e1pidos - Pronautic\",\"isPartOf\":{\"@id\":\"https:\/\/pronautic.bitfire.com.mx\/#website\"},\"primaryImageOfPage\":{\"@id\":\"https:\/\/pronautic.bitfire.com.mx\/?product=actualizacion-botes-de-rescate-rapidos-2#primaryimage\"},\"image\":{\"@id\":\"https:\/\/pronautic.bitfire.com.mx\/?product=actualizacion-botes-de-rescate-rapidos-2#primaryimage\"},\"thumbnailUrl\":\"https:\/\/pronautic.bitfire.com.mx\/wp-content\/uploads\/2025\/05\/IMG_5921_resultat.webp\",\"datePublished\":\"2025-05-14T09:46:46+00:00\",\"dateModified\":\"2026-01-08T11:08:36+00:00\",\"description\":\"Actualiza tu certificado STCW con Pronautic: formaci\u00f3n oficial en actualizaci\u00f3n de botes de rescate r\u00e1pidos. Mant\u00e9n al d\u00eda tus habilidades.\",\"breadcrumb\":{\"@id\":\"https:\/\/pronautic.bitfire.com.mx\/?product=actualizacion-botes-de-rescate-rapidos-2#breadcrumb\"},\"inLanguage\":\"es\",\"potentialAction\":[{\"@type\":\"ReadAction\",\"target\":[\"https:\/\/pronautic.bitfire.com.mx\/?product=actualizacion-botes-de-rescate-rapidos-2\"]}]},{\"@type\":\"ImageObject\",\"inLanguage\":\"es\",\"@id\":\"https:\/\/pronautic.bitfire.com.mx\/?product=actualizacion-botes-de-rescate-rapidos-2#primaryimage\",\"url\":\"https:\/\/pronautic.bitfire.com.mx\/wp-content\/uploads\/2025\/05\/IMG_5921_resultat.webp\",\"contentUrl\":\"https:\/\/pronautic.bitfire.com.mx\/wp-content\/uploads\/2025\/05\/IMG_5921_resultat.webp\",\"width\":810,\"height\":540,\"caption\":\"Actualizaci\u00f3n botes de rescate r\u00e1pidos\"},{\"@type\":\"BreadcrumbList\",\"@id\":\"https:\/\/pronautic.bitfire.com.mx\/?product=actualizacion-botes-de-rescate-rapidos-2#breadcrumb\",\"itemListElement\":[{\"@type\":\"ListItem\",\"position\":1,\"name\":\"Portada\",\"item\":\"https:\/\/pronautic.bitfire.com.mx\/\"},{\"@type\":\"ListItem\",\"position\":2,\"name\":\"Tienda\",\"item\":\"https:\/\/pronautic.bitfire.com.mx\/?page_id=10638\"},{\"@type\":\"ListItem\",\"position\":3,\"name\":\"Actualizaci\u00f3n Botes de Rescate R\u00e1pidos\",\"item\":\"https:\/\/pronautic.bitfire.com.mx\/?product=actualizacion-botes-de-rescate-rapidos-2\"}]},{\"@type\":\"WebSite\",\"@id\":\"https:\/\/pronautic.bitfire.com.mx\/#website\",\"url\":\"https:\/\/pronautic.bitfire.com.mx\/\",\"name\":\"Pronautic\",\"description\":\"Escuela n\u00e1utica en Barcelona | Fromaci\u00f3n marina\",\"potentialAction\":[{\"@type\":\"SearchAction\",\"target\":{\"@type\":\"EntryPoint\",\"urlTemplate\":\"https:\/\/pronautic.bitfire.com.mx\/?s={search_term_string}\"},\"query-input\":{\"@type\":\"PropertyValueSpecification\",\"valueRequired\":true,\"valueName\":\"search_term_string\"}}],\"inLanguage\":\"es\"}]}<\/script>\n<!-- \/ Yoast SEO plugin. -->","yoast_head_json":{"title":"Actualizaci\u00f3n Botes de Rescate R\u00e1pidos - Pronautic","description":"Actualiza tu certificado STCW con Pronautic: formaci\u00f3n oficial en actualizaci\u00f3n de botes de rescate r\u00e1pidos. Mant\u00e9n al d\u00eda tus habilidades.","robots":{"index":"noindex","follow":"follow","max-snippet":"max-snippet:-1","max-image-preview":"max-image-preview:large","max-video-preview":"max-video-preview:-1"},"og_locale":"es_ES","og_type":"article","og_title":"Actualizaci\u00f3n Botes de Rescate R\u00e1pidos - Pronautic","og_description":"Actualiza tu certificado STCW con Pronautic: formaci\u00f3n oficial en actualizaci\u00f3n de botes de rescate r\u00e1pidos. Mant\u00e9n al d\u00eda tus habilidades.","og_url":"https:\/\/pronautic.bitfire.com.mx\/?product=actualizacion-botes-de-rescate-rapidos-2","og_site_name":"Pronautic","article_modified_time":"2026-01-08T11:08:36+00:00","og_image":[{"width":810,"height":540,"url":"https:\/\/pronautic.bitfire.com.mx\/wp-content\/uploads\/2025\/05\/IMG_5921_resultat.webp","type":"image\/webp"}],"twitter_card":"summary_large_image","twitter_misc":{"Tiempo de lectura":"1 minuto"},"schema":{"@context":"https:\/\/schema.org","@graph":[{"@type":"WebPage","@id":"https:\/\/pronautic.bitfire.com.mx\/?product=actualizacion-botes-de-rescate-rapidos-2","url":"https:\/\/pronautic.bitfire.com.mx\/?product=actualizacion-botes-de-rescate-rapidos-2","name":"Actualizaci\u00f3n Botes de Rescate R\u00e1pidos - Pronautic","isPartOf":{"@id":"https:\/\/pronautic.bitfire.com.mx\/#website"},"primaryImageOfPage":{"@id":"https:\/\/pronautic.bitfire.com.mx\/?product=actualizacion-botes-de-rescate-rapidos-2#primaryimage"},"image":{"@id":"https:\/\/pronautic.bitfire.com.mx\/?product=actualizacion-botes-de-rescate-rapidos-2#primaryimage"},"thumbnailUrl":"https:\/\/pronautic.bitfire.com.mx\/wp-content\/uploads\/2025\/05\/IMG_5921_resultat.webp","datePublished":"2025-05-14T09:46:46+00:00","dateModified":"2026-01-08T11:08:36+00:00","description":"Actualiza tu certificado STCW con Pronautic: formaci\u00f3n oficial en actualizaci\u00f3n de botes de rescate r\u00e1pidos. Mant\u00e9n al d\u00eda tus habilidades.","breadcrumb":{"@id":"https:\/\/pronautic.bitfire.com.mx\/?product=actualizacion-botes-de-rescate-rapidos-2#breadcrumb"},"inLanguage":"es","potentialAction":[{"@type":"ReadAction","target":["https:\/\/pronautic.bitfire.com.mx\/?product=actualizacion-botes-de-rescate-rapidos-2"]}]},{"@type":"ImageObject","inLanguage":"es","@id":"https:\/\/pronautic.bitfire.com.mx\/?product=actualizacion-botes-de-rescate-rapidos-2#primaryimage","url":"https:\/\/pronautic.bitfire.com.mx\/wp-content\/uploads\/2025\/05\/IMG_5921_resultat.webp","contentUrl":"https:\/\/pronautic.bitfire.com.mx\/wp-content\/uploads\/2025\/05\/IMG_5921_resultat.webp","width":810,"height":540,"caption":"Actualizaci\u00f3n botes de rescate r\u00e1pidos"},{"@type":"BreadcrumbList","@id":"https:\/\/pronautic.bitfire.com.mx\/?product=actualizacion-botes-de-rescate-rapidos-2#breadcrumb","itemListElement":[{"@type":"ListItem","position":1,"name":"Portada","item":"https:\/\/pronautic.bitfire.com.mx\/"},{"@type":"ListItem","position":2,"name":"Tienda","item":"https:\/\/pronautic.bitfire.com.mx\/?page_id=10638"},{"@type":"ListItem","position":3,"name":"Actualizaci\u00f3n Botes de Rescate R\u00e1pidos","item":"https:\/\/pronautic.bitfire.com.mx\/?product=actualizacion-botes-de-rescate-rapidos-2"}]},{"@type":"WebSite","@id":"https:\/\/pronautic.bitfire.com.mx\/#website","url":"https:\/\/pronautic.bitfire.com.mx\/","name":"Pronautic","description":"Escuela n\u00e1utica en Barcelona | Fromaci\u00f3n marina","potentialAction":[{"@type":"SearchAction","target":{"@type":"EntryPoint","urlTemplate":"https:\/\/pronautic.bitfire.com.mx\/?s={search_term_string}"},"query-input":{"@type":"PropertyValueSpecification","valueRequired":true,"valueName":"search_term_string"}}],"inLanguage":"es"}]}},"_links":{"self":[{"href":"https:\/\/pronautic.bitfire.com.mx\/index.php?rest_route=\/wp\/v2\/product\/1506","targetHints":{"allow":["GET"]}}],"collection":[{"href":"https:\/\/pronautic.bitfire.com.mx\/index.php?rest_route=\/wp\/v2\/product"}],"about":[{"href":"https:\/\/pronautic.bitfire.com.mx\/index.php?rest_route=\/wp\/v2\/types\/product"}],"replies":[{"embeddable":true,"href":"https:\/\/pronautic.bitfire.com.mx\/index.php?rest_route=%2Fwp%2Fv2%2Fcomments&post=1506"}],"wp:featuredmedia":[{"embeddable":true,"href":"https:\/\/pronautic.bitfire.com.mx\/index.php?rest_route=\/wp\/v2\/media\/1443"}],"wp:attachment":[{"href":"https:\/\/pronautic.bitfire.com.mx\/index.php?rest_route=%2Fwp%2Fv2%2Fmedia&parent=1506"}],"wp:term":[{"taxonomy":"product_brand","embeddable":true,"href":"https:\/\/pronautic.bitfire.com.mx\/index.php?rest_route=%2Fwp%2Fv2%2Fproduct_brand&post=1506"},{"taxonomy":"product_cat","embeddable":true,"href":"https:\/\/pronautic.bitfire.com.mx\/index.php?rest_route=%2Fwp%2Fv2%2Fproduct_cat&post=1506"},{"taxonomy":"product_tag","embeddable":true,"href":"https:\/\/pronautic.bitfire.com.mx\/index.php?rest_route=%2Fwp%2Fv2%2Fproduct_tag&post=1506"}],"curies":[{"name":"wp","href":"https:\/\/api.w.org\/{rel}","templated":true}]}}