{"id":1385,"date":"2025-05-13T12:00:33","date_gmt":"2025-05-13T12:00:33","guid":{"rendered":"https:\/\/pronautic.olalondev.com\/?post_type=product&#038;p=1385"},"modified":"2025-10-20T09:58:28","modified_gmt":"2025-10-20T09:58:28","slug":"radar-de-puntero-automatico-arpa","status":"publish","type":"product","link":"https:\/\/pronautic.bitfire.com.mx\/?product=radar-de-puntero-automatico-arpa","title":{"rendered":"Curso de Radar de Puntero Autom\u00e1tico (ARPA)"},"content":{"rendered":"","protected":false},"excerpt":{"rendered":"<div class=\"row descripcio-curs\">\n<div class=\"col-md-12\">\n<h3 data-start=\"112\" data-end=\"185\"><strong data-start=\"112\" data-end=\"183\">Aprende a manejar el Radar ARPA con nuestro curso STCW en Barcelona<\/strong><\/h3>\n<h5><strong>Desde 510\u20ac<\/strong><\/h5>\n<p data-start=\"210\" data-end=\"686\">El <strong data-start=\"213\" data-end=\"260\">curso de Radar de Puntero Autom\u00e1tico (ARPA)<\/strong> est\u00e1 dise\u00f1ado para dotar al alumnado de los conocimientos necesarios para seleccionar la mejor manera de presentaci\u00f3n del radar ARPA, ajustar los controles variables y aprovechar al m\u00e1ximo el rendimiento del sistema. Aprender\u00e1s a usar correctamente las alarmas operacionales y a extraer informaci\u00f3n sobre rumbo, velocidad y distancia m\u00ednima de los ecos, permitiendo tomar decisiones r\u00e1pidas y seguras durante la navegaci\u00f3n.<\/p>\n<p data-start=\"688\" data-end=\"896\">El curso se desarrolla conforme al <strong data-start=\"723\" data-end=\"791\">Reglamento Internacional para Prevenir Abordajes (RIPA o COLREG)<\/strong>, garantizando que se eviten situaciones de excesivo acercamiento y promoviendo la seguridad en la mar.<\/p>\n<p data-start=\"898\" data-end=\"1181\">Se trata de un <a href=\"https:\/\/pronautic.bitfire.com.mx\/categoria-producto\/cursos-stcw-barcelona\/\"><strong data-start=\"913\" data-end=\"940\">curso STCW en Barcelona<\/strong><\/a> con <strong data-start=\"945\" data-end=\"987\">certificaci\u00f3n de Especialidad Mar\u00edtima<\/strong>, homologado por la <strong data-start=\"1007\" data-end=\"1057\">Direcci\u00f3n General de la Marina Mercante (DGMM)<\/strong> y refrendado por la <strong data-start=\"1078\" data-end=\"1123\">Organizaci\u00f3n Mar\u00edtima Internacional (OMI)<\/strong>, asegurando formaci\u00f3n reconocida a nivel internacional.<\/p>\n<\/div>\n<\/div>\n","protected":false},"featured_media":1978,"comment_status":"open","ping_status":"closed","template":"","meta":{"_acf_changed":false,"_et_pb_use_builder":"","_et_pb_old_content":"","_et_gb_content_width":"","_joinchat":[]},"product_brand":[],"product_cat":[22],"product_tag":[],"class_list":{"0":"post-1385","1":"product","2":"type-product","3":"status-publish","4":"has-post-thumbnail","6":"product_cat-cursos-stcw-barcelona","8":"first","9":"instock","10":"sale","11":"shipping-taxable","12":"purchasable","13":"product-type-variable"},"acf":[],"yoast_head":"<!-- This site is optimized with the Yoast SEO plugin v26.5 - https:\/\/yoast.com\/wordpress\/plugins\/seo\/ -->\n<title>Curso Radar ARPA STCW en Barcelona \u2013 Certificaci\u00f3n Mar\u00edtima<\/title>\n<meta name=\"description\" content=\"Consigue el curso Radar ARPA con nuestra formaci\u00f3n STCW en Barcelona. Certificaci\u00f3n homologada DGMM y OMI. \u00a1Descubre m\u00e1s en Pronautic!\" \/>\n<meta name=\"robots\" content=\"noindex, follow, max-snippet:-1, max-image-preview:large, max-video-preview:-1\" \/>\n<meta property=\"og:locale\" content=\"es_ES\" \/>\n<meta property=\"og:type\" content=\"article\" \/>\n<meta property=\"og:title\" content=\"Curso Radar ARPA STCW en Barcelona \u2013 Certificaci\u00f3n Mar\u00edtima\" \/>\n<meta property=\"og:description\" content=\"Consigue el curso Radar ARPA con nuestra formaci\u00f3n STCW en Barcelona. Certificaci\u00f3n homologada DGMM y OMI. \u00a1Descubre m\u00e1s en Pronautic!\" \/>\n<meta property=\"og:url\" content=\"https:\/\/pronautic.bitfire.com.mx\/?product=radar-de-puntero-automatico-arpa\" \/>\n<meta property=\"og:site_name\" content=\"Pronautic\" \/>\n<meta property=\"article:modified_time\" content=\"2025-10-20T09:58:28+00:00\" \/>\n<meta property=\"og:image\" content=\"https:\/\/pronautic.bitfire.com.mx\/wp-content\/uploads\/2025\/05\/fotos-productos-STCW-7_resultat.webp\" \/>\n\t<meta property=\"og:image:width\" content=\"234\" \/>\n\t<meta property=\"og:image:height\" content=\"351\" \/>\n\t<meta property=\"og:image:type\" content=\"image\/webp\" \/>\n<meta name=\"twitter:card\" content=\"summary_large_image\" \/>\n<meta name=\"twitter:label1\" content=\"Tiempo de lectura\" \/>\n\t<meta name=\"twitter:data1\" content=\"1 minuto\" \/>\n<script type=\"application\/ld+json\" class=\"yoast-schema-graph\">{\"@context\":\"https:\/\/schema.org\",\"@graph\":[{\"@type\":\"WebPage\",\"@id\":\"https:\/\/pronautic.bitfire.com.mx\/?product=radar-de-puntero-automatico-arpa\",\"url\":\"https:\/\/pronautic.bitfire.com.mx\/?product=radar-de-puntero-automatico-arpa\",\"name\":\"Curso Radar ARPA STCW en Barcelona \u2013 Certificaci\u00f3n Mar\u00edtima\",\"isPartOf\":{\"@id\":\"https:\/\/pronautic.bitfire.com.mx\/#website\"},\"primaryImageOfPage\":{\"@id\":\"https:\/\/pronautic.bitfire.com.mx\/?product=radar-de-puntero-automatico-arpa#primaryimage\"},\"image\":{\"@id\":\"https:\/\/pronautic.bitfire.com.mx\/?product=radar-de-puntero-automatico-arpa#primaryimage\"},\"thumbnailUrl\":\"https:\/\/pronautic.bitfire.com.mx\/wp-content\/uploads\/2025\/05\/fotos-productos-STCW-7_resultat.webp\",\"datePublished\":\"2025-05-13T12:00:33+00:00\",\"dateModified\":\"2025-10-20T09:58:28+00:00\",\"description\":\"Consigue el curso Radar ARPA con nuestra formaci\u00f3n STCW en Barcelona. Certificaci\u00f3n homologada DGMM y OMI. \u00a1Descubre m\u00e1s en Pronautic!\",\"breadcrumb\":{\"@id\":\"https:\/\/pronautic.bitfire.com.mx\/?product=radar-de-puntero-automatico-arpa#breadcrumb\"},\"inLanguage\":\"es\",\"potentialAction\":[{\"@type\":\"ReadAction\",\"target\":[\"https:\/\/pronautic.bitfire.com.mx\/?product=radar-de-puntero-automatico-arpa\"]}]},{\"@type\":\"ImageObject\",\"inLanguage\":\"es\",\"@id\":\"https:\/\/pronautic.bitfire.com.mx\/?product=radar-de-puntero-automatico-arpa#primaryimage\",\"url\":\"https:\/\/pronautic.bitfire.com.mx\/wp-content\/uploads\/2025\/05\/fotos-productos-STCW-7_resultat.webp\",\"contentUrl\":\"https:\/\/pronautic.bitfire.com.mx\/wp-content\/uploads\/2025\/05\/fotos-productos-STCW-7_resultat.webp\",\"width\":234,\"height\":351},{\"@type\":\"BreadcrumbList\",\"@id\":\"https:\/\/pronautic.bitfire.com.mx\/?product=radar-de-puntero-automatico-arpa#breadcrumb\",\"itemListElement\":[{\"@type\":\"ListItem\",\"position\":1,\"name\":\"Portada\",\"item\":\"https:\/\/pronautic.bitfire.com.mx\/\"},{\"@type\":\"ListItem\",\"position\":2,\"name\":\"Tienda\",\"item\":\"https:\/\/pronautic.bitfire.com.mx\/?page_id=10638\"},{\"@type\":\"ListItem\",\"position\":3,\"name\":\"Curso de Radar de Puntero Autom\u00e1tico (ARPA)\",\"item\":\"https:\/\/pronautic.bitfire.com.mx\/?product=radar-de-puntero-automatico-arpa\"}]},{\"@type\":\"WebSite\",\"@id\":\"https:\/\/pronautic.bitfire.com.mx\/#website\",\"url\":\"https:\/\/pronautic.bitfire.com.mx\/\",\"name\":\"Pronautic\",\"description\":\"Escuela n\u00e1utica en Barcelona | Fromaci\u00f3n marina\",\"potentialAction\":[{\"@type\":\"SearchAction\",\"target\":{\"@type\":\"EntryPoint\",\"urlTemplate\":\"https:\/\/pronautic.bitfire.com.mx\/?s={search_term_string}\"},\"query-input\":{\"@type\":\"PropertyValueSpecification\",\"valueRequired\":true,\"valueName\":\"search_term_string\"}}],\"inLanguage\":\"es\"}]}<\/script>\n<!-- \/ Yoast SEO plugin. -->","yoast_head_json":{"title":"Curso Radar ARPA STCW en Barcelona \u2013 Certificaci\u00f3n Mar\u00edtima","description":"Consigue el curso Radar ARPA con nuestra formaci\u00f3n STCW en Barcelona. Certificaci\u00f3n homologada DGMM y OMI. \u00a1Descubre m\u00e1s en Pronautic!","robots":{"index":"noindex","follow":"follow","max-snippet":"max-snippet:-1","max-image-preview":"max-image-preview:large","max-video-preview":"max-video-preview:-1"},"og_locale":"es_ES","og_type":"article","og_title":"Curso Radar ARPA STCW en Barcelona \u2013 Certificaci\u00f3n Mar\u00edtima","og_description":"Consigue el curso Radar ARPA con nuestra formaci\u00f3n STCW en Barcelona. Certificaci\u00f3n homologada DGMM y OMI. \u00a1Descubre m\u00e1s en Pronautic!","og_url":"https:\/\/pronautic.bitfire.com.mx\/?product=radar-de-puntero-automatico-arpa","og_site_name":"Pronautic","article_modified_time":"2025-10-20T09:58:28+00:00","og_image":[{"width":234,"height":351,"url":"https:\/\/pronautic.bitfire.com.mx\/wp-content\/uploads\/2025\/05\/fotos-productos-STCW-7_resultat.webp","type":"image\/webp"}],"twitter_card":"summary_large_image","twitter_misc":{"Tiempo de lectura":"1 minuto"},"schema":{"@context":"https:\/\/schema.org","@graph":[{"@type":"WebPage","@id":"https:\/\/pronautic.bitfire.com.mx\/?product=radar-de-puntero-automatico-arpa","url":"https:\/\/pronautic.bitfire.com.mx\/?product=radar-de-puntero-automatico-arpa","name":"Curso Radar ARPA STCW en Barcelona \u2013 Certificaci\u00f3n Mar\u00edtima","isPartOf":{"@id":"https:\/\/pronautic.bitfire.com.mx\/#website"},"primaryImageOfPage":{"@id":"https:\/\/pronautic.bitfire.com.mx\/?product=radar-de-puntero-automatico-arpa#primaryimage"},"image":{"@id":"https:\/\/pronautic.bitfire.com.mx\/?product=radar-de-puntero-automatico-arpa#primaryimage"},"thumbnailUrl":"https:\/\/pronautic.bitfire.com.mx\/wp-content\/uploads\/2025\/05\/fotos-productos-STCW-7_resultat.webp","datePublished":"2025-05-13T12:00:33+00:00","dateModified":"2025-10-20T09:58:28+00:00","description":"Consigue el curso Radar ARPA con nuestra formaci\u00f3n STCW en Barcelona. Certificaci\u00f3n homologada DGMM y OMI. \u00a1Descubre m\u00e1s en Pronautic!","breadcrumb":{"@id":"https:\/\/pronautic.bitfire.com.mx\/?product=radar-de-puntero-automatico-arpa#breadcrumb"},"inLanguage":"es","potentialAction":[{"@type":"ReadAction","target":["https:\/\/pronautic.bitfire.com.mx\/?product=radar-de-puntero-automatico-arpa"]}]},{"@type":"ImageObject","inLanguage":"es","@id":"https:\/\/pronautic.bitfire.com.mx\/?product=radar-de-puntero-automatico-arpa#primaryimage","url":"https:\/\/pronautic.bitfire.com.mx\/wp-content\/uploads\/2025\/05\/fotos-productos-STCW-7_resultat.webp","contentUrl":"https:\/\/pronautic.bitfire.com.mx\/wp-content\/uploads\/2025\/05\/fotos-productos-STCW-7_resultat.webp","width":234,"height":351},{"@type":"BreadcrumbList","@id":"https:\/\/pronautic.bitfire.com.mx\/?product=radar-de-puntero-automatico-arpa#breadcrumb","itemListElement":[{"@type":"ListItem","position":1,"name":"Portada","item":"https:\/\/pronautic.bitfire.com.mx\/"},{"@type":"ListItem","position":2,"name":"Tienda","item":"https:\/\/pronautic.bitfire.com.mx\/?page_id=10638"},{"@type":"ListItem","position":3,"name":"Curso de Radar de Puntero Autom\u00e1tico (ARPA)","item":"https:\/\/pronautic.bitfire.com.mx\/?product=radar-de-puntero-automatico-arpa"}]},{"@type":"WebSite","@id":"https:\/\/pronautic.bitfire.com.mx\/#website","url":"https:\/\/pronautic.bitfire.com.mx\/","name":"Pronautic","description":"Escuela n\u00e1utica en Barcelona | Fromaci\u00f3n marina","potentialAction":[{"@type":"SearchAction","target":{"@type":"EntryPoint","urlTemplate":"https:\/\/pronautic.bitfire.com.mx\/?s={search_term_string}"},"query-input":{"@type":"PropertyValueSpecification","valueRequired":true,"valueName":"search_term_string"}}],"inLanguage":"es"}]}},"_links":{"self":[{"href":"https:\/\/pronautic.bitfire.com.mx\/index.php?rest_route=\/wp\/v2\/product\/1385","targetHints":{"allow":["GET"]}}],"collection":[{"href":"https:\/\/pronautic.bitfire.com.mx\/index.php?rest_route=\/wp\/v2\/product"}],"about":[{"href":"https:\/\/pronautic.bitfire.com.mx\/index.php?rest_route=\/wp\/v2\/types\/product"}],"replies":[{"embeddable":true,"href":"https:\/\/pronautic.bitfire.com.mx\/index.php?rest_route=%2Fwp%2Fv2%2Fcomments&post=1385"}],"wp:featuredmedia":[{"embeddable":true,"href":"https:\/\/pronautic.bitfire.com.mx\/index.php?rest_route=\/wp\/v2\/media\/1978"}],"wp:attachment":[{"href":"https:\/\/pronautic.bitfire.com.mx\/index.php?rest_route=%2Fwp%2Fv2%2Fmedia&parent=1385"}],"wp:term":[{"taxonomy":"product_brand","embeddable":true,"href":"https:\/\/pronautic.bitfire.com.mx\/index.php?rest_route=%2Fwp%2Fv2%2Fproduct_brand&post=1385"},{"taxonomy":"product_cat","embeddable":true,"href":"https:\/\/pronautic.bitfire.com.mx\/index.php?rest_route=%2Fwp%2Fv2%2Fproduct_cat&post=1385"},{"taxonomy":"product_tag","embeddable":true,"href":"https:\/\/pronautic.bitfire.com.mx\/index.php?rest_route=%2Fwp%2Fv2%2Fproduct_tag&post=1385"}],"curies":[{"name":"wp","href":"https:\/\/api.w.org\/{rel}","templated":true}]}}