{"id":1383,"date":"2025-05-13T11:55:07","date_gmt":"2025-05-13T11:55:07","guid":{"rendered":"https:\/\/pronautic.olalondev.com\/?post_type=product&#038;p=1383"},"modified":"2026-01-08T09:10:39","modified_gmt":"2026-01-08T09:10:39","slug":"curso-buques-de-pasaje","status":"publish","type":"product","link":"https:\/\/pronautic.bitfire.com.mx\/?product=curso-buques-de-pasaje","title":{"rendered":"Curso de Buques de Pasaje"},"content":{"rendered":"","protected":false},"excerpt":{"rendered":"<div class=\"row descripcio-curs\">\n<div class=\"col-md-12\">\n<h3><strong>Curso Buques de Pasaje \u2013 <a href=\"https:\/\/pronautic.bitfire.com.mx\/categoria-producto\/cursos-stcw-barcelona\/\">Curso STCW en Barcelona<\/a><\/strong><\/h3>\n<h5>ANTES 250\u20ac <strong>&#8211; AHORA 237,50\u20ac<\/strong><\/h5>\n<p data-start=\"357\" data-end=\"749\">El <strong data-start=\"360\" data-end=\"389\">curso de Buques de Pasaje<\/strong> est\u00e1 dise\u00f1ado para aportar al alumnado conocimientos completos sobre gesti\u00f3n de emergencias, control de multitudes, seguridad de pasajeros y tripulantes, as\u00ed como sobre la carga y la integridad del casco. Adem\u00e1s, se detallan los ejercicios peri\u00f3dicos, simulacros y la familiarizaci\u00f3n de los tripulantes para garantizar una operaci\u00f3n segura y eficaz a bordo.<\/p>\n<p data-start=\"751\" data-end=\"1048\">Se trata de un <a href=\"https:\/\/pronautic.bitfire.com.mx\/categoria-producto\/cursos-stcw-barcelona\/\"><strong data-start=\"766\" data-end=\"793\">curso STCW en Barcelona<\/strong><\/a> con <strong data-start=\"798\" data-end=\"840\">certificaci\u00f3n de Especialidad Mar\u00edtima<\/strong>, homologado por la <strong data-start=\"860\" data-end=\"910\">Direcci\u00f3n General de la Marina Mercante (DGMM)<\/strong> y refrendado por la <a href=\"https:\/\/www.imo.org\/es\/about\/pages\/default.aspx\"><strong data-start=\"931\" data-end=\"976\">Organizaci\u00f3n Mar\u00edtima Internacional (OMI)<\/strong><\/a>, cumpliendo con los est\u00e1ndares internacionales de formaci\u00f3n mar\u00edtima.<\/p>\n<\/div>\n<\/div>\n","protected":false},"featured_media":1436,"comment_status":"open","ping_status":"closed","template":"","meta":{"_acf_changed":false,"_et_pb_use_builder":"","_et_pb_old_content":"","_et_gb_content_width":"","_joinchat":[]},"product_brand":[],"product_cat":[22],"product_tag":[],"class_list":{"0":"post-1383","1":"product","2":"type-product","3":"status-publish","4":"has-post-thumbnail","6":"product_cat-cursos-stcw-barcelona","7":"bookacti-activity","9":"first","10":"instock","11":"sale","12":"virtual","13":"purchasable","14":"product-type-simple"},"acf":[],"yoast_head":"<!-- This site is optimized with the Yoast SEO plugin v26.5 - https:\/\/yoast.com\/wordpress\/plugins\/seo\/ -->\n<title>Curso Buques de Pasaje en Barcelona \u2013 Pronautic<\/title>\n<meta name=\"description\" content=\"Aprende gesti\u00f3n de emergencias y seguridad en Buques de Pasaje con nuestro curso STCW en Barcelona. Certificaci\u00f3n DGMM y OMI para tripulantes mar\u00edtimos.\" \/>\n<meta name=\"robots\" content=\"noindex, follow, max-snippet:-1, max-image-preview:large, max-video-preview:-1\" \/>\n<meta property=\"og:locale\" content=\"es_ES\" \/>\n<meta property=\"og:type\" content=\"article\" \/>\n<meta property=\"og:title\" content=\"Curso Buques de Pasaje en Barcelona \u2013 Pronautic\" \/>\n<meta property=\"og:description\" content=\"Aprende gesti\u00f3n de emergencias y seguridad en Buques de Pasaje con nuestro curso STCW en Barcelona. Certificaci\u00f3n DGMM y OMI para tripulantes mar\u00edtimos.\" \/>\n<meta property=\"og:url\" content=\"https:\/\/pronautic.bitfire.com.mx\/?product=curso-buques-de-pasaje\" \/>\n<meta property=\"og:site_name\" content=\"Pronautic\" \/>\n<meta property=\"article:modified_time\" content=\"2026-01-08T09:10:39+00:00\" \/>\n<meta property=\"og:image\" content=\"https:\/\/pronautic.bitfire.com.mx\/wp-content\/uploads\/2025\/05\/pexels-wendywei-13244470_resultat.webp\" \/>\n\t<meta property=\"og:image:width\" content=\"570\" \/>\n\t<meta property=\"og:image:height\" content=\"855\" \/>\n\t<meta property=\"og:image:type\" content=\"image\/webp\" \/>\n<meta name=\"twitter:card\" content=\"summary_large_image\" \/>\n<meta name=\"twitter:label1\" content=\"Tiempo de lectura\" \/>\n\t<meta name=\"twitter:data1\" content=\"1 minuto\" \/>\n<script type=\"application\/ld+json\" class=\"yoast-schema-graph\">{\"@context\":\"https:\/\/schema.org\",\"@graph\":[{\"@type\":\"WebPage\",\"@id\":\"https:\/\/pronautic.bitfire.com.mx\/?product=curso-buques-de-pasaje\",\"url\":\"https:\/\/pronautic.bitfire.com.mx\/?product=curso-buques-de-pasaje\",\"name\":\"Curso Buques de Pasaje en Barcelona \u2013 Pronautic\",\"isPartOf\":{\"@id\":\"https:\/\/pronautic.bitfire.com.mx\/#website\"},\"primaryImageOfPage\":{\"@id\":\"https:\/\/pronautic.bitfire.com.mx\/?product=curso-buques-de-pasaje#primaryimage\"},\"image\":{\"@id\":\"https:\/\/pronautic.bitfire.com.mx\/?product=curso-buques-de-pasaje#primaryimage\"},\"thumbnailUrl\":\"https:\/\/pronautic.bitfire.com.mx\/wp-content\/uploads\/2025\/05\/pexels-wendywei-13244470_resultat.webp\",\"datePublished\":\"2025-05-13T11:55:07+00:00\",\"dateModified\":\"2026-01-08T09:10:39+00:00\",\"description\":\"Aprende gesti\u00f3n de emergencias y seguridad en Buques de Pasaje con nuestro curso STCW en Barcelona. Certificaci\u00f3n DGMM y OMI para tripulantes mar\u00edtimos.\",\"breadcrumb\":{\"@id\":\"https:\/\/pronautic.bitfire.com.mx\/?product=curso-buques-de-pasaje#breadcrumb\"},\"inLanguage\":\"es\",\"potentialAction\":[{\"@type\":\"ReadAction\",\"target\":[\"https:\/\/pronautic.bitfire.com.mx\/?product=curso-buques-de-pasaje\"]}]},{\"@type\":\"ImageObject\",\"inLanguage\":\"es\",\"@id\":\"https:\/\/pronautic.bitfire.com.mx\/?product=curso-buques-de-pasaje#primaryimage\",\"url\":\"https:\/\/pronautic.bitfire.com.mx\/wp-content\/uploads\/2025\/05\/pexels-wendywei-13244470_resultat.webp\",\"contentUrl\":\"https:\/\/pronautic.bitfire.com.mx\/wp-content\/uploads\/2025\/05\/pexels-wendywei-13244470_resultat.webp\",\"width\":570,\"height\":855,\"caption\":\"Actualizaci\u00f3n buques de pasaje\"},{\"@type\":\"BreadcrumbList\",\"@id\":\"https:\/\/pronautic.bitfire.com.mx\/?product=curso-buques-de-pasaje#breadcrumb\",\"itemListElement\":[{\"@type\":\"ListItem\",\"position\":1,\"name\":\"Portada\",\"item\":\"https:\/\/pronautic.bitfire.com.mx\/\"},{\"@type\":\"ListItem\",\"position\":2,\"name\":\"Tienda\",\"item\":\"https:\/\/pronautic.bitfire.com.mx\/?page_id=10638\"},{\"@type\":\"ListItem\",\"position\":3,\"name\":\"Curso de Buques de Pasaje\",\"item\":\"https:\/\/pronautic.bitfire.com.mx\/?product=curso-buques-de-pasaje\"}]},{\"@type\":\"WebSite\",\"@id\":\"https:\/\/pronautic.bitfire.com.mx\/#website\",\"url\":\"https:\/\/pronautic.bitfire.com.mx\/\",\"name\":\"Pronautic\",\"description\":\"Escuela n\u00e1utica en Barcelona | Fromaci\u00f3n marina\",\"potentialAction\":[{\"@type\":\"SearchAction\",\"target\":{\"@type\":\"EntryPoint\",\"urlTemplate\":\"https:\/\/pronautic.bitfire.com.mx\/?s={search_term_string}\"},\"query-input\":{\"@type\":\"PropertyValueSpecification\",\"valueRequired\":true,\"valueName\":\"search_term_string\"}}],\"inLanguage\":\"es\"}]}<\/script>\n<!-- \/ Yoast SEO plugin. -->","yoast_head_json":{"title":"Curso Buques de Pasaje en Barcelona \u2013 Pronautic","description":"Aprende gesti\u00f3n de emergencias y seguridad en Buques de Pasaje con nuestro curso STCW en Barcelona. Certificaci\u00f3n DGMM y OMI para tripulantes mar\u00edtimos.","robots":{"index":"noindex","follow":"follow","max-snippet":"max-snippet:-1","max-image-preview":"max-image-preview:large","max-video-preview":"max-video-preview:-1"},"og_locale":"es_ES","og_type":"article","og_title":"Curso Buques de Pasaje en Barcelona \u2013 Pronautic","og_description":"Aprende gesti\u00f3n de emergencias y seguridad en Buques de Pasaje con nuestro curso STCW en Barcelona. Certificaci\u00f3n DGMM y OMI para tripulantes mar\u00edtimos.","og_url":"https:\/\/pronautic.bitfire.com.mx\/?product=curso-buques-de-pasaje","og_site_name":"Pronautic","article_modified_time":"2026-01-08T09:10:39+00:00","og_image":[{"width":570,"height":855,"url":"https:\/\/pronautic.bitfire.com.mx\/wp-content\/uploads\/2025\/05\/pexels-wendywei-13244470_resultat.webp","type":"image\/webp"}],"twitter_card":"summary_large_image","twitter_misc":{"Tiempo de lectura":"1 minuto"},"schema":{"@context":"https:\/\/schema.org","@graph":[{"@type":"WebPage","@id":"https:\/\/pronautic.bitfire.com.mx\/?product=curso-buques-de-pasaje","url":"https:\/\/pronautic.bitfire.com.mx\/?product=curso-buques-de-pasaje","name":"Curso Buques de Pasaje en Barcelona \u2013 Pronautic","isPartOf":{"@id":"https:\/\/pronautic.bitfire.com.mx\/#website"},"primaryImageOfPage":{"@id":"https:\/\/pronautic.bitfire.com.mx\/?product=curso-buques-de-pasaje#primaryimage"},"image":{"@id":"https:\/\/pronautic.bitfire.com.mx\/?product=curso-buques-de-pasaje#primaryimage"},"thumbnailUrl":"https:\/\/pronautic.bitfire.com.mx\/wp-content\/uploads\/2025\/05\/pexels-wendywei-13244470_resultat.webp","datePublished":"2025-05-13T11:55:07+00:00","dateModified":"2026-01-08T09:10:39+00:00","description":"Aprende gesti\u00f3n de emergencias y seguridad en Buques de Pasaje con nuestro curso STCW en Barcelona. Certificaci\u00f3n DGMM y OMI para tripulantes mar\u00edtimos.","breadcrumb":{"@id":"https:\/\/pronautic.bitfire.com.mx\/?product=curso-buques-de-pasaje#breadcrumb"},"inLanguage":"es","potentialAction":[{"@type":"ReadAction","target":["https:\/\/pronautic.bitfire.com.mx\/?product=curso-buques-de-pasaje"]}]},{"@type":"ImageObject","inLanguage":"es","@id":"https:\/\/pronautic.bitfire.com.mx\/?product=curso-buques-de-pasaje#primaryimage","url":"https:\/\/pronautic.bitfire.com.mx\/wp-content\/uploads\/2025\/05\/pexels-wendywei-13244470_resultat.webp","contentUrl":"https:\/\/pronautic.bitfire.com.mx\/wp-content\/uploads\/2025\/05\/pexels-wendywei-13244470_resultat.webp","width":570,"height":855,"caption":"Actualizaci\u00f3n buques de pasaje"},{"@type":"BreadcrumbList","@id":"https:\/\/pronautic.bitfire.com.mx\/?product=curso-buques-de-pasaje#breadcrumb","itemListElement":[{"@type":"ListItem","position":1,"name":"Portada","item":"https:\/\/pronautic.bitfire.com.mx\/"},{"@type":"ListItem","position":2,"name":"Tienda","item":"https:\/\/pronautic.bitfire.com.mx\/?page_id=10638"},{"@type":"ListItem","position":3,"name":"Curso de Buques de Pasaje","item":"https:\/\/pronautic.bitfire.com.mx\/?product=curso-buques-de-pasaje"}]},{"@type":"WebSite","@id":"https:\/\/pronautic.bitfire.com.mx\/#website","url":"https:\/\/pronautic.bitfire.com.mx\/","name":"Pronautic","description":"Escuela n\u00e1utica en Barcelona | Fromaci\u00f3n marina","potentialAction":[{"@type":"SearchAction","target":{"@type":"EntryPoint","urlTemplate":"https:\/\/pronautic.bitfire.com.mx\/?s={search_term_string}"},"query-input":{"@type":"PropertyValueSpecification","valueRequired":true,"valueName":"search_term_string"}}],"inLanguage":"es"}]}},"_links":{"self":[{"href":"https:\/\/pronautic.bitfire.com.mx\/index.php?rest_route=\/wp\/v2\/product\/1383","targetHints":{"allow":["GET"]}}],"collection":[{"href":"https:\/\/pronautic.bitfire.com.mx\/index.php?rest_route=\/wp\/v2\/product"}],"about":[{"href":"https:\/\/pronautic.bitfire.com.mx\/index.php?rest_route=\/wp\/v2\/types\/product"}],"replies":[{"embeddable":true,"href":"https:\/\/pronautic.bitfire.com.mx\/index.php?rest_route=%2Fwp%2Fv2%2Fcomments&post=1383"}],"wp:featuredmedia":[{"embeddable":true,"href":"https:\/\/pronautic.bitfire.com.mx\/index.php?rest_route=\/wp\/v2\/media\/1436"}],"wp:attachment":[{"href":"https:\/\/pronautic.bitfire.com.mx\/index.php?rest_route=%2Fwp%2Fv2%2Fmedia&parent=1383"}],"wp:term":[{"taxonomy":"product_brand","embeddable":true,"href":"https:\/\/pronautic.bitfire.com.mx\/index.php?rest_route=%2Fwp%2Fv2%2Fproduct_brand&post=1383"},{"taxonomy":"product_cat","embeddable":true,"href":"https:\/\/pronautic.bitfire.com.mx\/index.php?rest_route=%2Fwp%2Fv2%2Fproduct_cat&post=1383"},{"taxonomy":"product_tag","embeddable":true,"href":"https:\/\/pronautic.bitfire.com.mx\/index.php?rest_route=%2Fwp%2Fv2%2Fproduct_tag&post=1383"}],"curies":[{"name":"wp","href":"https:\/\/api.w.org\/{rel}","templated":true}]}}