{"id":1377,"date":"2025-05-13T11:42:39","date_gmt":"2025-05-13T11:42:39","guid":{"rendered":"https:\/\/pronautic.olalondev.com\/?post_type=product&#038;p=1377"},"modified":"2026-01-08T08:45:58","modified_gmt":"2026-01-08T08:45:58","slug":"oficial-de-proteccion-del-buque","status":"publish","type":"product","link":"https:\/\/pronautic.bitfire.com.mx\/?product=oficial-de-proteccion-del-buque","title":{"rendered":"Curso de Oficial de Protecci\u00f3n del Buque"},"content":{"rendered":"","protected":false},"excerpt":{"rendered":"<div class=\"row descripcio-curs\">\n<div class=\"col-md-12\">\n<h3><strong><a href=\"https:\/\/pronautic.bitfire.com.mx\/categoria-producto\/cursos-stcw-barcelona\/\">Formaci\u00f3n STCW<\/a> para Curso de Oficial de Protecci\u00f3n del Buque en Barcelona<\/strong><\/h3>\n<h5><strong>Desde 470\u20ac<\/strong><\/h5>\n<p data-start=\"330\" data-end=\"771\">El <strong data-start=\"333\" data-end=\"377\">curso de Oficial de Protecci\u00f3n del Buque<\/strong> est\u00e1 dise\u00f1ado para dotar al alumnado de los conocimientos necesarios para ejercer como responsable de protecci\u00f3n a bordo, bajo la supervisi\u00f3n del Capit\u00e1n y designaci\u00f3n de la compa\u00f1\u00eda naviera. Aprender\u00e1s a implementar y mantener el <strong data-start=\"609\" data-end=\"641\">Plan de Protecci\u00f3n del Buque<\/strong>, as\u00ed como a coordinar acciones con el oficial de la compa\u00f1\u00eda y con los oficiales de protecci\u00f3n de las instalaciones portuarias.<\/p>\n<p data-start=\"773\" data-end=\"1078\">Se trata de un <a href=\"https:\/\/pronautic.bitfire.com.mx\/categoria-producto\/cursos-stcw-barcelona\/\"><strong data-start=\"788\" data-end=\"815\">curso STCW en Barcelona<\/strong><\/a> con <strong data-start=\"820\" data-end=\"862\">certificaci\u00f3n de Especialidad Mar\u00edtima<\/strong>, homologado por la <strong data-start=\"882\" data-end=\"932\">Direcci\u00f3n General de la Marina Mercante (DGMM)<\/strong> y refrendado por la <strong data-start=\"953\" data-end=\"998\">Organizaci\u00f3n Mar\u00edtima Internacional (OMI)<\/strong>, cumpliendo los est\u00e1ndares internacionales de formaci\u00f3n mar\u00edtima y seguridad.<\/p>\n<p>Certificado\u00a0 de Especialidad Mar\u00edtima homologado por la Direcci\u00f3n General de la Marina Mercante (DGMM) i refrendado por la Organizaci\u00f3n Mar\u00edtima Internacional (OMI).<\/p>\n<\/div>\n<\/div>\n<div class=\"row detalls_curs text-center\">\n<div class=\"col-md-4 mb-3\"><\/div>\n<\/div>\n","protected":false},"featured_media":1976,"comment_status":"open","ping_status":"closed","template":"","meta":{"_acf_changed":false,"_et_pb_use_builder":"","_et_pb_old_content":"","_et_gb_content_width":"","_joinchat":[]},"product_brand":[],"product_cat":[22],"product_tag":[],"class_list":{"0":"post-1377","1":"product","2":"type-product","3":"status-publish","4":"has-post-thumbnail","6":"product_cat-cursos-stcw-barcelona","8":"first","9":"instock","10":"sale","11":"shipping-taxable","12":"purchasable","13":"product-type-variable"},"acf":[],"yoast_head":"<!-- This site is optimized with the Yoast SEO plugin v26.5 - https:\/\/yoast.com\/wordpress\/plugins\/seo\/ -->\n<title>Curso de Oficial de Protecci\u00f3n del Buque en Barcelona<\/title>\n<meta name=\"description\" content=\"Aprende a proteger buques y coordinar la seguridad mar\u00edtima con nuestro curso Oficial de Protecci\u00f3n del Buque STCW en Barcelona. Certificaci\u00f3n DGMM y OMI.\" \/>\n<meta name=\"robots\" content=\"noindex, follow, max-snippet:-1, max-image-preview:large, max-video-preview:-1\" \/>\n<meta property=\"og:locale\" content=\"es_ES\" \/>\n<meta property=\"og:type\" content=\"article\" \/>\n<meta property=\"og:title\" content=\"Curso de Oficial de Protecci\u00f3n del Buque en Barcelona\" \/>\n<meta property=\"og:description\" content=\"Aprende a proteger buques y coordinar la seguridad mar\u00edtima con nuestro curso Oficial de Protecci\u00f3n del Buque STCW en Barcelona. Certificaci\u00f3n DGMM y OMI.\" \/>\n<meta property=\"og:url\" content=\"https:\/\/pronautic.bitfire.com.mx\/?product=oficial-de-proteccion-del-buque\" \/>\n<meta property=\"og:site_name\" content=\"Pronautic\" \/>\n<meta property=\"article:modified_time\" content=\"2026-01-08T08:45:58+00:00\" \/>\n<meta property=\"og:image\" content=\"https:\/\/pronautic.bitfire.com.mx\/wp-content\/uploads\/2025\/05\/fotos-productos-STCW-5_resultat.webp\" \/>\n\t<meta property=\"og:image:width\" content=\"234\" \/>\n\t<meta property=\"og:image:height\" content=\"351\" \/>\n\t<meta property=\"og:image:type\" content=\"image\/webp\" \/>\n<meta name=\"twitter:card\" content=\"summary_large_image\" \/>\n<meta name=\"twitter:label1\" content=\"Tiempo de lectura\" \/>\n\t<meta name=\"twitter:data1\" content=\"1 minuto\" \/>\n<script type=\"application\/ld+json\" class=\"yoast-schema-graph\">{\"@context\":\"https:\/\/schema.org\",\"@graph\":[{\"@type\":\"WebPage\",\"@id\":\"https:\/\/pronautic.bitfire.com.mx\/?product=oficial-de-proteccion-del-buque\",\"url\":\"https:\/\/pronautic.bitfire.com.mx\/?product=oficial-de-proteccion-del-buque\",\"name\":\"Curso de Oficial de Protecci\u00f3n del Buque en Barcelona\",\"isPartOf\":{\"@id\":\"https:\/\/pronautic.bitfire.com.mx\/#website\"},\"primaryImageOfPage\":{\"@id\":\"https:\/\/pronautic.bitfire.com.mx\/?product=oficial-de-proteccion-del-buque#primaryimage\"},\"image\":{\"@id\":\"https:\/\/pronautic.bitfire.com.mx\/?product=oficial-de-proteccion-del-buque#primaryimage\"},\"thumbnailUrl\":\"https:\/\/pronautic.bitfire.com.mx\/wp-content\/uploads\/2025\/05\/fotos-productos-STCW-5_resultat.webp\",\"datePublished\":\"2025-05-13T11:42:39+00:00\",\"dateModified\":\"2026-01-08T08:45:58+00:00\",\"description\":\"Aprende a proteger buques y coordinar la seguridad mar\u00edtima con nuestro curso Oficial de Protecci\u00f3n del Buque STCW en Barcelona. Certificaci\u00f3n DGMM y OMI.\",\"breadcrumb\":{\"@id\":\"https:\/\/pronautic.bitfire.com.mx\/?product=oficial-de-proteccion-del-buque#breadcrumb\"},\"inLanguage\":\"es\",\"potentialAction\":[{\"@type\":\"ReadAction\",\"target\":[\"https:\/\/pronautic.bitfire.com.mx\/?product=oficial-de-proteccion-del-buque\"]}]},{\"@type\":\"ImageObject\",\"inLanguage\":\"es\",\"@id\":\"https:\/\/pronautic.bitfire.com.mx\/?product=oficial-de-proteccion-del-buque#primaryimage\",\"url\":\"https:\/\/pronautic.bitfire.com.mx\/wp-content\/uploads\/2025\/05\/fotos-productos-STCW-5_resultat.webp\",\"contentUrl\":\"https:\/\/pronautic.bitfire.com.mx\/wp-content\/uploads\/2025\/05\/fotos-productos-STCW-5_resultat.webp\",\"width\":234,\"height\":351},{\"@type\":\"BreadcrumbList\",\"@id\":\"https:\/\/pronautic.bitfire.com.mx\/?product=oficial-de-proteccion-del-buque#breadcrumb\",\"itemListElement\":[{\"@type\":\"ListItem\",\"position\":1,\"name\":\"Portada\",\"item\":\"https:\/\/pronautic.bitfire.com.mx\/\"},{\"@type\":\"ListItem\",\"position\":2,\"name\":\"Tienda\",\"item\":\"https:\/\/pronautic.bitfire.com.mx\/?page_id=10638\"},{\"@type\":\"ListItem\",\"position\":3,\"name\":\"Curso de Oficial de Protecci\u00f3n del Buque\",\"item\":\"https:\/\/pronautic.bitfire.com.mx\/?product=oficial-de-proteccion-del-buque\"}]},{\"@type\":\"WebSite\",\"@id\":\"https:\/\/pronautic.bitfire.com.mx\/#website\",\"url\":\"https:\/\/pronautic.bitfire.com.mx\/\",\"name\":\"Pronautic\",\"description\":\"Escuela n\u00e1utica en Barcelona | Fromaci\u00f3n marina\",\"potentialAction\":[{\"@type\":\"SearchAction\",\"target\":{\"@type\":\"EntryPoint\",\"urlTemplate\":\"https:\/\/pronautic.bitfire.com.mx\/?s={search_term_string}\"},\"query-input\":{\"@type\":\"PropertyValueSpecification\",\"valueRequired\":true,\"valueName\":\"search_term_string\"}}],\"inLanguage\":\"es\"}]}<\/script>\n<!-- \/ Yoast SEO plugin. -->","yoast_head_json":{"title":"Curso de Oficial de Protecci\u00f3n del Buque en Barcelona","description":"Aprende a proteger buques y coordinar la seguridad mar\u00edtima con nuestro curso Oficial de Protecci\u00f3n del Buque STCW en Barcelona. Certificaci\u00f3n DGMM y OMI.","robots":{"index":"noindex","follow":"follow","max-snippet":"max-snippet:-1","max-image-preview":"max-image-preview:large","max-video-preview":"max-video-preview:-1"},"og_locale":"es_ES","og_type":"article","og_title":"Curso de Oficial de Protecci\u00f3n del Buque en Barcelona","og_description":"Aprende a proteger buques y coordinar la seguridad mar\u00edtima con nuestro curso Oficial de Protecci\u00f3n del Buque STCW en Barcelona. Certificaci\u00f3n DGMM y OMI.","og_url":"https:\/\/pronautic.bitfire.com.mx\/?product=oficial-de-proteccion-del-buque","og_site_name":"Pronautic","article_modified_time":"2026-01-08T08:45:58+00:00","og_image":[{"width":234,"height":351,"url":"https:\/\/pronautic.bitfire.com.mx\/wp-content\/uploads\/2025\/05\/fotos-productos-STCW-5_resultat.webp","type":"image\/webp"}],"twitter_card":"summary_large_image","twitter_misc":{"Tiempo de lectura":"1 minuto"},"schema":{"@context":"https:\/\/schema.org","@graph":[{"@type":"WebPage","@id":"https:\/\/pronautic.bitfire.com.mx\/?product=oficial-de-proteccion-del-buque","url":"https:\/\/pronautic.bitfire.com.mx\/?product=oficial-de-proteccion-del-buque","name":"Curso de Oficial de Protecci\u00f3n del Buque en Barcelona","isPartOf":{"@id":"https:\/\/pronautic.bitfire.com.mx\/#website"},"primaryImageOfPage":{"@id":"https:\/\/pronautic.bitfire.com.mx\/?product=oficial-de-proteccion-del-buque#primaryimage"},"image":{"@id":"https:\/\/pronautic.bitfire.com.mx\/?product=oficial-de-proteccion-del-buque#primaryimage"},"thumbnailUrl":"https:\/\/pronautic.bitfire.com.mx\/wp-content\/uploads\/2025\/05\/fotos-productos-STCW-5_resultat.webp","datePublished":"2025-05-13T11:42:39+00:00","dateModified":"2026-01-08T08:45:58+00:00","description":"Aprende a proteger buques y coordinar la seguridad mar\u00edtima con nuestro curso Oficial de Protecci\u00f3n del Buque STCW en Barcelona. Certificaci\u00f3n DGMM y OMI.","breadcrumb":{"@id":"https:\/\/pronautic.bitfire.com.mx\/?product=oficial-de-proteccion-del-buque#breadcrumb"},"inLanguage":"es","potentialAction":[{"@type":"ReadAction","target":["https:\/\/pronautic.bitfire.com.mx\/?product=oficial-de-proteccion-del-buque"]}]},{"@type":"ImageObject","inLanguage":"es","@id":"https:\/\/pronautic.bitfire.com.mx\/?product=oficial-de-proteccion-del-buque#primaryimage","url":"https:\/\/pronautic.bitfire.com.mx\/wp-content\/uploads\/2025\/05\/fotos-productos-STCW-5_resultat.webp","contentUrl":"https:\/\/pronautic.bitfire.com.mx\/wp-content\/uploads\/2025\/05\/fotos-productos-STCW-5_resultat.webp","width":234,"height":351},{"@type":"BreadcrumbList","@id":"https:\/\/pronautic.bitfire.com.mx\/?product=oficial-de-proteccion-del-buque#breadcrumb","itemListElement":[{"@type":"ListItem","position":1,"name":"Portada","item":"https:\/\/pronautic.bitfire.com.mx\/"},{"@type":"ListItem","position":2,"name":"Tienda","item":"https:\/\/pronautic.bitfire.com.mx\/?page_id=10638"},{"@type":"ListItem","position":3,"name":"Curso de Oficial de Protecci\u00f3n del Buque","item":"https:\/\/pronautic.bitfire.com.mx\/?product=oficial-de-proteccion-del-buque"}]},{"@type":"WebSite","@id":"https:\/\/pronautic.bitfire.com.mx\/#website","url":"https:\/\/pronautic.bitfire.com.mx\/","name":"Pronautic","description":"Escuela n\u00e1utica en Barcelona | Fromaci\u00f3n marina","potentialAction":[{"@type":"SearchAction","target":{"@type":"EntryPoint","urlTemplate":"https:\/\/pronautic.bitfire.com.mx\/?s={search_term_string}"},"query-input":{"@type":"PropertyValueSpecification","valueRequired":true,"valueName":"search_term_string"}}],"inLanguage":"es"}]}},"_links":{"self":[{"href":"https:\/\/pronautic.bitfire.com.mx\/index.php?rest_route=\/wp\/v2\/product\/1377","targetHints":{"allow":["GET"]}}],"collection":[{"href":"https:\/\/pronautic.bitfire.com.mx\/index.php?rest_route=\/wp\/v2\/product"}],"about":[{"href":"https:\/\/pronautic.bitfire.com.mx\/index.php?rest_route=\/wp\/v2\/types\/product"}],"replies":[{"embeddable":true,"href":"https:\/\/pronautic.bitfire.com.mx\/index.php?rest_route=%2Fwp%2Fv2%2Fcomments&post=1377"}],"wp:featuredmedia":[{"embeddable":true,"href":"https:\/\/pronautic.bitfire.com.mx\/index.php?rest_route=\/wp\/v2\/media\/1976"}],"wp:attachment":[{"href":"https:\/\/pronautic.bitfire.com.mx\/index.php?rest_route=%2Fwp%2Fv2%2Fmedia&parent=1377"}],"wp:term":[{"taxonomy":"product_brand","embeddable":true,"href":"https:\/\/pronautic.bitfire.com.mx\/index.php?rest_route=%2Fwp%2Fv2%2Fproduct_brand&post=1377"},{"taxonomy":"product_cat","embeddable":true,"href":"https:\/\/pronautic.bitfire.com.mx\/index.php?rest_route=%2Fwp%2Fv2%2Fproduct_cat&post=1377"},{"taxonomy":"product_tag","embeddable":true,"href":"https:\/\/pronautic.bitfire.com.mx\/index.php?rest_route=%2Fwp%2Fv2%2Fproduct_tag&post=1377"}],"curies":[{"name":"wp","href":"https:\/\/api.w.org\/{rel}","templated":true}]}}