{"id":1375,"date":"2025-05-13T11:36:32","date_gmt":"2025-05-13T11:36:32","guid":{"rendered":"https:\/\/pronautic.olalondev.com\/?post_type=product&#038;p=1375"},"modified":"2026-01-08T08:48:36","modified_gmt":"2026-01-08T08:48:36","slug":"formacion-basica-en-proteccion-maritima","status":"publish","type":"product","link":"https:\/\/pronautic.bitfire.com.mx\/?product=formacion-basica-en-proteccion-maritima","title":{"rendered":"Curso de Formaci\u00f3n B\u00e1sica en Protecci\u00f3n Mar\u00edtima"},"content":{"rendered":"","protected":false},"excerpt":{"rendered":"<div class=\"row descripcio-curs\">\n<div class=\"col-md-12\">\n<h3><strong><a href=\"https:\/\/pronautic.bitfire.com.mx\/categoria-producto\/cursos-stcw-barcelona\/\">Formaci\u00f3n STCW<\/a> Curso de Formaci\u00f3n B\u00e1sica en Protecci\u00f3n Mar\u00edtima en Barcelona<\/strong><\/h3>\n<h5>ANTES 160\u20ac<strong> &#8211; AHORA 144\u20ac<\/strong><\/h5>\n<p data-start=\"348\" data-end=\"676\">El <strong data-start=\"351\" data-end=\"403\">curso de Formaci\u00f3n B\u00e1sica en Protecci\u00f3n Mar\u00edtima<\/strong> est\u00e1 dise\u00f1ado para dotar al alumnado de los conocimientos necesarios para contribuir a la seguridad mar\u00edtima. Los participantes aprender\u00e1n a reconocer riesgos y amenazas, comprender los sistemas de vigilancia y conocer los equipos y procedimientos de protecci\u00f3n a bordo.<\/p>\n<p data-start=\"678\" data-end=\"1013\">Se trata de un <a href=\"https:\/\/pronautic.bitfire.com.mx\/categoria-producto\/cursos-stcw-barcelona\/\"><strong data-start=\"693\" data-end=\"720\">curso STCW en Barcelona<\/strong><\/a> con <strong data-start=\"725\" data-end=\"767\">certificaci\u00f3n de Especialidad Mar\u00edtima<\/strong>, homologado por la <strong data-start=\"787\" data-end=\"837\">Direcci\u00f3n General de la Marina Mercante (DGMM)<\/strong> y refrendado por la <strong data-start=\"858\" data-end=\"903\">Organizaci\u00f3n Mar\u00edtima Internacional (OMI)<\/strong>, garantizando formaci\u00f3n profesional y cumplimiento de los est\u00e1ndares internacionales de seguridad mar\u00edtima.<\/p>\n<\/div>\n<\/div>\n<div class=\"row detalls_curs text-center\">\n<div class=\"col-md-4 mb-3\"><\/div>\n<\/div>\n","protected":false},"featured_media":1457,"comment_status":"open","ping_status":"closed","template":"","meta":{"_acf_changed":false,"_et_pb_use_builder":"","_et_pb_old_content":"","_et_gb_content_width":"","_joinchat":[]},"product_brand":[],"product_cat":[22],"product_tag":[],"class_list":{"0":"post-1375","1":"product","2":"type-product","3":"status-publish","4":"has-post-thumbnail","6":"product_cat-cursos-stcw-barcelona","8":"first","9":"instock","10":"sale","11":"shipping-taxable","12":"purchasable","13":"product-type-variable"},"acf":[],"yoast_head":"<!-- This site is optimized with the Yoast SEO plugin v26.5 - https:\/\/yoast.com\/wordpress\/plugins\/seo\/ -->\n<title>Curso de Formaci\u00f3n B\u00e1sica en Protecci\u00f3n Mar\u00edtima en Barcelona<\/title>\n<meta name=\"description\" content=\"Curso STCW de Protecci\u00f3n Mar\u00edtima en Pronautic: formaci\u00f3n oficial para identificar riesgos, prevenir amenazas y actuar ante situaciones de seguridad.\" \/>\n<meta name=\"robots\" content=\"noindex, follow, max-snippet:-1, max-image-preview:large, max-video-preview:-1\" \/>\n<meta property=\"og:locale\" content=\"es_ES\" \/>\n<meta property=\"og:type\" content=\"article\" \/>\n<meta property=\"og:title\" content=\"Curso de Formaci\u00f3n B\u00e1sica en Protecci\u00f3n Mar\u00edtima en Barcelona\" \/>\n<meta property=\"og:description\" content=\"Curso STCW de Protecci\u00f3n Mar\u00edtima en Pronautic: formaci\u00f3n oficial para identificar riesgos, prevenir amenazas y actuar ante situaciones de seguridad.\" \/>\n<meta property=\"og:url\" content=\"https:\/\/pronautic.bitfire.com.mx\/?product=formacion-basica-en-proteccion-maritima\" \/>\n<meta property=\"og:site_name\" content=\"Pronautic\" \/>\n<meta property=\"article:modified_time\" content=\"2026-01-08T08:48:36+00:00\" \/>\n<meta property=\"og:image\" content=\"https:\/\/pronautic.bitfire.com.mx\/wp-content\/uploads\/2025\/05\/IMG_5782-scaled.jpg\" \/>\n\t<meta property=\"og:image:width\" content=\"1707\" \/>\n\t<meta property=\"og:image:height\" content=\"2560\" \/>\n\t<meta property=\"og:image:type\" content=\"image\/jpeg\" \/>\n<meta name=\"twitter:card\" content=\"summary_large_image\" \/>\n<meta name=\"twitter:label1\" content=\"Tiempo de lectura\" \/>\n\t<meta name=\"twitter:data1\" content=\"1 minuto\" \/>\n<script type=\"application\/ld+json\" class=\"yoast-schema-graph\">{\"@context\":\"https:\/\/schema.org\",\"@graph\":[{\"@type\":\"WebPage\",\"@id\":\"https:\/\/pronautic.bitfire.com.mx\/?product=formacion-basica-en-proteccion-maritima\",\"url\":\"https:\/\/pronautic.bitfire.com.mx\/?product=formacion-basica-en-proteccion-maritima\",\"name\":\"Curso de Formaci\u00f3n B\u00e1sica en Protecci\u00f3n Mar\u00edtima en Barcelona\",\"isPartOf\":{\"@id\":\"https:\/\/pronautic.bitfire.com.mx\/#website\"},\"primaryImageOfPage\":{\"@id\":\"https:\/\/pronautic.bitfire.com.mx\/?product=formacion-basica-en-proteccion-maritima#primaryimage\"},\"image\":{\"@id\":\"https:\/\/pronautic.bitfire.com.mx\/?product=formacion-basica-en-proteccion-maritima#primaryimage\"},\"thumbnailUrl\":\"https:\/\/pronautic.bitfire.com.mx\/wp-content\/uploads\/2025\/05\/IMG_5782-scaled.jpg\",\"datePublished\":\"2025-05-13T11:36:32+00:00\",\"dateModified\":\"2026-01-08T08:48:36+00:00\",\"description\":\"Curso STCW de Protecci\u00f3n Mar\u00edtima en Pronautic: formaci\u00f3n oficial para identificar riesgos, prevenir amenazas y actuar ante situaciones de seguridad.\",\"breadcrumb\":{\"@id\":\"https:\/\/pronautic.bitfire.com.mx\/?product=formacion-basica-en-proteccion-maritima#breadcrumb\"},\"inLanguage\":\"es\",\"potentialAction\":[{\"@type\":\"ReadAction\",\"target\":[\"https:\/\/pronautic.bitfire.com.mx\/?product=formacion-basica-en-proteccion-maritima\"]}]},{\"@type\":\"ImageObject\",\"inLanguage\":\"es\",\"@id\":\"https:\/\/pronautic.bitfire.com.mx\/?product=formacion-basica-en-proteccion-maritima#primaryimage\",\"url\":\"https:\/\/pronautic.bitfire.com.mx\/wp-content\/uploads\/2025\/05\/IMG_5782-scaled.jpg\",\"contentUrl\":\"https:\/\/pronautic.bitfire.com.mx\/wp-content\/uploads\/2025\/05\/IMG_5782-scaled.jpg\",\"width\":1707,\"height\":2560,\"caption\":\"Formaci\u00f3n b\u00e1sica en protecci\u00f3n mar\u00edtima\"},{\"@type\":\"BreadcrumbList\",\"@id\":\"https:\/\/pronautic.bitfire.com.mx\/?product=formacion-basica-en-proteccion-maritima#breadcrumb\",\"itemListElement\":[{\"@type\":\"ListItem\",\"position\":1,\"name\":\"Portada\",\"item\":\"https:\/\/pronautic.bitfire.com.mx\/\"},{\"@type\":\"ListItem\",\"position\":2,\"name\":\"Tienda\",\"item\":\"https:\/\/pronautic.bitfire.com.mx\/?page_id=10638\"},{\"@type\":\"ListItem\",\"position\":3,\"name\":\"Curso de Formaci\u00f3n B\u00e1sica en Protecci\u00f3n Mar\u00edtima\",\"item\":\"https:\/\/pronautic.bitfire.com.mx\/?product=formacion-basica-en-proteccion-maritima\"}]},{\"@type\":\"WebSite\",\"@id\":\"https:\/\/pronautic.bitfire.com.mx\/#website\",\"url\":\"https:\/\/pronautic.bitfire.com.mx\/\",\"name\":\"Pronautic\",\"description\":\"Escuela n\u00e1utica en Barcelona | Fromaci\u00f3n marina\",\"potentialAction\":[{\"@type\":\"SearchAction\",\"target\":{\"@type\":\"EntryPoint\",\"urlTemplate\":\"https:\/\/pronautic.bitfire.com.mx\/?s={search_term_string}\"},\"query-input\":{\"@type\":\"PropertyValueSpecification\",\"valueRequired\":true,\"valueName\":\"search_term_string\"}}],\"inLanguage\":\"es\"}]}<\/script>\n<!-- \/ Yoast SEO plugin. -->","yoast_head_json":{"title":"Curso de Formaci\u00f3n B\u00e1sica en Protecci\u00f3n Mar\u00edtima en Barcelona","description":"Curso STCW de Protecci\u00f3n Mar\u00edtima en Pronautic: formaci\u00f3n oficial para identificar riesgos, prevenir amenazas y actuar ante situaciones de seguridad.","robots":{"index":"noindex","follow":"follow","max-snippet":"max-snippet:-1","max-image-preview":"max-image-preview:large","max-video-preview":"max-video-preview:-1"},"og_locale":"es_ES","og_type":"article","og_title":"Curso de Formaci\u00f3n B\u00e1sica en Protecci\u00f3n Mar\u00edtima en Barcelona","og_description":"Curso STCW de Protecci\u00f3n Mar\u00edtima en Pronautic: formaci\u00f3n oficial para identificar riesgos, prevenir amenazas y actuar ante situaciones de seguridad.","og_url":"https:\/\/pronautic.bitfire.com.mx\/?product=formacion-basica-en-proteccion-maritima","og_site_name":"Pronautic","article_modified_time":"2026-01-08T08:48:36+00:00","og_image":[{"width":1707,"height":2560,"url":"https:\/\/pronautic.bitfire.com.mx\/wp-content\/uploads\/2025\/05\/IMG_5782-scaled.jpg","type":"image\/jpeg"}],"twitter_card":"summary_large_image","twitter_misc":{"Tiempo de lectura":"1 minuto"},"schema":{"@context":"https:\/\/schema.org","@graph":[{"@type":"WebPage","@id":"https:\/\/pronautic.bitfire.com.mx\/?product=formacion-basica-en-proteccion-maritima","url":"https:\/\/pronautic.bitfire.com.mx\/?product=formacion-basica-en-proteccion-maritima","name":"Curso de Formaci\u00f3n B\u00e1sica en Protecci\u00f3n Mar\u00edtima en Barcelona","isPartOf":{"@id":"https:\/\/pronautic.bitfire.com.mx\/#website"},"primaryImageOfPage":{"@id":"https:\/\/pronautic.bitfire.com.mx\/?product=formacion-basica-en-proteccion-maritima#primaryimage"},"image":{"@id":"https:\/\/pronautic.bitfire.com.mx\/?product=formacion-basica-en-proteccion-maritima#primaryimage"},"thumbnailUrl":"https:\/\/pronautic.bitfire.com.mx\/wp-content\/uploads\/2025\/05\/IMG_5782-scaled.jpg","datePublished":"2025-05-13T11:36:32+00:00","dateModified":"2026-01-08T08:48:36+00:00","description":"Curso STCW de Protecci\u00f3n Mar\u00edtima en Pronautic: formaci\u00f3n oficial para identificar riesgos, prevenir amenazas y actuar ante situaciones de seguridad.","breadcrumb":{"@id":"https:\/\/pronautic.bitfire.com.mx\/?product=formacion-basica-en-proteccion-maritima#breadcrumb"},"inLanguage":"es","potentialAction":[{"@type":"ReadAction","target":["https:\/\/pronautic.bitfire.com.mx\/?product=formacion-basica-en-proteccion-maritima"]}]},{"@type":"ImageObject","inLanguage":"es","@id":"https:\/\/pronautic.bitfire.com.mx\/?product=formacion-basica-en-proteccion-maritima#primaryimage","url":"https:\/\/pronautic.bitfire.com.mx\/wp-content\/uploads\/2025\/05\/IMG_5782-scaled.jpg","contentUrl":"https:\/\/pronautic.bitfire.com.mx\/wp-content\/uploads\/2025\/05\/IMG_5782-scaled.jpg","width":1707,"height":2560,"caption":"Formaci\u00f3n b\u00e1sica en protecci\u00f3n mar\u00edtima"},{"@type":"BreadcrumbList","@id":"https:\/\/pronautic.bitfire.com.mx\/?product=formacion-basica-en-proteccion-maritima#breadcrumb","itemListElement":[{"@type":"ListItem","position":1,"name":"Portada","item":"https:\/\/pronautic.bitfire.com.mx\/"},{"@type":"ListItem","position":2,"name":"Tienda","item":"https:\/\/pronautic.bitfire.com.mx\/?page_id=10638"},{"@type":"ListItem","position":3,"name":"Curso de Formaci\u00f3n B\u00e1sica en Protecci\u00f3n Mar\u00edtima","item":"https:\/\/pronautic.bitfire.com.mx\/?product=formacion-basica-en-proteccion-maritima"}]},{"@type":"WebSite","@id":"https:\/\/pronautic.bitfire.com.mx\/#website","url":"https:\/\/pronautic.bitfire.com.mx\/","name":"Pronautic","description":"Escuela n\u00e1utica en Barcelona | Fromaci\u00f3n marina","potentialAction":[{"@type":"SearchAction","target":{"@type":"EntryPoint","urlTemplate":"https:\/\/pronautic.bitfire.com.mx\/?s={search_term_string}"},"query-input":{"@type":"PropertyValueSpecification","valueRequired":true,"valueName":"search_term_string"}}],"inLanguage":"es"}]}},"_links":{"self":[{"href":"https:\/\/pronautic.bitfire.com.mx\/index.php?rest_route=\/wp\/v2\/product\/1375","targetHints":{"allow":["GET"]}}],"collection":[{"href":"https:\/\/pronautic.bitfire.com.mx\/index.php?rest_route=\/wp\/v2\/product"}],"about":[{"href":"https:\/\/pronautic.bitfire.com.mx\/index.php?rest_route=\/wp\/v2\/types\/product"}],"replies":[{"embeddable":true,"href":"https:\/\/pronautic.bitfire.com.mx\/index.php?rest_route=%2Fwp%2Fv2%2Fcomments&post=1375"}],"wp:featuredmedia":[{"embeddable":true,"href":"https:\/\/pronautic.bitfire.com.mx\/index.php?rest_route=\/wp\/v2\/media\/1457"}],"wp:attachment":[{"href":"https:\/\/pronautic.bitfire.com.mx\/index.php?rest_route=%2Fwp%2Fv2%2Fmedia&parent=1375"}],"wp:term":[{"taxonomy":"product_brand","embeddable":true,"href":"https:\/\/pronautic.bitfire.com.mx\/index.php?rest_route=%2Fwp%2Fv2%2Fproduct_brand&post=1375"},{"taxonomy":"product_cat","embeddable":true,"href":"https:\/\/pronautic.bitfire.com.mx\/index.php?rest_route=%2Fwp%2Fv2%2Fproduct_cat&post=1375"},{"taxonomy":"product_tag","embeddable":true,"href":"https:\/\/pronautic.bitfire.com.mx\/index.php?rest_route=%2Fwp%2Fv2%2Fproduct_tag&post=1375"}],"curies":[{"name":"wp","href":"https:\/\/api.w.org\/{rel}","templated":true}]}}