{"id":1350,"date":"2025-05-13T10:45:57","date_gmt":"2025-05-13T10:45:57","guid":{"rendered":"https:\/\/pronautic.olalondev.com\/?post_type=product&#038;p=1350"},"modified":"2026-01-08T08:55:28","modified_gmt":"2026-01-08T08:55:28","slug":"avanzado-enlucha-contra-incendios","status":"publish","type":"product","link":"https:\/\/pronautic.bitfire.com.mx\/?product=avanzado-enlucha-contra-incendios","title":{"rendered":"Curso Avanzado en Lucha Contra Incendios"},"content":{"rendered":"","protected":false},"excerpt":{"rendered":"<h3 data-start=\"362\" data-end=\"470\"><strong data-start=\"362\" data-end=\"468\">Curso Lucha Contra Incendios Avanzada para tripulaci\u00f3n mar\u00edtima, <a href=\"https:\/\/pronautic.bitfire.com.mx\/categoria-producto\/cursos-stcw-barcelona\/\">STCW en Barcelona<\/a><\/strong><\/h3>\n<h5>ANTES 490\u20ac &#8211; <strong>AHORA 441\u20ac<\/strong><\/h5>\n<p data-start=\"433\" data-end=\"619\">El <strong data-start=\"436\" data-end=\"476\">Certificado de Especialidad Mar\u00edtima<\/strong> est\u00e1 homologado por la <strong data-start=\"500\" data-end=\"550\">Direcci\u00f3n General de la Marina Mercante (DGMM)<\/strong> y refrendado por la <strong data-start=\"571\" data-end=\"616\">Organizaci\u00f3n Mar\u00edtima Internacional (OMI)<\/strong>.<\/p>\n<p data-start=\"621\" data-end=\"1063\">El <strong data-start=\"624\" data-end=\"686\">curso Avanzado en Lucha Contra Incendios <a href=\"https:\/\/pronautic.bitfire.com.mx\/categoria-producto\/cursos-stcw-barcelona\/\">STCW en Barcelona<\/a><\/strong> aporta conocimientos esenciales en <strong data-start=\"722\" data-end=\"767\">organizaci\u00f3n de brigadas contra incendios<\/strong>, uso y mantenimiento de equipos, seguridad a bordo, m\u00e9todos de prevenci\u00f3n, protecci\u00f3n y extinci\u00f3n de incendios. La formaci\u00f3n pr\u00e1ctica se realiza en el <strong data-start=\"919\" data-end=\"950\">campo de fuego de ProNautic<\/strong>, especialmente dise\u00f1ado para la <strong data-start=\"983\" data-end=\"999\">gente de mar<\/strong> y tripulaci\u00f3n de buques mercantes, buques tanque y pesqueros.<\/p>\n<p data-start=\"1065\" data-end=\"1242\">Este <a href=\"https:\/\/pronautic.bitfire.com.mx\/categoria-producto\/cursos-stcw-barcelona\/\"><b>curso STCW en Barcelona<\/b><\/a>\u00a0garantiza que el personal mar\u00edtimo obtiene una formaci\u00f3n reconocida internacionalmente, cumpliendo los est\u00e1ndares del <strong data-start=\"1216\" data-end=\"1239\">Convenio STCW 78\/95<\/strong>.<\/p>\n","protected":false},"featured_media":1444,"comment_status":"open","ping_status":"closed","template":"","meta":{"_acf_changed":false,"_et_pb_use_builder":"","_et_pb_old_content":"","_et_gb_content_width":"","_joinchat":[]},"product_brand":[],"product_cat":[22],"product_tag":[],"class_list":{"0":"post-1350","1":"product","2":"type-product","3":"status-publish","4":"has-post-thumbnail","6":"product_cat-cursos-stcw-barcelona","7":"bookacti-activity","9":"first","10":"instock","11":"sale","12":"virtual","13":"purchasable","14":"product-type-simple"},"acf":[],"yoast_head":"<!-- This site is optimized with the Yoast SEO plugin v26.5 - https:\/\/yoast.com\/wordpress\/plugins\/seo\/ -->\n<title>Curso Avanzado de Lucha Contra Incendios STCW en Barcelona<\/title>\n<meta name=\"description\" content=\"Curso STCW en Barcelona de Lucha Contra Incendios Avanzado para tripulaci\u00f3n mar\u00edtima. Formaci\u00f3n te\u00f3rica y pr\u00e1ctica en campo de fuego especializado.\" \/>\n<meta name=\"robots\" content=\"noindex, follow, max-snippet:-1, max-image-preview:large, max-video-preview:-1\" \/>\n<meta property=\"og:locale\" content=\"es_ES\" \/>\n<meta property=\"og:type\" content=\"article\" \/>\n<meta property=\"og:title\" content=\"Curso Avanzado de Lucha Contra Incendios STCW en Barcelona\" \/>\n<meta property=\"og:description\" content=\"Curso STCW en Barcelona de Lucha Contra Incendios Avanzado para tripulaci\u00f3n mar\u00edtima. Formaci\u00f3n te\u00f3rica y pr\u00e1ctica en campo de fuego especializado.\" \/>\n<meta property=\"og:url\" content=\"https:\/\/pronautic.bitfire.com.mx\/?product=avanzado-enlucha-contra-incendios\" \/>\n<meta property=\"og:site_name\" content=\"Pronautic\" \/>\n<meta property=\"article:modified_time\" content=\"2026-01-08T08:55:28+00:00\" \/>\n<meta property=\"og:image\" content=\"https:\/\/pronautic.bitfire.com.mx\/wp-content\/uploads\/2025\/05\/DSC05121_resultat.webp\" \/>\n\t<meta property=\"og:image:width\" content=\"708\" \/>\n\t<meta property=\"og:image:height\" content=\"1060\" \/>\n\t<meta property=\"og:image:type\" content=\"image\/webp\" \/>\n<meta name=\"twitter:card\" content=\"summary_large_image\" \/>\n<meta name=\"twitter:label1\" content=\"Tiempo de lectura\" \/>\n\t<meta name=\"twitter:data1\" content=\"1 minuto\" \/>\n<script type=\"application\/ld+json\" class=\"yoast-schema-graph\">{\"@context\":\"https:\/\/schema.org\",\"@graph\":[{\"@type\":\"WebPage\",\"@id\":\"https:\/\/pronautic.bitfire.com.mx\/?product=avanzado-enlucha-contra-incendios\",\"url\":\"https:\/\/pronautic.bitfire.com.mx\/?product=avanzado-enlucha-contra-incendios\",\"name\":\"Curso Avanzado de Lucha Contra Incendios STCW en Barcelona\",\"isPartOf\":{\"@id\":\"https:\/\/pronautic.bitfire.com.mx\/#website\"},\"primaryImageOfPage\":{\"@id\":\"https:\/\/pronautic.bitfire.com.mx\/?product=avanzado-enlucha-contra-incendios#primaryimage\"},\"image\":{\"@id\":\"https:\/\/pronautic.bitfire.com.mx\/?product=avanzado-enlucha-contra-incendios#primaryimage\"},\"thumbnailUrl\":\"https:\/\/pronautic.bitfire.com.mx\/wp-content\/uploads\/2025\/05\/DSC05121_resultat.webp\",\"datePublished\":\"2025-05-13T10:45:57+00:00\",\"dateModified\":\"2026-01-08T08:55:28+00:00\",\"description\":\"Curso STCW en Barcelona de Lucha Contra Incendios Avanzado para tripulaci\u00f3n mar\u00edtima. Formaci\u00f3n te\u00f3rica y pr\u00e1ctica en campo de fuego especializado.\",\"breadcrumb\":{\"@id\":\"https:\/\/pronautic.bitfire.com.mx\/?product=avanzado-enlucha-contra-incendios#breadcrumb\"},\"inLanguage\":\"es\",\"potentialAction\":[{\"@type\":\"ReadAction\",\"target\":[\"https:\/\/pronautic.bitfire.com.mx\/?product=avanzado-enlucha-contra-incendios\"]}]},{\"@type\":\"ImageObject\",\"inLanguage\":\"es\",\"@id\":\"https:\/\/pronautic.bitfire.com.mx\/?product=avanzado-enlucha-contra-incendios#primaryimage\",\"url\":\"https:\/\/pronautic.bitfire.com.mx\/wp-content\/uploads\/2025\/05\/DSC05121_resultat.webp\",\"contentUrl\":\"https:\/\/pronautic.bitfire.com.mx\/wp-content\/uploads\/2025\/05\/DSC05121_resultat.webp\",\"width\":708,\"height\":1060,\"caption\":\"Actualizaci\u00f3n avanzado en lucha contra incendios completa\"},{\"@type\":\"BreadcrumbList\",\"@id\":\"https:\/\/pronautic.bitfire.com.mx\/?product=avanzado-enlucha-contra-incendios#breadcrumb\",\"itemListElement\":[{\"@type\":\"ListItem\",\"position\":1,\"name\":\"Portada\",\"item\":\"https:\/\/pronautic.bitfire.com.mx\/\"},{\"@type\":\"ListItem\",\"position\":2,\"name\":\"Tienda\",\"item\":\"https:\/\/pronautic.bitfire.com.mx\/?page_id=10638\"},{\"@type\":\"ListItem\",\"position\":3,\"name\":\"Curso Avanzado en Lucha Contra Incendios\",\"item\":\"https:\/\/pronautic.bitfire.com.mx\/?product=avanzado-enlucha-contra-incendios\"}]},{\"@type\":\"WebSite\",\"@id\":\"https:\/\/pronautic.bitfire.com.mx\/#website\",\"url\":\"https:\/\/pronautic.bitfire.com.mx\/\",\"name\":\"Pronautic\",\"description\":\"Escuela n\u00e1utica en Barcelona | Fromaci\u00f3n marina\",\"potentialAction\":[{\"@type\":\"SearchAction\",\"target\":{\"@type\":\"EntryPoint\",\"urlTemplate\":\"https:\/\/pronautic.bitfire.com.mx\/?s={search_term_string}\"},\"query-input\":{\"@type\":\"PropertyValueSpecification\",\"valueRequired\":true,\"valueName\":\"search_term_string\"}}],\"inLanguage\":\"es\"}]}<\/script>\n<!-- \/ Yoast SEO plugin. -->","yoast_head_json":{"title":"Curso Avanzado de Lucha Contra Incendios STCW en Barcelona","description":"Curso STCW en Barcelona de Lucha Contra Incendios Avanzado para tripulaci\u00f3n mar\u00edtima. Formaci\u00f3n te\u00f3rica y pr\u00e1ctica en campo de fuego especializado.","robots":{"index":"noindex","follow":"follow","max-snippet":"max-snippet:-1","max-image-preview":"max-image-preview:large","max-video-preview":"max-video-preview:-1"},"og_locale":"es_ES","og_type":"article","og_title":"Curso Avanzado de Lucha Contra Incendios STCW en Barcelona","og_description":"Curso STCW en Barcelona de Lucha Contra Incendios Avanzado para tripulaci\u00f3n mar\u00edtima. Formaci\u00f3n te\u00f3rica y pr\u00e1ctica en campo de fuego especializado.","og_url":"https:\/\/pronautic.bitfire.com.mx\/?product=avanzado-enlucha-contra-incendios","og_site_name":"Pronautic","article_modified_time":"2026-01-08T08:55:28+00:00","og_image":[{"width":708,"height":1060,"url":"https:\/\/pronautic.bitfire.com.mx\/wp-content\/uploads\/2025\/05\/DSC05121_resultat.webp","type":"image\/webp"}],"twitter_card":"summary_large_image","twitter_misc":{"Tiempo de lectura":"1 minuto"},"schema":{"@context":"https:\/\/schema.org","@graph":[{"@type":"WebPage","@id":"https:\/\/pronautic.bitfire.com.mx\/?product=avanzado-enlucha-contra-incendios","url":"https:\/\/pronautic.bitfire.com.mx\/?product=avanzado-enlucha-contra-incendios","name":"Curso Avanzado de Lucha Contra Incendios STCW en Barcelona","isPartOf":{"@id":"https:\/\/pronautic.bitfire.com.mx\/#website"},"primaryImageOfPage":{"@id":"https:\/\/pronautic.bitfire.com.mx\/?product=avanzado-enlucha-contra-incendios#primaryimage"},"image":{"@id":"https:\/\/pronautic.bitfire.com.mx\/?product=avanzado-enlucha-contra-incendios#primaryimage"},"thumbnailUrl":"https:\/\/pronautic.bitfire.com.mx\/wp-content\/uploads\/2025\/05\/DSC05121_resultat.webp","datePublished":"2025-05-13T10:45:57+00:00","dateModified":"2026-01-08T08:55:28+00:00","description":"Curso STCW en Barcelona de Lucha Contra Incendios Avanzado para tripulaci\u00f3n mar\u00edtima. Formaci\u00f3n te\u00f3rica y pr\u00e1ctica en campo de fuego especializado.","breadcrumb":{"@id":"https:\/\/pronautic.bitfire.com.mx\/?product=avanzado-enlucha-contra-incendios#breadcrumb"},"inLanguage":"es","potentialAction":[{"@type":"ReadAction","target":["https:\/\/pronautic.bitfire.com.mx\/?product=avanzado-enlucha-contra-incendios"]}]},{"@type":"ImageObject","inLanguage":"es","@id":"https:\/\/pronautic.bitfire.com.mx\/?product=avanzado-enlucha-contra-incendios#primaryimage","url":"https:\/\/pronautic.bitfire.com.mx\/wp-content\/uploads\/2025\/05\/DSC05121_resultat.webp","contentUrl":"https:\/\/pronautic.bitfire.com.mx\/wp-content\/uploads\/2025\/05\/DSC05121_resultat.webp","width":708,"height":1060,"caption":"Actualizaci\u00f3n avanzado en lucha contra incendios completa"},{"@type":"BreadcrumbList","@id":"https:\/\/pronautic.bitfire.com.mx\/?product=avanzado-enlucha-contra-incendios#breadcrumb","itemListElement":[{"@type":"ListItem","position":1,"name":"Portada","item":"https:\/\/pronautic.bitfire.com.mx\/"},{"@type":"ListItem","position":2,"name":"Tienda","item":"https:\/\/pronautic.bitfire.com.mx\/?page_id=10638"},{"@type":"ListItem","position":3,"name":"Curso Avanzado en Lucha Contra Incendios","item":"https:\/\/pronautic.bitfire.com.mx\/?product=avanzado-enlucha-contra-incendios"}]},{"@type":"WebSite","@id":"https:\/\/pronautic.bitfire.com.mx\/#website","url":"https:\/\/pronautic.bitfire.com.mx\/","name":"Pronautic","description":"Escuela n\u00e1utica en Barcelona | Fromaci\u00f3n marina","potentialAction":[{"@type":"SearchAction","target":{"@type":"EntryPoint","urlTemplate":"https:\/\/pronautic.bitfire.com.mx\/?s={search_term_string}"},"query-input":{"@type":"PropertyValueSpecification","valueRequired":true,"valueName":"search_term_string"}}],"inLanguage":"es"}]}},"_links":{"self":[{"href":"https:\/\/pronautic.bitfire.com.mx\/index.php?rest_route=\/wp\/v2\/product\/1350","targetHints":{"allow":["GET"]}}],"collection":[{"href":"https:\/\/pronautic.bitfire.com.mx\/index.php?rest_route=\/wp\/v2\/product"}],"about":[{"href":"https:\/\/pronautic.bitfire.com.mx\/index.php?rest_route=\/wp\/v2\/types\/product"}],"replies":[{"embeddable":true,"href":"https:\/\/pronautic.bitfire.com.mx\/index.php?rest_route=%2Fwp%2Fv2%2Fcomments&post=1350"}],"wp:featuredmedia":[{"embeddable":true,"href":"https:\/\/pronautic.bitfire.com.mx\/index.php?rest_route=\/wp\/v2\/media\/1444"}],"wp:attachment":[{"href":"https:\/\/pronautic.bitfire.com.mx\/index.php?rest_route=%2Fwp%2Fv2%2Fmedia&parent=1350"}],"wp:term":[{"taxonomy":"product_brand","embeddable":true,"href":"https:\/\/pronautic.bitfire.com.mx\/index.php?rest_route=%2Fwp%2Fv2%2Fproduct_brand&post=1350"},{"taxonomy":"product_cat","embeddable":true,"href":"https:\/\/pronautic.bitfire.com.mx\/index.php?rest_route=%2Fwp%2Fv2%2Fproduct_cat&post=1350"},{"taxonomy":"product_tag","embeddable":true,"href":"https:\/\/pronautic.bitfire.com.mx\/index.php?rest_route=%2Fwp%2Fv2%2Fproduct_tag&post=1350"}],"curies":[{"name":"wp","href":"https:\/\/api.w.org\/{rel}","templated":true}]}}