{"id":1342,"date":"2025-05-13T10:35:23","date_gmt":"2025-05-13T10:35:23","guid":{"rendered":"https:\/\/pronautic.olalondev.com\/?post_type=product&#038;p=1342"},"modified":"2025-11-28T20:22:05","modified_gmt":"2025-11-28T20:22:05","slug":"curso-formacion-sanitaria-especifica-inicial","status":"publish","type":"product","link":"https:\/\/pronautic.bitfire.com.mx\/?product=curso-formacion-sanitaria-especifica-inicial","title":{"rendered":"Curso Formaci\u00f3n Sanitaria Espec\u00edfica Inicial"},"content":{"rendered":"","protected":false},"excerpt":{"rendered":"<h3 data-start=\"298\" data-end=\"371\"><strong data-start=\"298\" data-end=\"369\">Curso de Formaci\u00f3n Sanitaria Espec\u00edfica Inicial \u2013 STCW en Barcelona<\/strong><\/h3>\n<h5><strong>Desde 345\u20ac<\/strong><\/h5>\n<p data-start=\"396\" data-end=\"669\">El <strong data-start=\"399\" data-end=\"468\">curso de Formaci\u00f3n Sanitaria Espec\u00edfica Inicial STCW en Barcelona<\/strong> proporciona al alumnado los conocimientos b\u00e1sicos e imprescindibles para <strong data-start=\"542\" data-end=\"590\">responder de forma r\u00e1pida, segura y aut\u00f3noma<\/strong> a las urgencias y emergencias m\u00e9dicas m\u00e1s frecuentes en el entorno mar\u00edtimo.<\/p>\n<p data-start=\"671\" data-end=\"1061\">Se trata de un <strong data-start=\"686\" data-end=\"745\">curso de Formaci\u00f3n Sanitaria Mar\u00edtima <a href=\"https:\/\/pronautic.bitfire.com.mx\/categoria-producto\/cursos-stcw-barcelona\/\">STCW en Barcelona<\/a><\/strong>, con <strong data-start=\"751\" data-end=\"791\">Certificado de Especialidad Mar\u00edtima<\/strong>, homologado por el <strong data-start=\"811\" data-end=\"850\">Instituto Social de la Marina (ISM)<\/strong> y refrendado por la <strong data-start=\"871\" data-end=\"916\">Organizaci\u00f3n Mar\u00edtima Internacional (OMI)<\/strong>, garantizando formaci\u00f3n profesional y reconocida internacionalmente para tripulaci\u00f3n y oficiales de buques mercantes, recreativos o pesqueros.<\/p>\n","protected":false},"featured_media":2347,"comment_status":"open","ping_status":"closed","template":"","meta":{"_acf_changed":false,"_et_pb_use_builder":"","_et_pb_old_content":"","_et_gb_content_width":"","_joinchat":[]},"product_brand":[],"product_cat":[22],"product_tag":[],"class_list":{"0":"post-1342","1":"product","2":"type-product","3":"status-publish","4":"has-post-thumbnail","6":"product_cat-cursos-stcw-barcelona","7":"bookacti-activity","9":"first","10":"instock","11":"sale","12":"virtual","13":"purchasable","14":"product-type-simple"},"acf":[],"yoast_head":"<!-- This site is optimized with the Yoast SEO plugin v26.5 - https:\/\/yoast.com\/wordpress\/plugins\/seo\/ -->\n<title>Formaci\u00f3n Sanitaria Espec\u00edfica Inicial STCW en Barcelona<\/title>\n<meta name=\"description\" content=\"Curso STCW en Barcelona de Formaci\u00f3n Sanitaria Espec\u00edfica Inicial. Capacitaci\u00f3n en urgencias y emergencias m\u00e9dicas para tripulaci\u00f3n mar\u00edtima.\" \/>\n<meta name=\"robots\" content=\"noindex, follow, max-snippet:-1, max-image-preview:large, max-video-preview:-1\" \/>\n<meta property=\"og:locale\" content=\"es_ES\" \/>\n<meta property=\"og:type\" content=\"article\" \/>\n<meta property=\"og:title\" content=\"Formaci\u00f3n Sanitaria Espec\u00edfica Inicial STCW en Barcelona\" \/>\n<meta property=\"og:description\" content=\"Curso STCW en Barcelona de Formaci\u00f3n Sanitaria Espec\u00edfica Inicial. Capacitaci\u00f3n en urgencias y emergencias m\u00e9dicas para tripulaci\u00f3n mar\u00edtima.\" \/>\n<meta property=\"og:url\" content=\"https:\/\/pronautic.bitfire.com.mx\/?product=curso-formacion-sanitaria-especifica-inicial\" \/>\n<meta property=\"og:site_name\" content=\"Pronautic\" \/>\n<meta property=\"article:modified_time\" content=\"2025-11-28T20:22:05+00:00\" \/>\n<meta property=\"og:image\" content=\"https:\/\/pronautic.bitfire.com.mx\/wp-content\/uploads\/2025\/05\/FS-especfica-inicial_resultat.webp\" \/>\n\t<meta property=\"og:image:width\" content=\"512\" \/>\n\t<meta property=\"og:image:height\" content=\"512\" \/>\n\t<meta property=\"og:image:type\" content=\"image\/webp\" \/>\n<meta name=\"twitter:card\" content=\"summary_large_image\" \/>\n<meta name=\"twitter:label1\" content=\"Tiempo de lectura\" \/>\n\t<meta name=\"twitter:data1\" content=\"1 minuto\" \/>\n<script type=\"application\/ld+json\" class=\"yoast-schema-graph\">{\"@context\":\"https:\/\/schema.org\",\"@graph\":[{\"@type\":\"WebPage\",\"@id\":\"https:\/\/pronautic.bitfire.com.mx\/?product=curso-formacion-sanitaria-especifica-inicial\",\"url\":\"https:\/\/pronautic.bitfire.com.mx\/?product=curso-formacion-sanitaria-especifica-inicial\",\"name\":\"Formaci\u00f3n Sanitaria Espec\u00edfica Inicial STCW en Barcelona\",\"isPartOf\":{\"@id\":\"https:\/\/pronautic.bitfire.com.mx\/#website\"},\"primaryImageOfPage\":{\"@id\":\"https:\/\/pronautic.bitfire.com.mx\/?product=curso-formacion-sanitaria-especifica-inicial#primaryimage\"},\"image\":{\"@id\":\"https:\/\/pronautic.bitfire.com.mx\/?product=curso-formacion-sanitaria-especifica-inicial#primaryimage\"},\"thumbnailUrl\":\"https:\/\/pronautic.bitfire.com.mx\/wp-content\/uploads\/2025\/05\/FS-especfica-inicial_resultat.webp\",\"datePublished\":\"2025-05-13T10:35:23+00:00\",\"dateModified\":\"2025-11-28T20:22:05+00:00\",\"description\":\"Curso STCW en Barcelona de Formaci\u00f3n Sanitaria Espec\u00edfica Inicial. Capacitaci\u00f3n en urgencias y emergencias m\u00e9dicas para tripulaci\u00f3n mar\u00edtima.\",\"breadcrumb\":{\"@id\":\"https:\/\/pronautic.bitfire.com.mx\/?product=curso-formacion-sanitaria-especifica-inicial#breadcrumb\"},\"inLanguage\":\"es\",\"potentialAction\":[{\"@type\":\"ReadAction\",\"target\":[\"https:\/\/pronautic.bitfire.com.mx\/?product=curso-formacion-sanitaria-especifica-inicial\"]}]},{\"@type\":\"ImageObject\",\"inLanguage\":\"es\",\"@id\":\"https:\/\/pronautic.bitfire.com.mx\/?product=curso-formacion-sanitaria-especifica-inicial#primaryimage\",\"url\":\"https:\/\/pronautic.bitfire.com.mx\/wp-content\/uploads\/2025\/05\/FS-especfica-inicial_resultat.webp\",\"contentUrl\":\"https:\/\/pronautic.bitfire.com.mx\/wp-content\/uploads\/2025\/05\/FS-especfica-inicial_resultat.webp\",\"width\":512,\"height\":512},{\"@type\":\"BreadcrumbList\",\"@id\":\"https:\/\/pronautic.bitfire.com.mx\/?product=curso-formacion-sanitaria-especifica-inicial#breadcrumb\",\"itemListElement\":[{\"@type\":\"ListItem\",\"position\":1,\"name\":\"Portada\",\"item\":\"https:\/\/pronautic.bitfire.com.mx\/\"},{\"@type\":\"ListItem\",\"position\":2,\"name\":\"Tienda\",\"item\":\"https:\/\/pronautic.bitfire.com.mx\/?page_id=10638\"},{\"@type\":\"ListItem\",\"position\":3,\"name\":\"Curso Formaci\u00f3n Sanitaria Espec\u00edfica Inicial\",\"item\":\"https:\/\/pronautic.bitfire.com.mx\/?product=curso-formacion-sanitaria-especifica-inicial\"}]},{\"@type\":\"WebSite\",\"@id\":\"https:\/\/pronautic.bitfire.com.mx\/#website\",\"url\":\"https:\/\/pronautic.bitfire.com.mx\/\",\"name\":\"Pronautic\",\"description\":\"Escuela n\u00e1utica en Barcelona | Fromaci\u00f3n marina\",\"potentialAction\":[{\"@type\":\"SearchAction\",\"target\":{\"@type\":\"EntryPoint\",\"urlTemplate\":\"https:\/\/pronautic.bitfire.com.mx\/?s={search_term_string}\"},\"query-input\":{\"@type\":\"PropertyValueSpecification\",\"valueRequired\":true,\"valueName\":\"search_term_string\"}}],\"inLanguage\":\"es\"}]}<\/script>\n<!-- \/ Yoast SEO plugin. -->","yoast_head_json":{"title":"Formaci\u00f3n Sanitaria Espec\u00edfica Inicial STCW en Barcelona","description":"Curso STCW en Barcelona de Formaci\u00f3n Sanitaria Espec\u00edfica Inicial. Capacitaci\u00f3n en urgencias y emergencias m\u00e9dicas para tripulaci\u00f3n mar\u00edtima.","robots":{"index":"noindex","follow":"follow","max-snippet":"max-snippet:-1","max-image-preview":"max-image-preview:large","max-video-preview":"max-video-preview:-1"},"og_locale":"es_ES","og_type":"article","og_title":"Formaci\u00f3n Sanitaria Espec\u00edfica Inicial STCW en Barcelona","og_description":"Curso STCW en Barcelona de Formaci\u00f3n Sanitaria Espec\u00edfica Inicial. Capacitaci\u00f3n en urgencias y emergencias m\u00e9dicas para tripulaci\u00f3n mar\u00edtima.","og_url":"https:\/\/pronautic.bitfire.com.mx\/?product=curso-formacion-sanitaria-especifica-inicial","og_site_name":"Pronautic","article_modified_time":"2025-11-28T20:22:05+00:00","og_image":[{"width":512,"height":512,"url":"https:\/\/pronautic.bitfire.com.mx\/wp-content\/uploads\/2025\/05\/FS-especfica-inicial_resultat.webp","type":"image\/webp"}],"twitter_card":"summary_large_image","twitter_misc":{"Tiempo de lectura":"1 minuto"},"schema":{"@context":"https:\/\/schema.org","@graph":[{"@type":"WebPage","@id":"https:\/\/pronautic.bitfire.com.mx\/?product=curso-formacion-sanitaria-especifica-inicial","url":"https:\/\/pronautic.bitfire.com.mx\/?product=curso-formacion-sanitaria-especifica-inicial","name":"Formaci\u00f3n Sanitaria Espec\u00edfica Inicial STCW en Barcelona","isPartOf":{"@id":"https:\/\/pronautic.bitfire.com.mx\/#website"},"primaryImageOfPage":{"@id":"https:\/\/pronautic.bitfire.com.mx\/?product=curso-formacion-sanitaria-especifica-inicial#primaryimage"},"image":{"@id":"https:\/\/pronautic.bitfire.com.mx\/?product=curso-formacion-sanitaria-especifica-inicial#primaryimage"},"thumbnailUrl":"https:\/\/pronautic.bitfire.com.mx\/wp-content\/uploads\/2025\/05\/FS-especfica-inicial_resultat.webp","datePublished":"2025-05-13T10:35:23+00:00","dateModified":"2025-11-28T20:22:05+00:00","description":"Curso STCW en Barcelona de Formaci\u00f3n Sanitaria Espec\u00edfica Inicial. Capacitaci\u00f3n en urgencias y emergencias m\u00e9dicas para tripulaci\u00f3n mar\u00edtima.","breadcrumb":{"@id":"https:\/\/pronautic.bitfire.com.mx\/?product=curso-formacion-sanitaria-especifica-inicial#breadcrumb"},"inLanguage":"es","potentialAction":[{"@type":"ReadAction","target":["https:\/\/pronautic.bitfire.com.mx\/?product=curso-formacion-sanitaria-especifica-inicial"]}]},{"@type":"ImageObject","inLanguage":"es","@id":"https:\/\/pronautic.bitfire.com.mx\/?product=curso-formacion-sanitaria-especifica-inicial#primaryimage","url":"https:\/\/pronautic.bitfire.com.mx\/wp-content\/uploads\/2025\/05\/FS-especfica-inicial_resultat.webp","contentUrl":"https:\/\/pronautic.bitfire.com.mx\/wp-content\/uploads\/2025\/05\/FS-especfica-inicial_resultat.webp","width":512,"height":512},{"@type":"BreadcrumbList","@id":"https:\/\/pronautic.bitfire.com.mx\/?product=curso-formacion-sanitaria-especifica-inicial#breadcrumb","itemListElement":[{"@type":"ListItem","position":1,"name":"Portada","item":"https:\/\/pronautic.bitfire.com.mx\/"},{"@type":"ListItem","position":2,"name":"Tienda","item":"https:\/\/pronautic.bitfire.com.mx\/?page_id=10638"},{"@type":"ListItem","position":3,"name":"Curso Formaci\u00f3n Sanitaria Espec\u00edfica Inicial","item":"https:\/\/pronautic.bitfire.com.mx\/?product=curso-formacion-sanitaria-especifica-inicial"}]},{"@type":"WebSite","@id":"https:\/\/pronautic.bitfire.com.mx\/#website","url":"https:\/\/pronautic.bitfire.com.mx\/","name":"Pronautic","description":"Escuela n\u00e1utica en Barcelona | Fromaci\u00f3n marina","potentialAction":[{"@type":"SearchAction","target":{"@type":"EntryPoint","urlTemplate":"https:\/\/pronautic.bitfire.com.mx\/?s={search_term_string}"},"query-input":{"@type":"PropertyValueSpecification","valueRequired":true,"valueName":"search_term_string"}}],"inLanguage":"es"}]}},"_links":{"self":[{"href":"https:\/\/pronautic.bitfire.com.mx\/index.php?rest_route=\/wp\/v2\/product\/1342","targetHints":{"allow":["GET"]}}],"collection":[{"href":"https:\/\/pronautic.bitfire.com.mx\/index.php?rest_route=\/wp\/v2\/product"}],"about":[{"href":"https:\/\/pronautic.bitfire.com.mx\/index.php?rest_route=\/wp\/v2\/types\/product"}],"replies":[{"embeddable":true,"href":"https:\/\/pronautic.bitfire.com.mx\/index.php?rest_route=%2Fwp%2Fv2%2Fcomments&post=1342"}],"wp:featuredmedia":[{"embeddable":true,"href":"https:\/\/pronautic.bitfire.com.mx\/index.php?rest_route=\/wp\/v2\/media\/2347"}],"wp:attachment":[{"href":"https:\/\/pronautic.bitfire.com.mx\/index.php?rest_route=%2Fwp%2Fv2%2Fmedia&parent=1342"}],"wp:term":[{"taxonomy":"product_brand","embeddable":true,"href":"https:\/\/pronautic.bitfire.com.mx\/index.php?rest_route=%2Fwp%2Fv2%2Fproduct_brand&post=1342"},{"taxonomy":"product_cat","embeddable":true,"href":"https:\/\/pronautic.bitfire.com.mx\/index.php?rest_route=%2Fwp%2Fv2%2Fproduct_cat&post=1342"},{"taxonomy":"product_tag","embeddable":true,"href":"https:\/\/pronautic.bitfire.com.mx\/index.php?rest_route=%2Fwp%2Fv2%2Fproduct_tag&post=1342"}],"curies":[{"name":"wp","href":"https:\/\/api.w.org\/{rel}","templated":true}]}}