{"id":1321,"date":"2025-05-13T10:19:52","date_gmt":"2025-05-13T10:19:52","guid":{"rendered":"https:\/\/pronautic.olalondev.com\/?post_type=product&#038;p=1321"},"modified":"2026-01-08T09:01:42","modified_gmt":"2026-01-08T09:01:42","slug":"embarcaciones-de-supervivencia-y-botes-de-rescate-no-rapidos","status":"publish","type":"product","link":"https:\/\/pronautic.bitfire.com.mx\/?product=embarcaciones-de-supervivencia-y-botes-de-rescate-no-rapidos","title":{"rendered":"Curso de Embarcaciones de Supervivencia y Botes de Rescate (No R\u00e1pidos)"},"content":{"rendered":"<h3 data-start=\"321\" data-end=\"439\"><strong data-start=\"321\" data-end=\"437\">Requisitos y certificaci\u00f3n <a href=\"https:\/\/pronautic.bitfire.com.mx\/categoria-producto\/cursos-stcw-barcelona\/\">STCW<\/a> en Barcelona para Embarcaciones de Supervivencia y Botes de Rescate (No R\u00e1pidos)<\/strong><\/h3>\n<p data-start=\"465\" data-end=\"661\">Seg\u00fan la <strong data-start=\"474\" data-end=\"497\">ORDEN FOM 2296\/2002<\/strong>, la posesi\u00f3n del <strong data-start=\"515\" data-end=\"616\">\u201cCertificado de Embarcaciones de Supervivencia y Botes de Rescate (No R\u00e1pidos)\u201d <a href=\"https:\/\/pronautic.bitfire.com.mx\/categoria-producto\/cursos-stcw-barcelona\/\">STCW en Barcelona<\/a><\/strong> es obligatoria para el siguiente personal:<\/p>\n<ul data-start=\"663\" data-end=\"1145\">\n<li data-start=\"663\" data-end=\"737\">\n<p data-start=\"665\" data-end=\"737\"><strong data-start=\"665\" data-end=\"714\">Capitanes y Oficiales de Puente y de M\u00e1quinas<\/strong> de buques de pasaje.<\/p>\n<\/li>\n<li data-start=\"738\" data-end=\"846\">\n<p data-start=\"740\" data-end=\"846\"><strong data-start=\"740\" data-end=\"789\">Capitanes y Oficiales de Puente y de M\u00e1quinas<\/strong> de buques mercantes de arqueo bruto superior a 75 TRB.<\/p>\n<\/li>\n<li data-start=\"847\" data-end=\"952\">\n<p data-start=\"849\" data-end=\"952\"><strong data-start=\"849\" data-end=\"898\">Capitanes y Oficiales de Puente y de M\u00e1quinas<\/strong> de buques pesqueros mayores de 20 metros de eslora.<\/p>\n<\/li>\n<li data-start=\"953\" data-end=\"1145\">\n<p data-start=\"955\" data-end=\"1145\"><strong data-start=\"955\" data-end=\"992\">Marineros de Puente y de M\u00e1quinas<\/strong> de buques mercantes con funciones asignadas en el manejo de embarcaciones de supervivencia y botes de rescate en los buques mencionados anteriormente.<\/p>\n<\/li>\n<\/ul>\n<p data-start=\"1147\" data-end=\"1570\">La <strong data-start=\"1150\" data-end=\"1173\">ORDEN FOM 2296\/2002<\/strong>, que regula y desarrolla este certificado, se basa en <strong data-start=\"1228\" data-end=\"1357\">bases internacionales comunes en materia de formaci\u00f3n mar\u00edtima y n\u00e1utica establecidas por el Convenio de Formaci\u00f3n STCW 78-95<\/strong>. Por ello, el <strong data-start=\"1372\" data-end=\"1504\">curso de Embarcaciones de Supervivencia y Botes de Rescate (No R\u00e1pidos) realizado en <a href=\"https:\/\/pronautic.bitfire.com.mx\">ProNautic Training Centre STCW en Barcelona<\/a><\/strong> cumple completamente con los requerimientos del mismo Convenio.<\/p>\n<h4 data-start=\"1572\" data-end=\"1656\"><strong>Certificado de Embarcaciones de Supervivencia y Botes de Rescate (No R\u00e1pidos)<\/strong><\/h4>\n<p data-start=\"1658\" data-end=\"2034\">Para obtener este <strong data-start=\"1676\" data-end=\"1716\">Certificado de Especialidad Mar\u00edtima<\/strong>, homologado por la <strong data-start=\"1736\" data-end=\"1786\">Direcci\u00f3n General de la Marina Mercante (DGMM)<\/strong> y refrendado por la <strong data-start=\"1807\" data-end=\"1852\">Organizaci\u00f3n Mar\u00edtima Internacional (OMI)<\/strong>, es imprescindible realizar el curso de <strong data-start=\"1893\" data-end=\"1996\">Embarcaciones de Supervivencia y Botes de Rescate (No R\u00e1pidos) en un centro de formaci\u00f3n homologado<\/strong>, como el de <a href=\"https:\/\/pronautic.bitfire.com.mx\/\">ProNautic<\/a> en Barcelona.<\/p>\n<h4 data-start=\"2036\" data-end=\"2062\"><strong>Objetivos del curso<\/strong><\/h4>\n<p data-start=\"2064\" data-end=\"2306\">El objetivo del curso es formar a <strong data-start=\"2098\" data-end=\"2210\">todo el personal y gente de mar que navegue o est\u00e9 embarcado en buques mercantes, cruceros o buques de pesca<\/strong>, cumpliendo con las condiciones indicadas anteriormente. Se les aportar\u00e1n conocimientos para:<\/p>\n<ul data-start=\"2308\" data-end=\"2561\">\n<li data-start=\"2308\" data-end=\"2386\">\n<p data-start=\"2310\" data-end=\"2386\">Gobernar <strong data-start=\"2319\" data-end=\"2383\">embarcaciones de supervivencia y botes de rescate no r\u00e1pidos<\/strong>.<\/p>\n<\/li>\n<li data-start=\"2387\" data-end=\"2426\">\n<p data-start=\"2389\" data-end=\"2426\">Organizar a los <strong data-start=\"2405\" data-end=\"2423\">supervivientes<\/strong>.<\/p>\n<\/li>\n<li data-start=\"2427\" data-end=\"2483\">\n<p data-start=\"2429\" data-end=\"2483\">Conocer los <strong data-start=\"2441\" data-end=\"2480\">equipos de salvamento y sus motores<\/strong>.<\/p>\n<\/li>\n<li data-start=\"2484\" data-end=\"2561\">\n<p data-start=\"2486\" data-end=\"2561\"><strong data-start=\"2486\" data-end=\"2516\">Remolcar balsas salvavidas<\/strong> y adrizar tanto los botes como las balsas.<\/p>\n<\/li>\n<\/ul>\n<h4 data-start=\"2563\" data-end=\"2615\">Expedici\u00f3n del certificado y libreta mar\u00edtima<\/h4>\n<p data-start=\"2617\" data-end=\"2896\">Tras completar el curso, para poder desempe\u00f1ar las funciones especificadas, se deber\u00e1 tramitar el <strong data-start=\"2715\" data-end=\"2755\">certificado de especialidad mar\u00edtima<\/strong> correspondiente. Adem\u00e1s, es necesario estar en posesi\u00f3n del <strong data-start=\"2816\" data-end=\"2864\">certificado en <a href=\"https:\/\/pronautic.bitfire.com.mx\/producto\/formacion-basica-en-seguridad\/\">Formaci\u00f3n B\u00e1sica en Seguridad<\/a><\/strong> y de la <strong data-start=\"2873\" data-end=\"2893\">libreta mar\u00edtima<\/strong>.<\/p>\n<p data-start=\"2898\" data-end=\"3061\">Todos estos tr\u00e1mites deben realizarse a trav\u00e9s de <strong data-start=\"2948\" data-end=\"2970\">Capitan\u00eda Mar\u00edtima<\/strong>, garantizando la validez nacional e internacional del certificado <a href=\"https:\/\/pronautic.bitfire.com.mx\/categoria-producto\/cursos-stcw-barcelona\/\"><strong data-start=\"3037\" data-end=\"3058\">STCW en Barcelona<\/strong><\/a>.<\/p>\n","protected":false},"excerpt":{"rendered":"<h3 data-start=\"326\" data-end=\"436\"><strong data-start=\"326\" data-end=\"434\">Curso para gobernar embarcaciones de supervivencia y botes de rescate (no r\u00e1pidos) con <a href=\"https:\/\/pronautic.bitfire.com.mx\/categoria-producto\/cursos-stcw-barcelona\/\">certificaci\u00f3n STCW en Barcelona<\/a><\/strong><\/h3>\n<h5 data-start=\"461\" data-end=\"817\">AHORA 345\u20ac<strong> &#8211; AHORA 327,75\u20ac<\/strong><\/h5>\n<p data-start=\"461\" data-end=\"817\">El <strong data-start=\"464\" data-end=\"557\">curso de Embarcaciones de Supervivencia y Botes de Rescate (No R\u00e1pidos) <a href=\"https:\/\/pronautic.bitfire.com.mx\/categoria-producto\/cursos-stcw-barcelona\/\">STCW en Barcelona<\/a><\/strong> aporta al alumnado los conocimientos necesarios para <strong data-start=\"611\" data-end=\"684\">gobernar embarcaciones de supervivencia y botes de rescate no r\u00e1pidos<\/strong>, organizar a los supervivientes, conocer los equipos de salvamento y el motor, remolcar balsas salvavidas y adrizar correctamente.<\/p>\n","protected":false},"featured_media":2373,"comment_status":"open","ping_status":"closed","template":"","meta":{"_acf_changed":false,"_et_pb_use_builder":"","_et_pb_old_content":"","_et_gb_content_width":"","_joinchat":[]},"product_brand":[],"product_cat":[22],"product_tag":[],"class_list":{"0":"post-1321","1":"product","2":"type-product","3":"status-publish","4":"has-post-thumbnail","6":"product_cat-cursos-stcw-barcelona","7":"bookacti-activity","9":"first","10":"instock","11":"sale","12":"virtual","13":"purchasable","14":"product-type-simple"},"acf":[],"yoast_head":"<!-- This site is optimized with the Yoast SEO plugin v26.5 - https:\/\/yoast.com\/wordpress\/plugins\/seo\/ -->\n<title>Embarcaciones de supervivencia y botes de rescate (no r\u00e1pidos)<\/title>\n<meta name=\"description\" content=\"F\u00f3rmate en el manejo de embarcaciones de supervivencia y botes de rescate (no r\u00e1pidos) con Pronautic: curso oficial, pr\u00e1ctico y homologado.\" \/>\n<meta name=\"robots\" content=\"noindex, follow, max-snippet:-1, max-image-preview:large, max-video-preview:-1\" \/>\n<meta property=\"og:locale\" content=\"es_ES\" \/>\n<meta property=\"og:type\" content=\"article\" \/>\n<meta property=\"og:title\" content=\"Embarcaciones de supervivencia y botes de rescate (no r\u00e1pidos)\" \/>\n<meta property=\"og:description\" content=\"F\u00f3rmate en el manejo de embarcaciones de supervivencia y botes de rescate (no r\u00e1pidos) con Pronautic: curso oficial, pr\u00e1ctico y homologado.\" \/>\n<meta property=\"og:url\" content=\"https:\/\/pronautic.bitfire.com.mx\/?product=embarcaciones-de-supervivencia-y-botes-de-rescate-no-rapidos\" \/>\n<meta property=\"og:site_name\" content=\"Pronautic\" \/>\n<meta property=\"article:modified_time\" content=\"2026-01-08T09:01:42+00:00\" \/>\n<meta property=\"og:image\" content=\"https:\/\/pronautic.bitfire.com.mx\/wp-content\/uploads\/2025\/05\/fotos-productos-STCW_resultat.webp\" \/>\n\t<meta property=\"og:image:width\" content=\"234\" \/>\n\t<meta property=\"og:image:height\" content=\"351\" \/>\n\t<meta property=\"og:image:type\" content=\"image\/webp\" \/>\n<meta name=\"twitter:card\" content=\"summary_large_image\" \/>\n<meta name=\"twitter:label1\" content=\"Tiempo de lectura\" \/>\n\t<meta name=\"twitter:data1\" content=\"2 minutos\" \/>\n<script type=\"application\/ld+json\" class=\"yoast-schema-graph\">{\"@context\":\"https:\/\/schema.org\",\"@graph\":[{\"@type\":\"WebPage\",\"@id\":\"https:\/\/pronautic.bitfire.com.mx\/?product=embarcaciones-de-supervivencia-y-botes-de-rescate-no-rapidos\",\"url\":\"https:\/\/pronautic.bitfire.com.mx\/?product=embarcaciones-de-supervivencia-y-botes-de-rescate-no-rapidos\",\"name\":\"Embarcaciones de supervivencia y botes de rescate (no r\u00e1pidos)\",\"isPartOf\":{\"@id\":\"https:\/\/pronautic.bitfire.com.mx\/#website\"},\"primaryImageOfPage\":{\"@id\":\"https:\/\/pronautic.bitfire.com.mx\/?product=embarcaciones-de-supervivencia-y-botes-de-rescate-no-rapidos#primaryimage\"},\"image\":{\"@id\":\"https:\/\/pronautic.bitfire.com.mx\/?product=embarcaciones-de-supervivencia-y-botes-de-rescate-no-rapidos#primaryimage\"},\"thumbnailUrl\":\"https:\/\/pronautic.bitfire.com.mx\/wp-content\/uploads\/2025\/05\/fotos-productos-STCW_resultat.webp\",\"datePublished\":\"2025-05-13T10:19:52+00:00\",\"dateModified\":\"2026-01-08T09:01:42+00:00\",\"description\":\"F\u00f3rmate en el manejo de embarcaciones de supervivencia y botes de rescate (no r\u00e1pidos) con Pronautic: curso oficial, pr\u00e1ctico y homologado.\",\"breadcrumb\":{\"@id\":\"https:\/\/pronautic.bitfire.com.mx\/?product=embarcaciones-de-supervivencia-y-botes-de-rescate-no-rapidos#breadcrumb\"},\"inLanguage\":\"es\",\"potentialAction\":[{\"@type\":\"ReadAction\",\"target\":[\"https:\/\/pronautic.bitfire.com.mx\/?product=embarcaciones-de-supervivencia-y-botes-de-rescate-no-rapidos\"]}]},{\"@type\":\"ImageObject\",\"inLanguage\":\"es\",\"@id\":\"https:\/\/pronautic.bitfire.com.mx\/?product=embarcaciones-de-supervivencia-y-botes-de-rescate-no-rapidos#primaryimage\",\"url\":\"https:\/\/pronautic.bitfire.com.mx\/wp-content\/uploads\/2025\/05\/fotos-productos-STCW_resultat.webp\",\"contentUrl\":\"https:\/\/pronautic.bitfire.com.mx\/wp-content\/uploads\/2025\/05\/fotos-productos-STCW_resultat.webp\",\"width\":234,\"height\":351},{\"@type\":\"BreadcrumbList\",\"@id\":\"https:\/\/pronautic.bitfire.com.mx\/?product=embarcaciones-de-supervivencia-y-botes-de-rescate-no-rapidos#breadcrumb\",\"itemListElement\":[{\"@type\":\"ListItem\",\"position\":1,\"name\":\"Portada\",\"item\":\"https:\/\/pronautic.bitfire.com.mx\/\"},{\"@type\":\"ListItem\",\"position\":2,\"name\":\"Tienda\",\"item\":\"https:\/\/pronautic.bitfire.com.mx\/?page_id=10638\"},{\"@type\":\"ListItem\",\"position\":3,\"name\":\"Curso de Embarcaciones de Supervivencia y Botes de Rescate (No R\u00e1pidos)\",\"item\":\"https:\/\/pronautic.bitfire.com.mx\/?product=embarcaciones-de-supervivencia-y-botes-de-rescate-no-rapidos\"}]},{\"@type\":\"WebSite\",\"@id\":\"https:\/\/pronautic.bitfire.com.mx\/#website\",\"url\":\"https:\/\/pronautic.bitfire.com.mx\/\",\"name\":\"Pronautic\",\"description\":\"Escuela n\u00e1utica en Barcelona | Fromaci\u00f3n marina\",\"potentialAction\":[{\"@type\":\"SearchAction\",\"target\":{\"@type\":\"EntryPoint\",\"urlTemplate\":\"https:\/\/pronautic.bitfire.com.mx\/?s={search_term_string}\"},\"query-input\":{\"@type\":\"PropertyValueSpecification\",\"valueRequired\":true,\"valueName\":\"search_term_string\"}}],\"inLanguage\":\"es\"}]}<\/script>\n<!-- \/ Yoast SEO plugin. -->","yoast_head_json":{"title":"Embarcaciones de supervivencia y botes de rescate (no r\u00e1pidos)","description":"F\u00f3rmate en el manejo de embarcaciones de supervivencia y botes de rescate (no r\u00e1pidos) con Pronautic: curso oficial, pr\u00e1ctico y homologado.","robots":{"index":"noindex","follow":"follow","max-snippet":"max-snippet:-1","max-image-preview":"max-image-preview:large","max-video-preview":"max-video-preview:-1"},"og_locale":"es_ES","og_type":"article","og_title":"Embarcaciones de supervivencia y botes de rescate (no r\u00e1pidos)","og_description":"F\u00f3rmate en el manejo de embarcaciones de supervivencia y botes de rescate (no r\u00e1pidos) con Pronautic: curso oficial, pr\u00e1ctico y homologado.","og_url":"https:\/\/pronautic.bitfire.com.mx\/?product=embarcaciones-de-supervivencia-y-botes-de-rescate-no-rapidos","og_site_name":"Pronautic","article_modified_time":"2026-01-08T09:01:42+00:00","og_image":[{"width":234,"height":351,"url":"https:\/\/pronautic.bitfire.com.mx\/wp-content\/uploads\/2025\/05\/fotos-productos-STCW_resultat.webp","type":"image\/webp"}],"twitter_card":"summary_large_image","twitter_misc":{"Tiempo de lectura":"2 minutos"},"schema":{"@context":"https:\/\/schema.org","@graph":[{"@type":"WebPage","@id":"https:\/\/pronautic.bitfire.com.mx\/?product=embarcaciones-de-supervivencia-y-botes-de-rescate-no-rapidos","url":"https:\/\/pronautic.bitfire.com.mx\/?product=embarcaciones-de-supervivencia-y-botes-de-rescate-no-rapidos","name":"Embarcaciones de supervivencia y botes de rescate (no r\u00e1pidos)","isPartOf":{"@id":"https:\/\/pronautic.bitfire.com.mx\/#website"},"primaryImageOfPage":{"@id":"https:\/\/pronautic.bitfire.com.mx\/?product=embarcaciones-de-supervivencia-y-botes-de-rescate-no-rapidos#primaryimage"},"image":{"@id":"https:\/\/pronautic.bitfire.com.mx\/?product=embarcaciones-de-supervivencia-y-botes-de-rescate-no-rapidos#primaryimage"},"thumbnailUrl":"https:\/\/pronautic.bitfire.com.mx\/wp-content\/uploads\/2025\/05\/fotos-productos-STCW_resultat.webp","datePublished":"2025-05-13T10:19:52+00:00","dateModified":"2026-01-08T09:01:42+00:00","description":"F\u00f3rmate en el manejo de embarcaciones de supervivencia y botes de rescate (no r\u00e1pidos) con Pronautic: curso oficial, pr\u00e1ctico y homologado.","breadcrumb":{"@id":"https:\/\/pronautic.bitfire.com.mx\/?product=embarcaciones-de-supervivencia-y-botes-de-rescate-no-rapidos#breadcrumb"},"inLanguage":"es","potentialAction":[{"@type":"ReadAction","target":["https:\/\/pronautic.bitfire.com.mx\/?product=embarcaciones-de-supervivencia-y-botes-de-rescate-no-rapidos"]}]},{"@type":"ImageObject","inLanguage":"es","@id":"https:\/\/pronautic.bitfire.com.mx\/?product=embarcaciones-de-supervivencia-y-botes-de-rescate-no-rapidos#primaryimage","url":"https:\/\/pronautic.bitfire.com.mx\/wp-content\/uploads\/2025\/05\/fotos-productos-STCW_resultat.webp","contentUrl":"https:\/\/pronautic.bitfire.com.mx\/wp-content\/uploads\/2025\/05\/fotos-productos-STCW_resultat.webp","width":234,"height":351},{"@type":"BreadcrumbList","@id":"https:\/\/pronautic.bitfire.com.mx\/?product=embarcaciones-de-supervivencia-y-botes-de-rescate-no-rapidos#breadcrumb","itemListElement":[{"@type":"ListItem","position":1,"name":"Portada","item":"https:\/\/pronautic.bitfire.com.mx\/"},{"@type":"ListItem","position":2,"name":"Tienda","item":"https:\/\/pronautic.bitfire.com.mx\/?page_id=10638"},{"@type":"ListItem","position":3,"name":"Curso de Embarcaciones de Supervivencia y Botes de Rescate (No R\u00e1pidos)","item":"https:\/\/pronautic.bitfire.com.mx\/?product=embarcaciones-de-supervivencia-y-botes-de-rescate-no-rapidos"}]},{"@type":"WebSite","@id":"https:\/\/pronautic.bitfire.com.mx\/#website","url":"https:\/\/pronautic.bitfire.com.mx\/","name":"Pronautic","description":"Escuela n\u00e1utica en Barcelona | Fromaci\u00f3n marina","potentialAction":[{"@type":"SearchAction","target":{"@type":"EntryPoint","urlTemplate":"https:\/\/pronautic.bitfire.com.mx\/?s={search_term_string}"},"query-input":{"@type":"PropertyValueSpecification","valueRequired":true,"valueName":"search_term_string"}}],"inLanguage":"es"}]}},"_links":{"self":[{"href":"https:\/\/pronautic.bitfire.com.mx\/index.php?rest_route=\/wp\/v2\/product\/1321","targetHints":{"allow":["GET"]}}],"collection":[{"href":"https:\/\/pronautic.bitfire.com.mx\/index.php?rest_route=\/wp\/v2\/product"}],"about":[{"href":"https:\/\/pronautic.bitfire.com.mx\/index.php?rest_route=\/wp\/v2\/types\/product"}],"replies":[{"embeddable":true,"href":"https:\/\/pronautic.bitfire.com.mx\/index.php?rest_route=%2Fwp%2Fv2%2Fcomments&post=1321"}],"wp:featuredmedia":[{"embeddable":true,"href":"https:\/\/pronautic.bitfire.com.mx\/index.php?rest_route=\/wp\/v2\/media\/2373"}],"wp:attachment":[{"href":"https:\/\/pronautic.bitfire.com.mx\/index.php?rest_route=%2Fwp%2Fv2%2Fmedia&parent=1321"}],"wp:term":[{"taxonomy":"product_brand","embeddable":true,"href":"https:\/\/pronautic.bitfire.com.mx\/index.php?rest_route=%2Fwp%2Fv2%2Fproduct_brand&post=1321"},{"taxonomy":"product_cat","embeddable":true,"href":"https:\/\/pronautic.bitfire.com.mx\/index.php?rest_route=%2Fwp%2Fv2%2Fproduct_cat&post=1321"},{"taxonomy":"product_tag","embeddable":true,"href":"https:\/\/pronautic.bitfire.com.mx\/index.php?rest_route=%2Fwp%2Fv2%2Fproduct_tag&post=1321"}],"curies":[{"name":"wp","href":"https:\/\/api.w.org\/{rel}","templated":true}]}}