{"id":1317,"date":"2025-05-13T10:03:20","date_gmt":"2025-05-13T10:03:20","guid":{"rendered":"https:\/\/pronautic.olalondev.com\/?post_type=product&#038;p=1317"},"modified":"2026-01-22T17:24:24","modified_gmt":"2026-01-22T17:24:24","slug":"formacion-basica-en-seguridad","status":"publish","type":"product","link":"https:\/\/pronautic.bitfire.com.mx\/?product=formacion-basica-en-seguridad","title":{"rendered":"Curso de Formaci\u00f3n B\u00e1sica en Seguridad"},"content":{"rendered":"<h3 data-start=\"214\" data-end=\"295\"><strong data-start=\"214\" data-end=\"293\">Formaci\u00f3n b\u00e1sica en seguridad mar\u00edtima para profesionales STCW en Barcelona<\/strong><\/h3>\n<p data-start=\"373\" data-end=\"590\">El <strong data-start=\"376\" data-end=\"445\">curso de Formaci\u00f3n B\u00e1sica en Seguridad Mar\u00edtima STCW en Barcelona<\/strong> est\u00e1 dise\u00f1ado espec\u00edficamente para <strong data-start=\"481\" data-end=\"497\">gente de mar<\/strong>, ofreciendo conocimientos esenciales en <strong data-start=\"538\" data-end=\"587\">seguridad, prevenci\u00f3n y supervivencia a bordo<\/strong>.<\/p>\n<p data-start=\"592\" data-end=\"1100\">Seg\u00fan la <strong data-start=\"601\" data-end=\"624\">ORDEN FOM 2296\/2002<\/strong>, la posesi\u00f3n del <strong data-start=\"642\" data-end=\"679\">\u201cCertificado de Formaci\u00f3n B\u00e1sica\u201d<\/strong> es obligatoria para todo el personal que ejerza funciones profesionales mar\u00edtimas en <strong data-start=\"765\" data-end=\"783\">buques civiles<\/strong>, as\u00ed como para quienes tengan asignadas <strong data-start=\"824\" data-end=\"877\">tareas de seguridad o prevenci\u00f3n de contaminaci\u00f3n<\/strong> relacionadas con las operaciones del buque, conforme al <strong data-start=\"934\" data-end=\"982\">Cuadro de Obligaciones y Consignas del Buque<\/strong>, al <strong data-start=\"987\" data-end=\"1054\">Plan de Emergencias a Bordo por Contaminaci\u00f3n por Hidrocarburos<\/strong> o al <strong data-start=\"1060\" data-end=\"1097\">Manual de Gesti\u00f3n de la Seguridad<\/strong>.<\/p>\n<p data-start=\"1102\" data-end=\"1496\">La <strong data-start=\"1105\" data-end=\"1128\">ORDEN FOM 2296\/2002<\/strong>, que regula y desarrolla este certificado, se basa en <strong data-start=\"1183\" data-end=\"1300\">bases internacionales comunes en formaci\u00f3n mar\u00edtima y n\u00e1utica establecidas por el Convenio de Formaci\u00f3n STCW 1995<\/strong>. Por ello, el <strong data-start=\"1315\" data-end=\"1424\">curso de Formaci\u00f3n B\u00e1sica en Seguridad realizado en Pronautic, <a href=\"https:\/\/pronautic.bitfire.com.mx\/categoria-producto\/cursos-stcw-barcelona\/\">curso STCW en Barcelona<\/a> y Manresa,<\/strong> cumple estrictamente con los m\u00ednimos especificados por este Convenio.<\/p>\n<h4 data-start=\"1498\" data-end=\"1523\"><strong>Objetivo del curso de Formaci\u00f3n b\u00e1sica en seguridad<\/strong><\/h4>\n<p data-start=\"1524\" data-end=\"1875\">El objetivo del curso es formar a <strong data-start=\"1558\" data-end=\"1593\">todo el personal y gente de mar<\/strong> que est\u00e9 navegando o embarcado en <strong data-start=\"1628\" data-end=\"1681\">buques mercantes, cruceros, buques de pesca, etc.<\/strong>, proporcion\u00e1ndoles los conocimientos necesarios para <strong data-start=\"1735\" data-end=\"1795\">controlar y organizar la seguridad y emergencias a bordo<\/strong>, as\u00ed como para garantizar la <strong data-start=\"1825\" data-end=\"1872\">supervivencia en caso de abandono del buque<\/strong>.<\/p>\n<h4 data-start=\"1877\" data-end=\"1897\"><strong>Certificaci\u00f3n del curso de Formaci\u00f3n b\u00e1sica en seguridad en Barcelona<\/strong><\/h4>\n<p data-start=\"1898\" data-end=\"2205\">El <a href=\"https:\/\/pronautic.bitfire.com.mx\/categoria-producto\/cursos-stcw-barcelona\/\"><strong data-start=\"1901\" data-end=\"1959\">certificado de especialidad mar\u00edtima STCW en Barcelona<\/strong><\/a> obtenido en <a href=\"https:\/\/pronautic.bitfire.com.mx\/\"><strong data-start=\"1972\" data-end=\"2001\">ProNautic Training Centre<\/strong><\/a> est\u00e1 homologado por la <strong data-start=\"2025\" data-end=\"2075\">Direcci\u00f3n General de la Marina Mercante (DGMM)<\/strong> y refrendado por la <a href=\"https:\/\/www.imo.org\/es\/about\/pages\/default.aspx\" target=\"_blank\" rel=\"noopener\"><strong data-start=\"2096\" data-end=\"2141\">Organizaci\u00f3n Mar\u00edtima Internacional (OMI)<\/strong><\/a>, siguiendo las disposiciones oficiales del <strong data-start=\"2185\" data-end=\"2202\">Convenio STCW<\/strong>.<\/p>\n","protected":false},"excerpt":{"rendered":"<h3 data-start=\"267\" data-end=\"351\"><strong data-start=\"267\" data-end=\"349\">Curso Formaci\u00f3n B\u00e1sica en Seguridad mar\u00edtima &#8211; <a href=\"https:\/\/pronautic.bitfire.com.mx\/categoria-producto\/cursos-stcw-barcelona\/\">Formaci\u00f3n STCW en Barcelona<\/a><\/strong><\/h3>\n<h5>ANTES 750\u20ac<strong> &#8211; AHORA 600\u20ac<\/strong><\/h5>\n<p data-start=\"376\" data-end=\"674\">El <strong data-start=\"379\" data-end=\"439\">curso de Formaci\u00f3n B\u00e1sica en Seguridad <a href=\"https:\/\/pronautic.bitfire.com.mx\/categoria-producto\/cursos-stcw-barcelona\/\">STCW en Barcelona<\/a><\/strong> ofrece al alumnado formaci\u00f3n completa en <strong data-start=\"481\" data-end=\"531\">supervivencia, prevenci\u00f3n y seguridad mar\u00edtima<\/strong>, incluyendo <strong data-start=\"544\" data-end=\"582\">detecci\u00f3n y extinci\u00f3n de incendios<\/strong> en el <strong data-start=\"589\" data-end=\"671\">campo de fuego especializado para la gente de mar de <a href=\"https:\/\/pronautic.bitfire.com.mx\/\">Pronautic Training Centre<\/a><\/strong>.<\/p>\n<p data-start=\"676\" data-end=\"952\">Durante el curso, los participantes aprender\u00e1n t\u00e9cnicas fundamentales de <strong data-start=\"749\" data-end=\"776\">supervivencia en la mar<\/strong>, uso correcto de <strong data-start=\"794\" data-end=\"819\">equipos de salvamento<\/strong>, procedimientos de evacuaci\u00f3n y manejo de situaciones de emergencia a bordo, siguiendo los <strong data-start=\"911\" data-end=\"949\">est\u00e1ndares del Convenio STCW 78-95<\/strong>.<\/p>\n<p data-start=\"954\" data-end=\"1169\">Este curso es obligatorio para todo el <strong data-start=\"993\" data-end=\"1079\">personal mar\u00edtimo que quiera embarcar en buques mercantes, recreativos o pesqueros<\/strong>, y constituye la base para continuar con otros <a href=\"https:\/\/pronautic.bitfire.com.mx\/categoria-producto\/cursos-stcw-barcelona\/\"><strong>cursos especializados STCW en Barcelona<\/strong><\/a>.<\/p>\n","protected":false},"featured_media":11668,"comment_status":"open","ping_status":"closed","template":"","meta":{"_acf_changed":false,"_et_pb_use_builder":"","_et_pb_old_content":"","_et_gb_content_width":"","_joinchat":[]},"product_brand":[],"product_cat":[22],"product_tag":[],"class_list":{"0":"post-1317","1":"product","2":"type-product","3":"status-publish","4":"has-post-thumbnail","6":"product_cat-cursos-stcw-barcelona","7":"bookacti-activity","9":"first","10":"instock","11":"sale","12":"virtual","13":"purchasable","14":"product-type-simple"},"acf":[],"yoast_head":"<!-- This site is optimized with the Yoast SEO plugin v26.5 - https:\/\/yoast.com\/wordpress\/plugins\/seo\/ -->\n<title>Formaci\u00f3n B\u00e1sica en Seguridad STCW en Barcelona<\/title>\n<meta name=\"description\" content=\"Curso STCW en Barcelona de Formaci\u00f3n B\u00e1sica en Seguridad. T\u00e9cnicas de supervivencia, prevenci\u00f3n y extinci\u00f3n de incendios para personal mar\u00edtimo.\" \/>\n<meta name=\"robots\" content=\"noindex, follow, max-snippet:-1, max-image-preview:large, max-video-preview:-1\" \/>\n<meta property=\"og:locale\" content=\"es_ES\" \/>\n<meta property=\"og:type\" content=\"article\" \/>\n<meta property=\"og:title\" content=\"Formaci\u00f3n B\u00e1sica en Seguridad STCW en Barcelona\" \/>\n<meta property=\"og:description\" content=\"Curso STCW en Barcelona de Formaci\u00f3n B\u00e1sica en Seguridad. T\u00e9cnicas de supervivencia, prevenci\u00f3n y extinci\u00f3n de incendios para personal mar\u00edtimo.\" \/>\n<meta property=\"og:url\" content=\"https:\/\/pronautic.bitfire.com.mx\/?product=formacion-basica-en-seguridad\" \/>\n<meta property=\"og:site_name\" content=\"Pronautic\" \/>\n<meta property=\"article:modified_time\" content=\"2026-01-22T17:24:24+00:00\" \/>\n<meta property=\"og:image\" content=\"https:\/\/pronautic.bitfire.com.mx\/wp-content\/uploads\/2025\/05\/IMG_6033.webp\" \/>\n\t<meta property=\"og:image:width\" content=\"1200\" \/>\n\t<meta property=\"og:image:height\" content=\"800\" \/>\n\t<meta property=\"og:image:type\" content=\"image\/webp\" \/>\n<meta name=\"twitter:card\" content=\"summary_large_image\" \/>\n<meta name=\"twitter:label1\" content=\"Tiempo de lectura\" \/>\n\t<meta name=\"twitter:data1\" content=\"2 minutos\" \/>\n<script type=\"application\/ld+json\" class=\"yoast-schema-graph\">{\"@context\":\"https:\/\/schema.org\",\"@graph\":[{\"@type\":\"WebPage\",\"@id\":\"https:\/\/pronautic.bitfire.com.mx\/?product=formacion-basica-en-seguridad\",\"url\":\"https:\/\/pronautic.bitfire.com.mx\/?product=formacion-basica-en-seguridad\",\"name\":\"Formaci\u00f3n B\u00e1sica en Seguridad STCW en Barcelona\",\"isPartOf\":{\"@id\":\"https:\/\/pronautic.bitfire.com.mx\/#website\"},\"primaryImageOfPage\":{\"@id\":\"https:\/\/pronautic.bitfire.com.mx\/?product=formacion-basica-en-seguridad#primaryimage\"},\"image\":{\"@id\":\"https:\/\/pronautic.bitfire.com.mx\/?product=formacion-basica-en-seguridad#primaryimage\"},\"thumbnailUrl\":\"https:\/\/pronautic.bitfire.com.mx\/wp-content\/uploads\/2025\/05\/IMG_6033.webp\",\"datePublished\":\"2025-05-13T10:03:20+00:00\",\"dateModified\":\"2026-01-22T17:24:24+00:00\",\"description\":\"Curso STCW en Barcelona de Formaci\u00f3n B\u00e1sica en Seguridad. T\u00e9cnicas de supervivencia, prevenci\u00f3n y extinci\u00f3n de incendios para personal mar\u00edtimo.\",\"breadcrumb\":{\"@id\":\"https:\/\/pronautic.bitfire.com.mx\/?product=formacion-basica-en-seguridad#breadcrumb\"},\"inLanguage\":\"es\",\"potentialAction\":[{\"@type\":\"ReadAction\",\"target\":[\"https:\/\/pronautic.bitfire.com.mx\/?product=formacion-basica-en-seguridad\"]}]},{\"@type\":\"ImageObject\",\"inLanguage\":\"es\",\"@id\":\"https:\/\/pronautic.bitfire.com.mx\/?product=formacion-basica-en-seguridad#primaryimage\",\"url\":\"https:\/\/pronautic.bitfire.com.mx\/wp-content\/uploads\/2025\/05\/IMG_6033.webp\",\"contentUrl\":\"https:\/\/pronautic.bitfire.com.mx\/wp-content\/uploads\/2025\/05\/IMG_6033.webp\",\"width\":1200,\"height\":800,\"caption\":\"Formaci\u00f3n b\u00e1sica en Seguridad Barcelona\"},{\"@type\":\"BreadcrumbList\",\"@id\":\"https:\/\/pronautic.bitfire.com.mx\/?product=formacion-basica-en-seguridad#breadcrumb\",\"itemListElement\":[{\"@type\":\"ListItem\",\"position\":1,\"name\":\"Portada\",\"item\":\"https:\/\/pronautic.bitfire.com.mx\/\"},{\"@type\":\"ListItem\",\"position\":2,\"name\":\"Tienda\",\"item\":\"https:\/\/pronautic.bitfire.com.mx\/?page_id=10638\"},{\"@type\":\"ListItem\",\"position\":3,\"name\":\"Curso de Formaci\u00f3n B\u00e1sica en Seguridad\",\"item\":\"https:\/\/pronautic.bitfire.com.mx\/?product=formacion-basica-en-seguridad\"}]},{\"@type\":\"WebSite\",\"@id\":\"https:\/\/pronautic.bitfire.com.mx\/#website\",\"url\":\"https:\/\/pronautic.bitfire.com.mx\/\",\"name\":\"Pronautic\",\"description\":\"Escuela n\u00e1utica en Barcelona | Fromaci\u00f3n marina\",\"potentialAction\":[{\"@type\":\"SearchAction\",\"target\":{\"@type\":\"EntryPoint\",\"urlTemplate\":\"https:\/\/pronautic.bitfire.com.mx\/?s={search_term_string}\"},\"query-input\":{\"@type\":\"PropertyValueSpecification\",\"valueRequired\":true,\"valueName\":\"search_term_string\"}}],\"inLanguage\":\"es\"}]}<\/script>\n<!-- \/ Yoast SEO plugin. -->","yoast_head_json":{"title":"Formaci\u00f3n B\u00e1sica en Seguridad STCW en Barcelona","description":"Curso STCW en Barcelona de Formaci\u00f3n B\u00e1sica en Seguridad. T\u00e9cnicas de supervivencia, prevenci\u00f3n y extinci\u00f3n de incendios para personal mar\u00edtimo.","robots":{"index":"noindex","follow":"follow","max-snippet":"max-snippet:-1","max-image-preview":"max-image-preview:large","max-video-preview":"max-video-preview:-1"},"og_locale":"es_ES","og_type":"article","og_title":"Formaci\u00f3n B\u00e1sica en Seguridad STCW en Barcelona","og_description":"Curso STCW en Barcelona de Formaci\u00f3n B\u00e1sica en Seguridad. T\u00e9cnicas de supervivencia, prevenci\u00f3n y extinci\u00f3n de incendios para personal mar\u00edtimo.","og_url":"https:\/\/pronautic.bitfire.com.mx\/?product=formacion-basica-en-seguridad","og_site_name":"Pronautic","article_modified_time":"2026-01-22T17:24:24+00:00","og_image":[{"width":1200,"height":800,"url":"https:\/\/pronautic.bitfire.com.mx\/wp-content\/uploads\/2025\/05\/IMG_6033.webp","type":"image\/webp"}],"twitter_card":"summary_large_image","twitter_misc":{"Tiempo de lectura":"2 minutos"},"schema":{"@context":"https:\/\/schema.org","@graph":[{"@type":"WebPage","@id":"https:\/\/pronautic.bitfire.com.mx\/?product=formacion-basica-en-seguridad","url":"https:\/\/pronautic.bitfire.com.mx\/?product=formacion-basica-en-seguridad","name":"Formaci\u00f3n B\u00e1sica en Seguridad STCW en Barcelona","isPartOf":{"@id":"https:\/\/pronautic.bitfire.com.mx\/#website"},"primaryImageOfPage":{"@id":"https:\/\/pronautic.bitfire.com.mx\/?product=formacion-basica-en-seguridad#primaryimage"},"image":{"@id":"https:\/\/pronautic.bitfire.com.mx\/?product=formacion-basica-en-seguridad#primaryimage"},"thumbnailUrl":"https:\/\/pronautic.bitfire.com.mx\/wp-content\/uploads\/2025\/05\/IMG_6033.webp","datePublished":"2025-05-13T10:03:20+00:00","dateModified":"2026-01-22T17:24:24+00:00","description":"Curso STCW en Barcelona de Formaci\u00f3n B\u00e1sica en Seguridad. T\u00e9cnicas de supervivencia, prevenci\u00f3n y extinci\u00f3n de incendios para personal mar\u00edtimo.","breadcrumb":{"@id":"https:\/\/pronautic.bitfire.com.mx\/?product=formacion-basica-en-seguridad#breadcrumb"},"inLanguage":"es","potentialAction":[{"@type":"ReadAction","target":["https:\/\/pronautic.bitfire.com.mx\/?product=formacion-basica-en-seguridad"]}]},{"@type":"ImageObject","inLanguage":"es","@id":"https:\/\/pronautic.bitfire.com.mx\/?product=formacion-basica-en-seguridad#primaryimage","url":"https:\/\/pronautic.bitfire.com.mx\/wp-content\/uploads\/2025\/05\/IMG_6033.webp","contentUrl":"https:\/\/pronautic.bitfire.com.mx\/wp-content\/uploads\/2025\/05\/IMG_6033.webp","width":1200,"height":800,"caption":"Formaci\u00f3n b\u00e1sica en Seguridad Barcelona"},{"@type":"BreadcrumbList","@id":"https:\/\/pronautic.bitfire.com.mx\/?product=formacion-basica-en-seguridad#breadcrumb","itemListElement":[{"@type":"ListItem","position":1,"name":"Portada","item":"https:\/\/pronautic.bitfire.com.mx\/"},{"@type":"ListItem","position":2,"name":"Tienda","item":"https:\/\/pronautic.bitfire.com.mx\/?page_id=10638"},{"@type":"ListItem","position":3,"name":"Curso de Formaci\u00f3n B\u00e1sica en Seguridad","item":"https:\/\/pronautic.bitfire.com.mx\/?product=formacion-basica-en-seguridad"}]},{"@type":"WebSite","@id":"https:\/\/pronautic.bitfire.com.mx\/#website","url":"https:\/\/pronautic.bitfire.com.mx\/","name":"Pronautic","description":"Escuela n\u00e1utica en Barcelona | Fromaci\u00f3n marina","potentialAction":[{"@type":"SearchAction","target":{"@type":"EntryPoint","urlTemplate":"https:\/\/pronautic.bitfire.com.mx\/?s={search_term_string}"},"query-input":{"@type":"PropertyValueSpecification","valueRequired":true,"valueName":"search_term_string"}}],"inLanguage":"es"}]}},"_links":{"self":[{"href":"https:\/\/pronautic.bitfire.com.mx\/index.php?rest_route=\/wp\/v2\/product\/1317","targetHints":{"allow":["GET"]}}],"collection":[{"href":"https:\/\/pronautic.bitfire.com.mx\/index.php?rest_route=\/wp\/v2\/product"}],"about":[{"href":"https:\/\/pronautic.bitfire.com.mx\/index.php?rest_route=\/wp\/v2\/types\/product"}],"replies":[{"embeddable":true,"href":"https:\/\/pronautic.bitfire.com.mx\/index.php?rest_route=%2Fwp%2Fv2%2Fcomments&post=1317"}],"wp:featuredmedia":[{"embeddable":true,"href":"https:\/\/pronautic.bitfire.com.mx\/index.php?rest_route=\/wp\/v2\/media\/11668"}],"wp:attachment":[{"href":"https:\/\/pronautic.bitfire.com.mx\/index.php?rest_route=%2Fwp%2Fv2%2Fmedia&parent=1317"}],"wp:term":[{"taxonomy":"product_brand","embeddable":true,"href":"https:\/\/pronautic.bitfire.com.mx\/index.php?rest_route=%2Fwp%2Fv2%2Fproduct_brand&post=1317"},{"taxonomy":"product_cat","embeddable":true,"href":"https:\/\/pronautic.bitfire.com.mx\/index.php?rest_route=%2Fwp%2Fv2%2Fproduct_cat&post=1317"},{"taxonomy":"product_tag","embeddable":true,"href":"https:\/\/pronautic.bitfire.com.mx\/index.php?rest_route=%2Fwp%2Fv2%2Fproduct_tag&post=1317"}],"curies":[{"name":"wp","href":"https:\/\/api.w.org\/{rel}","templated":true}]}}