{"id":1302,"date":"2025-05-13T09:41:20","date_gmt":"2025-05-13T09:41:20","guid":{"rendered":"https:\/\/pronautic.olalondev.com\/?post_type=product&#038;p=1302"},"modified":"2026-01-08T09:05:16","modified_gmt":"2026-01-08T09:05:16","slug":"formacion-sanitaria-especifica-avanzada","status":"publish","type":"product","link":"https:\/\/pronautic.bitfire.com.mx\/?product=formacion-sanitaria-especifica-avanzada","title":{"rendered":"Curso de Formaci\u00f3n Sanitaria Espec\u00edfica Avanzada"},"content":{"rendered":"","protected":false},"excerpt":{"rendered":"<h3 data-start=\"307\" data-end=\"397\"><strong data-start=\"307\" data-end=\"397\">Curso Formaci\u00f3n Sanitaria Espec\u00edfica Avanzada &#8211; <a href=\"https:\/\/pronautic.bitfire.com.mx\/categoria-producto\/cursos-stcw-barcelona\/\">Formaci\u00f3n STCW en Barcelona<\/a><\/strong><\/h3>\n<h5>AHORA 590\u20ac<strong> &#8211; AHORA 560,50\u20ac<\/strong><\/h5>\n<p data-start=\"399\" data-end=\"666\">El <strong data-start=\"402\" data-end=\"472\">curso de Formaci\u00f3n Sanitaria Espec\u00edfica Avanzada <a href=\"https:\/\/pronautic.bitfire.com.mx\/categoria-producto\/cursos-stcw-barcelona\/\">STCW en Barcelona<\/a><\/strong> est\u00e1 dise\u00f1ado para que el alumnado adquiera <strong data-start=\"517\" data-end=\"618\">conocimientos m\u00e9dicos avanzados y habilidades de respuesta ante urgencias y emergencias en la mar<\/strong>, actuando con rapidez, seguridad y autonom\u00eda. Durante la formaci\u00f3n se imparten contenidos sobre <strong data-start=\"718\" data-end=\"739\">primeros auxilios<\/strong>, <strong data-start=\"741\" data-end=\"774\">t\u00e9cnicas de enfermer\u00eda b\u00e1sica<\/strong>, <strong data-start=\"776\" data-end=\"805\">normas de higiene a bordo<\/strong>, <strong data-start=\"807\" data-end=\"840\">manejo del botiqu\u00edn del barco<\/strong> y <strong data-start=\"843\" data-end=\"874\">consultas m\u00e9dicas por radio<\/strong>, siguiendo los procedimientos internacionales del sector mar\u00edtimo.<\/p>\n<p data-start=\"945\" data-end=\"1129\">El <strong data-start=\"948\" data-end=\"1031\">certificado obtenido est\u00e1 homologado por el Instituto Social de la Marina (ISM)<\/strong> y es una <strong data-start=\"1041\" data-end=\"1126\">Especialidad Mar\u00edtima refrendada por la <a href=\"https:\/\/www.imo.org\/es\/about\/pages\/default.aspx\">Organizaci\u00f3n Mar\u00edtima Internacional (OMI)<\/a><\/strong>.<\/p>\n<p data-start=\"1131\" data-end=\"1388\">Todo el <strong data-start=\"1139\" data-end=\"1196\">temario est\u00e1 contextualizado con la realidad mar\u00edtima<\/strong>, y el curso es impartido por <strong data-start=\"1226\" data-end=\"1302\">profesionales sanitarios especializados en emergencias m\u00e9dicas en el mar<\/strong>, con amplia experiencia tanto en la asistencia como en la formaci\u00f3n de tripulaciones.<\/p>\n","protected":false},"featured_media":2346,"comment_status":"open","ping_status":"closed","template":"","meta":{"_acf_changed":false,"_et_pb_use_builder":"","_et_pb_old_content":"","_et_gb_content_width":"","_joinchat":[]},"product_brand":[],"product_cat":[22],"product_tag":[],"class_list":{"0":"post-1302","1":"product","2":"type-product","3":"status-publish","4":"has-post-thumbnail","6":"product_cat-cursos-stcw-barcelona","7":"bookacti-activity","9":"first","10":"instock","11":"sale","12":"virtual","13":"purchasable","14":"product-type-simple"},"acf":[],"yoast_head":"<!-- This site is optimized with the Yoast SEO plugin v26.5 - https:\/\/yoast.com\/wordpress\/plugins\/seo\/ -->\n<title>Curso Formaci\u00f3n Sanitaria Espec\u00edfica Avanzada en Barcelona<\/title>\n<meta name=\"description\" content=\"Curso STCW en Barcelona de Formaci\u00f3n Sanitaria Espec\u00edfica Avanzada para capitanes y oficiales con funciones m\u00e9dicas en buques y emergencias en la mar.\" \/>\n<meta name=\"robots\" content=\"noindex, follow, max-snippet:-1, max-image-preview:large, max-video-preview:-1\" \/>\n<meta property=\"og:locale\" content=\"es_ES\" \/>\n<meta property=\"og:type\" content=\"article\" \/>\n<meta property=\"og:title\" content=\"Curso Formaci\u00f3n Sanitaria Espec\u00edfica Avanzada en Barcelona\" \/>\n<meta property=\"og:description\" content=\"Curso STCW en Barcelona de Formaci\u00f3n Sanitaria Espec\u00edfica Avanzada para capitanes y oficiales con funciones m\u00e9dicas en buques y emergencias en la mar.\" \/>\n<meta property=\"og:url\" content=\"https:\/\/pronautic.bitfire.com.mx\/?product=formacion-sanitaria-especifica-avanzada\" \/>\n<meta property=\"og:site_name\" content=\"Pronautic\" \/>\n<meta property=\"article:modified_time\" content=\"2026-01-08T09:05:16+00:00\" \/>\n<meta property=\"og:image\" content=\"https:\/\/pronautic.bitfire.com.mx\/wp-content\/uploads\/2025\/05\/FSEspecifica-avanzada_resultat.webp\" \/>\n\t<meta property=\"og:image:width\" content=\"512\" \/>\n\t<meta property=\"og:image:height\" content=\"512\" \/>\n\t<meta property=\"og:image:type\" content=\"image\/webp\" \/>\n<meta name=\"twitter:card\" content=\"summary_large_image\" \/>\n<meta name=\"twitter:label1\" content=\"Tiempo de lectura\" \/>\n\t<meta name=\"twitter:data1\" content=\"1 minuto\" \/>\n<script type=\"application\/ld+json\" class=\"yoast-schema-graph\">{\"@context\":\"https:\/\/schema.org\",\"@graph\":[{\"@type\":\"WebPage\",\"@id\":\"https:\/\/pronautic.bitfire.com.mx\/?product=formacion-sanitaria-especifica-avanzada\",\"url\":\"https:\/\/pronautic.bitfire.com.mx\/?product=formacion-sanitaria-especifica-avanzada\",\"name\":\"Curso Formaci\u00f3n Sanitaria Espec\u00edfica Avanzada en Barcelona\",\"isPartOf\":{\"@id\":\"https:\/\/pronautic.bitfire.com.mx\/#website\"},\"primaryImageOfPage\":{\"@id\":\"https:\/\/pronautic.bitfire.com.mx\/?product=formacion-sanitaria-especifica-avanzada#primaryimage\"},\"image\":{\"@id\":\"https:\/\/pronautic.bitfire.com.mx\/?product=formacion-sanitaria-especifica-avanzada#primaryimage\"},\"thumbnailUrl\":\"https:\/\/pronautic.bitfire.com.mx\/wp-content\/uploads\/2025\/05\/FSEspecifica-avanzada_resultat.webp\",\"datePublished\":\"2025-05-13T09:41:20+00:00\",\"dateModified\":\"2026-01-08T09:05:16+00:00\",\"description\":\"Curso STCW en Barcelona de Formaci\u00f3n Sanitaria Espec\u00edfica Avanzada para capitanes y oficiales con funciones m\u00e9dicas en buques y emergencias en la mar.\",\"breadcrumb\":{\"@id\":\"https:\/\/pronautic.bitfire.com.mx\/?product=formacion-sanitaria-especifica-avanzada#breadcrumb\"},\"inLanguage\":\"es\",\"potentialAction\":[{\"@type\":\"ReadAction\",\"target\":[\"https:\/\/pronautic.bitfire.com.mx\/?product=formacion-sanitaria-especifica-avanzada\"]}]},{\"@type\":\"ImageObject\",\"inLanguage\":\"es\",\"@id\":\"https:\/\/pronautic.bitfire.com.mx\/?product=formacion-sanitaria-especifica-avanzada#primaryimage\",\"url\":\"https:\/\/pronautic.bitfire.com.mx\/wp-content\/uploads\/2025\/05\/FSEspecifica-avanzada_resultat.webp\",\"contentUrl\":\"https:\/\/pronautic.bitfire.com.mx\/wp-content\/uploads\/2025\/05\/FSEspecifica-avanzada_resultat.webp\",\"width\":512,\"height\":512},{\"@type\":\"BreadcrumbList\",\"@id\":\"https:\/\/pronautic.bitfire.com.mx\/?product=formacion-sanitaria-especifica-avanzada#breadcrumb\",\"itemListElement\":[{\"@type\":\"ListItem\",\"position\":1,\"name\":\"Portada\",\"item\":\"https:\/\/pronautic.bitfire.com.mx\/\"},{\"@type\":\"ListItem\",\"position\":2,\"name\":\"Tienda\",\"item\":\"https:\/\/pronautic.bitfire.com.mx\/?page_id=10638\"},{\"@type\":\"ListItem\",\"position\":3,\"name\":\"Curso de Formaci\u00f3n Sanitaria Espec\u00edfica Avanzada\",\"item\":\"https:\/\/pronautic.bitfire.com.mx\/?product=formacion-sanitaria-especifica-avanzada\"}]},{\"@type\":\"WebSite\",\"@id\":\"https:\/\/pronautic.bitfire.com.mx\/#website\",\"url\":\"https:\/\/pronautic.bitfire.com.mx\/\",\"name\":\"Pronautic\",\"description\":\"Escuela n\u00e1utica en Barcelona | Fromaci\u00f3n marina\",\"potentialAction\":[{\"@type\":\"SearchAction\",\"target\":{\"@type\":\"EntryPoint\",\"urlTemplate\":\"https:\/\/pronautic.bitfire.com.mx\/?s={search_term_string}\"},\"query-input\":{\"@type\":\"PropertyValueSpecification\",\"valueRequired\":true,\"valueName\":\"search_term_string\"}}],\"inLanguage\":\"es\"}]}<\/script>\n<!-- \/ Yoast SEO plugin. -->","yoast_head_json":{"title":"Curso Formaci\u00f3n Sanitaria Espec\u00edfica Avanzada en Barcelona","description":"Curso STCW en Barcelona de Formaci\u00f3n Sanitaria Espec\u00edfica Avanzada para capitanes y oficiales con funciones m\u00e9dicas en buques y emergencias en la mar.","robots":{"index":"noindex","follow":"follow","max-snippet":"max-snippet:-1","max-image-preview":"max-image-preview:large","max-video-preview":"max-video-preview:-1"},"og_locale":"es_ES","og_type":"article","og_title":"Curso Formaci\u00f3n Sanitaria Espec\u00edfica Avanzada en Barcelona","og_description":"Curso STCW en Barcelona de Formaci\u00f3n Sanitaria Espec\u00edfica Avanzada para capitanes y oficiales con funciones m\u00e9dicas en buques y emergencias en la mar.","og_url":"https:\/\/pronautic.bitfire.com.mx\/?product=formacion-sanitaria-especifica-avanzada","og_site_name":"Pronautic","article_modified_time":"2026-01-08T09:05:16+00:00","og_image":[{"width":512,"height":512,"url":"https:\/\/pronautic.bitfire.com.mx\/wp-content\/uploads\/2025\/05\/FSEspecifica-avanzada_resultat.webp","type":"image\/webp"}],"twitter_card":"summary_large_image","twitter_misc":{"Tiempo de lectura":"1 minuto"},"schema":{"@context":"https:\/\/schema.org","@graph":[{"@type":"WebPage","@id":"https:\/\/pronautic.bitfire.com.mx\/?product=formacion-sanitaria-especifica-avanzada","url":"https:\/\/pronautic.bitfire.com.mx\/?product=formacion-sanitaria-especifica-avanzada","name":"Curso Formaci\u00f3n Sanitaria Espec\u00edfica Avanzada en Barcelona","isPartOf":{"@id":"https:\/\/pronautic.bitfire.com.mx\/#website"},"primaryImageOfPage":{"@id":"https:\/\/pronautic.bitfire.com.mx\/?product=formacion-sanitaria-especifica-avanzada#primaryimage"},"image":{"@id":"https:\/\/pronautic.bitfire.com.mx\/?product=formacion-sanitaria-especifica-avanzada#primaryimage"},"thumbnailUrl":"https:\/\/pronautic.bitfire.com.mx\/wp-content\/uploads\/2025\/05\/FSEspecifica-avanzada_resultat.webp","datePublished":"2025-05-13T09:41:20+00:00","dateModified":"2026-01-08T09:05:16+00:00","description":"Curso STCW en Barcelona de Formaci\u00f3n Sanitaria Espec\u00edfica Avanzada para capitanes y oficiales con funciones m\u00e9dicas en buques y emergencias en la mar.","breadcrumb":{"@id":"https:\/\/pronautic.bitfire.com.mx\/?product=formacion-sanitaria-especifica-avanzada#breadcrumb"},"inLanguage":"es","potentialAction":[{"@type":"ReadAction","target":["https:\/\/pronautic.bitfire.com.mx\/?product=formacion-sanitaria-especifica-avanzada"]}]},{"@type":"ImageObject","inLanguage":"es","@id":"https:\/\/pronautic.bitfire.com.mx\/?product=formacion-sanitaria-especifica-avanzada#primaryimage","url":"https:\/\/pronautic.bitfire.com.mx\/wp-content\/uploads\/2025\/05\/FSEspecifica-avanzada_resultat.webp","contentUrl":"https:\/\/pronautic.bitfire.com.mx\/wp-content\/uploads\/2025\/05\/FSEspecifica-avanzada_resultat.webp","width":512,"height":512},{"@type":"BreadcrumbList","@id":"https:\/\/pronautic.bitfire.com.mx\/?product=formacion-sanitaria-especifica-avanzada#breadcrumb","itemListElement":[{"@type":"ListItem","position":1,"name":"Portada","item":"https:\/\/pronautic.bitfire.com.mx\/"},{"@type":"ListItem","position":2,"name":"Tienda","item":"https:\/\/pronautic.bitfire.com.mx\/?page_id=10638"},{"@type":"ListItem","position":3,"name":"Curso de Formaci\u00f3n Sanitaria Espec\u00edfica Avanzada","item":"https:\/\/pronautic.bitfire.com.mx\/?product=formacion-sanitaria-especifica-avanzada"}]},{"@type":"WebSite","@id":"https:\/\/pronautic.bitfire.com.mx\/#website","url":"https:\/\/pronautic.bitfire.com.mx\/","name":"Pronautic","description":"Escuela n\u00e1utica en Barcelona | Fromaci\u00f3n marina","potentialAction":[{"@type":"SearchAction","target":{"@type":"EntryPoint","urlTemplate":"https:\/\/pronautic.bitfire.com.mx\/?s={search_term_string}"},"query-input":{"@type":"PropertyValueSpecification","valueRequired":true,"valueName":"search_term_string"}}],"inLanguage":"es"}]}},"_links":{"self":[{"href":"https:\/\/pronautic.bitfire.com.mx\/index.php?rest_route=\/wp\/v2\/product\/1302","targetHints":{"allow":["GET"]}}],"collection":[{"href":"https:\/\/pronautic.bitfire.com.mx\/index.php?rest_route=\/wp\/v2\/product"}],"about":[{"href":"https:\/\/pronautic.bitfire.com.mx\/index.php?rest_route=\/wp\/v2\/types\/product"}],"replies":[{"embeddable":true,"href":"https:\/\/pronautic.bitfire.com.mx\/index.php?rest_route=%2Fwp%2Fv2%2Fcomments&post=1302"}],"wp:featuredmedia":[{"embeddable":true,"href":"https:\/\/pronautic.bitfire.com.mx\/index.php?rest_route=\/wp\/v2\/media\/2346"}],"wp:attachment":[{"href":"https:\/\/pronautic.bitfire.com.mx\/index.php?rest_route=%2Fwp%2Fv2%2Fmedia&parent=1302"}],"wp:term":[{"taxonomy":"product_brand","embeddable":true,"href":"https:\/\/pronautic.bitfire.com.mx\/index.php?rest_route=%2Fwp%2Fv2%2Fproduct_brand&post=1302"},{"taxonomy":"product_cat","embeddable":true,"href":"https:\/\/pronautic.bitfire.com.mx\/index.php?rest_route=%2Fwp%2Fv2%2Fproduct_cat&post=1302"},{"taxonomy":"product_tag","embeddable":true,"href":"https:\/\/pronautic.bitfire.com.mx\/index.php?rest_route=%2Fwp%2Fv2%2Fproduct_tag&post=1302"}],"curies":[{"name":"wp","href":"https:\/\/api.w.org\/{rel}","templated":true}]}}