{"id":1297,"date":"2025-05-13T09:28:44","date_gmt":"2025-05-13T09:28:44","guid":{"rendered":"https:\/\/pronautic.olalondev.com\/?post_type=product&#038;p=1297"},"modified":"2026-01-08T11:01:20","modified_gmt":"2026-01-08T11:01:20","slug":"ampliacion-de-operador-general-del-smssm","status":"publish","type":"product","link":"https:\/\/pronautic.bitfire.com.mx\/?product=ampliacion-de-operador-general-del-smssm","title":{"rendered":"Ampliaci\u00f3n de Operador General del SMSSM"},"content":{"rendered":"","protected":false},"excerpt":{"rendered":"<h3 data-start=\"353\" data-end=\"419\"><strong data-start=\"353\" data-end=\"419\">Curso STCW en Barcelona de Ampliaci\u00f3n a Operador General GMDSS<\/strong><\/h3>\n<h5>ANTES 830\u20ac <strong>&#8211; AHORA 788,50\u20ac<\/strong><\/h5>\n<p data-start=\"421\" data-end=\"736\">El <strong data-start=\"424\" data-end=\"527\">curso de Ampliaci\u00f3n de Operador General del Sistema Mundial de Socorro y Seguridad Mar\u00edtima (GMDSS)<\/strong> est\u00e1 orientado a profesionales que ya cuentan con el <strong data-start=\"581\" data-end=\"630\">certificado de Operador Restringido del SMSSM<\/strong> y desean <strong data-start=\"640\" data-end=\"668\">ampliar sus competencias<\/strong> para obtener el <strong data-start=\"685\" data-end=\"733\">t\u00edtulo oficial de Operador General del GMDSS.<\/strong><\/p>\n<p data-start=\"738\" data-end=\"958\">Esta <a href=\"https:\/\/pronautic.bitfire.com.mx\/categoria-producto\/cursos-stcw-barcelona\/\"><strong>formaci\u00f3n STCW en Barcelona<\/strong><\/a> capacita al alumno como <strong data-start=\"777\" data-end=\"885\">personal cualificado para gestionar comunicaciones mar\u00edtimas de emergencia, urgencia, seguridad y rutina<\/strong>, garantizando una respuesta eficaz ante cualquier situaci\u00f3n en la mar.<\/p>\n<p data-start=\"960\" data-end=\"1194\">Durante el curso, se adquieren <strong data-start=\"991\" data-end=\"1105\">conocimientos avanzados sobre los equipos y procedimientos del Sistema Mundial de Socorro y Seguridad Mar\u00edtima<\/strong>, utilizados en buques que navegan por <strong data-start=\"1144\" data-end=\"1191\">todas las zonas mar\u00edtimas (A1, A2, A3 y A4)<\/strong>. El <strong data-start=\"1199\" data-end=\"1239\">Certificado de Especialidad Mar\u00edtima<\/strong> obtenido est\u00e1 <strong data-start=\"1254\" data-end=\"1322\">homologado por la Direcci\u00f3n General de la Marina Mercante (DGMM)<\/strong> y <strong data-start=\"1325\" data-end=\"1388\">refrendado por la Organizaci\u00f3n Mar\u00edtima Internacional (OMI)<\/strong>, cumpliendo los est\u00e1ndares del Convenio <strong data-start=\"1429\" data-end=\"1440\">STCW-78<\/strong>.<\/p>\n<p>.<\/p>\n","protected":false},"featured_media":1926,"comment_status":"open","ping_status":"closed","template":"","meta":{"_acf_changed":false,"_et_pb_use_builder":"","_et_pb_old_content":"","_et_gb_content_width":"","_joinchat":[]},"product_brand":[],"product_cat":[22],"product_tag":[],"class_list":{"0":"post-1297","1":"product","2":"type-product","3":"status-publish","4":"has-post-thumbnail","6":"product_cat-cursos-stcw-barcelona","8":"first","9":"instock","10":"sale","11":"shipping-taxable","12":"purchasable","13":"product-type-variable"},"acf":[],"yoast_head":"<!-- This site is optimized with the Yoast SEO plugin v26.5 - https:\/\/yoast.com\/wordpress\/plugins\/seo\/ -->\n<title>Ampliaci\u00f3n Operador General GMDSS homologado<\/title>\n<meta name=\"description\" content=\"Obt\u00e9n tu certificado STCW en Barcelona con el curso de Ampliaci\u00f3n a Operador General GMDSS. Formaci\u00f3n homologada por la DGMM y OMI.\" \/>\n<meta name=\"robots\" content=\"noindex, follow, max-snippet:-1, max-image-preview:large, max-video-preview:-1\" \/>\n<meta property=\"og:locale\" content=\"es_ES\" \/>\n<meta property=\"og:type\" content=\"article\" \/>\n<meta property=\"og:title\" content=\"Ampliaci\u00f3n Operador General GMDSS homologado\" \/>\n<meta property=\"og:description\" content=\"Obt\u00e9n tu certificado STCW en Barcelona con el curso de Ampliaci\u00f3n a Operador General GMDSS. Formaci\u00f3n homologada por la DGMM y OMI.\" \/>\n<meta property=\"og:url\" content=\"https:\/\/pronautic.bitfire.com.mx\/?product=ampliacion-de-operador-general-del-smssm\" \/>\n<meta property=\"og:site_name\" content=\"Pronautic\" \/>\n<meta property=\"article:modified_time\" content=\"2026-01-08T11:01:20+00:00\" \/>\n<meta property=\"og:image\" content=\"https:\/\/pronautic.bitfire.com.mx\/wp-content\/uploads\/2025\/05\/pexels-bertellifotografia-15141410_resultat.webp\" \/>\n\t<meta property=\"og:image:width\" content=\"935\" \/>\n\t<meta property=\"og:image:height\" content=\"1403\" \/>\n\t<meta property=\"og:image:type\" content=\"image\/webp\" \/>\n<meta name=\"twitter:card\" content=\"summary_large_image\" \/>\n<meta name=\"twitter:label1\" content=\"Tiempo de lectura\" \/>\n\t<meta name=\"twitter:data1\" content=\"1 minuto\" \/>\n<script type=\"application\/ld+json\" class=\"yoast-schema-graph\">{\"@context\":\"https:\/\/schema.org\",\"@graph\":[{\"@type\":\"WebPage\",\"@id\":\"https:\/\/pronautic.bitfire.com.mx\/?product=ampliacion-de-operador-general-del-smssm\",\"url\":\"https:\/\/pronautic.bitfire.com.mx\/?product=ampliacion-de-operador-general-del-smssm\",\"name\":\"Ampliaci\u00f3n Operador General GMDSS homologado\",\"isPartOf\":{\"@id\":\"https:\/\/pronautic.bitfire.com.mx\/#website\"},\"primaryImageOfPage\":{\"@id\":\"https:\/\/pronautic.bitfire.com.mx\/?product=ampliacion-de-operador-general-del-smssm#primaryimage\"},\"image\":{\"@id\":\"https:\/\/pronautic.bitfire.com.mx\/?product=ampliacion-de-operador-general-del-smssm#primaryimage\"},\"thumbnailUrl\":\"https:\/\/pronautic.bitfire.com.mx\/wp-content\/uploads\/2025\/05\/pexels-bertellifotografia-15141410_resultat.webp\",\"datePublished\":\"2025-05-13T09:28:44+00:00\",\"dateModified\":\"2026-01-08T11:01:20+00:00\",\"description\":\"Obt\u00e9n tu certificado STCW en Barcelona con el curso de Ampliaci\u00f3n a Operador General GMDSS. Formaci\u00f3n homologada por la DGMM y OMI.\",\"breadcrumb\":{\"@id\":\"https:\/\/pronautic.bitfire.com.mx\/?product=ampliacion-de-operador-general-del-smssm#breadcrumb\"},\"inLanguage\":\"es\",\"potentialAction\":[{\"@type\":\"ReadAction\",\"target\":[\"https:\/\/pronautic.bitfire.com.mx\/?product=ampliacion-de-operador-general-del-smssm\"]}]},{\"@type\":\"ImageObject\",\"inLanguage\":\"es\",\"@id\":\"https:\/\/pronautic.bitfire.com.mx\/?product=ampliacion-de-operador-general-del-smssm#primaryimage\",\"url\":\"https:\/\/pronautic.bitfire.com.mx\/wp-content\/uploads\/2025\/05\/pexels-bertellifotografia-15141410_resultat.webp\",\"contentUrl\":\"https:\/\/pronautic.bitfire.com.mx\/wp-content\/uploads\/2025\/05\/pexels-bertellifotografia-15141410_resultat.webp\",\"width\":935,\"height\":1403},{\"@type\":\"BreadcrumbList\",\"@id\":\"https:\/\/pronautic.bitfire.com.mx\/?product=ampliacion-de-operador-general-del-smssm#breadcrumb\",\"itemListElement\":[{\"@type\":\"ListItem\",\"position\":1,\"name\":\"Portada\",\"item\":\"https:\/\/pronautic.bitfire.com.mx\/\"},{\"@type\":\"ListItem\",\"position\":2,\"name\":\"Tienda\",\"item\":\"https:\/\/pronautic.bitfire.com.mx\/?page_id=10638\"},{\"@type\":\"ListItem\",\"position\":3,\"name\":\"Ampliaci\u00f3n de Operador General del SMSSM\",\"item\":\"https:\/\/pronautic.bitfire.com.mx\/?product=ampliacion-de-operador-general-del-smssm\"}]},{\"@type\":\"WebSite\",\"@id\":\"https:\/\/pronautic.bitfire.com.mx\/#website\",\"url\":\"https:\/\/pronautic.bitfire.com.mx\/\",\"name\":\"Pronautic\",\"description\":\"Escuela n\u00e1utica en Barcelona | Fromaci\u00f3n marina\",\"potentialAction\":[{\"@type\":\"SearchAction\",\"target\":{\"@type\":\"EntryPoint\",\"urlTemplate\":\"https:\/\/pronautic.bitfire.com.mx\/?s={search_term_string}\"},\"query-input\":{\"@type\":\"PropertyValueSpecification\",\"valueRequired\":true,\"valueName\":\"search_term_string\"}}],\"inLanguage\":\"es\"}]}<\/script>\n<!-- \/ Yoast SEO plugin. -->","yoast_head_json":{"title":"Ampliaci\u00f3n Operador General GMDSS homologado","description":"Obt\u00e9n tu certificado STCW en Barcelona con el curso de Ampliaci\u00f3n a Operador General GMDSS. Formaci\u00f3n homologada por la DGMM y OMI.","robots":{"index":"noindex","follow":"follow","max-snippet":"max-snippet:-1","max-image-preview":"max-image-preview:large","max-video-preview":"max-video-preview:-1"},"og_locale":"es_ES","og_type":"article","og_title":"Ampliaci\u00f3n Operador General GMDSS homologado","og_description":"Obt\u00e9n tu certificado STCW en Barcelona con el curso de Ampliaci\u00f3n a Operador General GMDSS. Formaci\u00f3n homologada por la DGMM y OMI.","og_url":"https:\/\/pronautic.bitfire.com.mx\/?product=ampliacion-de-operador-general-del-smssm","og_site_name":"Pronautic","article_modified_time":"2026-01-08T11:01:20+00:00","og_image":[{"width":935,"height":1403,"url":"https:\/\/pronautic.bitfire.com.mx\/wp-content\/uploads\/2025\/05\/pexels-bertellifotografia-15141410_resultat.webp","type":"image\/webp"}],"twitter_card":"summary_large_image","twitter_misc":{"Tiempo de lectura":"1 minuto"},"schema":{"@context":"https:\/\/schema.org","@graph":[{"@type":"WebPage","@id":"https:\/\/pronautic.bitfire.com.mx\/?product=ampliacion-de-operador-general-del-smssm","url":"https:\/\/pronautic.bitfire.com.mx\/?product=ampliacion-de-operador-general-del-smssm","name":"Ampliaci\u00f3n Operador General GMDSS homologado","isPartOf":{"@id":"https:\/\/pronautic.bitfire.com.mx\/#website"},"primaryImageOfPage":{"@id":"https:\/\/pronautic.bitfire.com.mx\/?product=ampliacion-de-operador-general-del-smssm#primaryimage"},"image":{"@id":"https:\/\/pronautic.bitfire.com.mx\/?product=ampliacion-de-operador-general-del-smssm#primaryimage"},"thumbnailUrl":"https:\/\/pronautic.bitfire.com.mx\/wp-content\/uploads\/2025\/05\/pexels-bertellifotografia-15141410_resultat.webp","datePublished":"2025-05-13T09:28:44+00:00","dateModified":"2026-01-08T11:01:20+00:00","description":"Obt\u00e9n tu certificado STCW en Barcelona con el curso de Ampliaci\u00f3n a Operador General GMDSS. Formaci\u00f3n homologada por la DGMM y OMI.","breadcrumb":{"@id":"https:\/\/pronautic.bitfire.com.mx\/?product=ampliacion-de-operador-general-del-smssm#breadcrumb"},"inLanguage":"es","potentialAction":[{"@type":"ReadAction","target":["https:\/\/pronautic.bitfire.com.mx\/?product=ampliacion-de-operador-general-del-smssm"]}]},{"@type":"ImageObject","inLanguage":"es","@id":"https:\/\/pronautic.bitfire.com.mx\/?product=ampliacion-de-operador-general-del-smssm#primaryimage","url":"https:\/\/pronautic.bitfire.com.mx\/wp-content\/uploads\/2025\/05\/pexels-bertellifotografia-15141410_resultat.webp","contentUrl":"https:\/\/pronautic.bitfire.com.mx\/wp-content\/uploads\/2025\/05\/pexels-bertellifotografia-15141410_resultat.webp","width":935,"height":1403},{"@type":"BreadcrumbList","@id":"https:\/\/pronautic.bitfire.com.mx\/?product=ampliacion-de-operador-general-del-smssm#breadcrumb","itemListElement":[{"@type":"ListItem","position":1,"name":"Portada","item":"https:\/\/pronautic.bitfire.com.mx\/"},{"@type":"ListItem","position":2,"name":"Tienda","item":"https:\/\/pronautic.bitfire.com.mx\/?page_id=10638"},{"@type":"ListItem","position":3,"name":"Ampliaci\u00f3n de Operador General del SMSSM","item":"https:\/\/pronautic.bitfire.com.mx\/?product=ampliacion-de-operador-general-del-smssm"}]},{"@type":"WebSite","@id":"https:\/\/pronautic.bitfire.com.mx\/#website","url":"https:\/\/pronautic.bitfire.com.mx\/","name":"Pronautic","description":"Escuela n\u00e1utica en Barcelona | Fromaci\u00f3n marina","potentialAction":[{"@type":"SearchAction","target":{"@type":"EntryPoint","urlTemplate":"https:\/\/pronautic.bitfire.com.mx\/?s={search_term_string}"},"query-input":{"@type":"PropertyValueSpecification","valueRequired":true,"valueName":"search_term_string"}}],"inLanguage":"es"}]}},"_links":{"self":[{"href":"https:\/\/pronautic.bitfire.com.mx\/index.php?rest_route=\/wp\/v2\/product\/1297","targetHints":{"allow":["GET"]}}],"collection":[{"href":"https:\/\/pronautic.bitfire.com.mx\/index.php?rest_route=\/wp\/v2\/product"}],"about":[{"href":"https:\/\/pronautic.bitfire.com.mx\/index.php?rest_route=\/wp\/v2\/types\/product"}],"replies":[{"embeddable":true,"href":"https:\/\/pronautic.bitfire.com.mx\/index.php?rest_route=%2Fwp%2Fv2%2Fcomments&post=1297"}],"wp:featuredmedia":[{"embeddable":true,"href":"https:\/\/pronautic.bitfire.com.mx\/index.php?rest_route=\/wp\/v2\/media\/1926"}],"wp:attachment":[{"href":"https:\/\/pronautic.bitfire.com.mx\/index.php?rest_route=%2Fwp%2Fv2%2Fmedia&parent=1297"}],"wp:term":[{"taxonomy":"product_brand","embeddable":true,"href":"https:\/\/pronautic.bitfire.com.mx\/index.php?rest_route=%2Fwp%2Fv2%2Fproduct_brand&post=1297"},{"taxonomy":"product_cat","embeddable":true,"href":"https:\/\/pronautic.bitfire.com.mx\/index.php?rest_route=%2Fwp%2Fv2%2Fproduct_cat&post=1297"},{"taxonomy":"product_tag","embeddable":true,"href":"https:\/\/pronautic.bitfire.com.mx\/index.php?rest_route=%2Fwp%2Fv2%2Fproduct_tag&post=1297"}],"curies":[{"name":"wp","href":"https:\/\/api.w.org\/{rel}","templated":true}]}}