{"id":11549,"date":"2025-11-11T15:39:47","date_gmt":"2025-11-11T15:39:47","guid":{"rendered":"https:\/\/pronautic.bitfire.com.mx\/?post_type=product&#038;p=11549"},"modified":"2025-11-11T15:45:23","modified_gmt":"2025-11-11T15:45:23","slug":"per-a-bordo-barcelona","status":"publish","type":"product","link":"https:\/\/pronautic.bitfire.com.mx\/?product=per-a-bordo-barcelona","title":{"rendered":"T\u00edtulo PER a Bordo Barcelona"},"content":{"rendered":"<div class=\"row descripcio-curs\">\n<div class=\"col-md-12\">\n<p><strong>Todas las modalidades<\/strong> de nuestro <a href=\"https:\/\/pronautic.bitfire.com.mx\/categoria-producto\/cursos-nauticos-de-recreo-en-barcelona\/patron-de-embarcaciones-de-recreo-per-en-barcelona\/\">curso PER en Barcelona<\/a> <strong>incluyen<\/strong>:<\/p>\n<ul>\n<li>Acceso inmediato a la\u00a0<strong>Plataforma Pronautic<\/strong><\/li>\n<li>Acceso inmediato al\u00a0<strong>Aula Virtual<\/strong>: Manuales te\u00f3ricos online, tests de autoevaluaci\u00f3n y ex\u00e1menes oficiales<\/li>\n<li><strong>Tutor\u00edas online ilimitadas<\/strong><\/li>\n<li><strong>Teor\u00eda online, presencial o en streaming entre semana o fin de semana<\/strong><\/li>\n<li class=\"\" data-start=\"530\" data-end=\"569\">\n<p class=\"\" data-start=\"532\" data-end=\"569\">Pr\u00e1cticas de seguridad y navegaci\u00f3n<\/p>\n<\/li>\n<li class=\"\" data-start=\"570\" data-end=\"604\">\n<p class=\"\" data-start=\"572\" data-end=\"604\">Pr\u00e1cticas de vela y navegaci\u00f3n<\/p>\n<\/li>\n<li class=\"\" data-start=\"605\" data-end=\"636\">\n<p class=\"\" data-start=\"607\" data-end=\"636\">Teor\u00eda y pr\u00e1cticas de radio<\/p>\n<\/li>\n<li class=\"\" data-start=\"637\" data-end=\"652\">\n<p class=\"\" data-start=\"639\" data-end=\"652\">Combustible<\/p>\n<\/li>\n<li class=\"\" data-start=\"653\" data-end=\"696\">\n<p class=\"\" data-start=\"655\" data-end=\"696\">Embarcaci\u00f3n auxiliar y motor fueraborda<\/p>\n<\/li>\n<li class=\"\" data-start=\"697\" data-end=\"715\">\n<p class=\"\" data-start=\"699\" data-end=\"715\">Limpieza final<\/p>\n<\/li>\n<li class=\"\" data-start=\"697\" data-end=\"715\">\n<p class=\"\" data-start=\"699\" data-end=\"715\">Limpieza final<\/p>\n<\/li>\n<\/ul>\n<div class=\"wpb_column vc_column_container vc_col-sm-6\">\n<div class=\"vc_column-inner\">\n<div class=\"wpb_wrapper\">\n<div class=\"wpb_text_column wpb_content_element\">\n<div class=\"wpb_wrapper\">\n<div class=\"vc_row wpb_row vc_inner vc_row-fluid blanc\">\n<div class=\"wpb_column vc_column_container vc_col-sm-6\">\n<div class=\"vc_column-inner\">\n<div class=\"wpb_wrapper\">\n<div class=\"wpb_text_column wpb_content_element\">\n<div class=\"wpb_wrapper\">\n<p class=\"\" data-start=\"738\" data-end=\"779\"><strong data-start=\"738\" data-end=\"753\">No incluye:<\/strong>\u00a0gastos de comida y bebida<\/p>\n<\/div>\n<\/div>\n<\/div>\n<\/div>\n<\/div>\n<\/div>\n<\/div>\n<\/div>\n<\/div>\n<\/div>\n<\/div>\n<div class=\"wpb_column vc_column_container vc_col-sm-6\">\n<div class=\"vc_column-inner\">\n<div class=\"wpb_wrapper\">\n<div class=\"wpb_text_column wpb_content_element\">\n<div class=\"wpb_wrapper\"><\/div>\n<\/div>\n<\/div>\n<\/div>\n<\/div>\n<\/div>\n<\/div>\n","protected":false},"excerpt":{"rendered":"<h5 class=\"price\"><strong><span class=\"woocommerce-Price-amount amount\">Desde 950 <span class=\"woocommerce-Price-currencySymbol\">\u20ac<\/span><\/span><\/strong><\/h5>\n<div class=\"row descripcio-curs\">\n<div class=\"col-md-12\">\n<h3 data-start=\"287\" data-end=\"356\">Curso PER a Bordo en Barcelona \u2013 Presencial, Online o en Streaming<\/h3>\n<p class=\"p1\">En\u00a0<strong>Pronautic<\/strong>, tu\u00a0<a href=\"https:\/\/pronautic.bitfire.com.mx\/\">escuela n\u00e1utica en Barcelona<\/a>, el curso de\u00a0<strong>PER a Bordo en Barcelona<\/strong>\u00a0te ofrece una experiencia de aprendizaje \u00fanica: formaci\u00f3n n\u00e1utica de primer nivel y la oportunidad de descubrir algunos de los lugares m\u00e1s rec\u00f3nditos de las Islas Baleares.<\/p>\n<p>La mejor opci\u00f3n para quienes quieren obtener el PER y buscan una experiencia n\u00e1utica pr\u00e1ctica, intensiva y divertida.<\/p>\n<p>\u00bfQuieres descubrir m\u00e1s modalidades del curso de recreo por excelencia? \u00a1Desc\u00fabrelo aqu\u00ed:\u00a0<a href=\"https:\/\/pronautic.bitfire.com.mx\/categoria-producto\/cursos-nauticos-de-recreo-en-barcelona\/patron-de-embarcaciones-de-recreo-per-en-barcelona\/\"><strong>T\u00edtulo PER en Barcelona<\/strong><\/a>!<\/p>\n<p data-start=\"912\" data-end=\"1116\">Descubre m\u00e1s sobre nuestros <strong data-start=\"943\" data-end=\"989\"><a class=\"decorated-link cursor-pointer\" href=\"https:\/\/pronautic.bitfire.com.mx\/categoria-producto\/cursos-nauticos-de-recreo-en-barcelona\/\" rel=\"noopener\" data-start=\"945\" data-end=\"987\">cursos de n\u00e1utica en Barcelona<\/a><\/strong> o inf\u00f3rmate de todas la modalidades del <a href=\"https:\/\/pronautic.bitfire.com.mx\/categoria-producto\/cursos-nauticos-de-recreo-en-barcelona\/patron-de-embarcaciones-de-recreo-per-en-barcelona\/\">T\u00edtulo PER en Barcelona<\/a> y empieza a navegar con total confianza.<\/p>\n<\/div>\n<\/div>\n","protected":false},"featured_media":11136,"comment_status":"open","ping_status":"closed","template":"","meta":{"_acf_changed":false,"_et_pb_use_builder":"","_et_pb_old_content":"","_et_gb_content_width":"","_joinchat":[]},"product_brand":[],"product_cat":[26,21],"product_tag":[],"class_list":{"0":"post-11549","1":"product","2":"type-product","3":"status-publish","4":"has-post-thumbnail","6":"product_cat-cursos-nauticos-de-recreo-en-barcelona","7":"product_cat-titulo-per-barcelona","8":"bookacti-activity","10":"first","11":"instock","12":"sale","13":"shipping-taxable","14":"purchasable","15":"product-type-variable"},"acf":[],"yoast_head":"<!-- This site is optimized with the Yoast SEO plugin v26.5 - https:\/\/yoast.com\/wordpress\/plugins\/seo\/ -->\n<title>PER\u202fa\u202fBordo en Barcelona. Navegaci\u00f3n + Pr\u00e1cticas en Baleares<\/title>\n<meta name=\"description\" content=\"Obt\u00e9n tu t\u00edtulo PER\u202fa\u202fBordo en Barcelona con Pronautic: teor\u00eda + pr\u00e1cticas reales (vela y motor) + traves\u00eda hasta las Baleares.\" \/>\n<meta name=\"robots\" content=\"noindex, follow, max-snippet:-1, max-image-preview:large, max-video-preview:-1\" \/>\n<meta property=\"og:locale\" content=\"es_ES\" \/>\n<meta property=\"og:type\" content=\"article\" \/>\n<meta property=\"og:title\" content=\"PER\u202fa\u202fBordo en Barcelona. Navegaci\u00f3n + Pr\u00e1cticas en Baleares\" \/>\n<meta property=\"og:description\" content=\"Obt\u00e9n tu t\u00edtulo PER\u202fa\u202fBordo en Barcelona con Pronautic: teor\u00eda + pr\u00e1cticas reales (vela y motor) + traves\u00eda hasta las Baleares.\" \/>\n<meta property=\"og:url\" content=\"https:\/\/pronautic.bitfire.com.mx\/?product=per-a-bordo-barcelona\" \/>\n<meta property=\"og:site_name\" content=\"Pronautic\" \/>\n<meta property=\"article:modified_time\" content=\"2025-11-11T15:45:23+00:00\" \/>\n<meta property=\"og:image\" content=\"https:\/\/pronautic.bitfire.com.mx\/wp-content\/uploads\/2025\/09\/IMG_0708-lr.webp\" \/>\n\t<meta property=\"og:image:width\" content=\"2000\" \/>\n\t<meta property=\"og:image:height\" content=\"1333\" \/>\n\t<meta property=\"og:image:type\" content=\"image\/webp\" \/>\n<meta name=\"twitter:card\" content=\"summary_large_image\" \/>\n<meta name=\"twitter:label1\" content=\"Tiempo de lectura\" \/>\n\t<meta name=\"twitter:data1\" content=\"1 minuto\" \/>\n<script type=\"application\/ld+json\" class=\"yoast-schema-graph\">{\"@context\":\"https:\/\/schema.org\",\"@graph\":[{\"@type\":\"WebPage\",\"@id\":\"https:\/\/pronautic.bitfire.com.mx\/?product=per-a-bordo-barcelona\",\"url\":\"https:\/\/pronautic.bitfire.com.mx\/?product=per-a-bordo-barcelona\",\"name\":\"PER\u202fa\u202fBordo en Barcelona. Navegaci\u00f3n + Pr\u00e1cticas en Baleares\",\"isPartOf\":{\"@id\":\"https:\/\/pronautic.bitfire.com.mx\/#website\"},\"primaryImageOfPage\":{\"@id\":\"https:\/\/pronautic.bitfire.com.mx\/?product=per-a-bordo-barcelona#primaryimage\"},\"image\":{\"@id\":\"https:\/\/pronautic.bitfire.com.mx\/?product=per-a-bordo-barcelona#primaryimage\"},\"thumbnailUrl\":\"https:\/\/pronautic.bitfire.com.mx\/wp-content\/uploads\/2025\/09\/IMG_0708-lr.webp\",\"datePublished\":\"2025-11-11T15:39:47+00:00\",\"dateModified\":\"2025-11-11T15:45:23+00:00\",\"description\":\"Obt\u00e9n tu t\u00edtulo PER\u202fa\u202fBordo en Barcelona con Pronautic: teor\u00eda + pr\u00e1cticas reales (vela y motor) + traves\u00eda hasta las Baleares.\",\"breadcrumb\":{\"@id\":\"https:\/\/pronautic.bitfire.com.mx\/?product=per-a-bordo-barcelona#breadcrumb\"},\"inLanguage\":\"es\",\"potentialAction\":[{\"@type\":\"ReadAction\",\"target\":[\"https:\/\/pronautic.bitfire.com.mx\/?product=per-a-bordo-barcelona\"]}]},{\"@type\":\"ImageObject\",\"inLanguage\":\"es\",\"@id\":\"https:\/\/pronautic.bitfire.com.mx\/?product=per-a-bordo-barcelona#primaryimage\",\"url\":\"https:\/\/pronautic.bitfire.com.mx\/wp-content\/uploads\/2025\/09\/IMG_0708-lr.webp\",\"contentUrl\":\"https:\/\/pronautic.bitfire.com.mx\/wp-content\/uploads\/2025\/09\/IMG_0708-lr.webp\",\"width\":2000,\"height\":1333,\"caption\":\"Cursos n\u00e1uticos Barcelona\"},{\"@type\":\"BreadcrumbList\",\"@id\":\"https:\/\/pronautic.bitfire.com.mx\/?product=per-a-bordo-barcelona#breadcrumb\",\"itemListElement\":[{\"@type\":\"ListItem\",\"position\":1,\"name\":\"Portada\",\"item\":\"https:\/\/pronautic.bitfire.com.mx\/\"},{\"@type\":\"ListItem\",\"position\":2,\"name\":\"Tienda\",\"item\":\"https:\/\/pronautic.bitfire.com.mx\/?page_id=10638\"},{\"@type\":\"ListItem\",\"position\":3,\"name\":\"T\u00edtulo PER a Bordo Barcelona\",\"item\":\"https:\/\/pronautic.bitfire.com.mx\/?product=per-a-bordo-barcelona\"}]},{\"@type\":\"WebSite\",\"@id\":\"https:\/\/pronautic.bitfire.com.mx\/#website\",\"url\":\"https:\/\/pronautic.bitfire.com.mx\/\",\"name\":\"Pronautic\",\"description\":\"Escuela n\u00e1utica en Barcelona | Fromaci\u00f3n marina\",\"potentialAction\":[{\"@type\":\"SearchAction\",\"target\":{\"@type\":\"EntryPoint\",\"urlTemplate\":\"https:\/\/pronautic.bitfire.com.mx\/?s={search_term_string}\"},\"query-input\":{\"@type\":\"PropertyValueSpecification\",\"valueRequired\":true,\"valueName\":\"search_term_string\"}}],\"inLanguage\":\"es\"}]}<\/script>\n<!-- \/ Yoast SEO plugin. -->","yoast_head_json":{"title":"PER\u202fa\u202fBordo en Barcelona. Navegaci\u00f3n + Pr\u00e1cticas en Baleares","description":"Obt\u00e9n tu t\u00edtulo PER\u202fa\u202fBordo en Barcelona con Pronautic: teor\u00eda + pr\u00e1cticas reales (vela y motor) + traves\u00eda hasta las Baleares.","robots":{"index":"noindex","follow":"follow","max-snippet":"max-snippet:-1","max-image-preview":"max-image-preview:large","max-video-preview":"max-video-preview:-1"},"og_locale":"es_ES","og_type":"article","og_title":"PER\u202fa\u202fBordo en Barcelona. Navegaci\u00f3n + Pr\u00e1cticas en Baleares","og_description":"Obt\u00e9n tu t\u00edtulo PER\u202fa\u202fBordo en Barcelona con Pronautic: teor\u00eda + pr\u00e1cticas reales (vela y motor) + traves\u00eda hasta las Baleares.","og_url":"https:\/\/pronautic.bitfire.com.mx\/?product=per-a-bordo-barcelona","og_site_name":"Pronautic","article_modified_time":"2025-11-11T15:45:23+00:00","og_image":[{"width":2000,"height":1333,"url":"https:\/\/pronautic.bitfire.com.mx\/wp-content\/uploads\/2025\/09\/IMG_0708-lr.webp","type":"image\/webp"}],"twitter_card":"summary_large_image","twitter_misc":{"Tiempo de lectura":"1 minuto"},"schema":{"@context":"https:\/\/schema.org","@graph":[{"@type":"WebPage","@id":"https:\/\/pronautic.bitfire.com.mx\/?product=per-a-bordo-barcelona","url":"https:\/\/pronautic.bitfire.com.mx\/?product=per-a-bordo-barcelona","name":"PER\u202fa\u202fBordo en Barcelona. Navegaci\u00f3n + Pr\u00e1cticas en Baleares","isPartOf":{"@id":"https:\/\/pronautic.bitfire.com.mx\/#website"},"primaryImageOfPage":{"@id":"https:\/\/pronautic.bitfire.com.mx\/?product=per-a-bordo-barcelona#primaryimage"},"image":{"@id":"https:\/\/pronautic.bitfire.com.mx\/?product=per-a-bordo-barcelona#primaryimage"},"thumbnailUrl":"https:\/\/pronautic.bitfire.com.mx\/wp-content\/uploads\/2025\/09\/IMG_0708-lr.webp","datePublished":"2025-11-11T15:39:47+00:00","dateModified":"2025-11-11T15:45:23+00:00","description":"Obt\u00e9n tu t\u00edtulo PER\u202fa\u202fBordo en Barcelona con Pronautic: teor\u00eda + pr\u00e1cticas reales (vela y motor) + traves\u00eda hasta las Baleares.","breadcrumb":{"@id":"https:\/\/pronautic.bitfire.com.mx\/?product=per-a-bordo-barcelona#breadcrumb"},"inLanguage":"es","potentialAction":[{"@type":"ReadAction","target":["https:\/\/pronautic.bitfire.com.mx\/?product=per-a-bordo-barcelona"]}]},{"@type":"ImageObject","inLanguage":"es","@id":"https:\/\/pronautic.bitfire.com.mx\/?product=per-a-bordo-barcelona#primaryimage","url":"https:\/\/pronautic.bitfire.com.mx\/wp-content\/uploads\/2025\/09\/IMG_0708-lr.webp","contentUrl":"https:\/\/pronautic.bitfire.com.mx\/wp-content\/uploads\/2025\/09\/IMG_0708-lr.webp","width":2000,"height":1333,"caption":"Cursos n\u00e1uticos Barcelona"},{"@type":"BreadcrumbList","@id":"https:\/\/pronautic.bitfire.com.mx\/?product=per-a-bordo-barcelona#breadcrumb","itemListElement":[{"@type":"ListItem","position":1,"name":"Portada","item":"https:\/\/pronautic.bitfire.com.mx\/"},{"@type":"ListItem","position":2,"name":"Tienda","item":"https:\/\/pronautic.bitfire.com.mx\/?page_id=10638"},{"@type":"ListItem","position":3,"name":"T\u00edtulo PER a Bordo Barcelona","item":"https:\/\/pronautic.bitfire.com.mx\/?product=per-a-bordo-barcelona"}]},{"@type":"WebSite","@id":"https:\/\/pronautic.bitfire.com.mx\/#website","url":"https:\/\/pronautic.bitfire.com.mx\/","name":"Pronautic","description":"Escuela n\u00e1utica en Barcelona | Fromaci\u00f3n marina","potentialAction":[{"@type":"SearchAction","target":{"@type":"EntryPoint","urlTemplate":"https:\/\/pronautic.bitfire.com.mx\/?s={search_term_string}"},"query-input":{"@type":"PropertyValueSpecification","valueRequired":true,"valueName":"search_term_string"}}],"inLanguage":"es"}]}},"_links":{"self":[{"href":"https:\/\/pronautic.bitfire.com.mx\/index.php?rest_route=\/wp\/v2\/product\/11549","targetHints":{"allow":["GET"]}}],"collection":[{"href":"https:\/\/pronautic.bitfire.com.mx\/index.php?rest_route=\/wp\/v2\/product"}],"about":[{"href":"https:\/\/pronautic.bitfire.com.mx\/index.php?rest_route=\/wp\/v2\/types\/product"}],"replies":[{"embeddable":true,"href":"https:\/\/pronautic.bitfire.com.mx\/index.php?rest_route=%2Fwp%2Fv2%2Fcomments&post=11549"}],"wp:featuredmedia":[{"embeddable":true,"href":"https:\/\/pronautic.bitfire.com.mx\/index.php?rest_route=\/wp\/v2\/media\/11136"}],"wp:attachment":[{"href":"https:\/\/pronautic.bitfire.com.mx\/index.php?rest_route=%2Fwp%2Fv2%2Fmedia&parent=11549"}],"wp:term":[{"taxonomy":"product_brand","embeddable":true,"href":"https:\/\/pronautic.bitfire.com.mx\/index.php?rest_route=%2Fwp%2Fv2%2Fproduct_brand&post=11549"},{"taxonomy":"product_cat","embeddable":true,"href":"https:\/\/pronautic.bitfire.com.mx\/index.php?rest_route=%2Fwp%2Fv2%2Fproduct_cat&post=11549"},{"taxonomy":"product_tag","embeddable":true,"href":"https:\/\/pronautic.bitfire.com.mx\/index.php?rest_route=%2Fwp%2Fv2%2Fproduct_tag&post=11549"}],"curies":[{"name":"wp","href":"https:\/\/api.w.org\/{rel}","templated":true}]}}