{"id":1086,"date":"2025-05-09T10:39:56","date_gmt":"2025-05-09T10:39:56","guid":{"rendered":"https:\/\/pronautic.olalondev.com\/?post_type=product&#038;p=1086"},"modified":"2025-09-10T12:22:46","modified_gmt":"2025-09-10T12:22:46","slug":"curso-per-a-bordo-en-barcelona","status":"publish","type":"product","link":"https:\/\/pronautic.bitfire.com.mx\/?product=curso-per-a-bordo-en-barcelona","title":{"rendered":"PER a Bordo en Barcelona"},"content":{"rendered":"<div class=\"wpb_text_column wpb_content_element\">\n<div class=\"wpb_wrapper\">\n<p><strong>Todas las modalidades<\/strong>\u00a0de nuestro curso\u00a0<strong>PER a bordo<\/strong>\u00a0<strong>incluyen<\/strong>:<\/p>\n<\/div>\n<\/div>\n<div class=\"vc_row wpb_row vc_inner vc_row-fluid blanc\">\n<div class=\"wpb_column vc_column_container vc_col-sm-6\">\n<div class=\"vc_column-inner\">\n<div class=\"wpb_wrapper\">\n<div class=\"wpb_text_column wpb_content_element\">\n<div class=\"wpb_wrapper\">\n<ul>\n<li class=\"\" data-start=\"297\" data-end=\"343\">\n<p class=\"\" data-start=\"299\" data-end=\"343\">Acceso inmediato a la\u00a0<strong>Plataforma Pronautic<\/strong><\/p>\n<\/li>\n<li class=\"\" data-start=\"344\" data-end=\"452\">\n<p class=\"\" data-start=\"346\" data-end=\"452\">Acceso inmediato al\u00a0<strong>Aula Virtual<\/strong>: manuales te\u00f3ricos online, tests de autoevaluaci\u00f3n y ex\u00e1menes oficiales<\/p>\n<\/li>\n<li class=\"\" data-start=\"453\" data-end=\"483\">\n<p class=\"\" data-start=\"455\" data-end=\"483\">Tutor\u00edas online ilimitadas<\/p>\n<\/li>\n<li class=\"\" data-start=\"484\" data-end=\"529\">\n<p class=\"\" data-start=\"486\" data-end=\"529\">Teor\u00eda online, presencial o por streaming<\/p>\n<\/li>\n<li class=\"\" data-start=\"530\" data-end=\"569\">\n<p class=\"\" data-start=\"532\" data-end=\"569\">Pr\u00e1cticas de seguridad y navegaci\u00f3n<\/p>\n<\/li>\n<li class=\"\" data-start=\"570\" data-end=\"604\">\n<p class=\"\" data-start=\"572\" data-end=\"604\">Pr\u00e1cticas de vela y navegaci\u00f3n<\/p>\n<\/li>\n<li class=\"\" data-start=\"605\" data-end=\"636\">\n<p class=\"\" data-start=\"607\" data-end=\"636\">Teor\u00eda y pr\u00e1cticas de radio<\/p>\n<\/li>\n<li data-start=\"605\" data-end=\"636\">Combustible<\/li>\n<li data-start=\"605\" data-end=\"636\">Embarcaci\u00f3n auxiliar y motor fueraborda<\/li>\n<li data-start=\"605\" data-end=\"636\">Limpieza final<\/li>\n<li data-start=\"605\" data-end=\"636\">Seguro e IVA (21%)<\/li>\n<\/ul>\n<p><strong>No incluye:<\/strong> gastos de comida y bebida<\/p>\n<p>&nbsp;<\/p>\n<\/div>\n<\/div>\n<\/div>\n<\/div>\n<\/div>\n<\/div>\n","protected":false},"excerpt":{"rendered":"<h3 class=\"price\"><span class=\"woocommerce-Price-amount amount\">Desde 997,50 <span class=\"woocommerce-Price-currencySymbol\">\u20ac<\/span><\/span><\/h3>\n<div class=\"row descripcio-curs\">\n<div class=\"col-md-12\">\n<p class=\"p1\">En\u00a0<strong><a href=\"https:\/\/pronautic.bitfire.com.mx\/\">Pronautic<\/a><\/strong>, el curso de PER a bordo en Barcelona te ofrece una experiencia de aprendizaje \u00fanica: formaci\u00f3n n\u00e1utica de primer nivel y la oportunidad de descubrir algunos de los lugares m\u00e1s rec\u00f3nditos de las Islas Baleares.<\/p>\n<p>La mejor opci\u00f3n para quienes quieren obtener el PER y buscan una experiencia n\u00e1utica pr\u00e1ctica, intensiva y divertida.<\/p>\n<\/div>\n<\/div>\n","protected":false},"featured_media":977,"comment_status":"open","ping_status":"closed","template":"","meta":{"_acf_changed":false,"_et_pb_use_builder":"","_et_pb_old_content":"","_et_gb_content_width":"","_joinchat":[]},"product_brand":[],"product_cat":[26],"product_tag":[],"class_list":{"0":"post-1086","1":"product","2":"type-product","3":"status-publish","4":"has-post-thumbnail","6":"product_cat-cursos-nauticos-de-recreo-en-barcelona","7":"bookacti-activity","9":"first","10":"instock","11":"sale","12":"virtual","13":"purchasable","14":"product-type-simple"},"acf":[],"yoast_head":"<!-- This site is optimized with the Yoast SEO plugin v26.5 - https:\/\/yoast.com\/wordpress\/plugins\/seo\/ -->\n<title>PER a Bordo en Barcelona - Pronautic<\/title>\n<meta name=\"description\" content=\"Haz el curso PER a bordo en Barcelona con Pronautic: vive la experiencia real de navegaci\u00f3n mientras te formas con instructores expertos.\" \/>\n<meta name=\"robots\" content=\"noindex, follow, max-snippet:-1, max-image-preview:large, max-video-preview:-1\" \/>\n<meta property=\"og:locale\" content=\"es_ES\" \/>\n<meta property=\"og:type\" content=\"article\" \/>\n<meta property=\"og:title\" content=\"PER a Bordo en Barcelona - Pronautic\" \/>\n<meta property=\"og:description\" content=\"Haz el curso PER a bordo en Barcelona con Pronautic: vive la experiencia real de navegaci\u00f3n mientras te formas con instructores expertos.\" \/>\n<meta property=\"og:url\" content=\"https:\/\/pronautic.bitfire.com.mx\/?product=curso-per-a-bordo-en-barcelona\" \/>\n<meta property=\"og:site_name\" content=\"Pronautic\" \/>\n<meta property=\"article:modified_time\" content=\"2025-09-10T12:22:46+00:00\" \/>\n<meta property=\"og:image\" content=\"https:\/\/pronautic.bitfire.com.mx\/wp-content\/uploads\/2025\/05\/PNB-vela-2_resultado.webp\" \/>\n\t<meta property=\"og:image:width\" content=\"972\" \/>\n\t<meta property=\"og:image:height\" content=\"648\" \/>\n\t<meta property=\"og:image:type\" content=\"image\/webp\" \/>\n<meta name=\"twitter:card\" content=\"summary_large_image\" \/>\n<meta name=\"twitter:label1\" content=\"Tiempo de lectura\" \/>\n\t<meta name=\"twitter:data1\" content=\"1 minuto\" \/>\n<script type=\"application\/ld+json\" class=\"yoast-schema-graph\">{\"@context\":\"https:\/\/schema.org\",\"@graph\":[{\"@type\":\"WebPage\",\"@id\":\"https:\/\/pronautic.bitfire.com.mx\/?product=curso-per-a-bordo-en-barcelona\",\"url\":\"https:\/\/pronautic.bitfire.com.mx\/?product=curso-per-a-bordo-en-barcelona\",\"name\":\"PER a Bordo en Barcelona - Pronautic\",\"isPartOf\":{\"@id\":\"https:\/\/pronautic.bitfire.com.mx\/#website\"},\"primaryImageOfPage\":{\"@id\":\"https:\/\/pronautic.bitfire.com.mx\/?product=curso-per-a-bordo-en-barcelona#primaryimage\"},\"image\":{\"@id\":\"https:\/\/pronautic.bitfire.com.mx\/?product=curso-per-a-bordo-en-barcelona#primaryimage\"},\"thumbnailUrl\":\"https:\/\/pronautic.bitfire.com.mx\/wp-content\/uploads\/2025\/05\/PNB-vela-2_resultado.webp\",\"datePublished\":\"2025-05-09T10:39:56+00:00\",\"dateModified\":\"2025-09-10T12:22:46+00:00\",\"description\":\"Haz el curso PER a bordo en Barcelona con Pronautic: vive la experiencia real de navegaci\u00f3n mientras te formas con instructores expertos.\",\"breadcrumb\":{\"@id\":\"https:\/\/pronautic.bitfire.com.mx\/?product=curso-per-a-bordo-en-barcelona#breadcrumb\"},\"inLanguage\":\"es\",\"potentialAction\":[{\"@type\":\"ReadAction\",\"target\":[\"https:\/\/pronautic.bitfire.com.mx\/?product=curso-per-a-bordo-en-barcelona\"]}]},{\"@type\":\"ImageObject\",\"inLanguage\":\"es\",\"@id\":\"https:\/\/pronautic.bitfire.com.mx\/?product=curso-per-a-bordo-en-barcelona#primaryimage\",\"url\":\"https:\/\/pronautic.bitfire.com.mx\/wp-content\/uploads\/2025\/05\/PNB-vela-2_resultado.webp\",\"contentUrl\":\"https:\/\/pronautic.bitfire.com.mx\/wp-content\/uploads\/2025\/05\/PNB-vela-2_resultado.webp\",\"width\":972,\"height\":648,\"caption\":\"Curso PER a bordo en Barcelona\"},{\"@type\":\"BreadcrumbList\",\"@id\":\"https:\/\/pronautic.bitfire.com.mx\/?product=curso-per-a-bordo-en-barcelona#breadcrumb\",\"itemListElement\":[{\"@type\":\"ListItem\",\"position\":1,\"name\":\"Portada\",\"item\":\"https:\/\/pronautic.bitfire.com.mx\/\"},{\"@type\":\"ListItem\",\"position\":2,\"name\":\"Tienda\",\"item\":\"https:\/\/pronautic.bitfire.com.mx\/?page_id=10638\"},{\"@type\":\"ListItem\",\"position\":3,\"name\":\"PER a Bordo en Barcelona\",\"item\":\"https:\/\/pronautic.bitfire.com.mx\/?product=curso-per-a-bordo-en-barcelona\"}]},{\"@type\":\"WebSite\",\"@id\":\"https:\/\/pronautic.bitfire.com.mx\/#website\",\"url\":\"https:\/\/pronautic.bitfire.com.mx\/\",\"name\":\"Pronautic\",\"description\":\"Escuela n\u00e1utica en Barcelona | Fromaci\u00f3n marina\",\"potentialAction\":[{\"@type\":\"SearchAction\",\"target\":{\"@type\":\"EntryPoint\",\"urlTemplate\":\"https:\/\/pronautic.bitfire.com.mx\/?s={search_term_string}\"},\"query-input\":{\"@type\":\"PropertyValueSpecification\",\"valueRequired\":true,\"valueName\":\"search_term_string\"}}],\"inLanguage\":\"es\"}]}<\/script>\n<!-- \/ Yoast SEO plugin. -->","yoast_head_json":{"title":"PER a Bordo en Barcelona - Pronautic","description":"Haz el curso PER a bordo en Barcelona con Pronautic: vive la experiencia real de navegaci\u00f3n mientras te formas con instructores expertos.","robots":{"index":"noindex","follow":"follow","max-snippet":"max-snippet:-1","max-image-preview":"max-image-preview:large","max-video-preview":"max-video-preview:-1"},"og_locale":"es_ES","og_type":"article","og_title":"PER a Bordo en Barcelona - Pronautic","og_description":"Haz el curso PER a bordo en Barcelona con Pronautic: vive la experiencia real de navegaci\u00f3n mientras te formas con instructores expertos.","og_url":"https:\/\/pronautic.bitfire.com.mx\/?product=curso-per-a-bordo-en-barcelona","og_site_name":"Pronautic","article_modified_time":"2025-09-10T12:22:46+00:00","og_image":[{"width":972,"height":648,"url":"https:\/\/pronautic.bitfire.com.mx\/wp-content\/uploads\/2025\/05\/PNB-vela-2_resultado.webp","type":"image\/webp"}],"twitter_card":"summary_large_image","twitter_misc":{"Tiempo de lectura":"1 minuto"},"schema":{"@context":"https:\/\/schema.org","@graph":[{"@type":"WebPage","@id":"https:\/\/pronautic.bitfire.com.mx\/?product=curso-per-a-bordo-en-barcelona","url":"https:\/\/pronautic.bitfire.com.mx\/?product=curso-per-a-bordo-en-barcelona","name":"PER a Bordo en Barcelona - Pronautic","isPartOf":{"@id":"https:\/\/pronautic.bitfire.com.mx\/#website"},"primaryImageOfPage":{"@id":"https:\/\/pronautic.bitfire.com.mx\/?product=curso-per-a-bordo-en-barcelona#primaryimage"},"image":{"@id":"https:\/\/pronautic.bitfire.com.mx\/?product=curso-per-a-bordo-en-barcelona#primaryimage"},"thumbnailUrl":"https:\/\/pronautic.bitfire.com.mx\/wp-content\/uploads\/2025\/05\/PNB-vela-2_resultado.webp","datePublished":"2025-05-09T10:39:56+00:00","dateModified":"2025-09-10T12:22:46+00:00","description":"Haz el curso PER a bordo en Barcelona con Pronautic: vive la experiencia real de navegaci\u00f3n mientras te formas con instructores expertos.","breadcrumb":{"@id":"https:\/\/pronautic.bitfire.com.mx\/?product=curso-per-a-bordo-en-barcelona#breadcrumb"},"inLanguage":"es","potentialAction":[{"@type":"ReadAction","target":["https:\/\/pronautic.bitfire.com.mx\/?product=curso-per-a-bordo-en-barcelona"]}]},{"@type":"ImageObject","inLanguage":"es","@id":"https:\/\/pronautic.bitfire.com.mx\/?product=curso-per-a-bordo-en-barcelona#primaryimage","url":"https:\/\/pronautic.bitfire.com.mx\/wp-content\/uploads\/2025\/05\/PNB-vela-2_resultado.webp","contentUrl":"https:\/\/pronautic.bitfire.com.mx\/wp-content\/uploads\/2025\/05\/PNB-vela-2_resultado.webp","width":972,"height":648,"caption":"Curso PER a bordo en Barcelona"},{"@type":"BreadcrumbList","@id":"https:\/\/pronautic.bitfire.com.mx\/?product=curso-per-a-bordo-en-barcelona#breadcrumb","itemListElement":[{"@type":"ListItem","position":1,"name":"Portada","item":"https:\/\/pronautic.bitfire.com.mx\/"},{"@type":"ListItem","position":2,"name":"Tienda","item":"https:\/\/pronautic.bitfire.com.mx\/?page_id=10638"},{"@type":"ListItem","position":3,"name":"PER a Bordo en Barcelona","item":"https:\/\/pronautic.bitfire.com.mx\/?product=curso-per-a-bordo-en-barcelona"}]},{"@type":"WebSite","@id":"https:\/\/pronautic.bitfire.com.mx\/#website","url":"https:\/\/pronautic.bitfire.com.mx\/","name":"Pronautic","description":"Escuela n\u00e1utica en Barcelona | Fromaci\u00f3n marina","potentialAction":[{"@type":"SearchAction","target":{"@type":"EntryPoint","urlTemplate":"https:\/\/pronautic.bitfire.com.mx\/?s={search_term_string}"},"query-input":{"@type":"PropertyValueSpecification","valueRequired":true,"valueName":"search_term_string"}}],"inLanguage":"es"}]}},"_links":{"self":[{"href":"https:\/\/pronautic.bitfire.com.mx\/index.php?rest_route=\/wp\/v2\/product\/1086","targetHints":{"allow":["GET"]}}],"collection":[{"href":"https:\/\/pronautic.bitfire.com.mx\/index.php?rest_route=\/wp\/v2\/product"}],"about":[{"href":"https:\/\/pronautic.bitfire.com.mx\/index.php?rest_route=\/wp\/v2\/types\/product"}],"replies":[{"embeddable":true,"href":"https:\/\/pronautic.bitfire.com.mx\/index.php?rest_route=%2Fwp%2Fv2%2Fcomments&post=1086"}],"wp:featuredmedia":[{"embeddable":true,"href":"https:\/\/pronautic.bitfire.com.mx\/index.php?rest_route=\/wp\/v2\/media\/977"}],"wp:attachment":[{"href":"https:\/\/pronautic.bitfire.com.mx\/index.php?rest_route=%2Fwp%2Fv2%2Fmedia&parent=1086"}],"wp:term":[{"taxonomy":"product_brand","embeddable":true,"href":"https:\/\/pronautic.bitfire.com.mx\/index.php?rest_route=%2Fwp%2Fv2%2Fproduct_brand&post=1086"},{"taxonomy":"product_cat","embeddable":true,"href":"https:\/\/pronautic.bitfire.com.mx\/index.php?rest_route=%2Fwp%2Fv2%2Fproduct_cat&post=1086"},{"taxonomy":"product_tag","embeddable":true,"href":"https:\/\/pronautic.bitfire.com.mx\/index.php?rest_route=%2Fwp%2Fv2%2Fproduct_tag&post=1086"}],"curies":[{"name":"wp","href":"https:\/\/api.w.org\/{rel}","templated":true}]}}