{"id":1069,"date":"2025-05-09T10:20:39","date_gmt":"2025-05-09T10:20:39","guid":{"rendered":"https:\/\/pronautic.olalondev.com\/?post_type=product&#038;p=1069"},"modified":"2026-01-08T09:33:00","modified_gmt":"2026-01-08T09:33:00","slug":"teoria-pnb","status":"publish","type":"product","link":"https:\/\/pronautic.bitfire.com.mx\/?product=teoria-pnb","title":{"rendered":"Teor\u00eda del curso del Patr\u00f3n de Navegaci\u00f3n B\u00e1sica"},"content":{"rendered":"","protected":false},"excerpt":{"rendered":"<h3><strong>Teor\u00eda del curso del Patr\u00f3n de Navegaci\u00f3n B\u00e1sica (PNB) en Barcelona<\/strong><\/h3>\n<h5 class=\"price\"><strong><span class=\"woocommerce-Price-amount amount\">DESDE 70\u20ac<\/span><\/strong><\/h5>\n<div class=\"row descripcio-curs\">\n<div class=\"col-md-12\">\n<p>Teoria del <a href=\"https:\/\/pronautic.bitfire.com.mx\/categoria-producto\/cursos-nauticos-de-recreo-en-barcelona\/patron-de-navegacion-basica-barcelona\/\">curso de Patr\u00f3n de Navegaci\u00f3n B\u00e1sica en Barcelona<\/a>. Seleccionando cualquier modalidad te\u00f3rica tendr\u00e1s <strong>acceso inmediato a la Plataforma<\/strong>\u00a0y\u00a0<strong>Aula Virtual Pronautic<\/strong>, una plataforma \u00fanica para dar\u00a0<strong>respuesta a todas tus necesidades formativas<\/strong>.<\/p>\n<\/div>\n<\/div>\n","protected":false},"featured_media":1683,"comment_status":"open","ping_status":"closed","template":"","meta":{"_acf_changed":false,"_et_pb_use_builder":"","_et_pb_old_content":"","_et_gb_content_width":"","_joinchat":[]},"product_brand":[],"product_cat":[26,35],"product_tag":[],"class_list":{"0":"post-1069","1":"product","2":"type-product","3":"status-publish","4":"has-post-thumbnail","6":"product_cat-cursos-nauticos-de-recreo-en-barcelona","7":"product_cat-teoria-titulaciones-nauticas-barcelona","9":"first","10":"instock","11":"shipping-taxable","12":"purchasable","13":"product-type-variable"},"acf":[],"yoast_head":"<!-- This site is optimized with the Yoast SEO plugin v26.5 - https:\/\/yoast.com\/wordpress\/plugins\/seo\/ -->\n<title>Teoria del curso de Patr\u00f3n de Navegaci\u00f3n B\u00e1sica en Barcelona<\/title>\n<meta name=\"description\" content=\"Teoria del curso de Patr\u00f3n de Navegaci\u00f3n B\u00e1sica en Barcelona: teor\u00eda presencial, online o en streaming, con apoyo de expertos y materiales actualizados.\" \/>\n<meta name=\"robots\" content=\"noindex, follow, max-snippet:-1, max-image-preview:large, max-video-preview:-1\" \/>\n<meta property=\"og:locale\" content=\"es_ES\" \/>\n<meta property=\"og:type\" content=\"article\" \/>\n<meta property=\"og:title\" content=\"Teoria del curso de Patr\u00f3n de Navegaci\u00f3n B\u00e1sica en Barcelona\" \/>\n<meta property=\"og:description\" content=\"Teoria del curso de Patr\u00f3n de Navegaci\u00f3n B\u00e1sica en Barcelona: teor\u00eda presencial, online o en streaming, con apoyo de expertos y materiales actualizados.\" \/>\n<meta property=\"og:url\" content=\"https:\/\/pronautic.bitfire.com.mx\/?product=teoria-pnb\" \/>\n<meta property=\"og:site_name\" content=\"Pronautic\" \/>\n<meta property=\"article:modified_time\" content=\"2026-01-08T09:33:00+00:00\" \/>\n<meta property=\"og:image\" content=\"https:\/\/pronautic.bitfire.com.mx\/wp-content\/uploads\/2025\/05\/PRO-Revelades-Octubre-16_resultat-scaled.webp\" \/>\n\t<meta property=\"og:image:width\" content=\"2560\" \/>\n\t<meta property=\"og:image:height\" content=\"1707\" \/>\n\t<meta property=\"og:image:type\" content=\"image\/webp\" \/>\n<meta name=\"twitter:card\" content=\"summary_large_image\" \/>\n<meta name=\"twitter:label1\" content=\"Tiempo de lectura\" \/>\n\t<meta name=\"twitter:data1\" content=\"1 minuto\" \/>\n<script type=\"application\/ld+json\" class=\"yoast-schema-graph\">{\"@context\":\"https:\/\/schema.org\",\"@graph\":[{\"@type\":\"WebPage\",\"@id\":\"https:\/\/pronautic.bitfire.com.mx\/?product=teoria-pnb\",\"url\":\"https:\/\/pronautic.bitfire.com.mx\/?product=teoria-pnb\",\"name\":\"Teoria del curso de Patr\u00f3n de Navegaci\u00f3n B\u00e1sica en Barcelona\",\"isPartOf\":{\"@id\":\"https:\/\/pronautic.bitfire.com.mx\/#website\"},\"primaryImageOfPage\":{\"@id\":\"https:\/\/pronautic.bitfire.com.mx\/?product=teoria-pnb#primaryimage\"},\"image\":{\"@id\":\"https:\/\/pronautic.bitfire.com.mx\/?product=teoria-pnb#primaryimage\"},\"thumbnailUrl\":\"https:\/\/pronautic.bitfire.com.mx\/wp-content\/uploads\/2025\/05\/PRO-Revelades-Octubre-16_resultat-scaled.webp\",\"datePublished\":\"2025-05-09T10:20:39+00:00\",\"dateModified\":\"2026-01-08T09:33:00+00:00\",\"description\":\"Teoria del curso de Patr\u00f3n de Navegaci\u00f3n B\u00e1sica en Barcelona: teor\u00eda presencial, online o en streaming, con apoyo de expertos y materiales actualizados.\",\"breadcrumb\":{\"@id\":\"https:\/\/pronautic.bitfire.com.mx\/?product=teoria-pnb#breadcrumb\"},\"inLanguage\":\"es\",\"potentialAction\":[{\"@type\":\"ReadAction\",\"target\":[\"https:\/\/pronautic.bitfire.com.mx\/?product=teoria-pnb\"]}]},{\"@type\":\"ImageObject\",\"inLanguage\":\"es\",\"@id\":\"https:\/\/pronautic.bitfire.com.mx\/?product=teoria-pnb#primaryimage\",\"url\":\"https:\/\/pronautic.bitfire.com.mx\/wp-content\/uploads\/2025\/05\/PRO-Revelades-Octubre-16_resultat-scaled.webp\",\"contentUrl\":\"https:\/\/pronautic.bitfire.com.mx\/wp-content\/uploads\/2025\/05\/PRO-Revelades-Octubre-16_resultat-scaled.webp\",\"width\":2560,\"height\":1707,\"caption\":\"Teor\u00eda PNB\"},{\"@type\":\"BreadcrumbList\",\"@id\":\"https:\/\/pronautic.bitfire.com.mx\/?product=teoria-pnb#breadcrumb\",\"itemListElement\":[{\"@type\":\"ListItem\",\"position\":1,\"name\":\"Portada\",\"item\":\"https:\/\/pronautic.bitfire.com.mx\/\"},{\"@type\":\"ListItem\",\"position\":2,\"name\":\"Tienda\",\"item\":\"https:\/\/pronautic.bitfire.com.mx\/?page_id=10638\"},{\"@type\":\"ListItem\",\"position\":3,\"name\":\"Teor\u00eda del curso del Patr\u00f3n de Navegaci\u00f3n B\u00e1sica\",\"item\":\"https:\/\/pronautic.bitfire.com.mx\/?product=teoria-pnb\"}]},{\"@type\":\"WebSite\",\"@id\":\"https:\/\/pronautic.bitfire.com.mx\/#website\",\"url\":\"https:\/\/pronautic.bitfire.com.mx\/\",\"name\":\"Pronautic\",\"description\":\"Escuela n\u00e1utica en Barcelona | Fromaci\u00f3n marina\",\"potentialAction\":[{\"@type\":\"SearchAction\",\"target\":{\"@type\":\"EntryPoint\",\"urlTemplate\":\"https:\/\/pronautic.bitfire.com.mx\/?s={search_term_string}\"},\"query-input\":{\"@type\":\"PropertyValueSpecification\",\"valueRequired\":true,\"valueName\":\"search_term_string\"}}],\"inLanguage\":\"es\"}]}<\/script>\n<!-- \/ Yoast SEO plugin. -->","yoast_head_json":{"title":"Teoria del curso de Patr\u00f3n de Navegaci\u00f3n B\u00e1sica en Barcelona","description":"Teoria del curso de Patr\u00f3n de Navegaci\u00f3n B\u00e1sica en Barcelona: teor\u00eda presencial, online o en streaming, con apoyo de expertos y materiales actualizados.","robots":{"index":"noindex","follow":"follow","max-snippet":"max-snippet:-1","max-image-preview":"max-image-preview:large","max-video-preview":"max-video-preview:-1"},"og_locale":"es_ES","og_type":"article","og_title":"Teoria del curso de Patr\u00f3n de Navegaci\u00f3n B\u00e1sica en Barcelona","og_description":"Teoria del curso de Patr\u00f3n de Navegaci\u00f3n B\u00e1sica en Barcelona: teor\u00eda presencial, online o en streaming, con apoyo de expertos y materiales actualizados.","og_url":"https:\/\/pronautic.bitfire.com.mx\/?product=teoria-pnb","og_site_name":"Pronautic","article_modified_time":"2026-01-08T09:33:00+00:00","og_image":[{"width":2560,"height":1707,"url":"https:\/\/pronautic.bitfire.com.mx\/wp-content\/uploads\/2025\/05\/PRO-Revelades-Octubre-16_resultat-scaled.webp","type":"image\/webp"}],"twitter_card":"summary_large_image","twitter_misc":{"Tiempo de lectura":"1 minuto"},"schema":{"@context":"https:\/\/schema.org","@graph":[{"@type":"WebPage","@id":"https:\/\/pronautic.bitfire.com.mx\/?product=teoria-pnb","url":"https:\/\/pronautic.bitfire.com.mx\/?product=teoria-pnb","name":"Teoria del curso de Patr\u00f3n de Navegaci\u00f3n B\u00e1sica en Barcelona","isPartOf":{"@id":"https:\/\/pronautic.bitfire.com.mx\/#website"},"primaryImageOfPage":{"@id":"https:\/\/pronautic.bitfire.com.mx\/?product=teoria-pnb#primaryimage"},"image":{"@id":"https:\/\/pronautic.bitfire.com.mx\/?product=teoria-pnb#primaryimage"},"thumbnailUrl":"https:\/\/pronautic.bitfire.com.mx\/wp-content\/uploads\/2025\/05\/PRO-Revelades-Octubre-16_resultat-scaled.webp","datePublished":"2025-05-09T10:20:39+00:00","dateModified":"2026-01-08T09:33:00+00:00","description":"Teoria del curso de Patr\u00f3n de Navegaci\u00f3n B\u00e1sica en Barcelona: teor\u00eda presencial, online o en streaming, con apoyo de expertos y materiales actualizados.","breadcrumb":{"@id":"https:\/\/pronautic.bitfire.com.mx\/?product=teoria-pnb#breadcrumb"},"inLanguage":"es","potentialAction":[{"@type":"ReadAction","target":["https:\/\/pronautic.bitfire.com.mx\/?product=teoria-pnb"]}]},{"@type":"ImageObject","inLanguage":"es","@id":"https:\/\/pronautic.bitfire.com.mx\/?product=teoria-pnb#primaryimage","url":"https:\/\/pronautic.bitfire.com.mx\/wp-content\/uploads\/2025\/05\/PRO-Revelades-Octubre-16_resultat-scaled.webp","contentUrl":"https:\/\/pronautic.bitfire.com.mx\/wp-content\/uploads\/2025\/05\/PRO-Revelades-Octubre-16_resultat-scaled.webp","width":2560,"height":1707,"caption":"Teor\u00eda PNB"},{"@type":"BreadcrumbList","@id":"https:\/\/pronautic.bitfire.com.mx\/?product=teoria-pnb#breadcrumb","itemListElement":[{"@type":"ListItem","position":1,"name":"Portada","item":"https:\/\/pronautic.bitfire.com.mx\/"},{"@type":"ListItem","position":2,"name":"Tienda","item":"https:\/\/pronautic.bitfire.com.mx\/?page_id=10638"},{"@type":"ListItem","position":3,"name":"Teor\u00eda del curso del Patr\u00f3n de Navegaci\u00f3n B\u00e1sica","item":"https:\/\/pronautic.bitfire.com.mx\/?product=teoria-pnb"}]},{"@type":"WebSite","@id":"https:\/\/pronautic.bitfire.com.mx\/#website","url":"https:\/\/pronautic.bitfire.com.mx\/","name":"Pronautic","description":"Escuela n\u00e1utica en Barcelona | Fromaci\u00f3n marina","potentialAction":[{"@type":"SearchAction","target":{"@type":"EntryPoint","urlTemplate":"https:\/\/pronautic.bitfire.com.mx\/?s={search_term_string}"},"query-input":{"@type":"PropertyValueSpecification","valueRequired":true,"valueName":"search_term_string"}}],"inLanguage":"es"}]}},"_links":{"self":[{"href":"https:\/\/pronautic.bitfire.com.mx\/index.php?rest_route=\/wp\/v2\/product\/1069","targetHints":{"allow":["GET"]}}],"collection":[{"href":"https:\/\/pronautic.bitfire.com.mx\/index.php?rest_route=\/wp\/v2\/product"}],"about":[{"href":"https:\/\/pronautic.bitfire.com.mx\/index.php?rest_route=\/wp\/v2\/types\/product"}],"replies":[{"embeddable":true,"href":"https:\/\/pronautic.bitfire.com.mx\/index.php?rest_route=%2Fwp%2Fv2%2Fcomments&post=1069"}],"wp:featuredmedia":[{"embeddable":true,"href":"https:\/\/pronautic.bitfire.com.mx\/index.php?rest_route=\/wp\/v2\/media\/1683"}],"wp:attachment":[{"href":"https:\/\/pronautic.bitfire.com.mx\/index.php?rest_route=%2Fwp%2Fv2%2Fmedia&parent=1069"}],"wp:term":[{"taxonomy":"product_brand","embeddable":true,"href":"https:\/\/pronautic.bitfire.com.mx\/index.php?rest_route=%2Fwp%2Fv2%2Fproduct_brand&post=1069"},{"taxonomy":"product_cat","embeddable":true,"href":"https:\/\/pronautic.bitfire.com.mx\/index.php?rest_route=%2Fwp%2Fv2%2Fproduct_cat&post=1069"},{"taxonomy":"product_tag","embeddable":true,"href":"https:\/\/pronautic.bitfire.com.mx\/index.php?rest_route=%2Fwp%2Fv2%2Fproduct_tag&post=1069"}],"curies":[{"name":"wp","href":"https:\/\/api.w.org\/{rel}","templated":true}]}}