{"id":1042,"date":"2025-05-09T08:59:29","date_gmt":"2025-05-09T08:59:29","guid":{"rendered":"https:\/\/pronautic.olalondev.com\/?post_type=product&#038;p=1042"},"modified":"2026-01-08T09:38:13","modified_gmt":"2026-01-08T09:38:13","slug":"practicas-de-navegacion-a-vela","status":"publish","type":"product","link":"https:\/\/pronautic.bitfire.com.mx\/?product=practicas-de-navegacion-a-vela","title":{"rendered":"Pr\u00e1cticas PER de navegaci\u00f3n a vela (16h)"},"content":{"rendered":"","protected":false},"excerpt":{"rendered":"<h3><strong>Pr\u00e1cticas T\u00edtulo PER de navegaci\u00f3n a vela en Barcelona<\/strong><\/h3>\n<h5 class=\"price\"><strong><span class=\"woocommerce-Price-amount amount\"><bdi>DESDE 285 <span class=\"woocommerce-Price-currencySymbol\">\u20ac<\/span><\/bdi><\/span><\/strong><\/h5>\n<div class=\"row descripcio-curs\">\n<div class=\"col-md-12\">\n<p>Pr\u00e1cticas complementarias del t\u00edtulo de <a href=\"https:\/\/pronautic.bitfire.com.mx\/categoria-producto\/cursos-nauticos-de-recreo-en-barcelona\/patron-de-embarcaciones-de-recreo-per-en-barcelona\/\"><strong>Patr\u00f3n de Embarcaciones de Recreo PER<\/strong><\/a> que te habilitar\u00e1n para el gobierno de embarcaciones a vela con <strong>Pronautic<\/strong>, <a href=\"https:\/\/pronautic.bitfire.com.mx\/\">escuela n\u00e1utica en Barcelona<\/a>.<\/p>\n<p>Tienen una\u00a0<strong>duraci\u00f3n de 16 horas<\/strong>\u00a0que se realizan en 2 sesiones de 8 horas.<\/p>\n<p>Alternativamente pueden realizarse conjuntamente con las Pr\u00e1cticas de Navegaci\u00f3n en una\u00a0<strong>sesi\u00f3n \u00fanica de 48 horas en r\u00e9gimen de traves\u00eda<\/strong>\u00a0(<a href=\"https:\/\/pronautic.bitfire.com.mx\/cursonautico\/per-practicas-navegacion-a-vela-navegacion-baleares\/\" data-cmp-ab=\"2\">Pr\u00e1cticas Navegaci\u00f3n a vela y navegaci\u00f3n 48h<\/a>).<\/p>\n<\/div>\n<\/div>\n","protected":false},"featured_media":1026,"comment_status":"open","ping_status":"closed","template":"","meta":{"_acf_changed":false,"_et_pb_use_builder":"","_et_pb_old_content":"","_et_gb_content_width":"","_joinchat":[]},"product_brand":[],"product_cat":[26,33,39],"product_tag":[],"class_list":{"0":"post-1042","1":"product","2":"type-product","3":"status-publish","4":"has-post-thumbnail","6":"product_cat-cursos-nauticos-de-recreo-en-barcelona","7":"product_cat-practicas-titulo-per-en-barcelona","8":"product_cat-practicas-titulaciones-nauticas-barcelona","10":"first","11":"instock","12":"shipping-taxable","13":"purchasable","14":"product-type-variable"},"acf":[],"yoast_head":"<!-- This site is optimized with the Yoast SEO plugin v26.5 - https:\/\/yoast.com\/wordpress\/plugins\/seo\/ -->\n<title>Pr\u00e1cticas T\u00edtulo PER en Barcelona - Pronautic<\/title>\n<meta name=\"description\" content=\"Realiza las pr\u00e1cticas de navegaci\u00f3n a vela con Pronautic: aprende a dominar el mar, formaci\u00f3n pr\u00e1ctica y experiencia \u00fanica a bordo.\" \/>\n<meta name=\"robots\" content=\"noindex, follow, max-snippet:-1, max-image-preview:large, max-video-preview:-1\" \/>\n<meta property=\"og:locale\" content=\"es_ES\" \/>\n<meta property=\"og:type\" content=\"article\" \/>\n<meta property=\"og:title\" content=\"Pr\u00e1cticas T\u00edtulo PER en Barcelona - Pronautic\" \/>\n<meta property=\"og:description\" content=\"Realiza las pr\u00e1cticas de navegaci\u00f3n a vela con Pronautic: aprende a dominar el mar, formaci\u00f3n pr\u00e1ctica y experiencia \u00fanica a bordo.\" \/>\n<meta property=\"og:url\" content=\"https:\/\/pronautic.bitfire.com.mx\/?product=practicas-de-navegacion-a-vela\" \/>\n<meta property=\"og:site_name\" content=\"Pronautic\" \/>\n<meta property=\"article:modified_time\" content=\"2026-01-08T09:38:13+00:00\" \/>\n<meta property=\"og:image\" content=\"https:\/\/pronautic.bitfire.com.mx\/wp-content\/uploads\/2025\/05\/practicascuatro.webp\" \/>\n\t<meta property=\"og:image:width\" content=\"1280\" \/>\n\t<meta property=\"og:image:height\" content=\"853\" \/>\n\t<meta property=\"og:image:type\" content=\"image\/webp\" \/>\n<meta name=\"twitter:card\" content=\"summary_large_image\" \/>\n<meta name=\"twitter:label1\" content=\"Tiempo de lectura\" \/>\n\t<meta name=\"twitter:data1\" content=\"1 minuto\" \/>\n<script type=\"application\/ld+json\" class=\"yoast-schema-graph\">{\"@context\":\"https:\/\/schema.org\",\"@graph\":[{\"@type\":\"WebPage\",\"@id\":\"https:\/\/pronautic.bitfire.com.mx\/?product=practicas-de-navegacion-a-vela\",\"url\":\"https:\/\/pronautic.bitfire.com.mx\/?product=practicas-de-navegacion-a-vela\",\"name\":\"Pr\u00e1cticas T\u00edtulo PER en Barcelona - Pronautic\",\"isPartOf\":{\"@id\":\"https:\/\/pronautic.bitfire.com.mx\/#website\"},\"primaryImageOfPage\":{\"@id\":\"https:\/\/pronautic.bitfire.com.mx\/?product=practicas-de-navegacion-a-vela#primaryimage\"},\"image\":{\"@id\":\"https:\/\/pronautic.bitfire.com.mx\/?product=practicas-de-navegacion-a-vela#primaryimage\"},\"thumbnailUrl\":\"https:\/\/pronautic.bitfire.com.mx\/wp-content\/uploads\/2025\/05\/practicascuatro.webp\",\"datePublished\":\"2025-05-09T08:59:29+00:00\",\"dateModified\":\"2026-01-08T09:38:13+00:00\",\"description\":\"Realiza las pr\u00e1cticas de navegaci\u00f3n a vela con Pronautic: aprende a dominar el mar, formaci\u00f3n pr\u00e1ctica y experiencia \u00fanica a bordo.\",\"breadcrumb\":{\"@id\":\"https:\/\/pronautic.bitfire.com.mx\/?product=practicas-de-navegacion-a-vela#breadcrumb\"},\"inLanguage\":\"es\",\"potentialAction\":[{\"@type\":\"ReadAction\",\"target\":[\"https:\/\/pronautic.bitfire.com.mx\/?product=practicas-de-navegacion-a-vela\"]}]},{\"@type\":\"ImageObject\",\"inLanguage\":\"es\",\"@id\":\"https:\/\/pronautic.bitfire.com.mx\/?product=practicas-de-navegacion-a-vela#primaryimage\",\"url\":\"https:\/\/pronautic.bitfire.com.mx\/wp-content\/uploads\/2025\/05\/practicascuatro.webp\",\"contentUrl\":\"https:\/\/pronautic.bitfire.com.mx\/wp-content\/uploads\/2025\/05\/practicascuatro.webp\",\"width\":1280,\"height\":853,\"caption\":\"practicas de navegaci\u00f3n a vela\"},{\"@type\":\"BreadcrumbList\",\"@id\":\"https:\/\/pronautic.bitfire.com.mx\/?product=practicas-de-navegacion-a-vela#breadcrumb\",\"itemListElement\":[{\"@type\":\"ListItem\",\"position\":1,\"name\":\"Portada\",\"item\":\"https:\/\/pronautic.bitfire.com.mx\/\"},{\"@type\":\"ListItem\",\"position\":2,\"name\":\"Tienda\",\"item\":\"https:\/\/pronautic.bitfire.com.mx\/?page_id=10638\"},{\"@type\":\"ListItem\",\"position\":3,\"name\":\"Pr\u00e1cticas PER de navegaci\u00f3n a vela (16h)\",\"item\":\"https:\/\/pronautic.bitfire.com.mx\/?product=practicas-de-navegacion-a-vela\"}]},{\"@type\":\"WebSite\",\"@id\":\"https:\/\/pronautic.bitfire.com.mx\/#website\",\"url\":\"https:\/\/pronautic.bitfire.com.mx\/\",\"name\":\"Pronautic\",\"description\":\"Escuela n\u00e1utica en Barcelona | Fromaci\u00f3n marina\",\"potentialAction\":[{\"@type\":\"SearchAction\",\"target\":{\"@type\":\"EntryPoint\",\"urlTemplate\":\"https:\/\/pronautic.bitfire.com.mx\/?s={search_term_string}\"},\"query-input\":{\"@type\":\"PropertyValueSpecification\",\"valueRequired\":true,\"valueName\":\"search_term_string\"}}],\"inLanguage\":\"es\"}]}<\/script>\n<!-- \/ Yoast SEO plugin. -->","yoast_head_json":{"title":"Pr\u00e1cticas T\u00edtulo PER en Barcelona - Pronautic","description":"Realiza las pr\u00e1cticas de navegaci\u00f3n a vela con Pronautic: aprende a dominar el mar, formaci\u00f3n pr\u00e1ctica y experiencia \u00fanica a bordo.","robots":{"index":"noindex","follow":"follow","max-snippet":"max-snippet:-1","max-image-preview":"max-image-preview:large","max-video-preview":"max-video-preview:-1"},"og_locale":"es_ES","og_type":"article","og_title":"Pr\u00e1cticas T\u00edtulo PER en Barcelona - Pronautic","og_description":"Realiza las pr\u00e1cticas de navegaci\u00f3n a vela con Pronautic: aprende a dominar el mar, formaci\u00f3n pr\u00e1ctica y experiencia \u00fanica a bordo.","og_url":"https:\/\/pronautic.bitfire.com.mx\/?product=practicas-de-navegacion-a-vela","og_site_name":"Pronautic","article_modified_time":"2026-01-08T09:38:13+00:00","og_image":[{"width":1280,"height":853,"url":"https:\/\/pronautic.bitfire.com.mx\/wp-content\/uploads\/2025\/05\/practicascuatro.webp","type":"image\/webp"}],"twitter_card":"summary_large_image","twitter_misc":{"Tiempo de lectura":"1 minuto"},"schema":{"@context":"https:\/\/schema.org","@graph":[{"@type":"WebPage","@id":"https:\/\/pronautic.bitfire.com.mx\/?product=practicas-de-navegacion-a-vela","url":"https:\/\/pronautic.bitfire.com.mx\/?product=practicas-de-navegacion-a-vela","name":"Pr\u00e1cticas T\u00edtulo PER en Barcelona - Pronautic","isPartOf":{"@id":"https:\/\/pronautic.bitfire.com.mx\/#website"},"primaryImageOfPage":{"@id":"https:\/\/pronautic.bitfire.com.mx\/?product=practicas-de-navegacion-a-vela#primaryimage"},"image":{"@id":"https:\/\/pronautic.bitfire.com.mx\/?product=practicas-de-navegacion-a-vela#primaryimage"},"thumbnailUrl":"https:\/\/pronautic.bitfire.com.mx\/wp-content\/uploads\/2025\/05\/practicascuatro.webp","datePublished":"2025-05-09T08:59:29+00:00","dateModified":"2026-01-08T09:38:13+00:00","description":"Realiza las pr\u00e1cticas de navegaci\u00f3n a vela con Pronautic: aprende a dominar el mar, formaci\u00f3n pr\u00e1ctica y experiencia \u00fanica a bordo.","breadcrumb":{"@id":"https:\/\/pronautic.bitfire.com.mx\/?product=practicas-de-navegacion-a-vela#breadcrumb"},"inLanguage":"es","potentialAction":[{"@type":"ReadAction","target":["https:\/\/pronautic.bitfire.com.mx\/?product=practicas-de-navegacion-a-vela"]}]},{"@type":"ImageObject","inLanguage":"es","@id":"https:\/\/pronautic.bitfire.com.mx\/?product=practicas-de-navegacion-a-vela#primaryimage","url":"https:\/\/pronautic.bitfire.com.mx\/wp-content\/uploads\/2025\/05\/practicascuatro.webp","contentUrl":"https:\/\/pronautic.bitfire.com.mx\/wp-content\/uploads\/2025\/05\/practicascuatro.webp","width":1280,"height":853,"caption":"practicas de navegaci\u00f3n a vela"},{"@type":"BreadcrumbList","@id":"https:\/\/pronautic.bitfire.com.mx\/?product=practicas-de-navegacion-a-vela#breadcrumb","itemListElement":[{"@type":"ListItem","position":1,"name":"Portada","item":"https:\/\/pronautic.bitfire.com.mx\/"},{"@type":"ListItem","position":2,"name":"Tienda","item":"https:\/\/pronautic.bitfire.com.mx\/?page_id=10638"},{"@type":"ListItem","position":3,"name":"Pr\u00e1cticas PER de navegaci\u00f3n a vela (16h)","item":"https:\/\/pronautic.bitfire.com.mx\/?product=practicas-de-navegacion-a-vela"}]},{"@type":"WebSite","@id":"https:\/\/pronautic.bitfire.com.mx\/#website","url":"https:\/\/pronautic.bitfire.com.mx\/","name":"Pronautic","description":"Escuela n\u00e1utica en Barcelona | Fromaci\u00f3n marina","potentialAction":[{"@type":"SearchAction","target":{"@type":"EntryPoint","urlTemplate":"https:\/\/pronautic.bitfire.com.mx\/?s={search_term_string}"},"query-input":{"@type":"PropertyValueSpecification","valueRequired":true,"valueName":"search_term_string"}}],"inLanguage":"es"}]}},"_links":{"self":[{"href":"https:\/\/pronautic.bitfire.com.mx\/index.php?rest_route=\/wp\/v2\/product\/1042","targetHints":{"allow":["GET"]}}],"collection":[{"href":"https:\/\/pronautic.bitfire.com.mx\/index.php?rest_route=\/wp\/v2\/product"}],"about":[{"href":"https:\/\/pronautic.bitfire.com.mx\/index.php?rest_route=\/wp\/v2\/types\/product"}],"replies":[{"embeddable":true,"href":"https:\/\/pronautic.bitfire.com.mx\/index.php?rest_route=%2Fwp%2Fv2%2Fcomments&post=1042"}],"wp:featuredmedia":[{"embeddable":true,"href":"https:\/\/pronautic.bitfire.com.mx\/index.php?rest_route=\/wp\/v2\/media\/1026"}],"wp:attachment":[{"href":"https:\/\/pronautic.bitfire.com.mx\/index.php?rest_route=%2Fwp%2Fv2%2Fmedia&parent=1042"}],"wp:term":[{"taxonomy":"product_brand","embeddable":true,"href":"https:\/\/pronautic.bitfire.com.mx\/index.php?rest_route=%2Fwp%2Fv2%2Fproduct_brand&post=1042"},{"taxonomy":"product_cat","embeddable":true,"href":"https:\/\/pronautic.bitfire.com.mx\/index.php?rest_route=%2Fwp%2Fv2%2Fproduct_cat&post=1042"},{"taxonomy":"product_tag","embeddable":true,"href":"https:\/\/pronautic.bitfire.com.mx\/index.php?rest_route=%2Fwp%2Fv2%2Fproduct_tag&post=1042"}],"curies":[{"name":"wp","href":"https:\/\/api.w.org\/{rel}","templated":true}]}}