{"id":1039,"date":"2025-05-09T08:52:31","date_gmt":"2025-05-09T08:52:31","guid":{"rendered":"https:\/\/pronautic.olalondev.com\/?post_type=product&#038;p=1039"},"modified":"2025-09-11T17:32:04","modified_gmt":"2025-09-11T17:32:04","slug":"per-practicas-navegacion-a-vela-navegacion-baleares","status":"publish","type":"product","link":"https:\/\/pronautic.bitfire.com.mx\/?product=per-practicas-navegacion-a-vela-navegacion-baleares","title":{"rendered":"PER \u2013 Pr\u00e1cticas navegaci\u00f3n a vela + navegaci\u00f3n Baleares (48h)"},"content":{"rendered":"","protected":false},"excerpt":{"rendered":"<h5 class=\"price\"><strong><span class=\"woocommerce-Price-amount amount\"><bdi>Desde 655 <span class=\"woocommerce-Price-currencySymbol\">\u20ac<\/span><\/bdi><\/span><\/strong><\/h5>\n<div class=\"row descripcio-curs\">\n<div class=\"col-md-12\">\n<p>Pr\u00e1cticas del <a href=\"https:\/\/pronautic.bitfire.com.mx\/categoria-producto\/cursos-nauticos-de-recreo-en-barcelona\/patron-de-embarcaciones-de-recreo-per-en-barcelona\/\">T\u00edtulo PER<\/a>, <strong>Patr\u00f3n de Embarcaciones de Recreo<\/strong>, complementarias que te permitir\u00e1n gobernar embarcaciones a motor y vela y navegar entre la Pen\u00ednsula y el Archipi\u00e9lago Balear con <a href=\"https:\/\/pronautic.bitfire.com.mx\/\">Pronautic<\/a>.<\/p>\n<p>Tienen una\u00a0<strong>duraci\u00f3n de 48 horas<\/strong>\u00a0que se realizan en una\u00a0<strong>sesi\u00f3n \u00fanica en r\u00e9gimen de traves\u00eda<\/strong>\u00a0partiendo del Port Ol\u00edmpic hacia las Islas Baleares (si las condiciones meteorol\u00f3gicas lo permiten) y regresando al Port Ol\u00edmpic.<\/p>\n<p>Estas pr\u00e1cticas te permitir\u00e1n obtener las <strong>m\u00e1ximas atribuciones<\/strong>\u00a0para tu <a href=\"https:\/\/pronautic.bitfire.com.mx\/categoria-producto\/cursos-nauticos-de-recreo-en-barcelona\/patron-de-embarcaciones-de-recreo-per-en-barcelona\/\"><strong>t\u00edtulo PER<\/strong><\/a> de la\u00a0<strong>forma m\u00e1s r\u00e1pida<\/strong>\u00a0posible.<\/p>\n<\/div>\n<\/div>\n","protected":false},"featured_media":996,"comment_status":"open","ping_status":"closed","template":"","meta":{"_acf_changed":false,"_et_pb_use_builder":"","_et_pb_old_content":"","_et_gb_content_width":"","_joinchat":[]},"product_brand":[],"product_cat":[26,39],"product_tag":[],"class_list":{"0":"post-1039","1":"product","2":"type-product","3":"status-publish","4":"has-post-thumbnail","6":"product_cat-cursos-nauticos-de-recreo-en-barcelona","7":"product_cat-practicas-titulaciones-nauticas-barcelona","9":"first","10":"instock","11":"shipping-taxable","12":"purchasable","13":"product-type-variable"},"acf":[],"yoast_head":"<!-- This site is optimized with the Yoast SEO plugin v26.5 - https:\/\/yoast.com\/wordpress\/plugins\/seo\/ -->\n<title>PER \u2013 Pr\u00e1cticas navegaci\u00f3n a vela + navegaci\u00f3n Baleares (48h) - Pronautic<\/title>\n<meta name=\"description\" content=\"Vive las pr\u00e1cticas de navegaci\u00f3n a vela PER en Baleares con Pronautic: formaci\u00f3n en alta mar, experiencia real y vistas impresionantes.\" \/>\n<meta name=\"robots\" content=\"noindex, follow, max-snippet:-1, max-image-preview:large, max-video-preview:-1\" \/>\n<meta property=\"og:locale\" content=\"es_ES\" \/>\n<meta property=\"og:type\" content=\"article\" \/>\n<meta property=\"og:title\" content=\"PER \u2013 Pr\u00e1cticas navegaci\u00f3n a vela + navegaci\u00f3n Baleares (48h) - Pronautic\" \/>\n<meta property=\"og:description\" content=\"Vive las pr\u00e1cticas de navegaci\u00f3n a vela PER en Baleares con Pronautic: formaci\u00f3n en alta mar, experiencia real y vistas impresionantes.\" \/>\n<meta property=\"og:url\" content=\"https:\/\/pronautic.bitfire.com.mx\/?product=per-practicas-navegacion-a-vela-navegacion-baleares\" \/>\n<meta property=\"og:site_name\" content=\"Pronautic\" \/>\n<meta property=\"article:modified_time\" content=\"2025-09-11T17:32:04+00:00\" \/>\n<meta property=\"og:image\" content=\"https:\/\/pronautic.bitfire.com.mx\/wp-content\/uploads\/2025\/05\/PY6.webp\" \/>\n\t<meta property=\"og:image:width\" content=\"972\" \/>\n\t<meta property=\"og:image:height\" content=\"648\" \/>\n\t<meta property=\"og:image:type\" content=\"image\/webp\" \/>\n<meta name=\"twitter:card\" content=\"summary_large_image\" \/>\n<meta name=\"twitter:label1\" content=\"Tiempo de lectura\" \/>\n\t<meta name=\"twitter:data1\" content=\"1 minuto\" \/>\n<script type=\"application\/ld+json\" class=\"yoast-schema-graph\">{\"@context\":\"https:\/\/schema.org\",\"@graph\":[{\"@type\":\"WebPage\",\"@id\":\"https:\/\/pronautic.bitfire.com.mx\/?product=per-practicas-navegacion-a-vela-navegacion-baleares\",\"url\":\"https:\/\/pronautic.bitfire.com.mx\/?product=per-practicas-navegacion-a-vela-navegacion-baleares\",\"name\":\"PER \u2013 Pr\u00e1cticas navegaci\u00f3n a vela + navegaci\u00f3n Baleares (48h) - Pronautic\",\"isPartOf\":{\"@id\":\"https:\/\/pronautic.bitfire.com.mx\/#website\"},\"primaryImageOfPage\":{\"@id\":\"https:\/\/pronautic.bitfire.com.mx\/?product=per-practicas-navegacion-a-vela-navegacion-baleares#primaryimage\"},\"image\":{\"@id\":\"https:\/\/pronautic.bitfire.com.mx\/?product=per-practicas-navegacion-a-vela-navegacion-baleares#primaryimage\"},\"thumbnailUrl\":\"https:\/\/pronautic.bitfire.com.mx\/wp-content\/uploads\/2025\/05\/PY6.webp\",\"datePublished\":\"2025-05-09T08:52:31+00:00\",\"dateModified\":\"2025-09-11T17:32:04+00:00\",\"description\":\"Vive las pr\u00e1cticas de navegaci\u00f3n a vela PER en Baleares con Pronautic: formaci\u00f3n en alta mar, experiencia real y vistas impresionantes.\",\"breadcrumb\":{\"@id\":\"https:\/\/pronautic.bitfire.com.mx\/?product=per-practicas-navegacion-a-vela-navegacion-baleares#breadcrumb\"},\"inLanguage\":\"es\",\"potentialAction\":[{\"@type\":\"ReadAction\",\"target\":[\"https:\/\/pronautic.bitfire.com.mx\/?product=per-practicas-navegacion-a-vela-navegacion-baleares\"]}]},{\"@type\":\"ImageObject\",\"inLanguage\":\"es\",\"@id\":\"https:\/\/pronautic.bitfire.com.mx\/?product=per-practicas-navegacion-a-vela-navegacion-baleares#primaryimage\",\"url\":\"https:\/\/pronautic.bitfire.com.mx\/wp-content\/uploads\/2025\/05\/PY6.webp\",\"contentUrl\":\"https:\/\/pronautic.bitfire.com.mx\/wp-content\/uploads\/2025\/05\/PY6.webp\",\"width\":972,\"height\":648,\"caption\":\"per practicas navegaci\u00f3n a vela navegaci\u00f3n baleares\"},{\"@type\":\"BreadcrumbList\",\"@id\":\"https:\/\/pronautic.bitfire.com.mx\/?product=per-practicas-navegacion-a-vela-navegacion-baleares#breadcrumb\",\"itemListElement\":[{\"@type\":\"ListItem\",\"position\":1,\"name\":\"Portada\",\"item\":\"https:\/\/pronautic.bitfire.com.mx\/\"},{\"@type\":\"ListItem\",\"position\":2,\"name\":\"Tienda\",\"item\":\"https:\/\/pronautic.bitfire.com.mx\/?page_id=10638\"},{\"@type\":\"ListItem\",\"position\":3,\"name\":\"PER \u2013 Pr\u00e1cticas navegaci\u00f3n a vela + navegaci\u00f3n Baleares (48h)\",\"item\":\"https:\/\/pronautic.bitfire.com.mx\/?product=per-practicas-navegacion-a-vela-navegacion-baleares\"}]},{\"@type\":\"WebSite\",\"@id\":\"https:\/\/pronautic.bitfire.com.mx\/#website\",\"url\":\"https:\/\/pronautic.bitfire.com.mx\/\",\"name\":\"Pronautic\",\"description\":\"Escuela n\u00e1utica en Barcelona | Fromaci\u00f3n marina\",\"potentialAction\":[{\"@type\":\"SearchAction\",\"target\":{\"@type\":\"EntryPoint\",\"urlTemplate\":\"https:\/\/pronautic.bitfire.com.mx\/?s={search_term_string}\"},\"query-input\":{\"@type\":\"PropertyValueSpecification\",\"valueRequired\":true,\"valueName\":\"search_term_string\"}}],\"inLanguage\":\"es\"}]}<\/script>\n<!-- \/ Yoast SEO plugin. -->","yoast_head_json":{"title":"PER \u2013 Pr\u00e1cticas navegaci\u00f3n a vela + navegaci\u00f3n Baleares (48h) - Pronautic","description":"Vive las pr\u00e1cticas de navegaci\u00f3n a vela PER en Baleares con Pronautic: formaci\u00f3n en alta mar, experiencia real y vistas impresionantes.","robots":{"index":"noindex","follow":"follow","max-snippet":"max-snippet:-1","max-image-preview":"max-image-preview:large","max-video-preview":"max-video-preview:-1"},"og_locale":"es_ES","og_type":"article","og_title":"PER \u2013 Pr\u00e1cticas navegaci\u00f3n a vela + navegaci\u00f3n Baleares (48h) - Pronautic","og_description":"Vive las pr\u00e1cticas de navegaci\u00f3n a vela PER en Baleares con Pronautic: formaci\u00f3n en alta mar, experiencia real y vistas impresionantes.","og_url":"https:\/\/pronautic.bitfire.com.mx\/?product=per-practicas-navegacion-a-vela-navegacion-baleares","og_site_name":"Pronautic","article_modified_time":"2025-09-11T17:32:04+00:00","og_image":[{"width":972,"height":648,"url":"https:\/\/pronautic.bitfire.com.mx\/wp-content\/uploads\/2025\/05\/PY6.webp","type":"image\/webp"}],"twitter_card":"summary_large_image","twitter_misc":{"Tiempo de lectura":"1 minuto"},"schema":{"@context":"https:\/\/schema.org","@graph":[{"@type":"WebPage","@id":"https:\/\/pronautic.bitfire.com.mx\/?product=per-practicas-navegacion-a-vela-navegacion-baleares","url":"https:\/\/pronautic.bitfire.com.mx\/?product=per-practicas-navegacion-a-vela-navegacion-baleares","name":"PER \u2013 Pr\u00e1cticas navegaci\u00f3n a vela + navegaci\u00f3n Baleares (48h) - Pronautic","isPartOf":{"@id":"https:\/\/pronautic.bitfire.com.mx\/#website"},"primaryImageOfPage":{"@id":"https:\/\/pronautic.bitfire.com.mx\/?product=per-practicas-navegacion-a-vela-navegacion-baleares#primaryimage"},"image":{"@id":"https:\/\/pronautic.bitfire.com.mx\/?product=per-practicas-navegacion-a-vela-navegacion-baleares#primaryimage"},"thumbnailUrl":"https:\/\/pronautic.bitfire.com.mx\/wp-content\/uploads\/2025\/05\/PY6.webp","datePublished":"2025-05-09T08:52:31+00:00","dateModified":"2025-09-11T17:32:04+00:00","description":"Vive las pr\u00e1cticas de navegaci\u00f3n a vela PER en Baleares con Pronautic: formaci\u00f3n en alta mar, experiencia real y vistas impresionantes.","breadcrumb":{"@id":"https:\/\/pronautic.bitfire.com.mx\/?product=per-practicas-navegacion-a-vela-navegacion-baleares#breadcrumb"},"inLanguage":"es","potentialAction":[{"@type":"ReadAction","target":["https:\/\/pronautic.bitfire.com.mx\/?product=per-practicas-navegacion-a-vela-navegacion-baleares"]}]},{"@type":"ImageObject","inLanguage":"es","@id":"https:\/\/pronautic.bitfire.com.mx\/?product=per-practicas-navegacion-a-vela-navegacion-baleares#primaryimage","url":"https:\/\/pronautic.bitfire.com.mx\/wp-content\/uploads\/2025\/05\/PY6.webp","contentUrl":"https:\/\/pronautic.bitfire.com.mx\/wp-content\/uploads\/2025\/05\/PY6.webp","width":972,"height":648,"caption":"per practicas navegaci\u00f3n a vela navegaci\u00f3n baleares"},{"@type":"BreadcrumbList","@id":"https:\/\/pronautic.bitfire.com.mx\/?product=per-practicas-navegacion-a-vela-navegacion-baleares#breadcrumb","itemListElement":[{"@type":"ListItem","position":1,"name":"Portada","item":"https:\/\/pronautic.bitfire.com.mx\/"},{"@type":"ListItem","position":2,"name":"Tienda","item":"https:\/\/pronautic.bitfire.com.mx\/?page_id=10638"},{"@type":"ListItem","position":3,"name":"PER \u2013 Pr\u00e1cticas navegaci\u00f3n a vela + navegaci\u00f3n Baleares (48h)","item":"https:\/\/pronautic.bitfire.com.mx\/?product=per-practicas-navegacion-a-vela-navegacion-baleares"}]},{"@type":"WebSite","@id":"https:\/\/pronautic.bitfire.com.mx\/#website","url":"https:\/\/pronautic.bitfire.com.mx\/","name":"Pronautic","description":"Escuela n\u00e1utica en Barcelona | Fromaci\u00f3n marina","potentialAction":[{"@type":"SearchAction","target":{"@type":"EntryPoint","urlTemplate":"https:\/\/pronautic.bitfire.com.mx\/?s={search_term_string}"},"query-input":{"@type":"PropertyValueSpecification","valueRequired":true,"valueName":"search_term_string"}}],"inLanguage":"es"}]}},"_links":{"self":[{"href":"https:\/\/pronautic.bitfire.com.mx\/index.php?rest_route=\/wp\/v2\/product\/1039","targetHints":{"allow":["GET"]}}],"collection":[{"href":"https:\/\/pronautic.bitfire.com.mx\/index.php?rest_route=\/wp\/v2\/product"}],"about":[{"href":"https:\/\/pronautic.bitfire.com.mx\/index.php?rest_route=\/wp\/v2\/types\/product"}],"replies":[{"embeddable":true,"href":"https:\/\/pronautic.bitfire.com.mx\/index.php?rest_route=%2Fwp%2Fv2%2Fcomments&post=1039"}],"wp:featuredmedia":[{"embeddable":true,"href":"https:\/\/pronautic.bitfire.com.mx\/index.php?rest_route=\/wp\/v2\/media\/996"}],"wp:attachment":[{"href":"https:\/\/pronautic.bitfire.com.mx\/index.php?rest_route=%2Fwp%2Fv2%2Fmedia&parent=1039"}],"wp:term":[{"taxonomy":"product_brand","embeddable":true,"href":"https:\/\/pronautic.bitfire.com.mx\/index.php?rest_route=%2Fwp%2Fv2%2Fproduct_brand&post=1039"},{"taxonomy":"product_cat","embeddable":true,"href":"https:\/\/pronautic.bitfire.com.mx\/index.php?rest_route=%2Fwp%2Fv2%2Fproduct_cat&post=1039"},{"taxonomy":"product_tag","embeddable":true,"href":"https:\/\/pronautic.bitfire.com.mx\/index.php?rest_route=%2Fwp%2Fv2%2Fproduct_tag&post=1039"}],"curies":[{"name":"wp","href":"https:\/\/api.w.org\/{rel}","templated":true}]}}