{"id":1036,"date":"2025-05-09T08:39:08","date_gmt":"2025-05-09T08:39:08","guid":{"rendered":"https:\/\/pronautic.olalondev.com\/?post_type=product&#038;p=1036"},"modified":"2025-09-18T04:42:33","modified_gmt":"2025-09-18T04:42:33","slug":"per-practicas-de-navegacion-baleares","status":"publish","type":"product","link":"https:\/\/pronautic.bitfire.com.mx\/?product=per-practicas-de-navegacion-baleares","title":{"rendered":"PER \u2013 Pr\u00e1cticas de Navegaci\u00f3n Baleares (24h)"},"content":{"rendered":"","protected":false},"excerpt":{"rendered":"<h5 class=\"price\"><strong><span class=\"woocommerce-Price-amount amount\"><bdi>Desde 420 <span class=\"woocommerce-Price-currencySymbol\">\u20ac<\/span><\/bdi><\/span><\/strong><\/h5>\n<div class=\"row descripcio-curs\">\n<div class=\"col-md-12\">\n<div class=\"wpb_text_column wpb_content_element \">\n<div class=\"wpb_wrapper\">\n<p>Pr\u00e1cticas complementarias que te permitir\u00e1n gobernar embarcaciones a motor de hasta 24 metros de eslora y navegar entre la Pen\u00ednsula y el Archipi\u00e9lago Balear. Si realizas las pr\u00e1cticas de navegaci\u00f3n a vela, podr\u00e1s gobernar tambi\u00e9n embarcaciones a vela hasta 24 metros de eslora.<\/p>\n<\/div>\n<\/div>\n<\/div>\n<\/div>\n","protected":false},"featured_media":976,"comment_status":"open","ping_status":"closed","template":"","meta":{"_acf_changed":false,"_et_pb_use_builder":"","_et_pb_old_content":"","_et_gb_content_width":"","_joinchat":[]},"product_brand":[],"product_cat":[26,39],"product_tag":[],"class_list":{"0":"post-1036","1":"product","2":"type-product","3":"status-publish","4":"has-post-thumbnail","6":"product_cat-cursos-nauticos-de-recreo-en-barcelona","7":"product_cat-practicas-titulaciones-nauticas-barcelona","9":"first","10":"instock","11":"shipping-taxable","12":"purchasable","13":"product-type-variable"},"acf":[],"yoast_head":"<!-- This site is optimized with the Yoast SEO plugin v26.5 - https:\/\/yoast.com\/wordpress\/plugins\/seo\/ -->\n<title>PER \u2013 Pr\u00e1cticas de Navegaci\u00f3n Baleares (24h) - Pronautic<\/title>\n<meta name=\"description\" content=\"Realiza las pr\u00e1cticas de navegaci\u00f3n PER en Baleares con Pronautic: experiencia en el mar, formaci\u00f3n completa y vistas espectaculares.\" \/>\n<meta name=\"robots\" content=\"noindex, follow, max-snippet:-1, max-image-preview:large, max-video-preview:-1\" \/>\n<meta property=\"og:locale\" content=\"es_ES\" \/>\n<meta property=\"og:type\" content=\"article\" \/>\n<meta property=\"og:title\" content=\"PER \u2013 Pr\u00e1cticas de Navegaci\u00f3n Baleares (24h) - Pronautic\" \/>\n<meta property=\"og:description\" content=\"Realiza las pr\u00e1cticas de navegaci\u00f3n PER en Baleares con Pronautic: experiencia en el mar, formaci\u00f3n completa y vistas espectaculares.\" \/>\n<meta property=\"og:url\" content=\"https:\/\/pronautic.bitfire.com.mx\/?product=per-practicas-de-navegacion-baleares\" \/>\n<meta property=\"og:site_name\" content=\"Pronautic\" \/>\n<meta property=\"article:modified_time\" content=\"2025-09-18T04:42:33+00:00\" \/>\n<meta property=\"og:image\" content=\"https:\/\/pronautic.bitfire.com.mx\/wp-content\/uploads\/2025\/05\/PNB-vela-1-portada.webp\" \/>\n\t<meta property=\"og:image:width\" content=\"1280\" \/>\n\t<meta property=\"og:image:height\" content=\"853\" \/>\n\t<meta property=\"og:image:type\" content=\"image\/webp\" \/>\n<meta name=\"twitter:card\" content=\"summary_large_image\" \/>\n<meta name=\"twitter:label1\" content=\"Tiempo de lectura\" \/>\n\t<meta name=\"twitter:data1\" content=\"1 minuto\" \/>\n<script type=\"application\/ld+json\" class=\"yoast-schema-graph\">{\"@context\":\"https:\/\/schema.org\",\"@graph\":[{\"@type\":\"WebPage\",\"@id\":\"https:\/\/pronautic.bitfire.com.mx\/?product=per-practicas-de-navegacion-baleares\",\"url\":\"https:\/\/pronautic.bitfire.com.mx\/?product=per-practicas-de-navegacion-baleares\",\"name\":\"PER \u2013 Pr\u00e1cticas de Navegaci\u00f3n Baleares (24h) - Pronautic\",\"isPartOf\":{\"@id\":\"https:\/\/pronautic.bitfire.com.mx\/#website\"},\"primaryImageOfPage\":{\"@id\":\"https:\/\/pronautic.bitfire.com.mx\/?product=per-practicas-de-navegacion-baleares#primaryimage\"},\"image\":{\"@id\":\"https:\/\/pronautic.bitfire.com.mx\/?product=per-practicas-de-navegacion-baleares#primaryimage\"},\"thumbnailUrl\":\"https:\/\/pronautic.bitfire.com.mx\/wp-content\/uploads\/2025\/05\/PNB-vela-1-portada.webp\",\"datePublished\":\"2025-05-09T08:39:08+00:00\",\"dateModified\":\"2025-09-18T04:42:33+00:00\",\"description\":\"Realiza las pr\u00e1cticas de navegaci\u00f3n PER en Baleares con Pronautic: experiencia en el mar, formaci\u00f3n completa y vistas espectaculares.\",\"breadcrumb\":{\"@id\":\"https:\/\/pronautic.bitfire.com.mx\/?product=per-practicas-de-navegacion-baleares#breadcrumb\"},\"inLanguage\":\"es\",\"potentialAction\":[{\"@type\":\"ReadAction\",\"target\":[\"https:\/\/pronautic.bitfire.com.mx\/?product=per-practicas-de-navegacion-baleares\"]}]},{\"@type\":\"ImageObject\",\"inLanguage\":\"es\",\"@id\":\"https:\/\/pronautic.bitfire.com.mx\/?product=per-practicas-de-navegacion-baleares#primaryimage\",\"url\":\"https:\/\/pronautic.bitfire.com.mx\/wp-content\/uploads\/2025\/05\/PNB-vela-1-portada.webp\",\"contentUrl\":\"https:\/\/pronautic.bitfire.com.mx\/wp-content\/uploads\/2025\/05\/PNB-vela-1-portada.webp\",\"width\":1280,\"height\":853,\"caption\":\"per pr\u00e1cticas de navegaci\u00f3n baleares\"},{\"@type\":\"BreadcrumbList\",\"@id\":\"https:\/\/pronautic.bitfire.com.mx\/?product=per-practicas-de-navegacion-baleares#breadcrumb\",\"itemListElement\":[{\"@type\":\"ListItem\",\"position\":1,\"name\":\"Portada\",\"item\":\"https:\/\/pronautic.bitfire.com.mx\/\"},{\"@type\":\"ListItem\",\"position\":2,\"name\":\"Tienda\",\"item\":\"https:\/\/pronautic.bitfire.com.mx\/?page_id=10638\"},{\"@type\":\"ListItem\",\"position\":3,\"name\":\"PER \u2013 Pr\u00e1cticas de Navegaci\u00f3n Baleares (24h)\",\"item\":\"https:\/\/pronautic.bitfire.com.mx\/?product=per-practicas-de-navegacion-baleares\"}]},{\"@type\":\"WebSite\",\"@id\":\"https:\/\/pronautic.bitfire.com.mx\/#website\",\"url\":\"https:\/\/pronautic.bitfire.com.mx\/\",\"name\":\"Pronautic\",\"description\":\"Escuela n\u00e1utica en Barcelona | Fromaci\u00f3n marina\",\"potentialAction\":[{\"@type\":\"SearchAction\",\"target\":{\"@type\":\"EntryPoint\",\"urlTemplate\":\"https:\/\/pronautic.bitfire.com.mx\/?s={search_term_string}\"},\"query-input\":{\"@type\":\"PropertyValueSpecification\",\"valueRequired\":true,\"valueName\":\"search_term_string\"}}],\"inLanguage\":\"es\"}]}<\/script>\n<!-- \/ Yoast SEO plugin. -->","yoast_head_json":{"title":"PER \u2013 Pr\u00e1cticas de Navegaci\u00f3n Baleares (24h) - Pronautic","description":"Realiza las pr\u00e1cticas de navegaci\u00f3n PER en Baleares con Pronautic: experiencia en el mar, formaci\u00f3n completa y vistas espectaculares.","robots":{"index":"noindex","follow":"follow","max-snippet":"max-snippet:-1","max-image-preview":"max-image-preview:large","max-video-preview":"max-video-preview:-1"},"og_locale":"es_ES","og_type":"article","og_title":"PER \u2013 Pr\u00e1cticas de Navegaci\u00f3n Baleares (24h) - Pronautic","og_description":"Realiza las pr\u00e1cticas de navegaci\u00f3n PER en Baleares con Pronautic: experiencia en el mar, formaci\u00f3n completa y vistas espectaculares.","og_url":"https:\/\/pronautic.bitfire.com.mx\/?product=per-practicas-de-navegacion-baleares","og_site_name":"Pronautic","article_modified_time":"2025-09-18T04:42:33+00:00","og_image":[{"width":1280,"height":853,"url":"https:\/\/pronautic.bitfire.com.mx\/wp-content\/uploads\/2025\/05\/PNB-vela-1-portada.webp","type":"image\/webp"}],"twitter_card":"summary_large_image","twitter_misc":{"Tiempo de lectura":"1 minuto"},"schema":{"@context":"https:\/\/schema.org","@graph":[{"@type":"WebPage","@id":"https:\/\/pronautic.bitfire.com.mx\/?product=per-practicas-de-navegacion-baleares","url":"https:\/\/pronautic.bitfire.com.mx\/?product=per-practicas-de-navegacion-baleares","name":"PER \u2013 Pr\u00e1cticas de Navegaci\u00f3n Baleares (24h) - Pronautic","isPartOf":{"@id":"https:\/\/pronautic.bitfire.com.mx\/#website"},"primaryImageOfPage":{"@id":"https:\/\/pronautic.bitfire.com.mx\/?product=per-practicas-de-navegacion-baleares#primaryimage"},"image":{"@id":"https:\/\/pronautic.bitfire.com.mx\/?product=per-practicas-de-navegacion-baleares#primaryimage"},"thumbnailUrl":"https:\/\/pronautic.bitfire.com.mx\/wp-content\/uploads\/2025\/05\/PNB-vela-1-portada.webp","datePublished":"2025-05-09T08:39:08+00:00","dateModified":"2025-09-18T04:42:33+00:00","description":"Realiza las pr\u00e1cticas de navegaci\u00f3n PER en Baleares con Pronautic: experiencia en el mar, formaci\u00f3n completa y vistas espectaculares.","breadcrumb":{"@id":"https:\/\/pronautic.bitfire.com.mx\/?product=per-practicas-de-navegacion-baleares#breadcrumb"},"inLanguage":"es","potentialAction":[{"@type":"ReadAction","target":["https:\/\/pronautic.bitfire.com.mx\/?product=per-practicas-de-navegacion-baleares"]}]},{"@type":"ImageObject","inLanguage":"es","@id":"https:\/\/pronautic.bitfire.com.mx\/?product=per-practicas-de-navegacion-baleares#primaryimage","url":"https:\/\/pronautic.bitfire.com.mx\/wp-content\/uploads\/2025\/05\/PNB-vela-1-portada.webp","contentUrl":"https:\/\/pronautic.bitfire.com.mx\/wp-content\/uploads\/2025\/05\/PNB-vela-1-portada.webp","width":1280,"height":853,"caption":"per pr\u00e1cticas de navegaci\u00f3n baleares"},{"@type":"BreadcrumbList","@id":"https:\/\/pronautic.bitfire.com.mx\/?product=per-practicas-de-navegacion-baleares#breadcrumb","itemListElement":[{"@type":"ListItem","position":1,"name":"Portada","item":"https:\/\/pronautic.bitfire.com.mx\/"},{"@type":"ListItem","position":2,"name":"Tienda","item":"https:\/\/pronautic.bitfire.com.mx\/?page_id=10638"},{"@type":"ListItem","position":3,"name":"PER \u2013 Pr\u00e1cticas de Navegaci\u00f3n Baleares (24h)","item":"https:\/\/pronautic.bitfire.com.mx\/?product=per-practicas-de-navegacion-baleares"}]},{"@type":"WebSite","@id":"https:\/\/pronautic.bitfire.com.mx\/#website","url":"https:\/\/pronautic.bitfire.com.mx\/","name":"Pronautic","description":"Escuela n\u00e1utica en Barcelona | Fromaci\u00f3n marina","potentialAction":[{"@type":"SearchAction","target":{"@type":"EntryPoint","urlTemplate":"https:\/\/pronautic.bitfire.com.mx\/?s={search_term_string}"},"query-input":{"@type":"PropertyValueSpecification","valueRequired":true,"valueName":"search_term_string"}}],"inLanguage":"es"}]}},"_links":{"self":[{"href":"https:\/\/pronautic.bitfire.com.mx\/index.php?rest_route=\/wp\/v2\/product\/1036","targetHints":{"allow":["GET"]}}],"collection":[{"href":"https:\/\/pronautic.bitfire.com.mx\/index.php?rest_route=\/wp\/v2\/product"}],"about":[{"href":"https:\/\/pronautic.bitfire.com.mx\/index.php?rest_route=\/wp\/v2\/types\/product"}],"replies":[{"embeddable":true,"href":"https:\/\/pronautic.bitfire.com.mx\/index.php?rest_route=%2Fwp%2Fv2%2Fcomments&post=1036"}],"wp:featuredmedia":[{"embeddable":true,"href":"https:\/\/pronautic.bitfire.com.mx\/index.php?rest_route=\/wp\/v2\/media\/976"}],"wp:attachment":[{"href":"https:\/\/pronautic.bitfire.com.mx\/index.php?rest_route=%2Fwp%2Fv2%2Fmedia&parent=1036"}],"wp:term":[{"taxonomy":"product_brand","embeddable":true,"href":"https:\/\/pronautic.bitfire.com.mx\/index.php?rest_route=%2Fwp%2Fv2%2Fproduct_brand&post=1036"},{"taxonomy":"product_cat","embeddable":true,"href":"https:\/\/pronautic.bitfire.com.mx\/index.php?rest_route=%2Fwp%2Fv2%2Fproduct_cat&post=1036"},{"taxonomy":"product_tag","embeddable":true,"href":"https:\/\/pronautic.bitfire.com.mx\/index.php?rest_route=%2Fwp%2Fv2%2Fproduct_tag&post=1036"}],"curies":[{"name":"wp","href":"https:\/\/api.w.org\/{rel}","templated":true}]}}