{"id":1033,"date":"2025-05-09T08:22:53","date_gmt":"2025-05-09T08:22:53","guid":{"rendered":"https:\/\/pronautic.olalondev.com\/?post_type=product&#038;p=1033"},"modified":"2025-09-11T17:34:20","modified_gmt":"2025-09-11T17:34:20","slug":"pack-practicas-per","status":"publish","type":"product","link":"https:\/\/pronautic.bitfire.com.mx\/?product=pack-practicas-per","title":{"rendered":"Pack Pr\u00e1cticas PER"},"content":{"rendered":"","protected":false},"excerpt":{"rendered":"<h5 class=\"price\"><strong><span class=\"woocommerce-Price-amount amount\"><bdi>Desde 396 <span class=\"woocommerce-Price-currencySymbol\">\u20ac<\/span><\/bdi><\/span><\/strong><\/h5>\n<div class=\"row descripcio-curs\">\n<div class=\"col-md-12\">\n<p>\u00a1Pack con todas las\u00a0<strong>pr\u00e1cticas obligatorias<\/strong>\u00a0para obtener tu <strong>t\u00edtulo\u00a0PER en Barcelona<\/strong>!<\/p>\n<p>Incluye\u00a0<strong>Pr\u00e1cticas de seguridad y navegaci\u00f3n (16h)<\/strong>\u00a0y curso completo de\u00a0<strong>Radio Operador de Corto Alcance (ROCA) (12h)<\/strong><\/p>\n<\/div>\n<\/div>\n","protected":false},"featured_media":1022,"comment_status":"open","ping_status":"closed","template":"","meta":{"_acf_changed":false,"_et_pb_use_builder":"","_et_pb_old_content":"","_et_gb_content_width":"","_joinchat":[]},"product_brand":[],"product_cat":[26,39],"product_tag":[],"class_list":{"0":"post-1033","1":"product","2":"type-product","3":"status-publish","4":"has-post-thumbnail","6":"product_cat-cursos-nauticos-de-recreo-en-barcelona","7":"product_cat-practicas-titulaciones-nauticas-barcelona","9":"first","10":"instock","11":"shipping-taxable","12":"purchasable","13":"product-type-variable"},"acf":[],"yoast_head":"<!-- This site is optimized with the Yoast SEO plugin v26.5 - https:\/\/yoast.com\/wordpress\/plugins\/seo\/ -->\n<title>Pack Pr\u00e1cticas PER - Pronautic<\/title>\n<meta name=\"description\" content=\"Completa tu formaci\u00f3n con el Pack Pr\u00e1cticas PER de Pronautic: pr\u00e1cticas oficiales, navegaci\u00f3n real y preparaci\u00f3n completa para tu t\u00edtulo.\" \/>\n<meta name=\"robots\" content=\"noindex, follow, max-snippet:-1, max-image-preview:large, max-video-preview:-1\" \/>\n<meta property=\"og:locale\" content=\"es_ES\" \/>\n<meta property=\"og:type\" content=\"article\" \/>\n<meta property=\"og:title\" content=\"Pack Pr\u00e1cticas PER - Pronautic\" \/>\n<meta property=\"og:description\" content=\"Completa tu formaci\u00f3n con el Pack Pr\u00e1cticas PER de Pronautic: pr\u00e1cticas oficiales, navegaci\u00f3n real y preparaci\u00f3n completa para tu t\u00edtulo.\" \/>\n<meta property=\"og:url\" content=\"https:\/\/pronautic.bitfire.com.mx\/?product=pack-practicas-per\" \/>\n<meta property=\"og:site_name\" content=\"Pronautic\" \/>\n<meta property=\"article:modified_time\" content=\"2025-09-11T17:34:20+00:00\" \/>\n<meta property=\"og:image\" content=\"https:\/\/pronautic.bitfire.com.mx\/wp-content\/uploads\/2025\/05\/practicas.webp\" \/>\n\t<meta property=\"og:image:width\" content=\"1280\" \/>\n\t<meta property=\"og:image:height\" content=\"853\" \/>\n\t<meta property=\"og:image:type\" content=\"image\/webp\" \/>\n<meta name=\"twitter:card\" content=\"summary_large_image\" \/>\n<meta name=\"twitter:label1\" content=\"Tiempo de lectura\" \/>\n\t<meta name=\"twitter:data1\" content=\"1 minuto\" \/>\n<script type=\"application\/ld+json\" class=\"yoast-schema-graph\">{\"@context\":\"https:\/\/schema.org\",\"@graph\":[{\"@type\":\"WebPage\",\"@id\":\"https:\/\/pronautic.bitfire.com.mx\/?product=pack-practicas-per\",\"url\":\"https:\/\/pronautic.bitfire.com.mx\/?product=pack-practicas-per\",\"name\":\"Pack Pr\u00e1cticas PER - Pronautic\",\"isPartOf\":{\"@id\":\"https:\/\/pronautic.bitfire.com.mx\/#website\"},\"primaryImageOfPage\":{\"@id\":\"https:\/\/pronautic.bitfire.com.mx\/?product=pack-practicas-per#primaryimage\"},\"image\":{\"@id\":\"https:\/\/pronautic.bitfire.com.mx\/?product=pack-practicas-per#primaryimage\"},\"thumbnailUrl\":\"https:\/\/pronautic.bitfire.com.mx\/wp-content\/uploads\/2025\/05\/practicas.webp\",\"datePublished\":\"2025-05-09T08:22:53+00:00\",\"dateModified\":\"2025-09-11T17:34:20+00:00\",\"description\":\"Completa tu formaci\u00f3n con el Pack Pr\u00e1cticas PER de Pronautic: pr\u00e1cticas oficiales, navegaci\u00f3n real y preparaci\u00f3n completa para tu t\u00edtulo.\",\"breadcrumb\":{\"@id\":\"https:\/\/pronautic.bitfire.com.mx\/?product=pack-practicas-per#breadcrumb\"},\"inLanguage\":\"es\",\"potentialAction\":[{\"@type\":\"ReadAction\",\"target\":[\"https:\/\/pronautic.bitfire.com.mx\/?product=pack-practicas-per\"]}]},{\"@type\":\"ImageObject\",\"inLanguage\":\"es\",\"@id\":\"https:\/\/pronautic.bitfire.com.mx\/?product=pack-practicas-per#primaryimage\",\"url\":\"https:\/\/pronautic.bitfire.com.mx\/wp-content\/uploads\/2025\/05\/practicas.webp\",\"contentUrl\":\"https:\/\/pronautic.bitfire.com.mx\/wp-content\/uploads\/2025\/05\/practicas.webp\",\"width\":1280,\"height\":853},{\"@type\":\"BreadcrumbList\",\"@id\":\"https:\/\/pronautic.bitfire.com.mx\/?product=pack-practicas-per#breadcrumb\",\"itemListElement\":[{\"@type\":\"ListItem\",\"position\":1,\"name\":\"Portada\",\"item\":\"https:\/\/pronautic.bitfire.com.mx\/\"},{\"@type\":\"ListItem\",\"position\":2,\"name\":\"Tienda\",\"item\":\"https:\/\/pronautic.bitfire.com.mx\/?page_id=10638\"},{\"@type\":\"ListItem\",\"position\":3,\"name\":\"Pack Pr\u00e1cticas PER\",\"item\":\"https:\/\/pronautic.bitfire.com.mx\/?product=pack-practicas-per\"}]},{\"@type\":\"WebSite\",\"@id\":\"https:\/\/pronautic.bitfire.com.mx\/#website\",\"url\":\"https:\/\/pronautic.bitfire.com.mx\/\",\"name\":\"Pronautic\",\"description\":\"Escuela n\u00e1utica en Barcelona | Fromaci\u00f3n marina\",\"potentialAction\":[{\"@type\":\"SearchAction\",\"target\":{\"@type\":\"EntryPoint\",\"urlTemplate\":\"https:\/\/pronautic.bitfire.com.mx\/?s={search_term_string}\"},\"query-input\":{\"@type\":\"PropertyValueSpecification\",\"valueRequired\":true,\"valueName\":\"search_term_string\"}}],\"inLanguage\":\"es\"}]}<\/script>\n<!-- \/ Yoast SEO plugin. -->","yoast_head_json":{"title":"Pack Pr\u00e1cticas PER - Pronautic","description":"Completa tu formaci\u00f3n con el Pack Pr\u00e1cticas PER de Pronautic: pr\u00e1cticas oficiales, navegaci\u00f3n real y preparaci\u00f3n completa para tu t\u00edtulo.","robots":{"index":"noindex","follow":"follow","max-snippet":"max-snippet:-1","max-image-preview":"max-image-preview:large","max-video-preview":"max-video-preview:-1"},"og_locale":"es_ES","og_type":"article","og_title":"Pack Pr\u00e1cticas PER - Pronautic","og_description":"Completa tu formaci\u00f3n con el Pack Pr\u00e1cticas PER de Pronautic: pr\u00e1cticas oficiales, navegaci\u00f3n real y preparaci\u00f3n completa para tu t\u00edtulo.","og_url":"https:\/\/pronautic.bitfire.com.mx\/?product=pack-practicas-per","og_site_name":"Pronautic","article_modified_time":"2025-09-11T17:34:20+00:00","og_image":[{"width":1280,"height":853,"url":"https:\/\/pronautic.bitfire.com.mx\/wp-content\/uploads\/2025\/05\/practicas.webp","type":"image\/webp"}],"twitter_card":"summary_large_image","twitter_misc":{"Tiempo de lectura":"1 minuto"},"schema":{"@context":"https:\/\/schema.org","@graph":[{"@type":"WebPage","@id":"https:\/\/pronautic.bitfire.com.mx\/?product=pack-practicas-per","url":"https:\/\/pronautic.bitfire.com.mx\/?product=pack-practicas-per","name":"Pack Pr\u00e1cticas PER - Pronautic","isPartOf":{"@id":"https:\/\/pronautic.bitfire.com.mx\/#website"},"primaryImageOfPage":{"@id":"https:\/\/pronautic.bitfire.com.mx\/?product=pack-practicas-per#primaryimage"},"image":{"@id":"https:\/\/pronautic.bitfire.com.mx\/?product=pack-practicas-per#primaryimage"},"thumbnailUrl":"https:\/\/pronautic.bitfire.com.mx\/wp-content\/uploads\/2025\/05\/practicas.webp","datePublished":"2025-05-09T08:22:53+00:00","dateModified":"2025-09-11T17:34:20+00:00","description":"Completa tu formaci\u00f3n con el Pack Pr\u00e1cticas PER de Pronautic: pr\u00e1cticas oficiales, navegaci\u00f3n real y preparaci\u00f3n completa para tu t\u00edtulo.","breadcrumb":{"@id":"https:\/\/pronautic.bitfire.com.mx\/?product=pack-practicas-per#breadcrumb"},"inLanguage":"es","potentialAction":[{"@type":"ReadAction","target":["https:\/\/pronautic.bitfire.com.mx\/?product=pack-practicas-per"]}]},{"@type":"ImageObject","inLanguage":"es","@id":"https:\/\/pronautic.bitfire.com.mx\/?product=pack-practicas-per#primaryimage","url":"https:\/\/pronautic.bitfire.com.mx\/wp-content\/uploads\/2025\/05\/practicas.webp","contentUrl":"https:\/\/pronautic.bitfire.com.mx\/wp-content\/uploads\/2025\/05\/practicas.webp","width":1280,"height":853},{"@type":"BreadcrumbList","@id":"https:\/\/pronautic.bitfire.com.mx\/?product=pack-practicas-per#breadcrumb","itemListElement":[{"@type":"ListItem","position":1,"name":"Portada","item":"https:\/\/pronautic.bitfire.com.mx\/"},{"@type":"ListItem","position":2,"name":"Tienda","item":"https:\/\/pronautic.bitfire.com.mx\/?page_id=10638"},{"@type":"ListItem","position":3,"name":"Pack Pr\u00e1cticas PER","item":"https:\/\/pronautic.bitfire.com.mx\/?product=pack-practicas-per"}]},{"@type":"WebSite","@id":"https:\/\/pronautic.bitfire.com.mx\/#website","url":"https:\/\/pronautic.bitfire.com.mx\/","name":"Pronautic","description":"Escuela n\u00e1utica en Barcelona | Fromaci\u00f3n marina","potentialAction":[{"@type":"SearchAction","target":{"@type":"EntryPoint","urlTemplate":"https:\/\/pronautic.bitfire.com.mx\/?s={search_term_string}"},"query-input":{"@type":"PropertyValueSpecification","valueRequired":true,"valueName":"search_term_string"}}],"inLanguage":"es"}]}},"_links":{"self":[{"href":"https:\/\/pronautic.bitfire.com.mx\/index.php?rest_route=\/wp\/v2\/product\/1033","targetHints":{"allow":["GET"]}}],"collection":[{"href":"https:\/\/pronautic.bitfire.com.mx\/index.php?rest_route=\/wp\/v2\/product"}],"about":[{"href":"https:\/\/pronautic.bitfire.com.mx\/index.php?rest_route=\/wp\/v2\/types\/product"}],"replies":[{"embeddable":true,"href":"https:\/\/pronautic.bitfire.com.mx\/index.php?rest_route=%2Fwp%2Fv2%2Fcomments&post=1033"}],"wp:featuredmedia":[{"embeddable":true,"href":"https:\/\/pronautic.bitfire.com.mx\/index.php?rest_route=\/wp\/v2\/media\/1022"}],"wp:attachment":[{"href":"https:\/\/pronautic.bitfire.com.mx\/index.php?rest_route=%2Fwp%2Fv2%2Fmedia&parent=1033"}],"wp:term":[{"taxonomy":"product_brand","embeddable":true,"href":"https:\/\/pronautic.bitfire.com.mx\/index.php?rest_route=%2Fwp%2Fv2%2Fproduct_brand&post=1033"},{"taxonomy":"product_cat","embeddable":true,"href":"https:\/\/pronautic.bitfire.com.mx\/index.php?rest_route=%2Fwp%2Fv2%2Fproduct_cat&post=1033"},{"taxonomy":"product_tag","embeddable":true,"href":"https:\/\/pronautic.bitfire.com.mx\/index.php?rest_route=%2Fwp%2Fv2%2Fproduct_tag&post=1033"}],"curies":[{"name":"wp","href":"https:\/\/api.w.org\/{rel}","templated":true}]}}