{"id":1027,"date":"2025-05-09T07:56:36","date_gmt":"2025-05-09T07:56:36","guid":{"rendered":"https:\/\/pronautic.olalondev.com\/?post_type=product&#038;p=1027"},"modified":"2026-01-08T09:39:26","modified_gmt":"2026-01-08T09:39:26","slug":"pnb-practicas-seguridad-y-navegacion-8h","status":"publish","type":"product","link":"https:\/\/pronautic.bitfire.com.mx\/?product=pnb-practicas-seguridad-y-navegacion-8h","title":{"rendered":"PNB \u2013 Pr\u00e1cticas Seguridad y Navegaci\u00f3n (8h)"},"content":{"rendered":"","protected":false},"excerpt":{"rendered":"<h3><strong>PNB \u2013 Pr\u00e1cticas Seguridad y Navegaci\u00f3n de 8h en Barcelona<\/strong><\/h3>\n<h5 class=\"price\"><strong><span class=\"woocommerce-Price-amount amount\"><bdi>DESDE 148\u20ac<\/bdi><\/span><\/strong><\/h5>\n<div class=\"row descripcio-curs\">\n<div class=\"col-md-12\">\n<p>Pr\u00e1cticas de seguridad y navegaci\u00f3n del <a href=\"https:\/\/pronautic.bitfire.com.mx\/categoria-producto\/cursos-nauticos-de-recreo-en-barcelona\/patron-de-navegacion-basica-barcelona\/\">t\u00edtulo de Patr\u00f3n de Navegaci\u00f3n B\u00e1sica en Barcelona (PNB)<\/a> de 8h con Pronautic.<\/p>\n<p>Son obligatorias para la obtenci\u00f3n del <a href=\"https:\/\/pronautic.bitfire.com.mx\/categoria-producto\/cursos-nauticos-de-recreo-en-barcelona\/patron-de-navegacion-basica-barcelona\/\">t\u00edtulo PNB<\/a> y tienen una\u00a0<strong>duraci\u00f3n de 8 horas<\/strong>, que podr\u00e1s realizar en dos sesiones de 4 horas o bien en una sesi\u00f3n de 8 horas.<\/p>\n<\/div>\n<\/div>\n","protected":false},"featured_media":997,"comment_status":"open","ping_status":"closed","template":"","meta":{"_acf_changed":false,"_et_pb_use_builder":"","_et_pb_old_content":"","_et_gb_content_width":"","_joinchat":[]},"product_brand":[],"product_cat":[26,39],"product_tag":[],"class_list":{"0":"post-1027","1":"product","2":"type-product","3":"status-publish","4":"has-post-thumbnail","6":"product_cat-cursos-nauticos-de-recreo-en-barcelona","7":"product_cat-practicas-titulaciones-nauticas-barcelona","9":"first","10":"instock","11":"shipping-taxable","12":"purchasable","13":"product-type-variable"},"acf":[],"yoast_head":"<!-- This site is optimized with the Yoast SEO plugin v26.5 - https:\/\/yoast.com\/wordpress\/plugins\/seo\/ -->\n<title>Pr\u00e1cticas Patr\u00f3n de Navegaci\u00f3n B\u00e1sica en Barcelona - Pronautic<\/title>\n<meta name=\"description\" content=\"Pr\u00e1cticas Patr\u00f3n de Navegaci\u00f3n B\u00e1sica en Barcelona (PNB) de 8h con Pronautic: formaci\u00f3n pr\u00e1ctica, seguridad en el mar y preparaci\u00f3n oficial.\" \/>\n<meta name=\"robots\" content=\"noindex, follow, max-snippet:-1, max-image-preview:large, max-video-preview:-1\" \/>\n<meta property=\"og:locale\" content=\"es_ES\" \/>\n<meta property=\"og:type\" content=\"article\" \/>\n<meta property=\"og:title\" content=\"Pr\u00e1cticas Patr\u00f3n de Navegaci\u00f3n B\u00e1sica en Barcelona - Pronautic\" \/>\n<meta property=\"og:description\" content=\"Pr\u00e1cticas Patr\u00f3n de Navegaci\u00f3n B\u00e1sica en Barcelona (PNB) de 8h con Pronautic: formaci\u00f3n pr\u00e1ctica, seguridad en el mar y preparaci\u00f3n oficial.\" \/>\n<meta property=\"og:url\" content=\"https:\/\/pronautic.bitfire.com.mx\/?product=pnb-practicas-seguridad-y-navegacion-8h\" \/>\n<meta property=\"og:site_name\" content=\"Pronautic\" \/>\n<meta property=\"article:modified_time\" content=\"2026-01-08T09:39:26+00:00\" \/>\n<meta property=\"og:image\" content=\"https:\/\/pronautic.bitfire.com.mx\/wp-content\/uploads\/2025\/05\/PY7.webp\" \/>\n\t<meta property=\"og:image:width\" content=\"1296\" \/>\n\t<meta property=\"og:image:height\" content=\"864\" \/>\n\t<meta property=\"og:image:type\" content=\"image\/webp\" \/>\n<meta name=\"twitter:card\" content=\"summary_large_image\" \/>\n<meta name=\"twitter:label1\" content=\"Tiempo de lectura\" \/>\n\t<meta name=\"twitter:data1\" content=\"1 minuto\" \/>\n<script type=\"application\/ld+json\" class=\"yoast-schema-graph\">{\"@context\":\"https:\/\/schema.org\",\"@graph\":[{\"@type\":\"WebPage\",\"@id\":\"https:\/\/pronautic.bitfire.com.mx\/?product=pnb-practicas-seguridad-y-navegacion-8h\",\"url\":\"https:\/\/pronautic.bitfire.com.mx\/?product=pnb-practicas-seguridad-y-navegacion-8h\",\"name\":\"Pr\u00e1cticas Patr\u00f3n de Navegaci\u00f3n B\u00e1sica en Barcelona - Pronautic\",\"isPartOf\":{\"@id\":\"https:\/\/pronautic.bitfire.com.mx\/#website\"},\"primaryImageOfPage\":{\"@id\":\"https:\/\/pronautic.bitfire.com.mx\/?product=pnb-practicas-seguridad-y-navegacion-8h#primaryimage\"},\"image\":{\"@id\":\"https:\/\/pronautic.bitfire.com.mx\/?product=pnb-practicas-seguridad-y-navegacion-8h#primaryimage\"},\"thumbnailUrl\":\"https:\/\/pronautic.bitfire.com.mx\/wp-content\/uploads\/2025\/05\/PY7.webp\",\"datePublished\":\"2025-05-09T07:56:36+00:00\",\"dateModified\":\"2026-01-08T09:39:26+00:00\",\"description\":\"Pr\u00e1cticas Patr\u00f3n de Navegaci\u00f3n B\u00e1sica en Barcelona (PNB) de 8h con Pronautic: formaci\u00f3n pr\u00e1ctica, seguridad en el mar y preparaci\u00f3n oficial.\",\"breadcrumb\":{\"@id\":\"https:\/\/pronautic.bitfire.com.mx\/?product=pnb-practicas-seguridad-y-navegacion-8h#breadcrumb\"},\"inLanguage\":\"es\",\"potentialAction\":[{\"@type\":\"ReadAction\",\"target\":[\"https:\/\/pronautic.bitfire.com.mx\/?product=pnb-practicas-seguridad-y-navegacion-8h\"]}]},{\"@type\":\"ImageObject\",\"inLanguage\":\"es\",\"@id\":\"https:\/\/pronautic.bitfire.com.mx\/?product=pnb-practicas-seguridad-y-navegacion-8h#primaryimage\",\"url\":\"https:\/\/pronautic.bitfire.com.mx\/wp-content\/uploads\/2025\/05\/PY7.webp\",\"contentUrl\":\"https:\/\/pronautic.bitfire.com.mx\/wp-content\/uploads\/2025\/05\/PY7.webp\",\"width\":1296,\"height\":864,\"caption\":\"PNB pr\u00e1cticas seguridad y navegaci\u00f3n 8h\"},{\"@type\":\"BreadcrumbList\",\"@id\":\"https:\/\/pronautic.bitfire.com.mx\/?product=pnb-practicas-seguridad-y-navegacion-8h#breadcrumb\",\"itemListElement\":[{\"@type\":\"ListItem\",\"position\":1,\"name\":\"Portada\",\"item\":\"https:\/\/pronautic.bitfire.com.mx\/\"},{\"@type\":\"ListItem\",\"position\":2,\"name\":\"Tienda\",\"item\":\"https:\/\/pronautic.bitfire.com.mx\/?page_id=10638\"},{\"@type\":\"ListItem\",\"position\":3,\"name\":\"PNB \u2013 Pr\u00e1cticas Seguridad y Navegaci\u00f3n (8h)\",\"item\":\"https:\/\/pronautic.bitfire.com.mx\/?product=pnb-practicas-seguridad-y-navegacion-8h\"}]},{\"@type\":\"WebSite\",\"@id\":\"https:\/\/pronautic.bitfire.com.mx\/#website\",\"url\":\"https:\/\/pronautic.bitfire.com.mx\/\",\"name\":\"Pronautic\",\"description\":\"Escuela n\u00e1utica en Barcelona | Fromaci\u00f3n marina\",\"potentialAction\":[{\"@type\":\"SearchAction\",\"target\":{\"@type\":\"EntryPoint\",\"urlTemplate\":\"https:\/\/pronautic.bitfire.com.mx\/?s={search_term_string}\"},\"query-input\":{\"@type\":\"PropertyValueSpecification\",\"valueRequired\":true,\"valueName\":\"search_term_string\"}}],\"inLanguage\":\"es\"}]}<\/script>\n<!-- \/ Yoast SEO plugin. -->","yoast_head_json":{"title":"Pr\u00e1cticas Patr\u00f3n de Navegaci\u00f3n B\u00e1sica en Barcelona - Pronautic","description":"Pr\u00e1cticas Patr\u00f3n de Navegaci\u00f3n B\u00e1sica en Barcelona (PNB) de 8h con Pronautic: formaci\u00f3n pr\u00e1ctica, seguridad en el mar y preparaci\u00f3n oficial.","robots":{"index":"noindex","follow":"follow","max-snippet":"max-snippet:-1","max-image-preview":"max-image-preview:large","max-video-preview":"max-video-preview:-1"},"og_locale":"es_ES","og_type":"article","og_title":"Pr\u00e1cticas Patr\u00f3n de Navegaci\u00f3n B\u00e1sica en Barcelona - Pronautic","og_description":"Pr\u00e1cticas Patr\u00f3n de Navegaci\u00f3n B\u00e1sica en Barcelona (PNB) de 8h con Pronautic: formaci\u00f3n pr\u00e1ctica, seguridad en el mar y preparaci\u00f3n oficial.","og_url":"https:\/\/pronautic.bitfire.com.mx\/?product=pnb-practicas-seguridad-y-navegacion-8h","og_site_name":"Pronautic","article_modified_time":"2026-01-08T09:39:26+00:00","og_image":[{"width":1296,"height":864,"url":"https:\/\/pronautic.bitfire.com.mx\/wp-content\/uploads\/2025\/05\/PY7.webp","type":"image\/webp"}],"twitter_card":"summary_large_image","twitter_misc":{"Tiempo de lectura":"1 minuto"},"schema":{"@context":"https:\/\/schema.org","@graph":[{"@type":"WebPage","@id":"https:\/\/pronautic.bitfire.com.mx\/?product=pnb-practicas-seguridad-y-navegacion-8h","url":"https:\/\/pronautic.bitfire.com.mx\/?product=pnb-practicas-seguridad-y-navegacion-8h","name":"Pr\u00e1cticas Patr\u00f3n de Navegaci\u00f3n B\u00e1sica en Barcelona - Pronautic","isPartOf":{"@id":"https:\/\/pronautic.bitfire.com.mx\/#website"},"primaryImageOfPage":{"@id":"https:\/\/pronautic.bitfire.com.mx\/?product=pnb-practicas-seguridad-y-navegacion-8h#primaryimage"},"image":{"@id":"https:\/\/pronautic.bitfire.com.mx\/?product=pnb-practicas-seguridad-y-navegacion-8h#primaryimage"},"thumbnailUrl":"https:\/\/pronautic.bitfire.com.mx\/wp-content\/uploads\/2025\/05\/PY7.webp","datePublished":"2025-05-09T07:56:36+00:00","dateModified":"2026-01-08T09:39:26+00:00","description":"Pr\u00e1cticas Patr\u00f3n de Navegaci\u00f3n B\u00e1sica en Barcelona (PNB) de 8h con Pronautic: formaci\u00f3n pr\u00e1ctica, seguridad en el mar y preparaci\u00f3n oficial.","breadcrumb":{"@id":"https:\/\/pronautic.bitfire.com.mx\/?product=pnb-practicas-seguridad-y-navegacion-8h#breadcrumb"},"inLanguage":"es","potentialAction":[{"@type":"ReadAction","target":["https:\/\/pronautic.bitfire.com.mx\/?product=pnb-practicas-seguridad-y-navegacion-8h"]}]},{"@type":"ImageObject","inLanguage":"es","@id":"https:\/\/pronautic.bitfire.com.mx\/?product=pnb-practicas-seguridad-y-navegacion-8h#primaryimage","url":"https:\/\/pronautic.bitfire.com.mx\/wp-content\/uploads\/2025\/05\/PY7.webp","contentUrl":"https:\/\/pronautic.bitfire.com.mx\/wp-content\/uploads\/2025\/05\/PY7.webp","width":1296,"height":864,"caption":"PNB pr\u00e1cticas seguridad y navegaci\u00f3n 8h"},{"@type":"BreadcrumbList","@id":"https:\/\/pronautic.bitfire.com.mx\/?product=pnb-practicas-seguridad-y-navegacion-8h#breadcrumb","itemListElement":[{"@type":"ListItem","position":1,"name":"Portada","item":"https:\/\/pronautic.bitfire.com.mx\/"},{"@type":"ListItem","position":2,"name":"Tienda","item":"https:\/\/pronautic.bitfire.com.mx\/?page_id=10638"},{"@type":"ListItem","position":3,"name":"PNB \u2013 Pr\u00e1cticas Seguridad y Navegaci\u00f3n (8h)","item":"https:\/\/pronautic.bitfire.com.mx\/?product=pnb-practicas-seguridad-y-navegacion-8h"}]},{"@type":"WebSite","@id":"https:\/\/pronautic.bitfire.com.mx\/#website","url":"https:\/\/pronautic.bitfire.com.mx\/","name":"Pronautic","description":"Escuela n\u00e1utica en Barcelona | Fromaci\u00f3n marina","potentialAction":[{"@type":"SearchAction","target":{"@type":"EntryPoint","urlTemplate":"https:\/\/pronautic.bitfire.com.mx\/?s={search_term_string}"},"query-input":{"@type":"PropertyValueSpecification","valueRequired":true,"valueName":"search_term_string"}}],"inLanguage":"es"}]}},"_links":{"self":[{"href":"https:\/\/pronautic.bitfire.com.mx\/index.php?rest_route=\/wp\/v2\/product\/1027","targetHints":{"allow":["GET"]}}],"collection":[{"href":"https:\/\/pronautic.bitfire.com.mx\/index.php?rest_route=\/wp\/v2\/product"}],"about":[{"href":"https:\/\/pronautic.bitfire.com.mx\/index.php?rest_route=\/wp\/v2\/types\/product"}],"replies":[{"embeddable":true,"href":"https:\/\/pronautic.bitfire.com.mx\/index.php?rest_route=%2Fwp%2Fv2%2Fcomments&post=1027"}],"wp:featuredmedia":[{"embeddable":true,"href":"https:\/\/pronautic.bitfire.com.mx\/index.php?rest_route=\/wp\/v2\/media\/997"}],"wp:attachment":[{"href":"https:\/\/pronautic.bitfire.com.mx\/index.php?rest_route=%2Fwp%2Fv2%2Fmedia&parent=1027"}],"wp:term":[{"taxonomy":"product_brand","embeddable":true,"href":"https:\/\/pronautic.bitfire.com.mx\/index.php?rest_route=%2Fwp%2Fv2%2Fproduct_brand&post=1027"},{"taxonomy":"product_cat","embeddable":true,"href":"https:\/\/pronautic.bitfire.com.mx\/index.php?rest_route=%2Fwp%2Fv2%2Fproduct_cat&post=1027"},{"taxonomy":"product_tag","embeddable":true,"href":"https:\/\/pronautic.bitfire.com.mx\/index.php?rest_route=%2Fwp%2Fv2%2Fproduct_tag&post=1027"}],"curies":[{"name":"wp","href":"https:\/\/api.w.org\/{rel}","templated":true}]}}